{"id":3589,"date":"2023-02-07T09:39:44","date_gmt":"2023-02-07T09:39:44","guid":{"rendered":"https:\/\/menagers-holding.fr\/?post_type=product&#038;p=3589"},"modified":"2025-09-21T04:31:48","modified_gmt":"2025-09-21T04:31:48","slug":"piscine-tubulaire-ultra-rond-diam-601-m","status":"publish","type":"product","link":"https:\/\/menagers-holding.fr\/?product=piscine-tubulaire-ultra-rond-diam-601-m","title":{"rendered":"Piscine tubulaire Ultra rond Diam. 6,01 m"},"content":{"rendered":"<p>DESCRIPTION DU PRODUIT<br \/>\nId\u00e9al pour profiter encore plus de l&rsquo;\u00e9t\u00e9, le kit pour piscine ronde \u00ab\u00a0Ultra\u00a0\u00bb INTEX vous permet d&rsquo;installer un bassin chez vous en quelques heures.<\/p>\n<p>Une solution pratique<br \/>\nLa piscine ronde \u00ab\u00a0Ultra\u00a0\u00bb se pr\u00e9sente comme une solution facile et rapide pour profiter d&rsquo;une piscine sans engager de gros travaux. Elle se monte en 60 minutes environ.<\/p>\n<p>Des accessoires inclus<br \/>\nVotre piscine arrivera chez vous sous la forme d&rsquo;un kit complet comprenant tous les accessoires essentiels \u00e0 son installation, dont le syst\u00e8me de filtration \u00e0 sable, l&rsquo;\u00e9chelle de s\u00e9curit\u00e9, la b\u00e2che et le tapis de sol.<\/p>\n<p>Laissez-vous guider<br \/>\nLa notice fournie avec le bassin vous indique comment monter la structure, \u00e9tendre la toile et prendre soin de l&rsquo;eau de votre piscine. Une liste des produits et accessoires \u00e0 pr\u00e9voir est incluse.<br \/>\nPour encore plus de confort, installer quelques transats en r\u00e9sine tress\u00e9e Hesp\u00e9ride autour de votre toute nouvelle piscine.<br \/>\nR\u00e9f\u00e9rence interne :<br \/>\nR\u00e9f\u00e9rence :<br \/>\n68026334<\/p>\n<p>**Points forts :** R\u00e9sistant aux conditions ext\u00e9rieures, facile d\u2019entretien.<br \/>\n**Pourquoi choisir ce produit ?** Parfait pour profiter de votre ext\u00e9rieur en toute s\u00e9r\u00e9nit\u00e9.<\/p>\n","protected":false},"excerpt":{"rendered":"<p>Type de structure<br \/>\nTubulaire<br \/>\nForme<br \/>\nRonde<br \/>\nHauteur d&rsquo;eau<br \/>\n1,07 m<br \/>\nTemps de montage<br \/>\n60 minutes<br \/>\nCapacit\u00e9<br \/>\n30,1 m\u00b3<br \/>\nFiltre \u00e0 sable<br \/>\n6 m\u00b3\/h<br \/>\n\u00c9paisseur vinyle<br \/>\n0,68 mm<br \/>\n\u00e0 monter soi-m\u00eame<br \/>\nOui<br \/>\nInfos +<br \/>\nHydroa\u00e9ration : permet le bon fonctionnement de la filtration<br \/>\n\u00c9chelle de s\u00e9curit\u00e9 avec marches amovibles et plateforme<br \/>\nB\u00e2che et tapis de sol<br \/>\nVannes d&rsquo;arr\u00eat<br \/>\nPoids<br \/>\n119,1 kg<br \/>\nNombre de colis<br \/>\n1 Robuste, pratique et adapt\u00e9 \u00e0 l\u2019ext\u00e9rieur.<\/p>\n","protected":false},"featured_media":3590,"comment_status":"closed","ping_status":"closed","template":"","meta":[],"product_brand":[],"product_cat":[158,157],"product_tag":[],"class_list":{"0":"post-3589","1":"product","2":"type-product","3":"status-publish","6":"product_cat-piscine","7":"product_cat-terrasse-et-jardin","9":"first","10":"instock","11":"sale","12":"taxable","13":"shipping-taxable","14":"purchasable","15":"product-type-simple"},"_links":{"self":[{"href":"https:\/\/menagers-holding.fr\/index.php?rest_route=\/wp\/v2\/product\/3589","targetHints":{"allow":["GET"]}}],"collection":[{"href":"https:\/\/menagers-holding.fr\/index.php?rest_route=\/wp\/v2\/product"}],"about":[{"href":"https:\/\/menagers-holding.fr\/index.php?rest_route=\/wp\/v2\/types\/product"}],"replies":[{"embeddable":true,"href":"https:\/\/menagers-holding.fr\/index.php?rest_route=%2Fwp%2Fv2%2Fcomments&post=3589"}],"wp:featuredmedia":[{"embeddable":true,"href":"https:\/\/menagers-holding.fr\/index.php?rest_route=\/wp\/v2\/media\/3590"}],"wp:attachment":[{"href":"https:\/\/menagers-holding.fr\/index.php?rest_route=%2Fwp%2Fv2%2Fmedia&parent=3589"}],"wp:term":[{"taxonomy":"product_brand","embeddable":true,"href":"https:\/\/menagers-holding.fr\/index.php?rest_route=%2Fwp%2Fv2%2Fproduct_brand&post=3589"},{"taxonomy":"product_cat","embeddable":true,"href":"https:\/\/menagers-holding.fr\/index.php?rest_route=%2Fwp%2Fv2%2Fproduct_cat&post=3589"},{"taxonomy":"product_tag","embeddable":true,"href":"https:\/\/menagers-holding.fr\/index.php?rest_route=%2Fwp%2Fv2%2Fproduct_tag&post=3589"}],"curies":[{"name":"wp","href":"https:\/\/api.w.org\/{rel}","templated":true}]}}