{"id":3585,"date":"2023-02-07T09:36:48","date_gmt":"2023-02-07T09:36:48","guid":{"rendered":"https:\/\/menagers-holding.fr\/?post_type=product&#038;p=3585"},"modified":"2025-09-21T04:31:48","modified_gmt":"2025-09-21T04:31:48","slug":"spa-gonflable-carre-purespa-bulles-ardoise-6-places","status":"publish","type":"product","link":"https:\/\/menagers-holding.fr\/?product=spa-gonflable-carre-purespa-bulles-ardoise-6-places","title":{"rendered":"Spa gonflable carr\u00e9 PureSpa bulles Ardoise 6 places"},"content":{"rendered":"<p>DESCRIPTION DU PRODUIT<br \/>\nProfitez d&rsquo;un spa \u00e0 domicile avec ce spa gonflable carr\u00e9 PureSpa \u00ab\u00a0Bulles\u00a0\u00bb Ardoise INTEX.<\/p>\n<p>Graphique et design<br \/>\nEffet ardoise pour se fondre dans le d\u00e9cor, cet \u00e9l\u00e9gant spa \u00e0 disposer sous une tonnelle Hesp\u00e9ride ou sur votre terrasse peut accueillir 6 personnes.<\/p>\n<p>Un spa r\u00e9sistant<br \/>\nCon\u00e7u avec la technologie Fiber Tech, vous pourrez utiliser le spa gonflable carr\u00e9 PureSpa \u00ab\u00a0Bulles\u00a0\u00bb Ardoise autant que vous le souhaitez gr\u00e2ce \u00e0 sa r\u00e9sistance in\u00e9gal\u00e9e qui emp\u00eache la d\u00e9formation.<\/p>\n<p>D\u00eetes au revoir au stress<br \/>\nCompos\u00e9 de 170 diffuseurs \u00e0 bulles et d&rsquo;une lumi\u00e8re d&rsquo;ambiance LED pour prolonger la d\u00e9tente m\u00eame tard dans la soir\u00e9e, le PureSpa \u00ab\u00a0Bulles\u00a0\u00bb Ardoise est compatible avec l&rsquo;application Wifi (Intex Spa Management). Vous pourrez ainsi programmer et contr\u00f4ler toutes ses fonctionnalit\u00e9s \u00e0 distance.<br \/>\nInstallez un marchepied et un coussin INTEX pour cr\u00e9er un espace d\u00e9tente complet.<br \/>\nR\u00e9f\u00e9rence interne :<br \/>\nR\u00e9f\u00e9rence :<br \/>\n68028452<\/p>\n<p>**Points forts :** R\u00e9sistant aux conditions ext\u00e9rieures, facile d\u2019entretien.<br \/>\n**Pourquoi choisir ce produit ?** Parfait pour profiter de votre ext\u00e9rieur en toute s\u00e9r\u00e9nit\u00e9.<\/p>\n","protected":false},"excerpt":{"rendered":"<p>SP\u00c9CIFICIT\u00c9S TECHNIQUES<br \/>\nDimensions<br \/>\nL. 239 x P. 71 x H. 239 cm<br \/>\nMati\u00e8re de la structure<br \/>\nPVC<br \/>\nMati\u00e8re du moteur<br \/>\nABS, Acier<br \/>\nMati\u00e8re du Tuyau<br \/>\nPolypropyl\u00e8ne<br \/>\nMati\u00e8re de la bache<br \/>\nPoly(t\u00e9r\u00e9phtalate d&rsquo;\u00e9thyl\u00e8ne)<br \/>\nPoids<br \/>\n45,5 kg<br \/>\nNombre de colis<br \/>\n1 Robuste, pratique et adapt\u00e9 \u00e0 l\u2019ext\u00e9rieur.<\/p>\n","protected":false},"featured_media":3586,"comment_status":"closed","ping_status":"closed","template":"","meta":[],"product_brand":[],"product_cat":[158,157],"product_tag":[],"class_list":{"0":"post-3585","1":"product","2":"type-product","3":"status-publish","6":"product_cat-piscine","7":"product_cat-terrasse-et-jardin","9":"first","10":"instock","11":"sale","12":"taxable","13":"shipping-taxable","14":"purchasable","15":"product-type-simple"},"_links":{"self":[{"href":"https:\/\/menagers-holding.fr\/index.php?rest_route=\/wp\/v2\/product\/3585","targetHints":{"allow":["GET"]}}],"collection":[{"href":"https:\/\/menagers-holding.fr\/index.php?rest_route=\/wp\/v2\/product"}],"about":[{"href":"https:\/\/menagers-holding.fr\/index.php?rest_route=\/wp\/v2\/types\/product"}],"replies":[{"embeddable":true,"href":"https:\/\/menagers-holding.fr\/index.php?rest_route=%2Fwp%2Fv2%2Fcomments&post=3585"}],"wp:featuredmedia":[{"embeddable":true,"href":"https:\/\/menagers-holding.fr\/index.php?rest_route=\/wp\/v2\/media\/3586"}],"wp:attachment":[{"href":"https:\/\/menagers-holding.fr\/index.php?rest_route=%2Fwp%2Fv2%2Fmedia&parent=3585"}],"wp:term":[{"taxonomy":"product_brand","embeddable":true,"href":"https:\/\/menagers-holding.fr\/index.php?rest_route=%2Fwp%2Fv2%2Fproduct_brand&post=3585"},{"taxonomy":"product_cat","embeddable":true,"href":"https:\/\/menagers-holding.fr\/index.php?rest_route=%2Fwp%2Fv2%2Fproduct_cat&post=3585"},{"taxonomy":"product_tag","embeddable":true,"href":"https:\/\/menagers-holding.fr\/index.php?rest_route=%2Fwp%2Fv2%2Fproduct_tag&post=3585"}],"curies":[{"name":"wp","href":"https:\/\/api.w.org\/{rel}","templated":true}]}}