{"id":3580,"date":"2023-02-07T09:32:22","date_gmt":"2023-02-07T09:32:22","guid":{"rendered":"https:\/\/menagers-holding.fr\/?post_type=product&#038;p=3580"},"modified":"2025-09-24T05:00:30","modified_gmt":"2025-09-24T05:00:30","slug":"spa-gonflable-octogonal-6-places","status":"publish","type":"product","link":"https:\/\/menagers-holding.fr\/?product=spa-gonflable-octogonal-6-places","title":{"rendered":"Spa gonflable octogonal 6 places"},"content":{"rendered":"<p>DESCRIPTION DU PRODUIT<br \/>\nD\u00e9tendez-vous avec le PureSpa Carbone INTEX, un bassin gonflable d\u00e9di\u00e9 \u00e0 la relaxation.<\/p>\n<p>Un spa pour 6 personnes<br \/>\nCe spa gonflable 6 places se destine aux familles nombreuses ou aux groupes d&rsquo;amis. Il se caract\u00e9rise par 4 jets massants et 140 diffuseurs \u00e0 bulles bienfaisants pour le corps et l&rsquo;esprit. Pratique, ce jacuzzi peut \u00eatre utilis\u00e9 indiff\u00e9remment \u00e0 l&rsquo;int\u00e9rieur ou \u00e0 l&rsquo;ext\u00e9rieur.<\/p>\n<p>Un spa tr\u00e8s solide<br \/>\nCe PureSpa Carbone INTEX s&rsquo;apparente \u00e0 un jacuzzi traditionnel : la technologie FiberTech qui compose sa structure permet de s&rsquo;asseoir dessus sans qu&rsquo;il ne s&rsquo;affaisse. Ainsi, la structure reste rigide et solide en toutes circonstances.<\/p>\n<p>Un spa qui filtre et d\u00e9sinfecte<br \/>\nMuni d&rsquo;un \u00e9cost\u00e9rilisateur au sel int\u00e9gr\u00e9, ce spa \u00e9vite l&rsquo;utilisation de produits chimiques pour filtrer et traiter votre eau. Les odeurs ind\u00e9sirables sont ainsi \u00e9limin\u00e9es.<br \/>\nAm\u00e9nagez votre jardin en compl\u00e9tant votre spa d&rsquo;un transat pare-soleil ou d&rsquo;une desserte en m\u00e9tal Hesp\u00e9ride.<br \/>\nR\u00e9f\u00e9rence interne :<br \/>\nR\u00e9f\u00e9rence :<br \/>\n68028462<\/p>\n<p>**Points forts :** R\u00e9sistant aux conditions ext\u00e9rieures, facile d\u2019entretien.<br \/>\n**Pourquoi choisir ce produit ?** Parfait pour profiter de votre ext\u00e9rieur en toute s\u00e9r\u00e9nit\u00e9.<\/p>\n","protected":false},"excerpt":{"rendered":"<p>SP\u00c9CIFICIT\u00c9S TECHNIQUES<br \/>\nDimensions<br \/>\nD. 218 x H. 71<br \/>\nPoids<br \/>\n74 kg<br \/>\nMati\u00e8re<br \/>\nPVC &#8211; Polychlorure de vinyle, PET, PETE &#8211; Poly(t\u00e9r\u00e9phtalate d&rsquo;\u00e9thyl\u00e8ne), Acier, Cuivre, PC &#8211; Polycarbonate<br \/>\n\u00c0 monter soi-m\u00eame<br \/>\nOui<br \/>\nNombre de colis<br \/>\n1 Robuste, pratique et adapt\u00e9 \u00e0 l\u2019ext\u00e9rieur.<\/p>\n","protected":false},"featured_media":5048,"comment_status":"closed","ping_status":"closed","template":"","meta":[],"product_brand":[],"product_cat":[158,157],"product_tag":[],"class_list":{"0":"post-3580","1":"product","2":"type-product","3":"status-publish","6":"product_cat-piscine","7":"product_cat-terrasse-et-jardin","9":"first","10":"instock","11":"sale","12":"taxable","13":"shipping-taxable","14":"purchasable","15":"product-type-simple"},"_links":{"self":[{"href":"https:\/\/menagers-holding.fr\/index.php?rest_route=\/wp\/v2\/product\/3580","targetHints":{"allow":["GET"]}}],"collection":[{"href":"https:\/\/menagers-holding.fr\/index.php?rest_route=\/wp\/v2\/product"}],"about":[{"href":"https:\/\/menagers-holding.fr\/index.php?rest_route=\/wp\/v2\/types\/product"}],"replies":[{"embeddable":true,"href":"https:\/\/menagers-holding.fr\/index.php?rest_route=%2Fwp%2Fv2%2Fcomments&post=3580"}],"wp:featuredmedia":[{"embeddable":true,"href":"https:\/\/menagers-holding.fr\/index.php?rest_route=\/wp\/v2\/media\/5048"}],"wp:attachment":[{"href":"https:\/\/menagers-holding.fr\/index.php?rest_route=%2Fwp%2Fv2%2Fmedia&parent=3580"}],"wp:term":[{"taxonomy":"product_brand","embeddable":true,"href":"https:\/\/menagers-holding.fr\/index.php?rest_route=%2Fwp%2Fv2%2Fproduct_brand&post=3580"},{"taxonomy":"product_cat","embeddable":true,"href":"https:\/\/menagers-holding.fr\/index.php?rest_route=%2Fwp%2Fv2%2Fproduct_cat&post=3580"},{"taxonomy":"product_tag","embeddable":true,"href":"https:\/\/menagers-holding.fr\/index.php?rest_route=%2Fwp%2Fv2%2Fproduct_tag&post=3580"}],"curies":[{"name":"wp","href":"https:\/\/api.w.org\/{rel}","templated":true}]}}