{"id":3571,"date":"2023-02-07T09:19:03","date_gmt":"2023-02-07T09:19:03","guid":{"rendered":"https:\/\/menagers-holding.fr\/?post_type=product&#038;p=3571"},"modified":"2025-09-24T05:10:40","modified_gmt":"2025-09-24T05:10:40","slug":"spa-gonflable-rond-baltik-6-places-216-x-71-cm","status":"publish","type":"product","link":"https:\/\/menagers-holding.fr\/?product=spa-gonflable-rond-baltik-6-places-216-x-71-cm","title":{"rendered":"Spa gonflable rond Baltik 6 places &#8211; 216 x 71 cm"},"content":{"rendered":"<p>SP\u00c9CIFICIT\u00c9S TECHNIQUES<br \/>\nDimensions<br \/>\nD. 216 x H. 71 cm<br \/>\nDiam\u00e8tre int\u00e9rieur\/ext\u00e9rieur : 165\/216 cm<br \/>\nPoids<br \/>\n51,3 kg<br \/>\nCapacit\u00e9<br \/>\n1098 litres<br \/>\nNombre de personnes : 6<br \/>\nDiam\u00e8tre int\u00e9rieur\/ext\u00e9rieur : 165\/216 cm<br \/>\nMati\u00e8re structure : PVC lamin\u00e9 triple \u00e9paisseur 70\/100 mm<br \/>\nPoids : 42,2 kg<br \/>\nPompe \u00e0 air et \u00e0 bulles : 220-240 volts \/ 800W<br \/>\nD\u00e9bit filtration : 1.741 L\/h<br \/>\nAmplitude : 10-40\u00b0C<br \/>\nAugmentation de la T\u00b0C : 1.5 &#8211; 2.5 \u00b0C\/h<br \/>\nDiffuseurs \u00e0 bulles : 170<br \/>\nTablette tactile amovible : Contr\u00f4le la temp\u00e9rature, filtration, bulles, gonflage et d\u00e9gonflage<br \/>\nColoris : gris c\u00e9rus\u00e9<br \/>\nInclus : sac de transport, couvercle isolant et verrouillable, tapis de sol thermique, 1 lumi\u00e8re d&rsquo;ambiance PureSpa, 2 appui-t\u00eates et 3 cartouches de filtration<br \/>\nMati\u00e8re de la structure<br \/>\nPVC lamin\u00e9 triple \u00e9paisseur 70\/100 mm<br \/>\n\u00c0 monter soi-m\u00eame<br \/>\nOui<br \/>\nNombre de colis<br \/>\n1<\/p>\n<p>**Points forts :** R\u00e9sistant aux conditions ext\u00e9rieures, facile d\u2019entretien.<br \/>\n**Pourquoi choisir ce produit ?** Parfait pour profiter de votre ext\u00e9rieur en toute s\u00e9r\u00e9nit\u00e9.<\/p>\n","protected":false},"excerpt":{"rendered":"<p>Robuste, pratique et adapt\u00e9 \u00e0 l\u2019ext\u00e9rieur.<\/p>\n","protected":false},"featured_media":5052,"comment_status":"closed","ping_status":"closed","template":"","meta":[],"product_brand":[],"product_cat":[158,157],"product_tag":[],"class_list":{"0":"post-3571","1":"product","2":"type-product","3":"status-publish","6":"product_cat-piscine","7":"product_cat-terrasse-et-jardin","9":"first","10":"instock","11":"sale","12":"taxable","13":"shipping-taxable","14":"purchasable","15":"product-type-simple"},"_links":{"self":[{"href":"https:\/\/menagers-holding.fr\/index.php?rest_route=\/wp\/v2\/product\/3571","targetHints":{"allow":["GET"]}}],"collection":[{"href":"https:\/\/menagers-holding.fr\/index.php?rest_route=\/wp\/v2\/product"}],"about":[{"href":"https:\/\/menagers-holding.fr\/index.php?rest_route=\/wp\/v2\/types\/product"}],"replies":[{"embeddable":true,"href":"https:\/\/menagers-holding.fr\/index.php?rest_route=%2Fwp%2Fv2%2Fcomments&post=3571"}],"wp:featuredmedia":[{"embeddable":true,"href":"https:\/\/menagers-holding.fr\/index.php?rest_route=\/wp\/v2\/media\/5052"}],"wp:attachment":[{"href":"https:\/\/menagers-holding.fr\/index.php?rest_route=%2Fwp%2Fv2%2Fmedia&parent=3571"}],"wp:term":[{"taxonomy":"product_brand","embeddable":true,"href":"https:\/\/menagers-holding.fr\/index.php?rest_route=%2Fwp%2Fv2%2Fproduct_brand&post=3571"},{"taxonomy":"product_cat","embeddable":true,"href":"https:\/\/menagers-holding.fr\/index.php?rest_route=%2Fwp%2Fv2%2Fproduct_cat&post=3571"},{"taxonomy":"product_tag","embeddable":true,"href":"https:\/\/menagers-holding.fr\/index.php?rest_route=%2Fwp%2Fv2%2Fproduct_tag&post=3571"}],"curies":[{"name":"wp","href":"https:\/\/api.w.org\/{rel}","templated":true}]}}