{"id":3548,"date":"2023-02-06T00:47:04","date_gmt":"2023-02-06T00:47:04","guid":{"rendered":"https:\/\/menagers-holding.fr\/?post_type=product&#038;p=3548"},"modified":"2025-09-21T04:31:47","modified_gmt":"2025-09-21T04:31:47","slug":"tondeuse-robot-gardena-sileno-life-1250-15103-26","status":"publish","type":"product","link":"https:\/\/menagers-holding.fr\/?product=tondeuse-robot-gardena-sileno-life-1250-15103-26","title":{"rendered":"Tondeuse robot GARDENA &#8211; SILENO life 1250-15103-26"},"content":{"rendered":"<p>D\u00e9tails du produit<br \/>\nMarque Gardena<br \/>\nType d&rsquo;alimentation plastic<br \/>\nMat\u00e9riau Plastique<br \/>\nCouleur Noir, Anthracite, Orange, Bleu Turquoise<br \/>\nStyle Bluetooth App<br \/>\nPoids 16130 Grammes<br \/>\nUn gazon entretenu : le clavier \u00e0 affichage vous permet de commander la tondeuse confortablement, pour des surfaces de pelouse moyennes de jusqu&rsquo;\u00e0 1250 m\u00b2<br \/>\nM\u00eame dans les pentes abruptes : m\u00eame sur des pentes allant jusqu&rsquo;\u00e0 35 %, le SILENO life de Gardena permet d&rsquo;excellents r\u00e9sultats de tonte<br \/>\nSyst\u00e8me intelligent : le SILENO life d\u00e9tecte de lui-m\u00eame les passages \u00e9troits et les tond de mani\u00e8re fiable et sans laisser de traces<br \/>\nSilencieux et \u00e9cologique : fonctionnement silencieux, pour vous et pour vos voisins. Avec technologie de batterie lithium-ions pour une longue dur\u00e9e de vie<br \/>\nLa livraison comprend : 1 Gardena SILENO life, 1 c\u00e2ble p\u00e9riph\u00e9rique de 250 m, 300 cavaliers, 4 connecteurs, 5 raccords de c\u00e2ble<\/p>\n<p>**Points forts :** R\u00e9sistant aux conditions ext\u00e9rieures, facile d\u2019entretien.<br \/>\n**Pourquoi choisir ce produit ?** Parfait pour profiter de votre ext\u00e9rieur en toute s\u00e9r\u00e9nit\u00e9.<\/p>\n","protected":false},"excerpt":{"rendered":"<p>Robuste, pratique et adapt\u00e9 \u00e0 l\u2019ext\u00e9rieur.<\/p>\n","protected":false},"featured_media":3549,"comment_status":"closed","ping_status":"closed","template":"","meta":[],"product_brand":[],"product_cat":[157],"product_tag":[],"class_list":{"0":"post-3548","1":"product","2":"type-product","3":"status-publish","6":"product_cat-terrasse-et-jardin","8":"first","9":"instock","10":"sale","11":"taxable","12":"shipping-taxable","13":"purchasable","14":"product-type-simple"},"_links":{"self":[{"href":"https:\/\/menagers-holding.fr\/index.php?rest_route=\/wp\/v2\/product\/3548","targetHints":{"allow":["GET"]}}],"collection":[{"href":"https:\/\/menagers-holding.fr\/index.php?rest_route=\/wp\/v2\/product"}],"about":[{"href":"https:\/\/menagers-holding.fr\/index.php?rest_route=\/wp\/v2\/types\/product"}],"replies":[{"embeddable":true,"href":"https:\/\/menagers-holding.fr\/index.php?rest_route=%2Fwp%2Fv2%2Fcomments&post=3548"}],"wp:featuredmedia":[{"embeddable":true,"href":"https:\/\/menagers-holding.fr\/index.php?rest_route=\/wp\/v2\/media\/3549"}],"wp:attachment":[{"href":"https:\/\/menagers-holding.fr\/index.php?rest_route=%2Fwp%2Fv2%2Fmedia&parent=3548"}],"wp:term":[{"taxonomy":"product_brand","embeddable":true,"href":"https:\/\/menagers-holding.fr\/index.php?rest_route=%2Fwp%2Fv2%2Fproduct_brand&post=3548"},{"taxonomy":"product_cat","embeddable":true,"href":"https:\/\/menagers-holding.fr\/index.php?rest_route=%2Fwp%2Fv2%2Fproduct_cat&post=3548"},{"taxonomy":"product_tag","embeddable":true,"href":"https:\/\/menagers-holding.fr\/index.php?rest_route=%2Fwp%2Fv2%2Fproduct_tag&post=3548"}],"curies":[{"name":"wp","href":"https:\/\/api.w.org\/{rel}","templated":true}]}}