{"id":3529,"date":"2023-02-06T00:28:19","date_gmt":"2023-02-06T00:28:19","guid":{"rendered":"https:\/\/menagers-holding.fr\/?post_type=product&#038;p=3529"},"modified":"2025-09-21T04:31:46","modified_gmt":"2025-09-21T04:31:46","slug":"aille-haies-sur-perche-a-batterie-520ihe3-husqvarna","status":"publish","type":"product","link":"https:\/\/menagers-holding.fr\/?product=aille-haies-sur-perche-a-batterie-520ihe3-husqvarna","title":{"rendered":"AILLE-HAIES SUR PERCHE A BATTERIE 520iHE3 HUSQVARNA"},"content":{"rendered":"<p>Le taille-haies sur perche 520IHE3 aliment\u00e9 par batterie combine le rendement d\u2019un moteur essence et le fonctionnement z\u00e9ro \u00e9mission et extr\u00eamement silencieux.<\/p>\n<p>Avec une port\u00e9e pouvant atteindre 3;5 m; une vitesse de coupe \u00e9lev\u00e9e et la dur\u00e9e de vie caract\u00e9ristique des produits ; il assure un rendement et des r\u00e9sultats de niveau professionnel.<\/p>\n<p>Mais il s\u2019av\u00e8re aussi silencieux et propre pour permettre son utilisation dans des zones r\u00e9sidentielles; h\u00f4teli\u00e8res; hospitali\u00e8res et autres environnements sensibles aux bruits.<\/p>\n<p>Dot\u00e9 de la fonction de t\u00e9l\u00e9r\u00e9glage de l\u2019angle de la lame et de poign\u00e9es confortables; le taille-haie 520iHE3 est id\u00e9al pour tous les usages. Compatible avec tous les chargeurs et batteries BLi . Batteries et chargeur sont \u00e0 commander s\u00e9par\u00e9ment.<\/p>\n<p>Carter en m\u00e9tal: Le bo\u00eetier en m\u00e9tal; fin et robuste; est l\u2019une des nombreuses caract\u00e9ristiques rendant le produit durable. Il est con\u00e7u pour prot\u00e9ger le moteur et les roues.<br \/>\nMode de transport: Barre de coupe facilement repliable en mode transport pour une taille plus compacte. Facilite le stockage et le transport.<\/p>\n<p>**Points forts :** R\u00e9sistant aux conditions ext\u00e9rieures, facile d\u2019entretien.<br \/>\n**Pourquoi choisir ce produit ?** Parfait pour profiter de votre ext\u00e9rieur en toute s\u00e9r\u00e9nit\u00e9.<\/p>\n","protected":false},"excerpt":{"rendered":"<p>Robuste, pratique et adapt\u00e9 \u00e0 l\u2019ext\u00e9rieur.<\/p>\n","protected":false},"featured_media":3530,"comment_status":"closed","ping_status":"closed","template":"","meta":[],"product_brand":[],"product_cat":[157],"product_tag":[],"class_list":{"0":"post-3529","1":"product","2":"type-product","3":"status-publish","6":"product_cat-terrasse-et-jardin","8":"first","9":"instock","10":"sale","11":"taxable","12":"shipping-taxable","13":"purchasable","14":"product-type-simple"},"_links":{"self":[{"href":"https:\/\/menagers-holding.fr\/index.php?rest_route=\/wp\/v2\/product\/3529","targetHints":{"allow":["GET"]}}],"collection":[{"href":"https:\/\/menagers-holding.fr\/index.php?rest_route=\/wp\/v2\/product"}],"about":[{"href":"https:\/\/menagers-holding.fr\/index.php?rest_route=\/wp\/v2\/types\/product"}],"replies":[{"embeddable":true,"href":"https:\/\/menagers-holding.fr\/index.php?rest_route=%2Fwp%2Fv2%2Fcomments&post=3529"}],"wp:featuredmedia":[{"embeddable":true,"href":"https:\/\/menagers-holding.fr\/index.php?rest_route=\/wp\/v2\/media\/3530"}],"wp:attachment":[{"href":"https:\/\/menagers-holding.fr\/index.php?rest_route=%2Fwp%2Fv2%2Fmedia&parent=3529"}],"wp:term":[{"taxonomy":"product_brand","embeddable":true,"href":"https:\/\/menagers-holding.fr\/index.php?rest_route=%2Fwp%2Fv2%2Fproduct_brand&post=3529"},{"taxonomy":"product_cat","embeddable":true,"href":"https:\/\/menagers-holding.fr\/index.php?rest_route=%2Fwp%2Fv2%2Fproduct_cat&post=3529"},{"taxonomy":"product_tag","embeddable":true,"href":"https:\/\/menagers-holding.fr\/index.php?rest_route=%2Fwp%2Fv2%2Fproduct_tag&post=3529"}],"curies":[{"name":"wp","href":"https:\/\/api.w.org\/{rel}","templated":true}]}}