{"id":3523,"date":"2023-02-06T00:16:42","date_gmt":"2023-02-06T00:16:42","guid":{"rendered":"https:\/\/menagers-holding.fr\/?post_type=product&#038;p=3523"},"modified":"2025-09-23T08:42:02","modified_gmt":"2025-09-23T08:42:02","slug":"climatiseur-reversible-fixe-mural-pompe-a-chaleur-reversible-dc-inverter","status":"publish","type":"product","link":"https:\/\/menagers-holding.fr\/?product=climatiseur-reversible-fixe-mural-pompe-a-chaleur-reversible-dc-inverter","title":{"rendered":"Climatiseur R\u00e9versible Fixe Mural POMPE \u00c0 CHALEUR | R\u00c9VERSIBLE | DC INVERTER Split"},"content":{"rendered":"<p>DESCRIPTION<br \/>\nR\u00e9alisez vous-m\u00eame l&rsquo;installation et la mise en service de votre climatiseur\/ pompe \u00e0 chaleur Airton gr\u00e2ce au syst\u00e8me Readyclim\u24c7<br \/>\nUtilisables toute l\u2019ann\u00e9e pour rafra\u00eechir ou r\u00e9chauffer le logement, les pompes \u00e0 chaleur\/climatiseurs Airton sont \u00e9quip\u00e9s de la Technologie DC INVERTER.<br \/>\nNous vous proposons des produits aux niveaux sonores bas, aux performances \u00e9lev\u00e9es, avec un confort optimal.<br \/>\nVoir moins<br \/>\nLes climatiseurs \/ pompes \u00e0 chaleur Airton sont les seuls en Europe ne n\u00e9cessitant pas la mise en service par un frigoriste gr\u00e2ce au syst\u00e8me ReadyClim.<br \/>\nAinsi, vous \u00e9conomisez entre 600\u20ac \u00e0 1200\u20ac sur la prestation.<\/p>\n<p>Technologie DC INVERTER<br \/>\nLes variations de temp\u00e9rature ne sont pas ressenties, la temp\u00e9rature souhait\u00e9e est plus pr\u00e9cise et la sensation de confort est accrue.<br \/>\nLa temp\u00e9rature choisie est atteinte plus rapidement gr\u00e2ce au contr\u00f4le de la capacit\u00e9 du compresseur qui s\u2019adapte \u00e0 votre besoin de climatisation.<br \/>\nAlors qu\u2019un compresseur conventionnel tourne \u00e0 plein rendement ou est arr\u00eat\u00e9, le syst\u00e8me DC INVERTER plus performant au d\u00e9marrage r\u00e9gule tout seul la puissance du compresseur en fonction de la variation de la temp\u00e9rature de la pi\u00e8ce. En mode chauffage, consommez 4 fois moins d\u2019\u00e9lectricit\u00e9 qu\u2019un chauffage \u00e9lectrique.<\/p>\n<p>Qualit\u00e9 et Durabilit\u00e9<br \/>\nTous les climatiseurs Airton sont \u00e9quip\u00e9s de compresseurs Toshiba, Sanyo, Panasonic, et Samsung. Les pi\u00e8ces internes, les filtres, et tous les \u00e9l\u00e9ments m\u00e9caniques sont con\u00e7us avec des mat\u00e9riaux nobles, durables, et certifi\u00e9s. Tous nos climatiseurs font l&rsquo;objet de tests avant d&rsquo;\u00eatre mis \u00e0 la vente, et ce pour assurer que nos clients soient satisfaits, mais surtout \u00e9quip\u00e9s de machines s\u00fbres et robustes.<\/p>\n<p>Respect de l&rsquo;environnement<br \/>\nDans le cadre du d\u00e9veloppement durable, les climatiseurs Airton sont optimis\u00e9s en tous points. De la conception \u00e0 la production, nous veillons \u00e0 ce que les fluides frigorig\u00e8nes ainsi que les mati\u00e8res premi\u00e8res soient mesur\u00e9s pour ne pas avoir d&rsquo;impact environnemental n\u00e9gatif. Cela permet notamment d&rsquo;avoir un potentiel de r\u00e9chauffement global (PRG) \u00e9gal \u00e0 675 gr\u00e2ce au gaz R32, contre 2088 avec l&rsquo;ancien gaz R410A. Aussi, en \u00e9conomisant les mati\u00e8res premi\u00e8res nous sommes parvenus \u00e0 produire des climatiseurs plus petits, et surtout plus discrets.<\/p>\n<p>Gaz R32: \u00c9cologie, Rendements, Discr\u00e9tion<br \/>\nAirton utilise le gaz R32 pour :<br \/>\n&#8211; R\u00e9duire de 68% les \u00e9missions de gaz \u00e0 effet de serre en passant d&rsquo;un PRG (Potentiel R\u00e9chauffement Global) de 2088 pour le R410A \u00e0 675 pour le R32.<br \/>\n&#8211; R\u00e9duire la quantit\u00e9 de fluide dans l\u2019installation permettant de diminuer la taille des appareils, pour avoir une utilisation moindre de mati\u00e8re premi\u00e8re et des appareils plus discrets.<br \/>\n&#8211; Am\u00e9liorer les performances \u00e9nerg\u00e9tiques jusqu&rsquo;\u00e0 7% gr\u00e2ce \u00e0 une meilleure gestion thermique.<br \/>\n&#8211; Apporter un niveau sonore encore plus faible gr\u00e2ce \u00e0 une technologie \u00e9labor\u00e9e.<\/p>\n<p>Climatiseur mono-split<br \/>\nSyst\u00e8me traditionnel, puissant et discret. Permet de r\u00e9chauffer et rafra\u00eechir une pi\u00e8ce toute l&rsquo;ann\u00e9e, plus ou moins grande en fonction de sa puissance (voir plus bas dans les caract\u00e9ristiques techniques du climatiseur mono-split).<br \/>\nChaque climatiseur mono-split est associ\u00e9 \u00e0 un groupe ext\u00e9rieur.<\/p>\n<p>Climatiseur multi-split<br \/>\nSyst\u00e8me dont les performances sont comparativement meilleures qu&rsquo;un syst\u00e8me de chauffage classique, et qui permet de r\u00e9chauffer et de rafra\u00eechir un logement complet, tout en effectuant des \u00e9conomies d&rsquo;\u00e9nergie.<br \/>\nLa r\u00e9gulation est tr\u00e8s simple car chaque unit\u00e9 int\u00e9rieure est ind\u00e9pendante.<br \/>\nPlusieurs pi\u00e8ces de votre choix peuvent b\u00e9n\u00e9ficier d\u2019un air frais, en \u00e9t\u00e9, et d\u2019un air chaud, en hiver.<br \/>\nAvoir une climatisation MULTI-SPLIT, c\u2019est vous permettre d\u2019avoir un grand confort en continu et homog\u00e8ne dans votre habitation toute l\u2019ann\u00e9e.<\/p>\n<p>ReadyClim<br \/>\nTous les climatiseurs Airton sont compatibles avec le syst\u00e8me de raccordement ReadyClim. Quatre \u00e9crous, vous serrez, c&rsquo;est connect\u00e9. En vingt minutes seulement, votre climatiseur fonctionne, et il est aliment\u00e9 en gaz car pr\u00e9-charg\u00e9. Pas de perte de temps, pas de perte de gaz, seulement vous et votre foyer maintenus \u00e0 la temp\u00e9rature qu&rsquo;il faut toute l&rsquo;ann\u00e9e.<\/p>\n<p>**Points forts :** Puissant, silencieux et \u00e9conomique.<br \/>\n**Pourquoi choisir ce produit ?** Pour un confort optimal toute l\u2019ann\u00e9e.<\/p>\n","protected":false},"excerpt":{"rendered":"<p>R<\/p>\n<p>Caract\u00e9ristiques techniques<\/p>\n<p>Mod\u00e8le MONO-SPLIT &#8211; 2500W\/2800W &#8211; 9000BTU<br \/>\nMod\u00e8le MONO-SPLIT &#8211; 3400W\/3600W &#8211; 12000BTU<br \/>\nMod\u00e8le MONO-SPLIT &#8211; 5270W\/5500W &#8211; 18000BTU<br \/>\nMod\u00e8le BI-SPLIT &#8211; 2600\/2800W 9000BTU + 3500\/3650W 12000BTU<br \/>\nMod\u00e8le TRI-SPLIT &#8211; 2x 2600\/2800 W 9000BTU + 3500\/3650 W 12000BTU Con\u00e7u pour le confort, la puissance et la faible consommation.<\/p>\n","protected":false},"featured_media":3524,"comment_status":"closed","ping_status":"closed","template":"","meta":[],"product_brand":[],"product_cat":[165,180],"product_tag":[],"class_list":{"0":"post-3523","1":"product","2":"type-product","3":"status-publish","6":"product_cat-climatiseur","7":"product_cat-electromenagers","9":"first","10":"instock","11":"sale","12":"taxable","13":"shipping-taxable","14":"purchasable","15":"product-type-simple"},"_links":{"self":[{"href":"https:\/\/menagers-holding.fr\/index.php?rest_route=\/wp\/v2\/product\/3523","targetHints":{"allow":["GET"]}}],"collection":[{"href":"https:\/\/menagers-holding.fr\/index.php?rest_route=\/wp\/v2\/product"}],"about":[{"href":"https:\/\/menagers-holding.fr\/index.php?rest_route=\/wp\/v2\/types\/product"}],"replies":[{"embeddable":true,"href":"https:\/\/menagers-holding.fr\/index.php?rest_route=%2Fwp%2Fv2%2Fcomments&post=3523"}],"wp:featuredmedia":[{"embeddable":true,"href":"https:\/\/menagers-holding.fr\/index.php?rest_route=\/wp\/v2\/media\/3524"}],"wp:attachment":[{"href":"https:\/\/menagers-holding.fr\/index.php?rest_route=%2Fwp%2Fv2%2Fmedia&parent=3523"}],"wp:term":[{"taxonomy":"product_brand","embeddable":true,"href":"https:\/\/menagers-holding.fr\/index.php?rest_route=%2Fwp%2Fv2%2Fproduct_brand&post=3523"},{"taxonomy":"product_cat","embeddable":true,"href":"https:\/\/menagers-holding.fr\/index.php?rest_route=%2Fwp%2Fv2%2Fproduct_cat&post=3523"},{"taxonomy":"product_tag","embeddable":true,"href":"https:\/\/menagers-holding.fr\/index.php?rest_route=%2Fwp%2Fv2%2Fproduct_tag&post=3523"}],"curies":[{"name":"wp","href":"https:\/\/api.w.org\/{rel}","templated":true}]}}