{"id":3499,"date":"2023-02-05T23:43:51","date_gmt":"2023-02-05T23:43:51","guid":{"rendered":"https:\/\/menagers-holding.fr\/?post_type=product&#038;p=3499"},"modified":"2025-09-23T08:42:02","modified_gmt":"2025-09-23T08:42:02","slug":"airtester-plus-wifi-appareil-de-mesure-de-la-qualite-dair","status":"publish","type":"product","link":"https:\/\/menagers-holding.fr\/?product=airtester-plus-wifi-appareil-de-mesure-de-la-qualite-dair","title":{"rendered":"AIRTESTER PLUS WIFI APPAREIL DE MESURE DE LA QUALIT\u00c9 D&rsquo;AIR Split"},"content":{"rendered":"<p>DESCRIPTION<br \/>\nPURLINE<\/p>\n<p>Avec le Airtester Plus Wifi , vous disposez d&rsquo;une v\u00e9ritable appareil de mesure de qualit\u00e9 de l&rsquo; air .<\/p>\n<p>Ref : \u00ab\u00a0Airtester Plus Wifi\u00a0\u00bb<\/p>\n<p>Il dispose d&rsquo;une technologie avanc\u00e9e de d\u00e9tection de pollution, et d&rsquo; analyse de l&rsquo;air.<\/p>\n<p>C&rsquo;est donc un produit autonome, hyper pratique, qui fera varier la puissance d&rsquo;extraction tout seul.. bref un purificateur d&rsquo;air intelligent.<\/p>\n<p>Par ailleurs , le fresh air dispose d&rsquo;un \u00e9cran de contr\u00f4le tactile, permettant de visualiser en direct l&rsquo;indice de qualit\u00e9 de l&rsquo;air.<\/p>\n<p>A quoi est donc destin\u00e9 ce testeur d&rsquo;air ? A 99% des probl\u00e8mes que nous avons dans nos habitat ce jours, COV, ODEURS, FUMEE DE CIGARETTES, ACARIENS, POUSSIERES, POLLENS, BACTERIES, CHAMPIGNONS, FILTRE POUR LES POILS DE NOS ANIMAUX, POLLUTION EXTERIEUR, bref la liste pourrait \u00eatre longue<\/p>\n<p>**Points forts :** Puissant, silencieux et \u00e9conomique.<br \/>\n**Pourquoi choisir ce produit ?** Pour un confort optimal toute l\u2019ann\u00e9e.<\/p>\n","protected":false},"excerpt":{"rendered":"<p>Caract\u00e9ristiques techniques :<\/p>\n<p>Appareil de mesure de la qualit\u00e9 de l&rsquo;air avec 8 fonctions et contr\u00f4le WIFI.<\/p>\n<p>Connexion WIFI \u00e0 l&rsquo;internet pour une disponibilit\u00e9 des donn\u00e9es en temps r\u00e9el via l&rsquo;application Tuya Smart \/ Smart life sur smartphone ou tablette.<\/p>\n<p>Affichage LCD avec 5 \u00e9crans et graphiques diff\u00e9rents.<\/p>\n<p>Fonctions :<\/p>\n<p>Compteur de particules PM2.5, PM1.0 et PM10 : 0-999ug\/m\u00b3.<br \/>\nCompteur de HCHO (formald\u00e9hyde) : 0,001-1,999mg\/m\u00b3<br \/>\nCompteur TVOC (Compos\u00e9s organiques volatils) : 0,001-9,999mg\/m\u00b3<br \/>\nCompteur de CO2 : 400-5000 ppm<br \/>\nThermom\u00e8tre : -10\u00ba\/50\u00baC<br \/>\nHumidim\u00e8tre : 20%\/85% RH<\/p>\n<p>Indicateur universel de la qualit\u00e9 de l&rsquo;air IQA : 0-500<\/p>\n<p>Aliment\u00e9 par une batterie rechargeable au lithium (3000mah). Charg\u00e9e par c\u00e2ble USB.<\/p>\n<p>Mesures (LxPxH) : 10x8x15 cm Con\u00e7u pour le confort, la puissance et la faible consommation.<\/p>\n","protected":false},"featured_media":3500,"comment_status":"closed","ping_status":"closed","template":"","meta":[],"product_brand":[],"product_cat":[165,180],"product_tag":[],"class_list":{"0":"post-3499","1":"product","2":"type-product","3":"status-publish","6":"product_cat-climatiseur","7":"product_cat-electromenagers","9":"first","10":"instock","11":"taxable","12":"shipping-taxable","13":"purchasable","14":"product-type-simple"},"_links":{"self":[{"href":"https:\/\/menagers-holding.fr\/index.php?rest_route=\/wp\/v2\/product\/3499","targetHints":{"allow":["GET"]}}],"collection":[{"href":"https:\/\/menagers-holding.fr\/index.php?rest_route=\/wp\/v2\/product"}],"about":[{"href":"https:\/\/menagers-holding.fr\/index.php?rest_route=\/wp\/v2\/types\/product"}],"replies":[{"embeddable":true,"href":"https:\/\/menagers-holding.fr\/index.php?rest_route=%2Fwp%2Fv2%2Fcomments&post=3499"}],"wp:featuredmedia":[{"embeddable":true,"href":"https:\/\/menagers-holding.fr\/index.php?rest_route=\/wp\/v2\/media\/3500"}],"wp:attachment":[{"href":"https:\/\/menagers-holding.fr\/index.php?rest_route=%2Fwp%2Fv2%2Fmedia&parent=3499"}],"wp:term":[{"taxonomy":"product_brand","embeddable":true,"href":"https:\/\/menagers-holding.fr\/index.php?rest_route=%2Fwp%2Fv2%2Fproduct_brand&post=3499"},{"taxonomy":"product_cat","embeddable":true,"href":"https:\/\/menagers-holding.fr\/index.php?rest_route=%2Fwp%2Fv2%2Fproduct_cat&post=3499"},{"taxonomy":"product_tag","embeddable":true,"href":"https:\/\/menagers-holding.fr\/index.php?rest_route=%2Fwp%2Fv2%2Fproduct_tag&post=3499"}],"curies":[{"name":"wp","href":"https:\/\/api.w.org\/{rel}","templated":true}]}}