{"id":3456,"date":"2022-10-20T07:52:27","date_gmt":"2022-10-20T07:52:27","guid":{"rendered":"https:\/\/menagers-holding.fr\/?post_type=product&#038;p=3456"},"modified":"2025-09-21T04:31:45","modified_gmt":"2025-09-21T04:31:45","slug":"virax-leve-chauffe-eau","status":"publish","type":"product","link":"https:\/\/menagers-holding.fr\/?product=virax-leve-chauffe-eau","title":{"rendered":"Virax L\u00e8ve chauffe-eau"},"content":{"rendered":"<p><strong>Leve chauffe eau 150 Kg Virax<\/strong><\/p>\n<p><strong>Le\u00a0Leve chauffe eau 150 Kg Virax\u00a0<\/strong>vous permet de manipuler avec s\u00e9curit\u00e9 et sans efforts votre chauffe-eau gr\u00e2ce au treuil auto-frein\u00e9. Il est robuste et charge jusque 150 kg. Ces deux bras et la manivelle sont rabattable pour un gain de place important. Le\u00a0<strong>Leve chauffe eau 150 Kg Virax\u00a0<\/strong>est \u00e9quip\u00e9 d&rsquo;une courroie r\u00e9sistante pour le maintien du chauffe-eau.<\/p>\n<p>Le Leve chauffe eau 150 Kg Virax\u00a0est muni d&rsquo;un nouveau treuil auto-frein\u00e9 pour plus de s\u00e9curit\u00e9 et moins d\u2019efforts lors de la manipulation. Pr\u00e9cis : 4 billes sous les fourches pour bien positionner le chauffe-eau face \u00e0 son emplacement. Rallonge int\u00e9gr\u00e9e id\u00e9ale pour l\u2019installation des radiateurs en hauteur (ne n\u00e9cessite pas d\u2019outils pour le montage).<\/p>\n<p>Nombreuses bandes caoutchouc protectrices.<\/p>\n<p>&#8211; Largeur hors tout : 0,65 m.<\/p>\n<p>**Points forts :** Puissant, silencieux et \u00e9conomique.<br \/>\n**Pourquoi choisir ce produit ?** Pour un confort optimal toute l\u2019ann\u00e9e.<\/p>\n","protected":false},"excerpt":{"rendered":"<p>Description Poids : 42 kg Longueur : 605 mm Largeur : 740 mm Hauteur : 1.450 m<\/p>\n<p>Disponible en stock<\/p>\n<p>Livraison gratuite 48 heures Con\u00e7u pour le confort, la puissance et la faible consommation.<\/p>\n","protected":false},"featured_media":3457,"comment_status":"closed","ping_status":"closed","template":"","meta":[],"product_brand":[],"product_cat":[156],"product_tag":[],"class_list":{"0":"post-3456","1":"product","2":"type-product","3":"status-publish","6":"product_cat-chauffage-et-plomberie","8":"first","9":"instock","10":"sale","11":"taxable","12":"shipping-taxable","13":"purchasable","14":"product-type-simple"},"_links":{"self":[{"href":"https:\/\/menagers-holding.fr\/index.php?rest_route=\/wp\/v2\/product\/3456","targetHints":{"allow":["GET"]}}],"collection":[{"href":"https:\/\/menagers-holding.fr\/index.php?rest_route=\/wp\/v2\/product"}],"about":[{"href":"https:\/\/menagers-holding.fr\/index.php?rest_route=\/wp\/v2\/types\/product"}],"replies":[{"embeddable":true,"href":"https:\/\/menagers-holding.fr\/index.php?rest_route=%2Fwp%2Fv2%2Fcomments&post=3456"}],"wp:featuredmedia":[{"embeddable":true,"href":"https:\/\/menagers-holding.fr\/index.php?rest_route=\/wp\/v2\/media\/3457"}],"wp:attachment":[{"href":"https:\/\/menagers-holding.fr\/index.php?rest_route=%2Fwp%2Fv2%2Fmedia&parent=3456"}],"wp:term":[{"taxonomy":"product_brand","embeddable":true,"href":"https:\/\/menagers-holding.fr\/index.php?rest_route=%2Fwp%2Fv2%2Fproduct_brand&post=3456"},{"taxonomy":"product_cat","embeddable":true,"href":"https:\/\/menagers-holding.fr\/index.php?rest_route=%2Fwp%2Fv2%2Fproduct_cat&post=3456"},{"taxonomy":"product_tag","embeddable":true,"href":"https:\/\/menagers-holding.fr\/index.php?rest_route=%2Fwp%2Fv2%2Fproduct_tag&post=3456"}],"curies":[{"name":"wp","href":"https:\/\/api.w.org\/{rel}","templated":true}]}}