{"id":3454,"date":"2022-10-20T07:46:11","date_gmt":"2022-10-20T07:46:11","guid":{"rendered":"https:\/\/menagers-holding.fr\/?post_type=product&#038;p=3454"},"modified":"2025-09-21T04:31:45","modified_gmt":"2025-09-21T04:31:45","slug":"chauffe-eau-atlantic-zeneo-300l-vertical-sur-socle","status":"publish","type":"product","link":"https:\/\/menagers-holding.fr\/?product=chauffe-eau-atlantic-zeneo-300l-vertical-sur-socle","title":{"rendered":"Chauffe-eau Atlantic Zeneo 300L Vertical sur socle"},"content":{"rendered":"<h3><strong>300L Chauffe-eau ZENEO ACI vertical mural compact\u00a0 ATLANTIC<\/strong><\/h3>\n<p>Si le chauffe-eau \u00e9lectrique ZENEO apporte toutes les garanties de confort au quotidien, il s&rsquo;inscrit aussi dans une logique \u00e9conomique. Gr\u00e2ce \u00e0 son syst\u00e8me de\u00a0<strong>protection dynamique ACI Hybride*<\/strong>, le chauffe-eau ZENEO dure jusqu&rsquo;\u00e0\u00a0<strong>2 fois plus longtemps**<\/strong>\u00a0pour les eaux agressives par rapport \u00e0 un chauffe-eau classique de la marque Atlantic. Il permet \u00e9galement de r\u00e9aliser\u00a0<strong>8% d&rsquo;\u00e9conomies<\/strong>\u00a0sur la consommation \u00e9lectrique pour l&rsquo;eau chaude sanitaire.<\/p>\n<h3>Les + produits<\/h3>\n<ul>\n<li>Protection dynamique anticorrosion ACI Hybride *<\/li>\n<li>Dur\u00e9e de vie prolong\u00e9e* jusqu&rsquo;\u00e0 2 fois plus longtemps **<\/li>\n<li>S&rsquo;adapte \u00e0 tous les types d&rsquo;eau de r\u00e9seau<\/li>\n<li>Thermostat \u00e9lectronique pour une temp\u00e9rature stable<\/li>\n<li>NF \u00c9lectricit\u00e9 Performance cat\u00e9gorie C<\/li>\n<\/ul>\n<h3>Caract\u00e9ristiques<\/h3>\n<ul>\n<li>Protection dynamique anticorrosion ACI Hybride * : combinaison d&rsquo;une anode en titane surmont\u00e9e d&rsquo;un enrobage magn\u00e9sium.<\/li>\n<li>Des \u00e9conomies gr\u00e2ce \u00e0 l\u2019isolation renforc\u00e9e et au thermostat \u00e9lectronique.<\/li>\n<li>Large gamme pour choisir le chauffe-eau adapt\u00e9 \u00e0 votre espace et \u00e0 vos besoins.<\/li>\n<li>Garantie de 5 ans.<\/li>\n<\/ul>\n<h3>Caract\u00e9ristiques g\u00e9n\u00e9rales<\/h3>\n<ul>\n<li>Monokitables en tri avec le Kit Tri en accessoire (sauf 50, 75 et 100 litres, 1 200 W).<\/li>\n<li>Thermostat \u00e9lectronique et fonction Antichauffe \u00e0 sec.<\/li>\n<li>R\u00e9sistance st\u00e9atite.<\/li>\n<li>Raccord di\u00e9lectrique bim\u00e9tallique fourni.<\/li>\n<\/ul>\n<h3>Caract\u00e9ristiques verticales murales<\/h3>\n<ul>\n<li>Un diam\u00e8tre r\u00e9duit, id\u00e9al pour l\u2019int\u00e9gration discr\u00e8te dans les placards.<\/li>\n<li>Cotes de fixation adapt\u00e9es permettant le montage en lieu et place des anciens appareils.<\/li>\n<li>Facilit\u00e9 de raccordement.<\/li>\n<li>Bornier en fa\u00e7ade.<\/li>\n<li>Capot \u00e0 charni\u00e8re.<\/li>\n<li>La gamme acc\u00e9l\u00e9r\u00e9e permet de diminuer le temps de chauffe.<\/li>\n<\/ul>\n<h3>Caract\u00e9ristiques horizontales murales<\/h3>\n<ul>\n<li>S\u2019installent au mur, au sol et au plafond avec le kit de cerclage.<\/li>\n<li>\u00c9quipement \u00e9lectrique en fa\u00e7ade et facilit\u00e9 de raccordement.<\/li>\n<li>Piquages EC\/EF \u00e0 placer obligatoirement orient\u00e9s vers le bas.<\/li>\n<li>Diam\u00e8tre \u00e9troit autorisant l\u2019acc\u00e8s aux endroits les plus difficiles.<\/li>\n<\/ul>\n<h3>Caract\u00e9ristiques verticales sur socle<\/h3>\n<ul>\n<li>Parfaits pour les locaux de faible hauteur sous plafond, ils trouvent m\u00eame leur place dans un placard, sous un espace de rangement.<\/li>\n<li>Facilit\u00e9 de raccordement.<\/li>\n<li>Possibilit\u00e9 de passage des tubes sous l\u2019appareil avec la rehausse en accessoire (option).<\/li>\n<li>Fond avec poign\u00e9e de pr\u00e9hension.<\/li>\n<\/ul>\n<p><em>* Uniquement sur les capacit\u00e9s de 75 \u00e0 300L.<\/em><\/p>\n<p><em>** Par rapport \u00e0 un chauffe-eau classique Atlantic. Conditions d&#8217;emploi : concerne uniquement la cuve des appareils, sous r\u00e9serve de l&rsquo;utilisation de l&rsquo;eau potable des r\u00e9seaux conformes aux normes en vigueur; avec un adoucisseur, la duret\u00e9 de l&rsquo;eau doit rester sup\u00e9rieure \u00e0 15\u00b0f.<\/em><\/p>\n<p>&nbsp;<\/p>\n<p><strong>Garantie totale 5 ans<\/strong><\/p>\n<p>**Points forts :** Puissant, silencieux et \u00e9conomique.<br \/>\n**Pourquoi choisir ce produit ?** Pour un confort optimal toute l\u2019ann\u00e9e.<\/p>\n","protected":false},"excerpt":{"rendered":"<div class=\"product-features\">\n<dl class=\"data-sheet\">\n<dt class=\"name\">Volume D&rsquo;eau<\/dt>\n<dd class=\"value\">300 Litres<\/dd>\n<dt class=\"name\">Alimentation \u00c9lectrique<\/dt>\n<dd class=\"value\">220 Volts &#8211; Monophas\u00e9<\/dd>\n<\/dl>\n<\/div>\n<div class=\"product-features\">\n<p class=\"h6\">R\u00e9f\u00e9rences sp\u00e9cifiques<\/p>\n<dl class=\"data-sheet\"><\/dl>\n<\/div>\n<div class=\"product-condition\"><label class=\"label\">Condition\u00a0<\/label>Neuf<\/div>\n<div>Disponible en stock<\/div>\n<div>Livraison gratuite 48 heures<\/div>\n<p> Con\u00e7u pour le confort, la puissance et la faible consommation.<\/p>\n","protected":false},"featured_media":3455,"comment_status":"closed","ping_status":"closed","template":"","meta":[],"product_brand":[],"product_cat":[156],"product_tag":[],"class_list":{"0":"post-3454","1":"product","2":"type-product","3":"status-publish","6":"product_cat-chauffage-et-plomberie","8":"first","9":"instock","10":"taxable","11":"shipping-taxable","12":"purchasable","13":"product-type-simple"},"_links":{"self":[{"href":"https:\/\/menagers-holding.fr\/index.php?rest_route=\/wp\/v2\/product\/3454","targetHints":{"allow":["GET"]}}],"collection":[{"href":"https:\/\/menagers-holding.fr\/index.php?rest_route=\/wp\/v2\/product"}],"about":[{"href":"https:\/\/menagers-holding.fr\/index.php?rest_route=\/wp\/v2\/types\/product"}],"replies":[{"embeddable":true,"href":"https:\/\/menagers-holding.fr\/index.php?rest_route=%2Fwp%2Fv2%2Fcomments&post=3454"}],"wp:featuredmedia":[{"embeddable":true,"href":"https:\/\/menagers-holding.fr\/index.php?rest_route=\/wp\/v2\/media\/3455"}],"wp:attachment":[{"href":"https:\/\/menagers-holding.fr\/index.php?rest_route=%2Fwp%2Fv2%2Fmedia&parent=3454"}],"wp:term":[{"taxonomy":"product_brand","embeddable":true,"href":"https:\/\/menagers-holding.fr\/index.php?rest_route=%2Fwp%2Fv2%2Fproduct_brand&post=3454"},{"taxonomy":"product_cat","embeddable":true,"href":"https:\/\/menagers-holding.fr\/index.php?rest_route=%2Fwp%2Fv2%2Fproduct_cat&post=3454"},{"taxonomy":"product_tag","embeddable":true,"href":"https:\/\/menagers-holding.fr\/index.php?rest_route=%2Fwp%2Fv2%2Fproduct_tag&post=3454"}],"curies":[{"name":"wp","href":"https:\/\/api.w.org\/{rel}","templated":true}]}}