{"id":3448,"date":"2022-10-20T07:15:34","date_gmt":"2022-10-20T07:15:34","guid":{"rendered":"https:\/\/menagers-holding.fr\/?post_type=product&#038;p=3448"},"modified":"2025-09-21T04:31:45","modified_gmt":"2025-09-21T04:31:45","slug":"chauffe-eau-electrique-chauffeo-plus-vertical-sur-socle-300l","status":"publish","type":"product","link":"https:\/\/menagers-holding.fr\/?product=chauffe-eau-electrique-chauffeo-plus-vertical-sur-socle-300l","title":{"rendered":"Chauffe-eau \u00e9lectrique Chauff\u00e9o Plus vertical sur socle 300L"},"content":{"rendered":"<p><strong>Chauffe-eau \u00e9lectrique Chauff\u00e9o Plus vertical sur socle Atlantic &#8211; 300L &#8211; 3000W &#8211; R\u00e9f\u00e9rence 053023 :<\/strong><\/p>\n<p>Facile \u00e0 poser, id\u00e9al pour les petits budgets, ce chauffe-eau b\u00e9n\u00e9ficie d&rsquo;un entartrage limit\u00e9 et d&rsquo;une dur\u00e9e de vie optimis\u00e9e. Diff\u00e9rentes capacit\u00e9s &#8211; de 50 \u00e0 300 litres &#8211; et configurations d&rsquo;installation possibles.<\/p>\n<ul>\n<li>Capacit\u00e9 : 300 L<\/li>\n<li>Puissance : 3000 W<\/li>\n<li>Foyer : 5 personnes<\/li>\n<li>Dimensions (HxPx\u2205) : 1780 x 645 x 575 mm<\/li>\n<\/ul>\n<p>**Points forts :** Puissant, silencieux et \u00e9conomique.<br \/>\n**Pourquoi choisir ce produit ?** Pour un confort optimal toute l\u2019ann\u00e9e.<\/p>\n","protected":false},"excerpt":{"rendered":"<p>Chauffe-eau \u00e9lectrique &#8211; Chauff\u00e9o Plus steatite vertical sur socle 300L monokitable (monophas\u00e9, transformable en triphas\u00e9 avec kit) &#8211; livr\u00e9 avec 1 raccord di\u00e9lectrique 3\/4\u00a0\u00bb<\/p>\n<p>Disponible en stock<\/p>\n<p>Livraison gratuite 48 heures. Con\u00e7u pour le confort, la puissance et la faible consommation.<\/p>\n","protected":false},"featured_media":3449,"comment_status":"closed","ping_status":"closed","template":"","meta":[],"product_brand":[],"product_cat":[156],"product_tag":[],"class_list":{"0":"post-3448","1":"product","2":"type-product","3":"status-publish","6":"product_cat-chauffage-et-plomberie","8":"first","9":"instock","10":"taxable","11":"shipping-taxable","12":"purchasable","13":"product-type-simple"},"_links":{"self":[{"href":"https:\/\/menagers-holding.fr\/index.php?rest_route=\/wp\/v2\/product\/3448","targetHints":{"allow":["GET"]}}],"collection":[{"href":"https:\/\/menagers-holding.fr\/index.php?rest_route=\/wp\/v2\/product"}],"about":[{"href":"https:\/\/menagers-holding.fr\/index.php?rest_route=\/wp\/v2\/types\/product"}],"replies":[{"embeddable":true,"href":"https:\/\/menagers-holding.fr\/index.php?rest_route=%2Fwp%2Fv2%2Fcomments&post=3448"}],"wp:featuredmedia":[{"embeddable":true,"href":"https:\/\/menagers-holding.fr\/index.php?rest_route=\/wp\/v2\/media\/3449"}],"wp:attachment":[{"href":"https:\/\/menagers-holding.fr\/index.php?rest_route=%2Fwp%2Fv2%2Fmedia&parent=3448"}],"wp:term":[{"taxonomy":"product_brand","embeddable":true,"href":"https:\/\/menagers-holding.fr\/index.php?rest_route=%2Fwp%2Fv2%2Fproduct_brand&post=3448"},{"taxonomy":"product_cat","embeddable":true,"href":"https:\/\/menagers-holding.fr\/index.php?rest_route=%2Fwp%2Fv2%2Fproduct_cat&post=3448"},{"taxonomy":"product_tag","embeddable":true,"href":"https:\/\/menagers-holding.fr\/index.php?rest_route=%2Fwp%2Fv2%2Fproduct_tag&post=3448"}],"curies":[{"name":"wp","href":"https:\/\/api.w.org\/{rel}","templated":true}]}}