{"id":3446,"date":"2022-10-19T08:09:34","date_gmt":"2022-10-19T08:09:34","guid":{"rendered":"https:\/\/menagers-holding.fr\/?post_type=product&#038;p=3446"},"modified":"2025-09-21T04:31:45","modified_gmt":"2025-09-21T04:31:45","slug":"chauffe-eau-vertical-stable-steatite-steatis-300-l-thermor","status":"publish","type":"product","link":"https:\/\/menagers-holding.fr\/?product=chauffe-eau-vertical-stable-steatite-steatis-300-l-thermor","title":{"rendered":"Chauffe-eau vertical stable st\u00e9atite STEATIS 300 l &#8211; THERMOR"},"content":{"rendered":"<ul>\n<li>R\u00e9sistance st\u00e9atite hors d&rsquo;eau (d\u00e9montable sans vidange)<\/li>\n<li>Thermostat avec coupe-circuit thermique de s\u00e9curit\u00e9<\/li>\n<li>Cuve en acier \u00e9maill\u00e9<\/li>\n<li>Une anode magn\u00e9sium assure la protection anti-corrosion<\/li>\n<\/ul>\n<p>**Points forts :** Puissant, silencieux et \u00e9conomique.<br \/>\n**Pourquoi choisir ce produit ?** Pour un confort optimal toute l\u2019ann\u00e9e.<\/p>\n","protected":false},"excerpt":{"rendered":"<ul>\n<li>R\u00e9sistance st\u00e9atite hors d&rsquo;eau (d\u00e9montable sans vidange)<\/li>\n<li>Thermostat avec coupe-circuit thermique de s\u00e9curit\u00e9<\/li>\n<li>Cuve en acier \u00e9maill\u00e9<\/li>\n<li>Une anode magn\u00e9sium assure la protection anti-corrosion<\/li>\n<\/ul>\n<p> Con\u00e7u pour le confort, la puissance et la faible consommation.<\/p>\n","protected":false},"featured_media":3447,"comment_status":"closed","ping_status":"closed","template":"","meta":[],"product_brand":[],"product_cat":[156],"product_tag":[],"class_list":{"0":"post-3446","1":"product","2":"type-product","3":"status-publish","6":"product_cat-chauffage-et-plomberie","8":"first","9":"instock","10":"taxable","11":"shipping-taxable","12":"purchasable","13":"product-type-simple"},"_links":{"self":[{"href":"https:\/\/menagers-holding.fr\/index.php?rest_route=\/wp\/v2\/product\/3446","targetHints":{"allow":["GET"]}}],"collection":[{"href":"https:\/\/menagers-holding.fr\/index.php?rest_route=\/wp\/v2\/product"}],"about":[{"href":"https:\/\/menagers-holding.fr\/index.php?rest_route=\/wp\/v2\/types\/product"}],"replies":[{"embeddable":true,"href":"https:\/\/menagers-holding.fr\/index.php?rest_route=%2Fwp%2Fv2%2Fcomments&post=3446"}],"wp:featuredmedia":[{"embeddable":true,"href":"https:\/\/menagers-holding.fr\/index.php?rest_route=\/wp\/v2\/media\/3447"}],"wp:attachment":[{"href":"https:\/\/menagers-holding.fr\/index.php?rest_route=%2Fwp%2Fv2%2Fmedia&parent=3446"}],"wp:term":[{"taxonomy":"product_brand","embeddable":true,"href":"https:\/\/menagers-holding.fr\/index.php?rest_route=%2Fwp%2Fv2%2Fproduct_brand&post=3446"},{"taxonomy":"product_cat","embeddable":true,"href":"https:\/\/menagers-holding.fr\/index.php?rest_route=%2Fwp%2Fv2%2Fproduct_cat&post=3446"},{"taxonomy":"product_tag","embeddable":true,"href":"https:\/\/menagers-holding.fr\/index.php?rest_route=%2Fwp%2Fv2%2Fproduct_tag&post=3446"}],"curies":[{"name":"wp","href":"https:\/\/api.w.org\/{rel}","templated":true}]}}