{"id":3436,"date":"2022-10-19T07:50:37","date_gmt":"2022-10-19T07:50:37","guid":{"rendered":"https:\/\/menagers-holding.fr\/?post_type=product&#038;p=3436"},"modified":"2025-09-24T05:16:31","modified_gmt":"2025-09-24T05:16:31","slug":"chauffe-eau-electrique-vertical-sur-socle-sauter-prodigio-300-l","status":"publish","type":"product","link":"https:\/\/menagers-holding.fr\/?product=chauffe-eau-electrique-vertical-sur-socle-sauter-prodigio-300-l","title":{"rendered":"Chauffe-eau \u00e9lectrique vertical sur socle SAUTER Prodigio, 300 l"},"content":{"rendered":"<div class=\"o-product-detail-informations__description\">\n<p>Anode ACI Hybride\u00ae. R\u00e9sistance st\u00e9atite. Thermostat \u00e9lectronique. Auto-apprentissage. Commande digitale mobile. Installation et entretien faciles : pr\u00e9c\u00e2bl\u00e9, fourni avec un raccord isolant.<\/p>\n<p>Le chauffe-eau \u00e9lectrique Prodigio est dot\u00e9 d&rsquo;une anode ACI Hybride\u00ae qui assure une protection durable de la cuve contre la corrosion dans tous les types d&rsquo;eau. La r\u00e9sistance st\u00e9atite, prot\u00e9g\u00e9e par un fourreau, ne s&rsquo;entartre pas au contact de l&rsquo;eau et il est facile de la changer pour un entretien r\u00e9gulier de votre appareil. Intelligent, le Prodigio apprend de votre rythme de vie et adapte la quantit\u00e9 d&rsquo;eau \u00e0 chauffer afin de vous aider \u00e0 r\u00e9aliser des \u00e9conomies d&rsquo;\u00e9nergies tout en vous garantissant un confort d&rsquo;utilisation. Sa commande digitale mobile vous permet de piloter \u00e0 distance votre chauffe-eau mais \u00e9galement de visualiser la quantit\u00e9 d&rsquo;eau chaude disponible.<\/p>\n<\/div>\n<table class=\"o-product-features\" role=\"presentation\" data-cerberus=\"TABLE_AttributesProduct\">\n<caption class=\"kl-hidden-accessibility\">\u00a0<\/caption>\n<tbody>\n<tr class=\"m-product-attr-row\">\n<th class=\"m-product-attr-row__name\" scope=\"row\">Marque du produit<\/th>\n<td class=\"m-product-attr-row__value\">SAUTER<\/td>\n<\/tr>\n<tr class=\"m-product-attr-row\">\n<th class=\"m-product-attr-row__name\" scope=\"row\">Type de produit<\/th>\n<td class=\"m-product-attr-row__value\">Chauffe-eau \u00e9lectrique<\/td>\n<\/tr>\n<tr class=\"m-product-attr-row\">\n<th class=\"m-product-attr-row__name\" scope=\"row\">Nombre de personnes dans le foyer<\/th>\n<td class=\"m-product-attr-row__value\">5 et plus<\/td>\n<\/tr>\n<tr class=\"m-product-attr-row\">\n<th class=\"m-product-attr-row__name\" scope=\"row\">Installation<\/th>\n<td class=\"m-product-attr-row__value\">Chauffe-eau livr\u00e9\/pos\u00e9 en 72h<\/td>\n<\/tr>\n<tr class=\"m-product-attr-row\">\n<th class=\"m-product-attr-row__name\" scope=\"row\">Positionnement<\/th>\n<td class=\"m-product-attr-row__value\">Vertical sur socle<\/td>\n<\/tr>\n<tr class=\"m-product-attr-row\">\n<th class=\"m-product-attr-row__name\" scope=\"row\">Capacit\u00e9 du chauffe-eau (en l)<\/th>\n<td class=\"m-product-attr-row__value\">300<\/td>\n<\/tr>\n<tr class=\"m-product-attr-row\">\n<th class=\"m-product-attr-row__name\" scope=\"row\">Puissance (en W)<\/th>\n<td class=\"m-product-attr-row__value\">3000<\/td>\n<\/tr>\n<tr class=\"m-product-attr-row\">\n<th class=\"m-product-attr-row__name\" scope=\"row\">Temps de chauffe<\/th>\n<td class=\"m-product-attr-row__value\">05h46<\/td>\n<\/tr>\n<tr class=\"m-product-attr-row\">\n<th class=\"m-product-attr-row__name\" scope=\"row\">Protection anticorrosion<\/th>\n<td class=\"m-product-attr-row__value\">Anode hybride (titane inusable et enrobage magn\u00e9sium)<\/td>\n<\/tr>\n<tr class=\"m-product-attr-row\">\n<th class=\"m-product-attr-row__name\" scope=\"row\">Isolation de la cuve<\/th>\n<td class=\"m-product-attr-row__value\">Mousse de polyur\u00e9thane<\/td>\n<\/tr>\n<tr class=\"m-product-attr-row\">\n<th class=\"m-product-attr-row__name\" scope=\"row\">Mati\u00e8re de la cuve<\/th>\n<td class=\"m-product-attr-row__value\">Acier \u00e9maill\u00e9<\/td>\n<\/tr>\n<tr class=\"m-product-attr-row\">\n<th class=\"m-product-attr-row__name\" scope=\"row\">Nature de la r\u00e9sistance<\/th>\n<td class=\"m-product-attr-row__value\">St\u00e9atite hors d&rsquo;eau anticalcaire<\/td>\n<\/tr>\n<tr class=\"m-product-attr-row\">\n<th class=\"m-product-attr-row__name\" scope=\"row\">Type de thermostat<\/th>\n<td class=\"m-product-attr-row__value\">Electronique<\/td>\n<\/tr>\n<tr class=\"m-product-attr-row\">\n<th class=\"m-product-attr-row__name\" scope=\"row\">Classe \u00e9nerg\u00e9tique (A+ \u00e0 F)<\/th>\n<td class=\"m-product-attr-row__value\">C<\/td>\n<\/tr>\n<tr class=\"m-product-attr-row\">\n<th class=\"m-product-attr-row__name\" scope=\"row\">Classe \u00e9nerg\u00e9tique (A \u00e0 G)<\/th>\n<td class=\"m-product-attr-row__value\">D<\/td>\n<\/tr>\n<tr class=\"m-product-attr-row\">\n<th class=\"m-product-attr-row__name\" scope=\"row\">Largeur (en cm)<\/th>\n<td class=\"m-product-attr-row__value\">57.5<\/td>\n<\/tr>\n<tr class=\"m-product-attr-row\">\n<th class=\"m-product-attr-row__name\" scope=\"row\">Hauteur (en cm)<\/th>\n<td class=\"m-product-attr-row__value\">176<\/td>\n<\/tr>\n<tr class=\"m-product-attr-row\">\n<th class=\"m-product-attr-row__name\" scope=\"row\">Profondeur (en cm)<\/th>\n<td class=\"m-product-attr-row__value\">59<\/td>\n<\/tr>\n<tr class=\"m-product-attr-row\">\n<th class=\"m-product-attr-row__name\" scope=\"row\">Poids \u00e0 vide (en kg)<\/th>\n<td class=\"m-product-attr-row__value\">73<\/td>\n<\/tr>\n<tr class=\"m-product-attr-row\">\n<th class=\"m-product-attr-row__name\" scope=\"row\">Indice de protection (ip + ik)<\/th>\n<td class=\"m-product-attr-row__value\">IP24<\/td>\n<\/tr>\n<tr class=\"m-product-attr-row\">\n<th class=\"m-product-attr-row__name\" scope=\"row\">Equipement fourni<\/th>\n<td class=\"m-product-attr-row__value\">Raccord di\u00e9lectrique<\/td>\n<\/tr>\n<tr class=\"m-product-attr-row\">\n<th class=\"m-product-attr-row__name\" scope=\"row\">Objet connect\u00e9<\/th>\n<td class=\"m-product-attr-row__value\">Non<\/td>\n<\/tr>\n<tr class=\"m-product-attr-row\">\n<th class=\"m-product-attr-row__name\" scope=\"row\">Kitable en triphas\u00e9<\/th>\n<td class=\"m-product-attr-row__value\">Oui<\/td>\n<\/tr>\n<tr class=\"m-product-attr-row\">\n<th class=\"m-product-attr-row__name\" scope=\"row\">Label<\/th>\n<td class=\"m-product-attr-row__value\">Promotelec<\/td>\n<\/tr>\n<tr class=\"m-product-attr-row\">\n<th class=\"m-product-attr-row__name\" scope=\"row\">Norme<\/th>\n<td class=\"m-product-attr-row__value\">CE &#8211; NF Electricit\u00e9 \/ Performance 3 ***<\/td>\n<\/tr>\n<tr class=\"m-product-attr-row\">\n<th class=\"m-product-attr-row__name\" scope=\"row\">Garantie (inclut la garantie l\u00e9gale de conformit\u00e9) (en ann\u00e9es)<\/th>\n<td class=\"m-product-attr-row__value\">5<\/td>\n<\/tr>\n<tr class=\"m-product-attr-row\">\n<th class=\"m-product-attr-row__name\" scope=\"row\">Garantie de la cuve (en ann\u00e9e)<\/th>\n<td class=\"m-product-attr-row__value\">5<\/td>\n<\/tr>\n<tr class=\"m-product-attr-row\">\n<th class=\"m-product-attr-row__name\" scope=\"row\">Garantie des parties \u00e9lectriques (en ann\u00e9e)<\/th>\n<td class=\"m-product-attr-row__value\">5<\/td>\n<\/tr>\n<tr class=\"m-product-attr-row\">\n<th class=\"m-product-attr-row__name\" scope=\"row\">Garantie main-d&rsquo;oeuvre et d\u00e9placement (en ann\u00e9e)<\/th>\n<td class=\"m-product-attr-row__value\">2<\/td>\n<\/tr>\n<tr class=\"m-product-attr-row\">\n<th class=\"m-product-attr-row__name\" scope=\"row\">Consommation d&rsquo;entretien (W-h max en 24h pour de l\u2019eau \u00e0 65\u00b0 et une ambiance \u00e0 20\u00b0)<\/th>\n<td class=\"m-product-attr-row__value\">2500<\/td>\n<\/tr>\n<tr class=\"m-product-attr-row\">\n<th class=\"m-product-attr-row__name\" scope=\"row\">Fabrication fran\u00e7aise<\/th>\n<td class=\"m-product-attr-row__value\">Oui<\/td>\n<\/tr>\n<tr class=\"m-product-attr-row\">\n<th class=\"m-product-attr-row__name\" scope=\"row\">Pays de fabrication<\/th>\n<td class=\"m-product-attr-row__value\">France<\/td>\n<\/tr>\n<tr class=\"m-product-attr-row\">\n<th class=\"m-product-attr-row__name\" scope=\"row\">Caract\u00e9ristiques suppl\u00e9mentaires<\/th>\n<td class=\"m-product-attr-row__value\">Syst\u00e8me anti-chauffe \u00e0 sec<\/td>\n<\/tr>\n<tr class=\"m-product-attr-row\">\n<th class=\"m-product-attr-row__name\" scope=\"row\">P\u00e9riode de disponibilit\u00e9 des pi\u00e8ces d\u00e9tach\u00e9es apr\u00e8s le dernier achat de la derni\u00e8re unit\u00e9 vendue (en ann\u00e9es)<\/th>\n<td class=\"m-product-attr-row__value\">7<\/td>\n<\/tr>\n<tr class=\"m-product-attr-row\">\n<th class=\"m-product-attr-row__name\" scope=\"row\">Produit emball\u00e9 : hauteur (en cm)<\/th>\n<td class=\"m-product-attr-row__value\">180<\/td>\n<\/tr>\n<tr class=\"m-product-attr-row\">\n<th class=\"m-product-attr-row__name\" scope=\"row\">Produit emball\u00e9 : largeur (en cm)<\/th>\n<td class=\"m-product-attr-row__value\">60<\/td>\n<\/tr>\n<tr class=\"m-product-attr-row\">\n<th class=\"m-product-attr-row__name\" scope=\"row\">Produit emball\u00e9 : profondeur (en cm)<\/th>\n<td class=\"m-product-attr-row__value\">60<\/td>\n<\/tr>\n<tr class=\"m-product-attr-row\">\n<th class=\"m-product-attr-row__name\" scope=\"row\">Produit emball\u00e9 : poids (en kg)<\/th>\n<td class=\"m-product-attr-row__value\">78<\/td>\n<\/tr>\n<\/tbody>\n<\/table>\n<p>**Points forts :** Puissant, silencieux et \u00e9conomique.<br \/>\n**Pourquoi choisir ce produit ?** Pour un confort optimal toute l\u2019ann\u00e9e.<\/p>\n","protected":false},"excerpt":{"rendered":"<p>Marque du produit SAUTER<br \/>\nType de produit Chauffe-eau \u00e9lectrique<br \/>\nNombre de personnes dans le foyer 5 et plus<br \/>\nInstallation Chauffe-eau livr\u00e9\/pos\u00e9 en 72h<br \/>\nPositionnement Vertical sur socle<br \/>\nCapacit\u00e9 du chauffe-eau (en l) 300<br \/>\nPuissance (en W) 3000<br \/>\nTemps de chauffe 05h46<br \/>\nProtection anticorrosion Anode hybride (titane inusable et enrobage magn\u00e9sium)<br \/>\nIsolation de la cuve Mousse de polyur\u00e9thane<br \/>\nMati\u00e8re de la cuve Acier \u00e9maill\u00e9<br \/>\nNature de la r\u00e9sistance St\u00e9atite hors d&rsquo;eau anticalcaire<br \/>\nType de thermostat Electronique Con\u00e7u pour le confort, la puissance et la faible consommation.<\/p>\n","protected":false},"featured_media":5053,"comment_status":"closed","ping_status":"closed","template":"","meta":[],"product_brand":[],"product_cat":[156],"product_tag":[],"class_list":{"0":"post-3436","1":"product","2":"type-product","3":"status-publish","6":"product_cat-chauffage-et-plomberie","8":"first","9":"instock","10":"taxable","11":"shipping-taxable","12":"purchasable","13":"product-type-simple"},"_links":{"self":[{"href":"https:\/\/menagers-holding.fr\/index.php?rest_route=\/wp\/v2\/product\/3436","targetHints":{"allow":["GET"]}}],"collection":[{"href":"https:\/\/menagers-holding.fr\/index.php?rest_route=\/wp\/v2\/product"}],"about":[{"href":"https:\/\/menagers-holding.fr\/index.php?rest_route=\/wp\/v2\/types\/product"}],"replies":[{"embeddable":true,"href":"https:\/\/menagers-holding.fr\/index.php?rest_route=%2Fwp%2Fv2%2Fcomments&post=3436"}],"wp:featuredmedia":[{"embeddable":true,"href":"https:\/\/menagers-holding.fr\/index.php?rest_route=\/wp\/v2\/media\/5053"}],"wp:attachment":[{"href":"https:\/\/menagers-holding.fr\/index.php?rest_route=%2Fwp%2Fv2%2Fmedia&parent=3436"}],"wp:term":[{"taxonomy":"product_brand","embeddable":true,"href":"https:\/\/menagers-holding.fr\/index.php?rest_route=%2Fwp%2Fv2%2Fproduct_brand&post=3436"},{"taxonomy":"product_cat","embeddable":true,"href":"https:\/\/menagers-holding.fr\/index.php?rest_route=%2Fwp%2Fv2%2Fproduct_cat&post=3436"},{"taxonomy":"product_tag","embeddable":true,"href":"https:\/\/menagers-holding.fr\/index.php?rest_route=%2Fwp%2Fv2%2Fproduct_tag&post=3436"}],"curies":[{"name":"wp","href":"https:\/\/api.w.org\/{rel}","templated":true}]}}