{"id":3422,"date":"2022-10-19T07:24:36","date_gmt":"2022-10-19T07:24:36","guid":{"rendered":"https:\/\/menagers-holding.fr\/?post_type=product&#038;p=3422"},"modified":"2025-09-21T04:31:44","modified_gmt":"2025-09-21T04:31:44","slug":"chauffe-eau-electrique-thermor-blinde-vertical-mural-mono-blinde","status":"publish","type":"product","link":"https:\/\/menagers-holding.fr\/?product=chauffe-eau-electrique-thermor-blinde-vertical-mural-mono-blinde","title":{"rendered":"Chauffe-eau \u00e9lectrique THERMOR Blind\u00e9 Vertical mural Mono &#8211; BLINDE"},"content":{"rendered":"<ul>\n<li>R\u00e9sistance thermoplongeur :<\/li>\n<li>En contact direct avec l\u2019eau et expos\u00e9 au calcaire<\/li>\n<li>En cas de remplacement, obligation de vidanger le chauffe-eau<\/li>\n<li>Protection anticorrosion :<\/li>\n<li>Anode en magn\u00e9sium, qui se dissout dans le temps<\/li>\n<li>N\u00e9cessite un contr\u00f4le de l\u2019usure tous les deux ans et un remplacement si n\u00e9cessaire<\/li>\n<li>Cuve conforme aux normes d\u2019hygi\u00e8ne gr\u00e2ce \u00e0 son rev\u00eatement int\u00e9rieur en \u00e9mail vitrifi\u00e9 et de chauffe \u00e9maill\u00e9<\/li>\n<li>Thermostat m\u00e9canique<\/li>\n<li>Capacit\u00e9 (L) : 50\/ 100\/ 150\/ 200\/ 300<\/li>\n<li>Puissance (W) : 1200\/ 1200\/ 1600\/ 2200\/ 3000<\/li>\n<li>Consommation d\u2019entretien (kWh\/24 h \u00e0 65\u00b0C) : 0.71\/ 1.24\/ 1.61\/ 1.92\/ 2.5<\/li>\n<li>Quantit\u00e9 d&rsquo;ECS \u00e0 40\u00b0C : &#8211; 179\/ 275\/ 376\/ 531<\/li>\n<li>Constante de refroidissement : 0.30\/ 0.26\/ 0.23\/ 0.25\/ 0.18<\/li>\n<li>Temps de chauffe : 2h26\/ 5h29\/ 6h00\/ 6h01\/ 5h43<\/li>\n<li>Poids \u00e0 vide (kg) : 22\/ 32\/ 41\/ 52\/ 73<\/li>\n<li>Classe \u00c9nerg\u00e9tique\u00a0: C<\/li>\n<li>Livr\u00e9 avec : Raccord di\u00e9lectrique<\/li>\n<li>Garantie 5 ans cuve et pieces<\/li>\n<\/ul>\n<p>**Points forts :** Puissant, silencieux et \u00e9conomique.<br \/>\n**Pourquoi choisir ce produit ?** Pour un confort optimal toute l\u2019ann\u00e9e.<\/p>\n","protected":false},"excerpt":{"rendered":"<ul>\n<li>R\u00e9sistance thermoplongeur :<\/li>\n<li>En contact direct avec l\u2019eau et expos\u00e9 au calcaire<\/li>\n<li>En cas de remplacement, obligation de vidanger le chauffe-eau<\/li>\n<li>Classe \u00c9nerg\u00e9tique\u00a0: C<\/li>\n<li>Livr\u00e9 avec : Raccord di\u00e9lectrique<\/li>\n<li>Disponible en stock<\/li>\n<li>Livraison gratuite<\/li>\n<\/ul>\n<p> Con\u00e7u pour le confort, la puissance et la faible consommation.<\/p>\n","protected":false},"featured_media":3423,"comment_status":"closed","ping_status":"closed","template":"","meta":[],"product_brand":[],"product_cat":[156],"product_tag":[],"class_list":{"0":"post-3422","1":"product","2":"type-product","3":"status-publish","6":"product_cat-chauffage-et-plomberie","8":"first","9":"instock","10":"taxable","11":"shipping-taxable","12":"purchasable","13":"product-type-simple"},"_links":{"self":[{"href":"https:\/\/menagers-holding.fr\/index.php?rest_route=\/wp\/v2\/product\/3422","targetHints":{"allow":["GET"]}}],"collection":[{"href":"https:\/\/menagers-holding.fr\/index.php?rest_route=\/wp\/v2\/product"}],"about":[{"href":"https:\/\/menagers-holding.fr\/index.php?rest_route=\/wp\/v2\/types\/product"}],"replies":[{"embeddable":true,"href":"https:\/\/menagers-holding.fr\/index.php?rest_route=%2Fwp%2Fv2%2Fcomments&post=3422"}],"wp:featuredmedia":[{"embeddable":true,"href":"https:\/\/menagers-holding.fr\/index.php?rest_route=\/wp\/v2\/media\/3423"}],"wp:attachment":[{"href":"https:\/\/menagers-holding.fr\/index.php?rest_route=%2Fwp%2Fv2%2Fmedia&parent=3422"}],"wp:term":[{"taxonomy":"product_brand","embeddable":true,"href":"https:\/\/menagers-holding.fr\/index.php?rest_route=%2Fwp%2Fv2%2Fproduct_brand&post=3422"},{"taxonomy":"product_cat","embeddable":true,"href":"https:\/\/menagers-holding.fr\/index.php?rest_route=%2Fwp%2Fv2%2Fproduct_cat&post=3422"},{"taxonomy":"product_tag","embeddable":true,"href":"https:\/\/menagers-holding.fr\/index.php?rest_route=%2Fwp%2Fv2%2Fproduct_tag&post=3422"}],"curies":[{"name":"wp","href":"https:\/\/api.w.org\/{rel}","templated":true}]}}