{"id":3411,"date":"2022-10-19T06:50:22","date_gmt":"2022-10-19T06:50:22","guid":{"rendered":"https:\/\/menagers-holding.fr\/?post_type=product&#038;p=3411"},"modified":"2025-09-21T04:31:43","modified_gmt":"2025-09-21T04:31:43","slug":"chauffe-eau-electrique-duralis-hybride-300l-stable","status":"publish","type":"product","link":"https:\/\/menagers-holding.fr\/?product=chauffe-eau-electrique-duralis-hybride-300l-stable","title":{"rendered":"Chauffe-eau \u00e9lectrique DURALIS Hybride 300L Stable"},"content":{"rendered":"<div class=\"o-product-detail-informations__description\">\n<p>Son rev\u00eatement int\u00e9rieur en \u00e9mail vitrifi\u00e9 et corps de chauffe \u00e9maill\u00e9 vous garantit une parfaite conformit\u00e9 aux normes d&rsquo;hygi\u00e8ne.<\/p>\n<ul>\n<li>Pour 5 personnes et +<\/li>\n<li>Vertical stable<\/li>\n<li>3000W<\/li>\n<li>Volume d&rsquo;eau \u00e0 50 degr\u00e9s : 526 L<\/li>\n<li>Double entraxe de fixation<\/li>\n<\/ul>\n<p>&nbsp;<\/p>\n<\/div>\n<table class=\"o-product-features\" role=\"presentation\" data-cerberus=\"TABLE_AttributesProduct\">\n<caption class=\"kl-hidden-accessibility\">\u00a0<\/caption>\n<tbody>\n<tr class=\"m-product-attr-row\">\n<th class=\"m-product-attr-row__name\" scope=\"row\">Marque du produit<\/th>\n<td class=\"m-product-attr-row__value\">THERMOR<\/td>\n<\/tr>\n<\/tbody>\n<\/table>\n<div class=\"product-feature\">Capacit\u00e9300 litres<\/div>\n<div class=\"product-feature\">Convient pour5 personnes et +<\/div>\n<div class=\"product-feature\">Temps de chauffe6h19<\/div>\n<div class=\"product-feature\">Dimensions (LxHxP) :580 x 1780 x 650mm<\/div>\n<p>**Points forts :** Puissant, silencieux et \u00e9conomique.<br \/>\n**Pourquoi choisir ce produit ?** Pour un confort optimal toute l\u2019ann\u00e9e.<\/p>\n","protected":false},"excerpt":{"rendered":"<div class=\"product-feature\">Capacit\u00e9300 litres<\/div>\n<div class=\"product-feature\">Convient pour5 personnes et +<\/div>\n<div class=\"product-feature\">Temps de chauffe6h19<\/div>\n<div class=\"product-feature\">Dimensions (LxHxP) :580 x 1780 x 650mm<\/div>\n<div>Disponible en stock<\/div>\n<div>Livraison grtauite<\/div>\n<p> Con\u00e7u pour le confort, la puissance et la faible consommation.<\/p>\n","protected":false},"featured_media":3412,"comment_status":"closed","ping_status":"closed","template":"","meta":[],"product_brand":[],"product_cat":[156],"product_tag":[],"class_list":{"0":"post-3411","1":"product","2":"type-product","3":"status-publish","6":"product_cat-chauffage-et-plomberie","8":"first","9":"instock","10":"taxable","11":"shipping-taxable","12":"purchasable","13":"product-type-simple"},"_links":{"self":[{"href":"https:\/\/menagers-holding.fr\/index.php?rest_route=\/wp\/v2\/product\/3411","targetHints":{"allow":["GET"]}}],"collection":[{"href":"https:\/\/menagers-holding.fr\/index.php?rest_route=\/wp\/v2\/product"}],"about":[{"href":"https:\/\/menagers-holding.fr\/index.php?rest_route=\/wp\/v2\/types\/product"}],"replies":[{"embeddable":true,"href":"https:\/\/menagers-holding.fr\/index.php?rest_route=%2Fwp%2Fv2%2Fcomments&post=3411"}],"wp:featuredmedia":[{"embeddable":true,"href":"https:\/\/menagers-holding.fr\/index.php?rest_route=\/wp\/v2\/media\/3412"}],"wp:attachment":[{"href":"https:\/\/menagers-holding.fr\/index.php?rest_route=%2Fwp%2Fv2%2Fmedia&parent=3411"}],"wp:term":[{"taxonomy":"product_brand","embeddable":true,"href":"https:\/\/menagers-holding.fr\/index.php?rest_route=%2Fwp%2Fv2%2Fproduct_brand&post=3411"},{"taxonomy":"product_cat","embeddable":true,"href":"https:\/\/menagers-holding.fr\/index.php?rest_route=%2Fwp%2Fv2%2Fproduct_cat&post=3411"},{"taxonomy":"product_tag","embeddable":true,"href":"https:\/\/menagers-holding.fr\/index.php?rest_route=%2Fwp%2Fv2%2Fproduct_tag&post=3411"}],"curies":[{"name":"wp","href":"https:\/\/api.w.org\/{rel}","templated":true}]}}