{"id":3399,"date":"2022-10-19T05:38:52","date_gmt":"2022-10-19T05:38:52","guid":{"rendered":"https:\/\/menagers-holding.fr\/?post_type=product&#038;p=3399"},"modified":"2025-09-21T04:31:43","modified_gmt":"2025-09-21T04:31:43","slug":"vaillant-chauffe-eau-electronique-electronique-electronicved-0010023780","status":"publish","type":"product","link":"https:\/\/menagers-holding.fr\/?product=vaillant-chauffe-eau-electronique-electronique-electronicved-0010023780","title":{"rendered":"Vaillant Chauffe-eau \u00e9lectronique \u00e9lectronique electronicVED, 0010023780"},"content":{"rendered":"<div class=\"f-productProperties__col\">\n<dl class=\"f-productProperties__item\">\n<dt class=\"f-productProperties__term\">\n<table class=\"individual_description_table\">\n<tbody>\n<tr>\n<td><span data-mce-mark=\"1\"><strong>\u00c9ventail de classes d&rsquo;efficacit\u00e9 \u00e9nerg\u00e9tique<\/strong><\/span><\/td>\n<td><span data-mce-mark=\"1\">A+ \u00e0 F<\/span><\/td>\n<\/tr>\n<tr>\n<td><span data-mce-mark=\"1\"><strong>Pression de service max. admissible<\/strong><\/span><\/td>\n<td><span data-mce-mark=\"1\">10 bar<\/span><\/td>\n<\/tr>\n<tr>\n<td><span data-mce-mark=\"1\"><strong>Capacit\u00e9 nominale<\/strong><\/span><\/td>\n<td><span data-mce-mark=\"1\">1 l<\/span><\/td>\n<\/tr>\n<tr>\n<td><span data-mce-mark=\"1\"><strong>Mat\u00e9riau du r\u00e9cipient sous pression<\/strong><\/span><\/td>\n<td><span data-mce-mark=\"1\">Plastique<\/span><\/td>\n<\/tr>\n<tr>\n<td><span data-mce-mark=\"1\"><strong>Puissance nominale<\/strong><\/span><\/td>\n<td><span data-mce-mark=\"1\">27 kW<\/span><\/td>\n<\/tr>\n<tr>\n<td><span data-mce-mark=\"1\"><strong>Tension nominale 1<\/strong><\/span><\/td>\n<td><span data-mce-mark=\"1\">400 V<\/span><\/td>\n<\/tr>\n<tr>\n<td><span data-mce-mark=\"1\"><strong>Tension nominale 2<\/strong><\/span><\/td>\n<td><span data-mce-mark=\"1\">400 V<\/span><\/td>\n<\/tr>\n<tr>\n<td><span data-mce-mark=\"1\"><strong>Convient pour KNX<\/strong><\/span><\/td>\n<td><span data-mce-mark=\"1\">non<\/span><\/td>\n<\/tr>\n<tr>\n<td><span data-mce-mark=\"1\"><strong>Op\u00e9ration<\/strong><\/span><\/td>\n<td><span data-mce-mark=\"1\">manuel<\/span><\/td>\n<\/tr>\n<tr>\n<td><span data-mce-mark=\"1\"><strong>Affichage de temp\u00e9rature<\/strong><\/span><\/td>\n<td><span data-mce-mark=\"1\">num\u00e9rique<\/span><\/td>\n<\/tr>\n<tr>\n<td><span data-mce-mark=\"1\"><strong>Avec affichage<\/strong><\/span><\/td>\n<td><span data-mce-mark=\"1\">oui<\/span><\/td>\n<\/tr>\n<tr>\n<td><span data-mce-mark=\"1\"><strong>Type d&rsquo;installation<\/strong><\/span><\/td>\n<td><span data-mce-mark=\"1\">Table de surface\/sous-table<\/span><\/td>\n<\/tr>\n<tr>\n<td><span data-mce-mark=\"1\"><strong>Contr\u00f4le de puissance<\/strong><\/span><\/td>\n<td><span data-mce-mark=\"1\">\u00e9lectronique<\/span><\/td>\n<\/tr>\n<tr>\n<td><span data-mce-mark=\"1\"><strong>Puissance absorb\u00e9e<\/strong><\/span><\/td>\n<td><span data-mce-mark=\"1\">27 kW<\/span><\/td>\n<\/tr>\n<tr>\n<td><span data-mce-mark=\"1\"><strong>Syst\u00e8me de chauffage<\/strong><\/span><\/td>\n<td><span data-mce-mark=\"1\">Fil nu<\/span><\/td>\n<\/tr>\n<tr>\n<td><span data-mce-mark=\"1\"><strong>Arr\u00eat de s\u00e9curit\u00e9<\/strong><\/span><\/td>\n<td><span data-mce-mark=\"1\">\u00e9lectronique<\/span><\/td>\n<\/tr>\n<tr>\n<td><span data-mce-mark=\"1\"><strong>Degr\u00e9 de protection (IP)<\/strong><\/span><\/td>\n<td><span data-mce-mark=\"1\">IP25<\/span><\/td>\n<\/tr>\n<tr>\n<td><span data-mce-mark=\"1\"><strong>Raccordement d&rsquo;eau potable froide<\/strong><\/span><\/td>\n<td><span data-mce-mark=\"1\">Filetage ext\u00e9rieur<\/span><\/td>\n<\/tr>\n<tr>\n<td><span data-mce-mark=\"1\"><strong>Diam\u00e8tre nominal eau potable froide<\/strong><\/span><\/td>\n<td><span data-mce-mark=\"1\">1\/2 pouce (15)<\/span><\/td>\n<\/tr>\n<tr>\n<td><span data-mce-mark=\"1\"><strong>Diam\u00e8tre ext\u00e9rieur de la conduite eau potable froide<\/strong><\/span><\/td>\n<td><span data-mce-mark=\"1\">21 mm<\/span><\/td>\n<\/tr>\n<tr>\n<td><span data-mce-mark=\"1\"><strong>Raccordement eau chaude<\/strong><\/span><\/td>\n<td><span data-mce-mark=\"1\">Filetage ext\u00e9rieur<\/span><\/td>\n<\/tr>\n<tr>\n<td><span data-mce-mark=\"1\"><strong>Diam\u00e8tre nominal raccord d\u2019eau chaude<\/strong><\/span><\/td>\n<td><span data-mce-mark=\"1\">1\/2 pouce (15)<\/span><\/td>\n<\/tr>\n<tr>\n<td><span data-mce-mark=\"1\"><strong>Diam\u00e8tre ext\u00e9rieur de la tuyauterie eau potable chaude<\/strong><\/span><\/td>\n<td><span data-mce-mark=\"1\">21 mm<\/span><\/td>\n<\/tr>\n<tr>\n<td><span data-mce-mark=\"1\"><strong>Convient pour les tuyaux en plastique<\/strong><\/span><\/td>\n<td><span data-mce-mark=\"1\">oui<\/span><\/td>\n<\/tr>\n<tr>\n<td><span data-mce-mark=\"1\"><strong>Convient pour l&rsquo;eau pr\u00e9chauff\u00e9e<\/strong><\/span><\/td>\n<td><span data-mce-mark=\"1\">non<\/span><\/td>\n<\/tr>\n<tr>\n<td><span data-mce-mark=\"1\"><strong>Type de contr\u00f4le d&rsquo;alimentation<\/strong><\/span><\/td>\n<td><span data-mce-mark=\"1\">\u00e9lectronique<\/span><\/td>\n<\/tr>\n<tr>\n<td><span data-mce-mark=\"1\"><strong>Avec robinet<\/strong><\/span><\/td>\n<td><span data-mce-mark=\"1\">non<\/span><\/td>\n<\/tr>\n<tr>\n<td><span data-mce-mark=\"1\"><strong>Hauteur<\/strong><\/span><\/td>\n<td><span data-mce-mark=\"1\">481 mm<\/span><\/td>\n<\/tr>\n<tr>\n<td><span data-mce-mark=\"1\"><strong>Largeur<\/strong><\/span><\/td>\n<td><span data-mce-mark=\"1\">240 mm<\/span><\/td>\n<\/tr>\n<tr>\n<td><span data-mce-mark=\"1\"><strong>Profondeur<\/strong><\/span><\/td>\n<td><span data-mce-mark=\"1\">99 mm<\/span><\/td>\n<\/tr>\n<tr>\n<td><span data-mce-mark=\"1\"><strong>Poids<\/strong><\/span><\/td>\n<td><span data-mce-mark=\"1\">4,4 kg<\/span><\/td>\n<\/tr>\n<\/tbody>\n<\/table>\n<\/dt>\n<\/dl>\n<\/div>\n<div class=\"f-productProperties__col\">\n<dl class=\"f-productProperties__item\">\n<dt class=\"f-productProperties__term\">EAN<\/dt>\n<dd class=\"f-productProperties__definition\">4024074873861<\/dd>\n<\/dl>\n<\/div>\n<p>**Points forts :** Puissant, silencieux et \u00e9conomique.<br \/>\n**Pourquoi choisir ce produit ?** Pour un confort optimal toute l\u2019ann\u00e9e.<\/p>\n","protected":false},"excerpt":{"rendered":"<p>Dimensions du colis : 52,8 x 29,2 x 16,4 cm.<\/p>\n<p>R\u00e9f\u00e9rence 1002EMP3780.<\/p>\n<p>Taille27 kW.<\/p>\n<p>Utilisation Usage professionnel et personnel.<\/p>\n<p>Batterie(s) \/ Pile(s) requise(s) Non<br \/>\nDisponible en stock<br \/>\nLivraison 48 heures Con\u00e7u pour le confort, la puissance et la faible consommation.<\/p>\n","protected":false},"featured_media":3400,"comment_status":"closed","ping_status":"closed","template":"","meta":[],"product_brand":[],"product_cat":[156],"product_tag":[],"class_list":{"0":"post-3399","1":"product","2":"type-product","3":"status-publish","6":"product_cat-chauffage-et-plomberie","8":"first","9":"instock","10":"taxable","11":"shipping-taxable","12":"purchasable","13":"product-type-simple"},"_links":{"self":[{"href":"https:\/\/menagers-holding.fr\/index.php?rest_route=\/wp\/v2\/product\/3399","targetHints":{"allow":["GET"]}}],"collection":[{"href":"https:\/\/menagers-holding.fr\/index.php?rest_route=\/wp\/v2\/product"}],"about":[{"href":"https:\/\/menagers-holding.fr\/index.php?rest_route=\/wp\/v2\/types\/product"}],"replies":[{"embeddable":true,"href":"https:\/\/menagers-holding.fr\/index.php?rest_route=%2Fwp%2Fv2%2Fcomments&post=3399"}],"wp:featuredmedia":[{"embeddable":true,"href":"https:\/\/menagers-holding.fr\/index.php?rest_route=\/wp\/v2\/media\/3400"}],"wp:attachment":[{"href":"https:\/\/menagers-holding.fr\/index.php?rest_route=%2Fwp%2Fv2%2Fmedia&parent=3399"}],"wp:term":[{"taxonomy":"product_brand","embeddable":true,"href":"https:\/\/menagers-holding.fr\/index.php?rest_route=%2Fwp%2Fv2%2Fproduct_brand&post=3399"},{"taxonomy":"product_cat","embeddable":true,"href":"https:\/\/menagers-holding.fr\/index.php?rest_route=%2Fwp%2Fv2%2Fproduct_cat&post=3399"},{"taxonomy":"product_tag","embeddable":true,"href":"https:\/\/menagers-holding.fr\/index.php?rest_route=%2Fwp%2Fv2%2Fproduct_tag&post=3399"}],"curies":[{"name":"wp","href":"https:\/\/api.w.org\/{rel}","templated":true}]}}