{"id":3356,"date":"2022-10-17T11:19:51","date_gmt":"2022-10-17T11:19:51","guid":{"rendered":"https:\/\/menagers-holding.fr\/?post_type=product&#038;p=3356"},"modified":"2025-09-21T04:31:43","modified_gmt":"2025-09-21T04:31:43","slug":"insert-cheminee-mb-120-ouverture-relevable-7-bouches-recuperateur","status":"publish","type":"product","link":"https:\/\/menagers-holding.fr\/?product=insert-cheminee-mb-120-ouverture-relevable-7-bouches-recuperateur","title":{"rendered":"Insert chemin\u00e9e MB 120 ouverture relevable + 7 bouches recuperateur"},"content":{"rendered":"<p>Insert chemin\u00e9e &#8211; Caract\u00e9ristiques :<br \/>\nPuissance nominale (kW) 20<br \/>\nGamme de puissance de chauffage (kW) 10,0 &#8211; 27<br \/>\nEfficacit\u00e9 thermique (%) 80<br \/>\nDiam\u00e8tre du conduit de fum\u00e9e (mm) 200<br \/>\nNorme ECODESIGN<br \/>\nNorme BImSchV 2<br \/>\nType de combustible recommand\u00e9 : bois dur assaisonn\u00e9 avec humidit\u00e9 \u226420%<br \/>\nPoids (kg)396,0<br \/>\nEmission de CO (\u00e0 13% O 2) \u2264 rapport\u00e9 en % 0,10<br \/>\nTemp\u00e9rature des gaz de combustion (\u2103) 240<br \/>\nLongueur maximale des b\u00fbches (cm) 50<br \/>\nEmission de particules (mg \/ Nm 3) 11<br \/>\nIndice d&rsquo;efficacit\u00e9 \u00e9nerg\u00e9tique EEI 105<\/p>\n<div class=\"f-productProperties__col\">\n<dl class=\"f-productProperties__item\">\n<dt class=\"f-productProperties__term\">Poids du produit<\/dt>\n<dd class=\"f-productProperties__definition\">12,00 Kg<\/dd>\n<\/dl>\n<dl class=\"f-productProperties__item\">\n<dt class=\"f-productProperties__term\">Poids du produit<\/dt>\n<dd class=\"f-productProperties__definition\">12,00 Kg<\/dd>\n<\/dl>\n<\/div>\n<div class=\"f-productProperties__col\">\n<dl class=\"f-productProperties__item\">\n<dt class=\"f-productProperties__term\">EAN<\/dt>\n<dd class=\"f-productProperties__definition\">5901350079966<\/dd>\n<\/dl>\n<\/div>\n<p>**Points forts :** Fiabilit\u00e9, praticit\u00e9 et prix abordable.<br \/>\n**Pourquoi choisir ce produit ?** Convient \u00e0 divers besoins du quotidien.<\/p>\n","protected":false},"excerpt":{"rendered":"<p>Insert chemin\u00e9e &#8211;<\/p>\n<p>Caract\u00e9ristiques :<br \/>\nPuissance nominale (kW) 20<br \/>\nGamme de puissance de chauffage (kW) 10,0 &#8211; 27<br \/>\nEfficacit\u00e9 thermique (%) 80<br \/>\nDiam\u00e8tre du conduit de fum\u00e9e (mm) 200<br \/>\nNorme ECODESIGN<br \/>\nNorme BImSchV 2<br \/>\nType de combustible recommand\u00e9 : bois dur assaisonn\u00e9 avec humidit\u00e9 \u226420%<br \/>\nPoids (kg)396,0<br \/>\nEmission de CO (\u00e0 13% O 2) \u2264 rapport\u00e9 en % 0,10<br \/>\nTemp\u00e9rature des gaz de combustion (\u2103) 240<br \/>\nLongueur maximale des b\u00fbches (cm) 50<br \/>\nEmission de particules (mg \/ Nm 3) 11<br \/>\nIndice d&rsquo;efficacit\u00e9 \u00e9nerg\u00e9tique EEI 105.40<br \/>\nSurface active minimale requise des grilles de sortie (cm 2)\u22651000<br \/>\nChamp actif minimum requis des grilles d\u2019entr\u00e9e (cm 2) \u2265 800<br \/>\nPorte guillotine<br \/>\nCorps en acier<br \/>\nLargeur (cm) 145.4<br \/>\nHauteur (cm) 136.3<br \/>\nProfondeur (cm) 56<br \/>\nPrise d\u2019air ext\u00e9rieur<br \/>\nSyst\u00e8me Double Combustion<br \/>\nCendrier Oui<br \/>\nSyst\u00e8me vitre propre Fiable et adapt\u00e9 \u00e0 vos besoins quotidiens.<\/p>\n","protected":false},"featured_media":3357,"comment_status":"closed","ping_status":"closed","template":"","meta":[],"product_brand":[],"product_cat":[168],"product_tag":[],"class_list":{"0":"post-3356","1":"product","2":"type-product","3":"status-publish","6":"product_cat-cheminee","8":"first","9":"instock","10":"taxable","11":"shipping-taxable","12":"purchasable","13":"product-type-simple"},"_links":{"self":[{"href":"https:\/\/menagers-holding.fr\/index.php?rest_route=\/wp\/v2\/product\/3356","targetHints":{"allow":["GET"]}}],"collection":[{"href":"https:\/\/menagers-holding.fr\/index.php?rest_route=\/wp\/v2\/product"}],"about":[{"href":"https:\/\/menagers-holding.fr\/index.php?rest_route=\/wp\/v2\/types\/product"}],"replies":[{"embeddable":true,"href":"https:\/\/menagers-holding.fr\/index.php?rest_route=%2Fwp%2Fv2%2Fcomments&post=3356"}],"wp:featuredmedia":[{"embeddable":true,"href":"https:\/\/menagers-holding.fr\/index.php?rest_route=\/wp\/v2\/media\/3357"}],"wp:attachment":[{"href":"https:\/\/menagers-holding.fr\/index.php?rest_route=%2Fwp%2Fv2%2Fmedia&parent=3356"}],"wp:term":[{"taxonomy":"product_brand","embeddable":true,"href":"https:\/\/menagers-holding.fr\/index.php?rest_route=%2Fwp%2Fv2%2Fproduct_brand&post=3356"},{"taxonomy":"product_cat","embeddable":true,"href":"https:\/\/menagers-holding.fr\/index.php?rest_route=%2Fwp%2Fv2%2Fproduct_cat&post=3356"},{"taxonomy":"product_tag","embeddable":true,"href":"https:\/\/menagers-holding.fr\/index.php?rest_route=%2Fwp%2Fv2%2Fproduct_tag&post=3356"}],"curies":[{"name":"wp","href":"https:\/\/api.w.org\/{rel}","templated":true}]}}