{"id":3352,"date":"2022-10-17T11:09:35","date_gmt":"2022-10-17T11:09:35","guid":{"rendered":"https:\/\/menagers-holding.fr\/?post_type=product&#038;p=3352"},"modified":"2025-09-23T08:47:27","modified_gmt":"2025-09-23T08:47:27","slug":"thermomix-tm6-noir-absolu-black-edition-limitee","status":"publish","type":"product","link":"https:\/\/menagers-holding.fr\/?product=thermomix-tm6-noir-absolu-black-edition-limitee","title":{"rendered":"Thermomix TM6 Noir Absolu, Black \u00e9dition limit\u00e9e"},"content":{"rendered":"<ul class=\"public-DraftStyleDefault-ul\">\n<li>\n<p id=\"viewer-foo\" class=\"mm8Nw _1j-51 roLFQS _1FoOD _3M0Fe Z63qyL roLFQS public-DraftStyleDefault-block-depth0 fixed-tab-size public-DraftStyleDefault-text-ltr\"><span class=\"_2PHJq public-DraftStyleDefault-ltr\">Le Thermomix\u00ae est bien plus qu&rsquo;un robot cuiseur ou un blender. Il a de nombreuses fonctions et son univers de recettes incomparable, le robot de cuisine vous permet de r\u00e9aliser des recettes maison selon vos envies. Avec un acc\u00e8s \u00e0 plus de<strong> 8 000 recettes de qualit\u00e9<\/strong>, toutes test\u00e9es trois fois, sur Cookidoo\u00ae, d\u00e9couvrez la cuisine guid\u00e9e et laissez-vous porter ! <\/span><\/p>\n<div data-hook=\"rcv-block1\"><\/div>\n<p id=\"viewer-9mcmg\" class=\"mm8Nw _1j-51 roLFQS _1FoOD _3M0Fe Z63qyL roLFQS public-DraftStyleDefault-block-depth0 fixed-tab-size public-DraftStyleDefault-text-ltr\"><span class=\"_2PHJq public-DraftStyleDefault-ltr\">Je l&rsquo;ai depuis fin novembre et je suis conquise ! je m&rsquo;en sers quasiment tous les jours ! Si vous souhaitez le d\u00e9couvrir, l&rsquo;acqu\u00e9rir je peux devenir votre conseill\u00e8re sur la France enti\u00e8re !<\/span><\/p>\n<\/li>\n<li id=\"viewer-1mtbm\" class=\"roLFQS ULPWlI _3Kjjs public-DraftStyleDefault-unorderedListItem public-DraftStyleDefault-depth0 public-DraftStyleDefault-list-ltr fixed-tab-size public-DraftStyleDefault-reset _1FoOD _3M0Fe Z63qyL roLFQS\">\n<p class=\"_1j-51 _1FoOD _3M0Fe Z63qyL roLFQS\">Ecran tactile 6.8 pouces<\/p>\n<\/li>\n<li id=\"viewer-1sqbg\" class=\"roLFQS ULPWlI _3Kjjs public-DraftStyleDefault-unorderedListItem public-DraftStyleDefault-depth0 public-DraftStyleDefault-list-ltr fixed-tab-size _1FoOD _3M0Fe Z63qyL roLFQS\">\n<p class=\"_1j-51 _1FoOD _3M0Fe Z63qyL roLFQS\">Cookidoo\u00ae directement int\u00e9gr\u00e9 dans le Thermomix\u00ae TM6<\/p>\n<\/li>\n<li id=\"viewer-2s1n2\" class=\"roLFQS ULPWlI _3Kjjs public-DraftStyleDefault-unorderedListItem public-DraftStyleDefault-depth0 public-DraftStyleDefault-list-ltr fixed-tab-size _1FoOD _3M0Fe Z63qyL roLFQS\">\n<p class=\"_1j-51 _1FoOD _3M0Fe Z63qyL roLFQS\">Hautes temp\u00e9ratures accessibles en cuisine guid\u00e9e<\/p>\n<\/li>\n<li id=\"viewer-9f05r\" class=\"roLFQS ULPWlI _3Kjjs public-DraftStyleDefault-unorderedListItem public-DraftStyleDefault-depth0 public-DraftStyleDefault-list-ltr fixed-tab-size _1FoOD _3M0Fe Z63qyL roLFQS\">\n<p class=\"_1j-51 _1FoOD _3M0Fe Z63qyL roLFQS\">Wi-Fi et Bluetooth int\u00e9gr\u00e9s<\/p>\n<\/li>\n<li id=\"viewer-9of1q\" class=\"roLFQS ULPWlI _3Kjjs public-DraftStyleDefault-unorderedListItem public-DraftStyleDefault-depth0 public-DraftStyleDefault-list-ltr fixed-tab-size _1FoOD _3M0Fe Z63qyL roLFQS\">\n<p class=\"_1j-51 _1FoOD _3M0Fe Z63qyL roLFQS\">Nouveaux ustensiles : spatule souple, panier cuisson avec couvercle, gobelet doseur insonorisant et couvercle anti projections<\/p>\n<\/li>\n<li id=\"viewer-7o07i\" class=\"roLFQS ULPWlI _3Kjjs public-DraftStyleDefault-unorderedListItem public-DraftStyleDefault-depth0 public-DraftStyleDefault-list-ltr fixed-tab-size _1FoOD _3M0Fe Z63qyL roLFQS\">\n<p class=\"_1j-51 _1FoOD _3M0Fe Z63qyL roLFQS\">Capacit\u00e9 du bol: 2.2 litres<\/p>\n<\/li>\n<li id=\"viewer-ea3c6\" class=\"roLFQS ULPWlI _3Kjjs public-DraftStyleDefault-unorderedListItem public-DraftStyleDefault-depth0 public-DraftStyleDefault-list-ltr fixed-tab-size _1FoOD _3M0Fe Z63qyL roLFQS\">\n<p class=\"_1j-51 _1FoOD _3M0Fe Z63qyL roLFQS\">Balance : 1 g par 1 g jusqu&rsquo;\u00e0 6 kg<\/p>\n<\/li>\n<li id=\"viewer-d596m\" class=\"roLFQS ULPWlI _3Kjjs public-DraftStyleDefault-unorderedListItem public-DraftStyleDefault-depth0 public-DraftStyleDefault-list-ltr fixed-tab-size _1FoOD _3M0Fe Z63qyL roLFQS\">\n<p class=\"_1j-51 _1FoOD _3M0Fe Z63qyL roLFQS\">Nouveaux modes dont : nettoyage, fermentation, cuisson lente, sous-vide<\/p>\n<\/li>\n<\/ul>\n<div id=\"viewer-7ddeu\" class=\"mm8Nw _1j-51 roLFQS _1FoOD _3M0Fe Z63qyL roLFQS public-DraftStyleDefault-block-depth0 fixed-tab-size public-DraftStyleDefault-text-ltr\"><\/div>\n<p>**Points forts :** Technologie moderne, faible consommation, praticit\u00e9.<br \/>\n**Pourquoi choisir ce produit ?** Id\u00e9al pour un usage quotidien avec un excellent rapport qualit\u00e9-prix.<\/p>\n","protected":false},"excerpt":{"rendered":"<p>&nbsp;<\/p>\n<ul class=\"public-DraftStyleDefault-ul\">\n<li id=\"viewer-1mtbm\" class=\"roLFQS ULPWlI _3Kjjs public-DraftStyleDefault-unorderedListItem public-DraftStyleDefault-depth0 public-DraftStyleDefault-list-ltr fixed-tab-size public-DraftStyleDefault-reset _1FoOD _3M0Fe Z63qyL roLFQS\">\n<div id=\"viewer-587ei\" class=\"_2vd5k b6lcWf\">\n<div class=\"_2kEVY\" tabindex=\"0\" role=\"button\" data-hook=\"imageViewer\"><span class=\"EilAw\" dir=\"auto\">Thermomix tm6 + couvre lame \u00e9plucheur + carnet en mode Tm6<\/span><\/div>\n<\/div>\n<p class=\"_1j-51 _1FoOD _3M0Fe Z63qyL roLFQS\">Ecran tactile 6.8 pouces<\/p>\n<\/li>\n<li id=\"viewer-1sqbg\" class=\"roLFQS ULPWlI _3Kjjs public-DraftStyleDefault-unorderedListItem public-DraftStyleDefault-depth0 public-DraftStyleDefault-list-ltr fixed-tab-size _1FoOD _3M0Fe Z63qyL roLFQS\">\n<p class=\"_1j-51 _1FoOD _3M0Fe Z63qyL roLFQS\">Cookidoo\u00ae directement int\u00e9gr\u00e9 dans le Thermomix\u00ae TM6<\/p>\n<\/li>\n<li id=\"viewer-2s1n2\" class=\"roLFQS ULPWlI _3Kjjs public-DraftStyleDefault-unorderedListItem public-DraftStyleDefault-depth0 public-DraftStyleDefault-list-ltr fixed-tab-size _1FoOD _3M0Fe Z63qyL roLFQS\">\n<p class=\"_1j-51 _1FoOD _3M0Fe Z63qyL roLFQS\">Hautes temp\u00e9ratures accessibles en cuisine guid\u00e9e<\/p>\n<\/li>\n<li id=\"viewer-9f05r\" class=\"roLFQS ULPWlI _3Kjjs public-DraftStyleDefault-unorderedListItem public-DraftStyleDefault-depth0 public-DraftStyleDefault-list-ltr fixed-tab-size _1FoOD _3M0Fe Z63qyL roLFQS\">\n<p class=\"_1j-51 _1FoOD _3M0Fe Z63qyL roLFQS\">Wi-Fi et Bluetooth int\u00e9gr\u00e9s<\/p>\n<\/li>\n<li id=\"viewer-9of1q\" class=\"roLFQS ULPWlI _3Kjjs public-DraftStyleDefault-unorderedListItem public-DraftStyleDefault-depth0 public-DraftStyleDefault-list-ltr fixed-tab-size _1FoOD _3M0Fe Z63qyL roLFQS\">\n<p class=\"_1j-51 _1FoOD _3M0Fe Z63qyL roLFQS\">Nouveaux ustensiles : spatule souple, panier cuisson avec couvercle, gobelet doseur insonorisant et couvercle anti projections<\/p>\n<\/li>\n<li id=\"viewer-7o07i\" class=\"roLFQS ULPWlI _3Kjjs public-DraftStyleDefault-unorderedListItem public-DraftStyleDefault-depth0 public-DraftStyleDefault-list-ltr fixed-tab-size _1FoOD _3M0Fe Z63qyL roLFQS\">\n<p class=\"_1j-51 _1FoOD _3M0Fe Z63qyL roLFQS\">Capacit\u00e9 du bol: 2.2 litres<\/p>\n<\/li>\n<li id=\"viewer-ea3c6\" class=\"roLFQS ULPWlI _3Kjjs public-DraftStyleDefault-unorderedListItem public-DraftStyleDefault-depth0 public-DraftStyleDefault-list-ltr fixed-tab-size _1FoOD _3M0Fe Z63qyL roLFQS\">\n<p class=\"_1j-51 _1FoOD _3M0Fe Z63qyL roLFQS\">Balance : 1 g par 1 g jusqu&rsquo;\u00e0 6 kg<\/p>\n<\/li>\n<li id=\"viewer-d596m\" class=\"roLFQS ULPWlI _3Kjjs public-DraftStyleDefault-unorderedListItem public-DraftStyleDefault-depth0 public-DraftStyleDefault-list-ltr fixed-tab-size _1FoOD _3M0Fe Z63qyL roLFQS\">\n<p class=\"_1j-51 _1FoOD _3M0Fe Z63qyL roLFQS\">Nouveaux modes dont : nettoyage, fermentation, cuisson lente, sous-vide<\/p>\n<\/li>\n<\/ul>\n<div id=\"viewer-7ddeu\" class=\"mm8Nw _1j-51 roLFQS _1FoOD _3M0Fe Z63qyL roLFQS public-DraftStyleDefault-block-depth0 fixed-tab-size public-DraftStyleDefault-text-ltr\"><\/div>\n<p> Compact, \u00e9co-\u00e9nerg\u00e9tique et facile \u00e0 utiliser.<\/p>\n","protected":false},"featured_media":3353,"comment_status":"closed","ping_status":"closed","template":"","meta":[],"product_brand":[],"product_cat":[180,166],"product_tag":[],"class_list":{"0":"post-3352","1":"product","2":"type-product","3":"status-publish","6":"product_cat-electromenagers","7":"product_cat-robot-cuisine","9":"first","10":"instock","11":"taxable","12":"shipping-taxable","13":"purchasable","14":"product-type-simple"},"_links":{"self":[{"href":"https:\/\/menagers-holding.fr\/index.php?rest_route=\/wp\/v2\/product\/3352","targetHints":{"allow":["GET"]}}],"collection":[{"href":"https:\/\/menagers-holding.fr\/index.php?rest_route=\/wp\/v2\/product"}],"about":[{"href":"https:\/\/menagers-holding.fr\/index.php?rest_route=\/wp\/v2\/types\/product"}],"replies":[{"embeddable":true,"href":"https:\/\/menagers-holding.fr\/index.php?rest_route=%2Fwp%2Fv2%2Fcomments&post=3352"}],"wp:featuredmedia":[{"embeddable":true,"href":"https:\/\/menagers-holding.fr\/index.php?rest_route=\/wp\/v2\/media\/3353"}],"wp:attachment":[{"href":"https:\/\/menagers-holding.fr\/index.php?rest_route=%2Fwp%2Fv2%2Fmedia&parent=3352"}],"wp:term":[{"taxonomy":"product_brand","embeddable":true,"href":"https:\/\/menagers-holding.fr\/index.php?rest_route=%2Fwp%2Fv2%2Fproduct_brand&post=3352"},{"taxonomy":"product_cat","embeddable":true,"href":"https:\/\/menagers-holding.fr\/index.php?rest_route=%2Fwp%2Fv2%2Fproduct_cat&post=3352"},{"taxonomy":"product_tag","embeddable":true,"href":"https:\/\/menagers-holding.fr\/index.php?rest_route=%2Fwp%2Fv2%2Fproduct_tag&post=3352"}],"curies":[{"name":"wp","href":"https:\/\/api.w.org\/{rel}","templated":true}]}}