{"id":3339,"date":"2022-10-17T09:07:40","date_gmt":"2022-10-17T09:07:40","guid":{"rendered":"https:\/\/menagers-holding.fr\/?post_type=product&#038;p=3339"},"modified":"2025-09-21T04:31:42","modified_gmt":"2025-09-21T04:31:42","slug":"cheminee-electrique-cheminarte-volcano-xxl-1000-w-ou-2000-w","status":"publish","type":"product","link":"https:\/\/menagers-holding.fr\/?product=cheminee-electrique-cheminarte-volcano-xxl-1000-w-ou-2000-w","title":{"rendered":"Chemin\u00e9e \u00e9lectrique CHEMIN&rsquo;ARTE \u00ab\u00a0VOLCANO XXL\u00a0\u00bb &#8211; 1000 W OU 2000 W"},"content":{"rendered":"<p>Une chemin\u00e9e d\u00e9corative est avant tout un objet de d\u00e9coration, qui r\u00e9chauffera votre int\u00e9rieur de part son c\u00f4t\u00e9 design et chaleureux.<br \/>\nUne chemin\u00e9e d\u00e9corative peut se poser au sol ou se fixer \u00e0 n\u2019importe quel mur (tant qu\u2019il y a une prise \u00e0 proximit\u00e9).<br \/>\nLes chemin\u00e9es \u00e9lectriques Chemin\u2019Arte sont parfaitement s\u00e9curis\u00e9es car il n\u2019y a pas de combustion r\u00e9elle.<br \/>\nVous n\u2019avez pas \u00e0 vous pr\u00e9occuper pour la s\u00e9curit\u00e9 de vos proches, mais juste \u00e0 profiter d\u2019un authentique moment de plaisir.<br \/>\nUne chemin\u00e9e d\u00e9corative Chemin\u2019Arte peut chauffer une pi\u00e8ce de 30m\u00b2 gr\u00e2ce \u00e0 sa puissance pouvant atteindre 2000W.<br \/>\nPourquoi une chemin\u00e9e d\u00e9corative Chemin\u2019Arte?<br \/>\nUn design sobre et \u00e9l\u00e9gant<br \/>\nDes flammes en 4 couleurs pour des soir\u00e9es \u00ab fun \u00bb<br \/>\nUne s\u00e9curit\u00e9 totale car il n\u2019y a pas de combustion r\u00e9elle<br \/>\nInstallation rapide et ais\u00e9e<br \/>\nAucun entretien<br \/>\nPas de conduit n\u00e9cessaire car aucun gaz d\u00e9gag\u00e9 (CO2)<br \/>\nUn chauffage d\u2019appoint, efficace, qui s\u2019adapte \u00e0 vos besoins (1000\/2000W).<br \/>\nPas de fum\u00e9e, ni poussi\u00e8re<br \/>\nPas d\u2019odeur<br \/>\nFini la corv\u00e9e de bois<\/p>\n<p><strong>Descriptif :\u00a0<\/strong>Chemin\u00e9e format XXL \u00e0 changement de couleurs gr\u00e2ce \u00e0 ses leds rouge, vert et bleu Effet feu de bois tr\u00e8s r\u00e9aliste. T\u00e9l\u00e9commande pour r\u00e9glage \u00e0 distance.<br \/>\n<strong>Type de produits :\u00a0<\/strong>Chauffage \u00e9lectrique.<br \/>\n<strong>Caract\u00e9ristiques :\u00a0<\/strong>Puissance 1000 \u00e0 2000 W, protection contre la surchauffe. Acier et verre tremp\u00e9 noir (trait\u00e9 anti coupure en cas de casse).<br \/>\n<strong>Accessoires :\u00a0<\/strong>T\u00e9l\u00e9commande Pied en option.<br \/>\n<strong>Dimensions :\u00a0<\/strong>122 x 11 x 56 cm.<br \/>\n<strong>Puissance :\u00a0<\/strong>De 1 \u00e0 2 kW.<br \/>\n<strong>Coloris :\u00a0<\/strong>Noir.<br \/>\n<strong>Colisage :\u00a0<\/strong>1 colis : &#8211; 1 x 1 x 1 m, 1 kg.<br \/>\n<strong>Poids :\u00a0<\/strong>1 kg.<\/p>\n<p>**Points forts :** Fiabilit\u00e9, praticit\u00e9 et prix abordable.<br \/>\n**Pourquoi choisir ce produit ?** Convient \u00e0 divers besoins du quotidien.<\/p>\n","protected":false},"excerpt":{"rendered":"<p>Une chemin\u00e9e d\u00e9corative peut se poser au sol ou se fixer \u00e0 n\u2019importe quel mur (tant qu\u2019il y a une prise \u00e0 proximit\u00e9).<br \/>\nLes chemin\u00e9es \u00e9lectriques Chemin\u2019Arte sont parfaitement s\u00e9curis\u00e9es car il n\u2019y a pas de combustion r\u00e9elle.<br \/>\nVous n\u2019avez pas \u00e0 vous pr\u00e9occuper pour la s\u00e9curit\u00e9 de vos proches, mais juste \u00e0 profiter d\u2019un authentique moment de plaisir.<br \/>\nUne chemin\u00e9e d\u00e9corative Chemin\u2019Arte peut chauffer une pi\u00e8ce de 30m\u00b2 gr\u00e2ce \u00e0 sa puissance pouvant atteindre 2000W.<br \/>\nPourquoi une chemin\u00e9e d\u00e9corative Chemin\u2019Arte?<br \/>\nUn design sobre et \u00e9l\u00e9gant<br \/>\nDes flammes en 4 couleurs pour des soir\u00e9es \u00ab fun \u00bb<br \/>\nUne s\u00e9curit\u00e9 totale car il n\u2019y a pas de combustion r\u00e9elle<br \/>\nInstallation rapide et ais\u00e9e<br \/>\nAucun entretien<br \/>\nPas de conduit n\u00e9cessaire car aucun gaz d\u00e9gag\u00e9 (CO2)<br \/>\nUn chauffage d\u2019appoint, efficace, qui s\u2019adapte \u00e0 vos besoins (1000\/2000W).<br \/>\nPas de fum\u00e9e, ni poussi\u00e8re<br \/>\nPas d\u2019odeur<br \/>\nFini la corv\u00e9e de bois<\/p>\n<p><strong>Descriptif :\u00a0<\/strong>Chemin\u00e9e format XXL \u00e0 changement de couleurs gr\u00e2ce \u00e0 ses leds rouge, vert et bleu Effet feu de bois tr\u00e8s r\u00e9aliste. T\u00e9l\u00e9commande pour r\u00e9glage \u00e0 distance.<br \/>\n<strong>Type de produits :\u00a0<\/strong>Chauffage \u00e9lectrique. Fiable et adapt\u00e9 \u00e0 vos besoins quotidiens.<\/p>\n","protected":false},"featured_media":3340,"comment_status":"closed","ping_status":"closed","template":"","meta":[],"product_brand":[],"product_cat":[168],"product_tag":[],"class_list":{"0":"post-3339","1":"product","2":"type-product","3":"status-publish","6":"product_cat-cheminee","8":"first","9":"instock","10":"taxable","11":"shipping-taxable","12":"purchasable","13":"product-type-simple"},"_links":{"self":[{"href":"https:\/\/menagers-holding.fr\/index.php?rest_route=\/wp\/v2\/product\/3339","targetHints":{"allow":["GET"]}}],"collection":[{"href":"https:\/\/menagers-holding.fr\/index.php?rest_route=\/wp\/v2\/product"}],"about":[{"href":"https:\/\/menagers-holding.fr\/index.php?rest_route=\/wp\/v2\/types\/product"}],"replies":[{"embeddable":true,"href":"https:\/\/menagers-holding.fr\/index.php?rest_route=%2Fwp%2Fv2%2Fcomments&post=3339"}],"wp:featuredmedia":[{"embeddable":true,"href":"https:\/\/menagers-holding.fr\/index.php?rest_route=\/wp\/v2\/media\/3340"}],"wp:attachment":[{"href":"https:\/\/menagers-holding.fr\/index.php?rest_route=%2Fwp%2Fv2%2Fmedia&parent=3339"}],"wp:term":[{"taxonomy":"product_brand","embeddable":true,"href":"https:\/\/menagers-holding.fr\/index.php?rest_route=%2Fwp%2Fv2%2Fproduct_brand&post=3339"},{"taxonomy":"product_cat","embeddable":true,"href":"https:\/\/menagers-holding.fr\/index.php?rest_route=%2Fwp%2Fv2%2Fproduct_cat&post=3339"},{"taxonomy":"product_tag","embeddable":true,"href":"https:\/\/menagers-holding.fr\/index.php?rest_route=%2Fwp%2Fv2%2Fproduct_tag&post=3339"}],"curies":[{"name":"wp","href":"https:\/\/api.w.org\/{rel}","templated":true}]}}