{"id":3335,"date":"2022-10-17T09:01:53","date_gmt":"2022-10-17T09:01:53","guid":{"rendered":"https:\/\/menagers-holding.fr\/?post_type=product&#038;p=3335"},"modified":"2025-09-21T04:31:42","modified_gmt":"2025-09-21T04:31:42","slug":"cheminartee-cheminee-electrique-2000w-helsinki","status":"publish","type":"product","link":"https:\/\/menagers-holding.fr\/?product=cheminartee-cheminee-electrique-2000w-helsinki","title":{"rendered":"CHEMIN&rsquo;ARTEE Chemin\u00e9e \u00c9lectrique 2000w &#8211; Helsinki"},"content":{"rendered":"<p>Helsinki &#8211; sublimez votre pi\u00e8ce de vie avec cette magnifique chemin\u00e9e d\u00e9corative helsinki 203 de chemin&rsquo;arte. &#8211; effet flammes ultra r\u00e9aliste chemin&rsquo;arte thermostat de r\u00e9glage de la temp\u00e9rature ambiante imitation fonte v\u00e9ritable puissance : thermostat 1000 ou 2000 w, protection contre la surchauffe design classique effet fonte v\u00e9ritable rangement pour b\u00fbches sous la chemin\u00e9e (b\u00fbches non fournies)se pose au sol dimensions : 45x33x76cmlivr\u00e9 avec un manuel de montage et d&rsquo;utilisation<\/p>\n<div class=\"table-heading-product\">\n<ul class=\"details-heading-product\">\n<li class=\"titre\">G\u00c9N\u00c9RALES<\/li>\n<li>EAN <span class=\"strong\">3760176962034<\/span><\/li>\n<li>Marque <span class=\"strong\">CHEMIN&rsquo;ARTEE<\/span><\/li>\n<li>Nombre de produits<span class=\"strong\">1<\/span><\/li>\n<li class=\"titre\">CONSOMMATION ET PUISSANCE<\/li>\n<li>Puissance en watts (W)<span class=\"strong\">2000.0<\/span><\/li>\n<\/ul>\n<ul class=\"details-heading-product\">\n<li class=\"titre\">CARACT\u00c9RISTIQUES DU PRODUIT<\/li>\n<li>Accessoires inclus <span class=\"strong\">Non<\/span><\/li>\n<li class=\"titre\">DIMENSIONS ET POIDS<\/li>\n<li>Dimensions_(en_cm)<span class=\"strong\">45x33x76 cm<\/span><\/li>\n<\/ul>\n<\/div>\n<p>**Points forts :** Fiabilit\u00e9, praticit\u00e9 et prix abordable.<br \/>\n**Pourquoi choisir ce produit ?** Convient \u00e0 divers besoins du quotidien.<\/p>\n","protected":false},"excerpt":{"rendered":"<p>Sublimez votre pi\u00e8ce de vie avec cette magnifique chemin\u00e9e d\u00e9corative Helsinki 203 de CHEMIN&rsquo;ARTE.<br \/>\nEffet flammes ultra r\u00e9aliste Chemin&rsquo;Arte<br \/>\nThermostat de r\u00e9glage de la temp\u00e9rature ambiante<br \/>\nImitation fonte v\u00e9ritable<br \/>\nPuissance : thermostat 1000 ou 2000 W, protection contre la surchauffe<br \/>\nDesign classique effet fonte v\u00e9ritable<br \/>\nRangement pour b\u00fbches sous la chemin\u00e9e (b\u00fbches non fournies)<br \/>\nSe pose au sol<br \/>\nDimensions : 45x33x76cm<br \/>\nLivr\u00e9 avec un manuel de montage et d&rsquo;utilisation Fiable et adapt\u00e9 \u00e0 vos besoins quotidiens.<\/p>\n","protected":false},"featured_media":3336,"comment_status":"closed","ping_status":"closed","template":"","meta":[],"product_brand":[],"product_cat":[168],"product_tag":[],"class_list":{"0":"post-3335","1":"product","2":"type-product","3":"status-publish","6":"product_cat-cheminee","8":"first","9":"instock","10":"taxable","11":"shipping-taxable","12":"purchasable","13":"product-type-simple"},"_links":{"self":[{"href":"https:\/\/menagers-holding.fr\/index.php?rest_route=\/wp\/v2\/product\/3335","targetHints":{"allow":["GET"]}}],"collection":[{"href":"https:\/\/menagers-holding.fr\/index.php?rest_route=\/wp\/v2\/product"}],"about":[{"href":"https:\/\/menagers-holding.fr\/index.php?rest_route=\/wp\/v2\/types\/product"}],"replies":[{"embeddable":true,"href":"https:\/\/menagers-holding.fr\/index.php?rest_route=%2Fwp%2Fv2%2Fcomments&post=3335"}],"wp:featuredmedia":[{"embeddable":true,"href":"https:\/\/menagers-holding.fr\/index.php?rest_route=\/wp\/v2\/media\/3336"}],"wp:attachment":[{"href":"https:\/\/menagers-holding.fr\/index.php?rest_route=%2Fwp%2Fv2%2Fmedia&parent=3335"}],"wp:term":[{"taxonomy":"product_brand","embeddable":true,"href":"https:\/\/menagers-holding.fr\/index.php?rest_route=%2Fwp%2Fv2%2Fproduct_brand&post=3335"},{"taxonomy":"product_cat","embeddable":true,"href":"https:\/\/menagers-holding.fr\/index.php?rest_route=%2Fwp%2Fv2%2Fproduct_cat&post=3335"},{"taxonomy":"product_tag","embeddable":true,"href":"https:\/\/menagers-holding.fr\/index.php?rest_route=%2Fwp%2Fv2%2Fproduct_tag&post=3335"}],"curies":[{"name":"wp","href":"https:\/\/api.w.org\/{rel}","templated":true}]}}