{"id":3325,"date":"2022-10-17T08:20:08","date_gmt":"2022-10-17T08:20:08","guid":{"rendered":"https:\/\/menagers-holding.fr\/?post_type=product&#038;p=3325"},"modified":"2025-09-24T05:32:49","modified_gmt":"2025-09-24T05:32:49","slug":"cheminee-electrique-cheminarte-decorative-lounge-2000w","status":"publish","type":"product","link":"https:\/\/menagers-holding.fr\/?product=cheminee-electrique-cheminarte-decorative-lounge-2000w","title":{"rendered":"Chemin\u00e9e \u00e9lectrique CHEMIN&rsquo;ARTE D\u00c9CORATIVE LOUNGE &#8211; 2000W"},"content":{"rendered":"<p>Chemin\u00e9e d\u00e9corative Chemin&rsquo;Arte LOUNGE \/ Efydis La chemin\u00e9e d\u00e9corative LOUNGE est la solution id\u00e9ale pour profiter d&rsquo;un feu de chemin\u00e9e sans en subir les inconv\u00e9nients. Elle combine les avantages d&rsquo;un chauffage d&rsquo;appoint puissant et l&rsquo;esth\u00e9tisme d&rsquo;une v\u00e9ritable chemin\u00e9e. Le chemin\u00e9e d\u00e9corative LOUNGE fonctionne \u00e0 l\u2019\u00e9lectricit\u00e9. Elle est donc sans entretien et peut s&rsquo;installer tr\u00e8s facilement et rapidement au mur ou au sol. Elle ne d\u00e9gage aucun gaz (pas de conduit n\u00e9cessaire), ni fum\u00e9e, ni poussi\u00e8re, ni odeur. La chemin\u00e9e d\u00e9corative LOUNGE produit des flammes extr\u00eamement r\u00e9alistes reproduisant l&rsquo;ambiance d&rsquo;une v\u00e9ritable chemin\u00e9e. Elle est \u00e9quip\u00e9e d&rsquo;un syst\u00e8me \u00e0 LEDS pour un effet flammes ultra r\u00e9aliste. La chemin\u00e9e d\u00e9corative LOUNGE 2000 w est id\u00e9ale pour chauffer une pi\u00e8ce de 20 m\u00b2. Elle est pourvue d&rsquo;une fa\u00e7ade en verre tremp\u00e9 tr\u00e8s r\u00e9sistante anti-coupure et reste parfaitement froide, \u00e9vitant ainsi tout risque de br\u00fblure. Elle est \u00e9quip\u00e9 d&rsquo;un \u00e9cran LCD permettant de r\u00e9gler la temp\u00e9rature et l&rsquo;intensit\u00e9 des flammes. Elle est en structure bois MDF. La chemin\u00e9e d\u00e9corative LOUNGE est un tr\u00e8s bon chauffage d&rsquo;appoint.<br \/>\nSes atouts.<br \/>\n&#8211; Chemin\u00e9e d\u00e9corative design et \u00e9pur\u00e9e.<br \/>\n&#8211; Chemin\u00e9e d\u00e9corative puissante parfaitement adapt\u00e9 pour chauffer une pi\u00e8ce de 20 m\u00b2.<br \/>\n&#8211; Chemin\u00e9e d\u00e9corative tr\u00e8s r\u00e9aliste puisqu&rsquo;elle peut reproduire l&rsquo;ambiance d&rsquo;une v\u00e9ritable chemin\u00e9e.<br \/>\n&#8211; Chemin\u00e9e d\u00e9corative s\u00e9curis\u00e9 avec son encadrement en verre tremp\u00e9 tr\u00e8s r\u00e9sistant et anti-coupure.<br \/>\n&#8211; Chemin\u00e9e d\u00e9corative \u00e9quip\u00e9 d&rsquo;un \u00e9cran LCD.<br \/>\nCaract\u00e9ristiques techniques.<br \/>\n&#8211; Puissance : 1000 \/ 2000 w.<br \/>\n&#8211; Dimensions (L x H x P) : 121 x 46 x 31 cm.<br \/>\n&#8211; \u00c9paisseur du verre : 5 mm.<br \/>\n&#8211; Installation : Au mur \/ au sol.<br \/>\n&#8211; Syst\u00e8me vitre froide : Oui.<br \/>\n&#8211; Protection contre la surchauffe : Oui.<br \/>\n&#8211; Mode \u00e9conomie : 8.5 w.<br \/>\n&#8211; \u00c9cran : LCD.<br \/>\n&#8211; Structure : Bois MDF.<br \/>\n&#8211; Buches : Oui.<br \/>\n&#8211; Couleur : Blanc.<br \/>\n&#8211; Poids net : 42 kg.<br \/>\n&#8211; Garantie : 2 ans.<br \/>\nL&rsquo;avis du Sp\u00e9cialiste.<br \/>\nUne chemin\u00e9e d\u00e9corative est avant tout un objet de d\u00e9coration qui r\u00e9chauffera votre int\u00e9rieur. Une chemin\u00e9e d\u00e9corative peut se poser au sol ou se fixer sur n&rsquo;importe quel mur (prise obligatoire \u00e0 proximit\u00e9). Les chemin\u00e9es \u00e9lectriques Chemin&rsquo;arte sont parfaitement s\u00e9curis\u00e9es car il n&rsquo;y a pas de combustion r\u00e9elle. L&rsquo;\u00e9vacuation de la chaleur s&rsquo;effectue au-dessus de la chemin\u00e9e.<\/p>\n<p>**Points forts :** Fiabilit\u00e9, praticit\u00e9 et prix abordable.<br \/>\n**Pourquoi choisir ce produit ?** Convient \u00e0 divers besoins du quotidien.<\/p>\n","protected":false},"excerpt":{"rendered":"<ul class=\"product_details_items font-2-l\">\n<li class=\"product_details_item\">Puissance : 2000w<\/li>\n<li class=\"product_details_item\">Technologie : convection<\/li>\n<li class=\"product_details_item\">Dimensions : 121x46x31 cm<\/li>\n<li class=\"product_details_item\">Garantie : 3ans<\/li>\n<\/ul>\n<p>Fiable et adapt\u00e9 \u00e0 vos besoins quotidiens.<\/p>\n","protected":false},"featured_media":5057,"comment_status":"closed","ping_status":"closed","template":"","meta":[],"product_brand":[],"product_cat":[168],"product_tag":[],"class_list":{"0":"post-3325","1":"product","2":"type-product","3":"status-publish","6":"product_cat-cheminee","8":"first","9":"instock","10":"taxable","11":"shipping-taxable","12":"purchasable","13":"product-type-simple"},"_links":{"self":[{"href":"https:\/\/menagers-holding.fr\/index.php?rest_route=\/wp\/v2\/product\/3325","targetHints":{"allow":["GET"]}}],"collection":[{"href":"https:\/\/menagers-holding.fr\/index.php?rest_route=\/wp\/v2\/product"}],"about":[{"href":"https:\/\/menagers-holding.fr\/index.php?rest_route=\/wp\/v2\/types\/product"}],"replies":[{"embeddable":true,"href":"https:\/\/menagers-holding.fr\/index.php?rest_route=%2Fwp%2Fv2%2Fcomments&post=3325"}],"wp:featuredmedia":[{"embeddable":true,"href":"https:\/\/menagers-holding.fr\/index.php?rest_route=\/wp\/v2\/media\/5057"}],"wp:attachment":[{"href":"https:\/\/menagers-holding.fr\/index.php?rest_route=%2Fwp%2Fv2%2Fmedia&parent=3325"}],"wp:term":[{"taxonomy":"product_brand","embeddable":true,"href":"https:\/\/menagers-holding.fr\/index.php?rest_route=%2Fwp%2Fv2%2Fproduct_brand&post=3325"},{"taxonomy":"product_cat","embeddable":true,"href":"https:\/\/menagers-holding.fr\/index.php?rest_route=%2Fwp%2Fv2%2Fproduct_cat&post=3325"},{"taxonomy":"product_tag","embeddable":true,"href":"https:\/\/menagers-holding.fr\/index.php?rest_route=%2Fwp%2Fv2%2Fproduct_tag&post=3325"}],"curies":[{"name":"wp","href":"https:\/\/api.w.org\/{rel}","templated":true}]}}