{"id":3318,"date":"2022-10-17T08:14:15","date_gmt":"2022-10-17T08:14:15","guid":{"rendered":"https:\/\/menagers-holding.fr\/?post_type=product&#038;p=3318"},"modified":"2025-09-21T04:31:41","modified_gmt":"2025-09-21T04:31:41","slug":"cheminee-electrique-cheminarte-volcano-xxl-en-wifi","status":"publish","type":"product","link":"https:\/\/menagers-holding.fr\/?product=cheminee-electrique-cheminarte-volcano-xxl-en-wifi","title":{"rendered":"Chemin\u00e9e \u00e9lectrique CHEMIN&rsquo;ARTE Volcano XXL en Wifi"},"content":{"rendered":"<table class=\"font-2\">\n<tbody>\n<tr class=\"odd\">\n<th scope=\"row\">Fonctionnalit\u00e9s chauffage<\/th>\n<td class=\"font-2-b\">\n<ul class=\"characteristics\">\n<li class=\"\">Programmable<\/li>\n<\/ul>\n<\/td>\n<\/tr>\n<tr class=\"\">\n<th scope=\"row\">Connect\u00e9<\/th>\n<td class=\"font-2-b\">\n<ul class=\"characteristics\">\n<li class=\"\">Oui<\/li>\n<\/ul>\n<\/td>\n<\/tr>\n<tr class=\"odd\">\n<th scope=\"row\">Accessoires fournis<\/th>\n<td class=\"font-2-b\">\n<ul class=\"characteristics\">\n<li class=\"\">Manuel de montage,kit d&rsquo;installation murale,galets blanc<\/li>\n<\/ul>\n<\/td>\n<\/tr>\n<tr class=\"\">\n<th scope=\"row\">Fixe \/ mobile<\/th>\n<td class=\"font-2-b\">\n<ul class=\"characteristics\">\n<li class=\"\">Fixe<\/li>\n<\/ul>\n<\/td>\n<\/tr>\n<tr class=\"odd\">\n<th scope=\"row\">Puissance<\/th>\n<td class=\"font-2-b\">\n<ul class=\"characteristics\">\n<li class=\"\">2000 W<\/li>\n<\/ul>\n<\/td>\n<\/tr>\n<tr class=\"\">\n<th scope=\"row\">Poids<\/th>\n<td class=\"font-2-b\">\n<ul class=\"characteristics\">\n<li class=\"\">31 kg<\/li>\n<\/ul>\n<\/td>\n<\/tr>\n<tr class=\"odd\">\n<th scope=\"row\">Couleur<\/th>\n<td class=\"font-2-b\">\n<ul class=\"characteristics\">\n<li class=\"\">Noir<\/li>\n<\/ul>\n<\/td>\n<\/tr>\n<tr class=\"\">\n<th scope=\"row\">Compatible salle de bain<\/th>\n<td class=\"font-2-b\">\n<ul class=\"characteristics\">\n<li class=\"\">Non<\/li>\n<\/ul>\n<\/td>\n<\/tr>\n<\/tbody>\n<\/table>\n<p>**Points forts :** Fiabilit\u00e9, praticit\u00e9 et prix abordable.<br \/>\n**Pourquoi choisir ce produit ?** Convient \u00e0 divers besoins du quotidien.<\/p>\n","protected":false},"excerpt":{"rendered":"<p>Une puissance de chauffe avec un thermostat de 1000W ou 2000W.<br \/>\n&#8211; Effet flamme avec la technologie Chemin&rsquo;ARTE \u00e0 Leds.<br \/>\n&#8211; Contr\u00f4le totale avec l&rsquo;application smartphone, r\u00e9glage \u00e0 distance.<br \/>\n&#8211; 12 changements de couleurs \u00e0 disposition : Rouge, Vert, Bleu, Jaune, et des m\u00e9langes de ses couleurs.<br \/>\n&#8211; Design moderne grand format.<br \/>\n&#8211; Acier et verre tremp\u00e9.<br \/>\n&#8211; Des supports pour un accrochage au mur.<br \/>\n&#8211; Protection contre la surchauffe.<br \/>\n&#8211; Commande par WIFI Fiable et adapt\u00e9 \u00e0 vos besoins quotidiens.<\/p>\n","protected":false},"featured_media":3319,"comment_status":"closed","ping_status":"closed","template":"","meta":[],"product_brand":[],"product_cat":[168],"product_tag":[],"class_list":{"0":"post-3318","1":"product","2":"type-product","3":"status-publish","6":"product_cat-cheminee","8":"first","9":"instock","10":"taxable","11":"shipping-taxable","12":"purchasable","13":"product-type-simple"},"_links":{"self":[{"href":"https:\/\/menagers-holding.fr\/index.php?rest_route=\/wp\/v2\/product\/3318","targetHints":{"allow":["GET"]}}],"collection":[{"href":"https:\/\/menagers-holding.fr\/index.php?rest_route=\/wp\/v2\/product"}],"about":[{"href":"https:\/\/menagers-holding.fr\/index.php?rest_route=\/wp\/v2\/types\/product"}],"replies":[{"embeddable":true,"href":"https:\/\/menagers-holding.fr\/index.php?rest_route=%2Fwp%2Fv2%2Fcomments&post=3318"}],"wp:featuredmedia":[{"embeddable":true,"href":"https:\/\/menagers-holding.fr\/index.php?rest_route=\/wp\/v2\/media\/3319"}],"wp:attachment":[{"href":"https:\/\/menagers-holding.fr\/index.php?rest_route=%2Fwp%2Fv2%2Fmedia&parent=3318"}],"wp:term":[{"taxonomy":"product_brand","embeddable":true,"href":"https:\/\/menagers-holding.fr\/index.php?rest_route=%2Fwp%2Fv2%2Fproduct_brand&post=3318"},{"taxonomy":"product_cat","embeddable":true,"href":"https:\/\/menagers-holding.fr\/index.php?rest_route=%2Fwp%2Fv2%2Fproduct_cat&post=3318"},{"taxonomy":"product_tag","embeddable":true,"href":"https:\/\/menagers-holding.fr\/index.php?rest_route=%2Fwp%2Fv2%2Fproduct_tag&post=3318"}],"curies":[{"name":"wp","href":"https:\/\/api.w.org\/{rel}","templated":true}]}}