{"id":3308,"date":"2022-10-16T21:34:54","date_gmt":"2022-10-16T21:34:54","guid":{"rendered":"https:\/\/menagers-holding.fr\/?post_type=product&#038;p=3308"},"modified":"2025-09-23T08:47:27","modified_gmt":"2025-09-23T08:47:27","slug":"batteur-melangeur-planetaire-pour-usage-intensif-10-litre","status":"publish","type":"product","link":"https:\/\/menagers-holding.fr\/?product=batteur-melangeur-planetaire-pour-usage-intensif-10-litre","title":{"rendered":"Batteur melangeur plan\u00e9taire pour usage intensif 10 litre"},"content":{"rendered":"<div class=\"col-xl-6 col-lg-12\">\n<div id=\"description\" class=\"row partie collapse margin_top\">\n<div class=\"col-md-12\">\n<div class=\"product-description\">\n<p><b>Batteur M\u00e9langeur Plan\u00e9taire Kitchen Line &#8211; Usage Intensif &#8211; 10 L<\/b><\/p>\n<p>Ce\u00a0<strong>Batteur M\u00e9langeur Plan\u00e9taire de la gamme Kitchen Line<\/strong>\u00a0est parfaitement adapt\u00e9 \u00e0 un\u00a0<strong>usage intensif.<\/strong>\u00a0Id\u00e9al pour les professionnels de la restauration, il poss\u00e8de une cuve dont la capacit\u00e9 est de\u00a0<strong>10 L<\/strong>. De plus, il permet de mixer un maximum de\u00a0<strong>2,5 Kg de farine<\/strong>. De dimensions L 400 x P 480 x H 630 mm, il comprend une structure en acier moul\u00e9 de haute qualit\u00e9, un couvercle moul\u00e9 par injection et un couvercle de s\u00e9curit\u00e9 con\u00e7u en fil de fer chrom\u00e9.<\/p>\n<p>Robuste et durable, cet appareil est pourvu de\u00a0<strong>3 vitesses<\/strong>\u00a0:\u00a0<strong>148, 244 et 480 rotations par minute<\/strong>. Par ailleurs, il est dot\u00e9 d&rsquo;un tableau de commande m\u00e9canique tr\u00e8s simple d&rsquo;utilisation. Il comprend \u00e9galement une poign\u00e9e permettant de soulever la cuve \u00e0 sa place.<\/p>\n<p>D&rsquo;autre part, ce batteur\u00a0<strong>peut \u00eatre utilis\u00e9 en toute s\u00e9curit\u00e9,<\/strong>\u00a0notamment gr\u00e2ce \u00e0 ses interrupteurs de s\u00e9curit\u00e9 et sa protection contre la surcharge. Ses interrupteurs de s\u00e9curit\u00e9\u00a0permettent de contr\u00f4ler la hauteur et la pr\u00e9sence de la cuve.<\/p>\n<p><em><strong>Vendu avec une cuve, un batteur, un fouet et une spirale en inox.<\/strong><\/em><\/p>\n<p><strong>Plus d&rsquo;informations :<\/strong><\/p>\n<ul>\n<li><strong>Dimensions<\/strong>\u00a0: L 400 x P 480 x H 630 mm<\/li>\n<li><strong>Alimentation<\/strong>\u00a0: 230 V<\/li>\n<li><strong>Puissance<\/strong>\u00a0: 600 W<\/li>\n<li><strong>Nombre de vitesses<\/strong>\u00a0: 3 vitesses (148, 244 et 480 rpm)<\/li>\n<li><strong>Capacit\u00e9 de la cuv<\/strong>e : 10 L<\/li>\n<\/ul>\n<\/div>\n<\/div>\n<\/div>\n<\/div>\n<div class=\"col-xl-6 col-lg-12\">\n<div id=\"details\" class=\"row partie collapse margin_top\">\n<div class=\"col-md-12\">\n<div id=\"product-details\" style=\"box-sizing: inherit;\" data-product=\"{&quot;id_shop_default&quot;:&quot;1&quot;,&quot;id_manufacturer&quot;:&quot;164&quot;,&quot;id_supplier&quot;:&quot;140&quot;,&quot;reference&quot;:&quot;HN222836&quot;,&quot;is_virtual&quot;:&quot;0&quot;,&quot;delivery_in_stock&quot;:&quot;&quot;,&quot;delivery_out_stock&quot;:&quot;&quot;,&quot;id_category_default&quot;:&quot;85&quot;,&quot;on_sale&quot;:&quot;0&quot;,&quot;online_only&quot;:&quot;0&quot;,&quot;ecotax&quot;:0,&quot;minimal_quantity&quot;:&quot;1&quot;,&quot;low_stock_threshold&quot;:null,&quot;low_stock_alert&quot;:&quot;0&quot;,&quot;price&quot;:1045.5738,&quot;unity&quot;:&quot;&quot;,&quot;unit_price_ratio&quot;:&quot;0.000000&quot;,&quot;additional_shipping_cost&quot;:&quot;0.00&quot;,&quot;customizable&quot;:&quot;0&quot;,&quot;text_fields&quot;:&quot;0&quot;,&quot;uploadable_files&quot;:&quot;0&quot;,&quot;redirect_type&quot;:&quot;404&quot;,&quot;id_type_redirected&quot;:&quot;0&quot;,&quot;available_for_order&quot;:&quot;1&quot;,&quot;available_date&quot;:&quot;0000-00-00&quot;,&quot;show_condition&quot;:&quot;0&quot;,&quot;condition&quot;:&quot;new&quot;,&quot;show_price&quot;:&quot;1&quot;,&quot;indexed&quot;:&quot;1&quot;,&quot;visibility&quot;:&quot;both&quot;,&quot;cache_default_attribute&quot;:&quot;0&quot;,&quot;advanced_stock_management&quot;:&quot;0&quot;,&quot;date_add&quot;:&quot;2021-03-08 08:44:24&quot;,&quot;date_upd&quot;:&quot;2022-10-14 14:53:12&quot;,&quot;pack_stock_type&quot;:&quot;3&quot;,&quot;meta_description&quot;:&quot;Batteur melangeur planu00e9taire pour usage intensif Kitchen Line - 10 litre de la marque Hendi. Idu00e9al pour les professionnels de la restauration. Livraison gratuite du00e8s 99 u20ac HT d'achat&quot;,&quot;meta_keywords&quot;:&quot;&quot;,&quot;meta_title&quot;:&quot;Batteur melangeur planu00e9taire pour usage intensif Kitchen Line - 10 litre - Marque HENDI - Fourniresto&quot;,&quot;link_rewrite&quot;:&quot;batteur-melangeur-planetaire-pour-usage-intensif-kitchen-line-10-litre&quot;,&quot;name&quot;:&quot;Batteur Mu00e9langeur Planu00e9taire Kitchen Line - Usage Intensif - 10 L&quot;,&quot;description&quot;:&quot;&lt;p&gt;&lt;span style=&quot;font-size: 18px;&quot;&gt;&lt;b&gt;Batteur Mu00e9langeur Planu00e9taire Kitchen Line - Usage Intensif - 10 L&lt;\/b&gt;&lt;\/span&gt;&lt;\/p&gt;r\n&lt;p&gt;Ce &lt;strong&gt;Batteur Mu00e9langeur Planu00e9taire de la gamme Kitchen Line&lt;\/strong&gt; est parfaitement adaptu00e9 u00e0 un &lt;strong&gt;usage intensif.&lt;\/strong&gt; Idu00e9al pour les professionnels de la restauration, il possu00e8de une cuve dont la capacitu00e9 est de &lt;strong&gt;10 L&lt;\/strong&gt;. De plus, il permet de mixer un maximum de &lt;strong&gt;2,5 Kg de farine&lt;\/strong&gt;. De dimensions L 400 x P 480 x H 630 mm, il comprend une structure en acier moulu00e9 de haute qualitu00e9, un couvercle moulu00e9 par injection et un couvercle de su00e9curitu00e9 conu00e7u en fil de fer chromu00e9.u00a0&lt;\/p&gt;r\n&lt;p&gt;Robuste et durable, cet appareil est pourvu de &lt;strong&gt;3 vitesses&lt;\/strong&gt; : &lt;strong&gt;148, 244 et 480 rotations par minute&lt;\/strong&gt;. Par ailleurs, il est dotu00e9 d'un tableau de commande mu00e9canique tru00e8s simple d'utilisation. Il comprend u00e9galement une poignu00e9e permettant de soulever la cuve u00e0 sa place.u00a0&lt;\/p&gt;r\n&lt;p&gt;D'autre part, ce batteur &lt;strong&gt;peut u00eatre utilisu00e9 en toute su00e9curitu00e9,&lt;\/strong&gt; notamment gru00e2ce u00e0 ses interrupteurs de su00e9curitu00e9 et sa protection contre la surcharge. Ses interrupteurs de su00e9curitu00e9u00a0permettent de contru00f4ler la hauteur et la pru00e9sence de la cuve.u00a0&lt;\/p&gt;r\n&lt;p&gt;&lt;em&gt;&lt;strong&gt;Vendu avec une cuve, un batteur, un fouet et une spirale en inox.&lt;\/strong&gt;&lt;\/em&gt;&lt;\/p&gt;r\n&lt;p&gt;&lt;strong&gt;&lt;span style=&quot;text-decoration: underline;&quot;&gt;Plus d'informations :&lt;\/span&gt;&lt;\/strong&gt;&lt;\/p&gt;r\n&lt;ul&gt;r\n&lt;li&gt;&lt;strong&gt;Dimensions&lt;\/strong&gt; : L 400 x P 480 x H 630 mm&lt;\/li&gt;r\n&lt;li&gt;&lt;strong&gt;Alimentation&lt;\/strong&gt; : 230 V&lt;\/li&gt;r\n&lt;li&gt;&lt;strong&gt;Puissance&lt;\/strong&gt; : 600 W&lt;\/li&gt;r\n&lt;li&gt;&lt;strong&gt;Nombre de vitesses&lt;\/strong&gt;u00a0: 3 vitesses (148, 244 et 480 rpm)&lt;\/li&gt;r\n&lt;li&gt;&lt;strong&gt;Capacitu00e9 de la cuv&lt;\/strong&gt;e : 10 L&lt;\/li&gt;r\n&lt;\/ul&gt;&quot;,&quot;description_short&quot;:&quot;&lt;p&gt;Idu00e9al pour les professionnels de la restauration, ce &lt;strong&gt;Batteur Mu00e9langeur Planu00e9taire Kitchen Line&lt;\/strong&gt; possu00e8de une cuve dont la capacitu00e9 est de 10 L. Adaptu00e9 u00e0 un usage intensif, il possu00e8de 3 vitesses diffu00e9rentes.&lt;\/p&gt;&quot;,&quot;available_now&quot;:&quot;&quot;,&quot;available_later&quot;:&quot;&quot;,&quot;id&quot;:16991,&quot;id_product&quot;:16991,&quot;out_of_stock&quot;:1,&quot;new&quot;:0,&quot;id_product_attribute&quot;:&quot;0&quot;,&quot;quantity_wanted&quot;:1,&quot;extraContent&quot;:[{&quot;title&quot;:&quot;&quot;,&quot;content&quot;:&quot;&quot;,&quot;attr&quot;:{&quot;id&quot;:&quot;netreviews_tab&quot;,&quot;class&quot;:&quot;netreviews_tab&quot;},&quot;moduleName&quot;:&quot;netreviews&quot;}],&quot;allow_oosp&quot;:1,&quot;category&quot;:&quot;batteur-melangeur&quot;,&quot;category_name&quot;:&quot;Batteur Mu00e9langeur&quot;,&quot;link&quot;:&quot;httpss:\/\/www.fourniresto.com\/16991-batteur-melangeur-planetaire-pour-usage-intensif-kitchen-line-10-litre.html&quot;,&quot;attribute_price&quot;:0,&quot;price_tax_exc&quot;:871.31,&quot;price_without_reduction&quot;:917.17,&quot;reduction&quot;:55.0302,&quot;specific_prices&quot;:{&quot;id_specific_price&quot;:&quot;830186&quot;,&quot;id_specific_price_rule&quot;:&quot;0&quot;,&quot;id_cart&quot;:&quot;0&quot;,&quot;id_product&quot;:&quot;16991&quot;,&quot;id_shop&quot;:&quot;0&quot;,&quot;id_shop_group&quot;:&quot;0&quot;,&quot;id_currency&quot;:&quot;0&quot;,&quot;id_country&quot;:&quot;0&quot;,&quot;id_group&quot;:&quot;0&quot;,&quot;id_customer&quot;:&quot;0&quot;,&quot;id_product_attribute&quot;:&quot;0&quot;,&quot;price&quot;:&quot;-1.000000&quot;,&quot;from_quantity&quot;:&quot;1&quot;,&quot;reduction&quot;:&quot;0.050000&quot;,&quot;reduction_tax&quot;:&quot;0&quot;,&quot;reduction_type&quot;:&quot;percentage&quot;,&quot;from&quot;:&quot;0000-00-00 00:00:00&quot;,&quot;to&quot;:&quot;0000-00-00 00:00:00&quot;,&quot;score&quot;:&quot;32&quot;},&quot;quantity&quot;:1,&quot;quantity_all_versions&quot;:1,&quot;id_image&quot;:&quot;fr-default&quot;,&quot;features&quot;:[{&quot;name&quot;:&quot;Matiu00e8re&quot;,&quot;value&quot;:&quot;Acier&quot;,&quot;id_feature&quot;:&quot;76&quot;},{&quot;name&quot;:&quot;Alimentation&quot;,&quot;value&quot;:&quot;230 V&quot;,&quot;id_feature&quot;:&quot;21&quot;},{&quot;name&quot;:&quot;Longueur (mm)&quot;,&quot;value&quot;:&quot;380&quot;,&quot;id_feature&quot;:&quot;71&quot;},{&quot;name&quot;:&quot;Profondeur (mm)&quot;,&quot;value&quot;:&quot;470&quot;,&quot;id_feature&quot;:&quot;72&quot;},{&quot;name&quot;:&quot;Hauteur (mm)&quot;,&quot;value&quot;:&quot;730&quot;,&quot;id_feature&quot;:&quot;73&quot;},{&quot;name&quot;:&quot;Poids (kg)&quot;,&quot;value&quot;:&quot;45.6&quot;,&quot;id_feature&quot;:&quot;4&quot;},{&quot;name&quot;:&quot;Puissance (W)&quot;,&quot;value&quot;:&quot;600&quot;,&quot;id_feature&quot;:&quot;22&quot;},{&quot;name&quot;:&quot;Capacitu00e9 ( L)&quot;,&quot;value&quot;:&quot;10&quot;,&quot;id_feature&quot;:&quot;135&quot;},{&quot;name&quot;:&quot;idlogskuFR&quot;,&quot;value&quot;:&quot;781122&quot;,&quot;id_feature&quot;:&quot;257&quot;},{&quot;name&quot;:&quot;Garantie&quot;,&quot;value&quot;:&quot;1 an&quot;,&quot;id_feature&quot;:&quot;276&quot;},{&quot;name&quot;:&quot;Express&quot;,&quot;value&quot;:&quot;Oui&quot;,&quot;id_feature&quot;:&quot;278&quot;}],&quot;attachments&quot;:[],&quot;virtual&quot;:0,&quot;pack&quot;:0,&quot;packItems&quot;:[],&quot;nopackprice&quot;:0,&quot;customization_required&quot;:false,&quot;rate&quot;:20,&quot;tax_name&quot;:&quot;TVA FR 20%&quot;,&quot;ecotax_rate&quot;:0,&quot;unit_price&quot;:0,&quot;customizations&quot;:{&quot;fields&quot;:[]},&quot;id_customization&quot;:0,&quot;is_customizable&quot;:false,&quot;show_quantities&quot;:false,&quot;quantity_label&quot;:&quot;Article&quot;,&quot;quantity_discounts&quot;:[],&quot;customer_group_discount&quot;:0}\"><\/p>\n<section class=\"product-features\">\n<p class=\"h6\">Fiche technique<\/p>\n<dl class=\"data-sheet\">\n<dt class=\"name\">Mati\u00e8re<\/dt>\n<dd class=\"value\">Acier<\/dd>\n<dt class=\"name\">Alimentation<\/dt>\n<dd class=\"value\">230 V<\/dd>\n<dt class=\"name\">Longueur (Mm)<\/dt>\n<dd class=\"value\">380<\/dd>\n<dt class=\"name\">Profondeur (Mm)<\/dt>\n<dd class=\"value\">470<\/dd>\n<dt class=\"name\">Hauteur (Mm)<\/dt>\n<dd class=\"value\">730<\/dd>\n<dt class=\"name\">Poids (Kg)<\/dt>\n<dd class=\"value\">45.6<\/dd>\n<dt class=\"name\">Puissance (W)<\/dt>\n<dd class=\"value\">600<\/dd>\n<dt class=\"name\">Capacit\u00e9 ( L)<\/dt>\n<dd class=\"value\">10<\/dd>\n<dt class=\"name\">Garantie<\/dt>\n<dd class=\"value\">2 ans<\/dd>\n<\/dl>\n<\/section>\n<\/div>\n<\/div>\n<\/div>\n<\/div>\n<p>**Points forts :** Technologie moderne, faible consommation, praticit\u00e9.<br \/>\n**Pourquoi choisir ce produit ?** Id\u00e9al pour un usage quotidien avec un excellent rapport qualit\u00e9-prix.<\/p>\n","protected":false},"excerpt":{"rendered":"<dl class=\"data-sheet\">\n<dt class=\"name\">Mati\u00e8re<\/dt>\n<dd class=\"value\">Acier<\/dd>\n<dt class=\"name\">Alimentation<\/dt>\n<dd class=\"value\">230 V<\/dd>\n<dt class=\"name\">Longueur (Mm)<\/dt>\n<dd class=\"value\">380<\/dd>\n<dt class=\"name\">Profondeur (Mm)<\/dt>\n<dd class=\"value\">470<\/dd>\n<dt class=\"name\">Hauteur (Mm)<\/dt>\n<dd class=\"value\">730<\/dd>\n<dt class=\"name\">Poids (Kg)<\/dt>\n<dd class=\"value\">45.6<\/dd>\n<dt class=\"name\">Puissance (W)<\/dt>\n<dd class=\"value\">600<\/dd>\n<dt class=\"name\">Capacit\u00e9 ( L)<\/dt>\n<\/dl>\n<p> Compact, \u00e9co-\u00e9nerg\u00e9tique et facile \u00e0 utiliser.<\/p>\n","protected":false},"featured_media":3309,"comment_status":"closed","ping_status":"closed","template":"","meta":[],"product_brand":[],"product_cat":[180,166],"product_tag":[],"class_list":{"0":"post-3308","1":"product","2":"type-product","3":"status-publish","6":"product_cat-electromenagers","7":"product_cat-robot-cuisine","9":"first","10":"instock","11":"taxable","12":"shipping-taxable","13":"purchasable","14":"product-type-simple"},"_links":{"self":[{"href":"https:\/\/menagers-holding.fr\/index.php?rest_route=\/wp\/v2\/product\/3308","targetHints":{"allow":["GET"]}}],"collection":[{"href":"https:\/\/menagers-holding.fr\/index.php?rest_route=\/wp\/v2\/product"}],"about":[{"href":"https:\/\/menagers-holding.fr\/index.php?rest_route=\/wp\/v2\/types\/product"}],"replies":[{"embeddable":true,"href":"https:\/\/menagers-holding.fr\/index.php?rest_route=%2Fwp%2Fv2%2Fcomments&post=3308"}],"wp:featuredmedia":[{"embeddable":true,"href":"https:\/\/menagers-holding.fr\/index.php?rest_route=\/wp\/v2\/media\/3309"}],"wp:attachment":[{"href":"https:\/\/menagers-holding.fr\/index.php?rest_route=%2Fwp%2Fv2%2Fmedia&parent=3308"}],"wp:term":[{"taxonomy":"product_brand","embeddable":true,"href":"https:\/\/menagers-holding.fr\/index.php?rest_route=%2Fwp%2Fv2%2Fproduct_brand&post=3308"},{"taxonomy":"product_cat","embeddable":true,"href":"https:\/\/menagers-holding.fr\/index.php?rest_route=%2Fwp%2Fv2%2Fproduct_cat&post=3308"},{"taxonomy":"product_tag","embeddable":true,"href":"https:\/\/menagers-holding.fr\/index.php?rest_route=%2Fwp%2Fv2%2Fproduct_tag&post=3308"}],"curies":[{"name":"wp","href":"https:\/\/api.w.org\/{rel}","templated":true}]}}