{"id":3306,"date":"2022-10-16T21:28:51","date_gmt":"2022-10-16T21:28:51","guid":{"rendered":"https:\/\/menagers-holding.fr\/?post_type=product&#038;p=3306"},"modified":"2025-09-23T08:47:27","modified_gmt":"2025-09-23T08:47:27","slug":"kitchenaid-k5-batteur-blanc-48-litres-95","status":"publish","type":"product","link":"https:\/\/menagers-holding.fr\/?product=kitchenaid-k5-batteur-blanc-48-litres-95","title":{"rendered":"KitchenAid K5 Batteur Blanc 4,8 Litres (95)"},"content":{"rendered":"<ul>\n<li>Capacit\u00e9\u00a04,8 litres<\/li>\n<li>Dimensions\u00a0411(h) x 264(l) x 338(p)mm<\/li>\n<li>Puissance\u00a0315W, 230V, 1.4.<\/li>\n<li>Alimentation\u00a0230V<\/li>\n<li>Poids\u00a012kg<\/li>\n<li>10 vitesses<\/li>\n<li>Moteur de 315W<\/li>\n<li>10 vitesses<\/li>\n<li>Levier de levage du bol facile \u00e0 utiliser<\/li>\n<li>Bol grande capacit\u00e9 en acier inoxydable de 4,8L avec verseur\/protecteur.<\/li>\n<li>Fourni avec un batteur plat, un crochet \u00e0 p\u00e2te et un fouet.<\/li>\n<li>Comprend 2 couvercles de bols<\/li>\n<\/ul>\n<p>**Points forts :** Technologie moderne, faible consommation, praticit\u00e9.<br \/>\n**Pourquoi choisir ce produit ?** Id\u00e9al pour un usage quotidien avec un excellent rapport qualit\u00e9-prix.<\/p>\n","protected":false},"excerpt":{"rendered":"<ul>\n<li><strong>Marque:<\/strong><a href=\"httpss:\/\/www.pro-chef.fr\/brands\/kitchenaid\/\">\u00a0Kitchenaid<\/a><\/li>\n<li><strong>Code de l&rsquo;article:<\/strong>\u00a0PCJ498<\/li>\n<li><strong>Garantie:<\/strong> 2 ans<\/li>\n<\/ul>\n<p> Compact, \u00e9co-\u00e9nerg\u00e9tique et facile \u00e0 utiliser.<\/p>\n","protected":false},"featured_media":3307,"comment_status":"closed","ping_status":"closed","template":"","meta":[],"product_brand":[],"product_cat":[180,166],"product_tag":[],"class_list":{"0":"post-3306","1":"product","2":"type-product","3":"status-publish","6":"product_cat-electromenagers","7":"product_cat-robot-cuisine","9":"first","10":"instock","11":"taxable","12":"shipping-taxable","13":"purchasable","14":"product-type-simple"},"_links":{"self":[{"href":"https:\/\/menagers-holding.fr\/index.php?rest_route=\/wp\/v2\/product\/3306","targetHints":{"allow":["GET"]}}],"collection":[{"href":"https:\/\/menagers-holding.fr\/index.php?rest_route=\/wp\/v2\/product"}],"about":[{"href":"https:\/\/menagers-holding.fr\/index.php?rest_route=\/wp\/v2\/types\/product"}],"replies":[{"embeddable":true,"href":"https:\/\/menagers-holding.fr\/index.php?rest_route=%2Fwp%2Fv2%2Fcomments&post=3306"}],"wp:featuredmedia":[{"embeddable":true,"href":"https:\/\/menagers-holding.fr\/index.php?rest_route=\/wp\/v2\/media\/3307"}],"wp:attachment":[{"href":"https:\/\/menagers-holding.fr\/index.php?rest_route=%2Fwp%2Fv2%2Fmedia&parent=3306"}],"wp:term":[{"taxonomy":"product_brand","embeddable":true,"href":"https:\/\/menagers-holding.fr\/index.php?rest_route=%2Fwp%2Fv2%2Fproduct_brand&post=3306"},{"taxonomy":"product_cat","embeddable":true,"href":"https:\/\/menagers-holding.fr\/index.php?rest_route=%2Fwp%2Fv2%2Fproduct_cat&post=3306"},{"taxonomy":"product_tag","embeddable":true,"href":"https:\/\/menagers-holding.fr\/index.php?rest_route=%2Fwp%2Fv2%2Fproduct_tag&post=3306"}],"curies":[{"name":"wp","href":"https:\/\/api.w.org\/{rel}","templated":true}]}}