{"id":3281,"date":"2022-10-16T20:23:49","date_gmt":"2022-10-16T20:23:49","guid":{"rendered":"https:\/\/menagers-holding.fr\/?post_type=product&#038;p=3281"},"modified":"2025-09-23T08:47:28","modified_gmt":"2025-09-23T08:47:28","slug":"kitchenaid-5ksm175psedr-300-w-rose","status":"publish","type":"product","link":"https:\/\/menagers-holding.fr\/?product=kitchenaid-5ksm175psedr-300-w-rose","title":{"rendered":"KitchenAid 5KSM175PSEDR 300 W Rose"},"content":{"rendered":"<p><strong>D&rsquo;une fiabilit\u00e9 exemplaire, le\u00a0<b>robot p\u00e2tissier Kitchenaid 5KSM175PSEDR\u00a0<\/b><\/strong>\u00a0<strong>au coloris rose poudr\u00e9\u00a0est \u00e9quip\u00e9 d&rsquo;un\u00a0moteur \u00e0 transmission directe\u00a0qui\u00a0permet un\u00a0fonctionnement silencieux\u00a0et des\u00a0performances exceptionnelles !<\/strong><\/p>\n<div><strong>\u00a0<\/strong><\/div>\n<div><strong>Ce mod\u00e8le \u00e0\u00a0<\/strong>\u00a0<strong><b>t\u00eate inclinable<\/b>\u00a0est facile \u00e0 utiliser et \u00e0 nettoyer.\u00a0<\/strong><\/p>\n<div>\n<div><\/div>\n<div><b>Design:<\/b><\/div>\n<div>Son mod\u00e8le \u00e0 t\u00eate inclinable au design arrondi embl\u00e9matique est intemporel et \u00e9l\u00e9gant.<\/div>\n<div><\/div>\n<div><b>Capacit\u00e9 :<\/b><br \/>\nLe\u00a0\u00a0bol du robot p\u00e2tissier d&rsquo;une capacit\u00e9 de 4,8 litres\u00a0\u00a0est en acier inoxydable avec une poign\u00e9e ergonomique.\u00a0\u00a0Il est con\u00e7u pour travailler\u00a0\u00a0une capacit\u00e9 de p\u00e2te maximale de 1 kg de farine ou 800 g de farine de bl\u00e9 complet, accueillir 12 oeufs, faire 2,7 kg de p\u00e2te \u00e0 g\u00e2teau&#8230;<\/div>\n<div><b><br \/>\n<\/b><b>Vitesses et moteur :<\/b><br \/>\nSon exceptionnelle action de m\u00e9lange \u00e0\u00a0\u00a0mouvement plan\u00e9taire\u00a0\u00a0assure une homog\u00e9n\u00e9isation plus rapide et compl\u00e8te, incorporant tous les ingr\u00e9dients jusqu&rsquo;aux contours m\u00eame du bol.<br \/>\nIl n&rsquo;est d&rsquo;ailleurs pas n\u00e9cessaire de tourner le bol ou d&rsquo;en racler les parois.<\/div>\n<div><\/div>\n<div><b>Id\u00e9es de recettes:<\/b><\/div>\n<div>Retrouvez de nombreuses recettes pour toutes vos envies sur la plateforme num\u00e9rique d\u00e9di\u00e9e de KitchenAid.<\/div>\n<div><\/div>\n<div><b>Durable:<\/b><\/div>\n<div>Sa conception tout m\u00e9tal est garantie 5\u00a0ans.<\/div>\n<div><\/div>\n<div><b>Accessoires:<\/b><\/div>\n<div>&#8211; Bol de 4,8\u00a0L<\/div>\n<div>&#8211;\u00a0Bol de 3\u00a0L<\/div>\n<div>&#8211;\u00a0Verseur\/protecteur<\/div>\n<div>&#8211;\u00a0Fouet \u00e0 6\u00a0fils<\/div>\n<div>&#8211;\u00a0Batteur plat<\/div>\n<div>&#8211;\u00a0Batteur \u00e0 bord flex<\/div>\n<div>&#8211;\u00a0Crochet p\u00e9trisseur<\/div>\n<\/div>\n<\/div>\n<p>**Points forts :** Technologie moderne, faible consommation, praticit\u00e9.<br \/>\n**Pourquoi choisir ce produit ?** Id\u00e9al pour un usage quotidien avec un excellent rapport qualit\u00e9-prix.<\/p>\n","protected":false},"excerpt":{"rendered":"<ul class=\"product_details_items font-2-l\">\n<li class=\"product_details_item\">Capacit\u00e9 du bol 4,8 litres &#8211; Poign\u00e9e ergonomique<\/li>\n<li class=\"product_details_item\">Variateur de vitesses 10 positions<\/li>\n<li class=\"product_details_item\">Moteur 300 watts transmission directe<\/li>\n<li class=\"product_details_item\">M\u00e9lange \u00e0 mouvement plan\u00e9taire<\/li>\n<\/ul>\n<p> Compact, \u00e9co-\u00e9nerg\u00e9tique et facile \u00e0 utiliser.<\/p>\n","protected":false},"featured_media":3282,"comment_status":"closed","ping_status":"closed","template":"","meta":[],"product_brand":[],"product_cat":[180,166],"product_tag":[],"class_list":{"0":"post-3281","1":"product","2":"type-product","3":"status-publish","6":"product_cat-electromenagers","7":"product_cat-robot-cuisine","9":"first","10":"instock","11":"taxable","12":"shipping-taxable","13":"purchasable","14":"product-type-simple"},"_links":{"self":[{"href":"https:\/\/menagers-holding.fr\/index.php?rest_route=\/wp\/v2\/product\/3281","targetHints":{"allow":["GET"]}}],"collection":[{"href":"https:\/\/menagers-holding.fr\/index.php?rest_route=\/wp\/v2\/product"}],"about":[{"href":"https:\/\/menagers-holding.fr\/index.php?rest_route=\/wp\/v2\/types\/product"}],"replies":[{"embeddable":true,"href":"https:\/\/menagers-holding.fr\/index.php?rest_route=%2Fwp%2Fv2%2Fcomments&post=3281"}],"wp:featuredmedia":[{"embeddable":true,"href":"https:\/\/menagers-holding.fr\/index.php?rest_route=\/wp\/v2\/media\/3282"}],"wp:attachment":[{"href":"https:\/\/menagers-holding.fr\/index.php?rest_route=%2Fwp%2Fv2%2Fmedia&parent=3281"}],"wp:term":[{"taxonomy":"product_brand","embeddable":true,"href":"https:\/\/menagers-holding.fr\/index.php?rest_route=%2Fwp%2Fv2%2Fproduct_brand&post=3281"},{"taxonomy":"product_cat","embeddable":true,"href":"https:\/\/menagers-holding.fr\/index.php?rest_route=%2Fwp%2Fv2%2Fproduct_cat&post=3281"},{"taxonomy":"product_tag","embeddable":true,"href":"https:\/\/menagers-holding.fr\/index.php?rest_route=%2Fwp%2Fv2%2Fproduct_tag&post=3281"}],"curies":[{"name":"wp","href":"https:\/\/api.w.org\/{rel}","templated":true}]}}