{"id":3271,"date":"2022-10-16T19:56:16","date_gmt":"2022-10-16T19:56:16","guid":{"rendered":"https:\/\/menagers-holding.fr\/?post_type=product&#038;p=3271"},"modified":"2025-09-23T08:41:01","modified_gmt":"2025-09-23T08:41:01","slug":"irobot-roomba-i7-aspirateur-robot","status":"publish","type":"product","link":"https:\/\/menagers-holding.fr\/?product=irobot-roomba-i7-aspirateur-robot","title":{"rendered":"iRobot Roomba i7+ aspirateur Robot"},"content":{"rendered":"<div class=\"f-productProperties__col\">\n<dl class=\"f-productProperties__item\">\n<dt class=\"f-productProperties__term\">Type de moteur<\/dt>\n<dd class=\"f-productProperties__definition\">Robot<\/dd>\n<\/dl>\n<dl class=\"f-productProperties__item\">\n<dt class=\"f-productProperties__term\">Type de batterie<\/dt>\n<dd class=\"f-productProperties__definition\">Lithium Ion<\/dd>\n<\/dl>\n<dl class=\"f-productProperties__item  f-productProperties__item--long \">\n<dt class=\"f-productProperties__term\">Caract\u00e9ristiques compl\u00e9mentaires<\/dt>\n<dd class=\"f-productProperties__definition\">CARACTERISTIQUES :REF : IROBOT &#8211; ROOMBAI7558PRODUITSKU : i755840Temps de charge : 90 minutes Type de filtre : Haute efficacit\u00e9 Autonomie de la batterie : 75 minutes Type de batterie : Lithium-ion Volume du bac : 0,4 litre Type de bac : Lavable Niveau de seuil : 2 cm CONTENU DE LEMBALLAGE Aspirateur robot : i7 de Roomba\u00ae Base de chargement Clean Base\u2122 + Syst\u00e8me dauto vidage C\u00e2ble dalimentation2 sacs d\u00e9limination de la salet\u00e91 Virtual Wall\u00ae barri\u00e8re virtuelle double fonction (2 piles AA fournies)1 filtre suppl\u00e9mentaire1 brosse lat\u00e9rale suppl\u00e9mentaire<\/dd>\n<\/dl>\n<dl class=\"f-productProperties__item\">\n<dt class=\"f-productProperties__term\">Coloris<\/dt>\n<dd class=\"f-productProperties__definition\">Noir<\/dd>\n<\/dl>\n<\/div>\n<div class=\"f-productProperties__col\">\n<dl class=\"f-productProperties__item\">\n<dt class=\"f-productProperties__term\">Disponibilit\u00e9 des pi\u00e8ces d\u00e9tach\u00e9es<\/dt>\n<dd class=\"f-productProperties__definition\">5 ANS<\/dd>\n<\/dl>\n<dl class=\"f-productProperties__item\">\n<dd class=\"f-productProperties__definition\">&nbsp;<\/dd>\n<\/dl>\n<dl class=\"f-productProperties__item\">\n<dt class=\"f-productProperties__term\">EAN<\/dt>\n<dd class=\"f-productProperties__definition\">5060359289728<\/dd>\n<\/dl>\n<\/div>\n<p>**Points forts :** Technologie moderne, faible consommation, praticit\u00e9.<br \/>\n**Pourquoi choisir ce produit ?** Id\u00e9al pour un usage quotidien avec un excellent rapport qualit\u00e9-prix.<\/p>\n","protected":false},"excerpt":{"rendered":"<p>L&rsquo;aspirateur robot connect\u00e9\u00a0irobot roomba i7+ i7558 apprend \u00e0 conna\u00eetre votre maison, localise la salet\u00e9 et se vide automatiquement.syst\u00e8me d?autovidage clean base? :il vide le bac du robot automatiquement dans un sac ferm\u00e9 pouvant contenir l?\u00e9quivalent de 30\u00a0bacs de salet\u00e9, de poussi\u00e8re et de cheveux, vous permettant de ne pas penser \u00e0 l?aspirateur pendant des semaines.navigation iadapt\u00ae\u00a03.0 avec localisation visuelle :\u00a0l&rsquo;intelligence au service du guidage.\u00a0la navigation intelligente iadapt\u00ae 3.0 brevet\u00e9e et la technologie vslam\u00ae permettent au robot roomba\u00ae de sed\u00e9placer ais\u00e9ment et efficacement dans toute votre maison. Le robot cr\u00e9e des rep\u00e8res visuels pourm\u00e9moriser les zones d\u00e9j\u00e0 nettoy\u00e9es et d\u00e9tecter les endroits \u00e0 traiter.choisissez une pi\u00e8ce ou toutes les pi\u00e8ces\u00a0!le robot apprend \u00e0 conna\u00eetre votre maison et peut distinguer votre cuisine de votre salon, vous permettant de s\u00e9lectionner les pi\u00e8ces \u00e0 nettoyer et l?heure qui vous conviennent.aspiration surpuissante :\u00a0gr\u00e2ce \u00e0 son aspiration 10\u00a0fois sup\u00e9rieure, le robot peut d\u00e9loger la salet\u00e9, les d\u00e9bris et les poils d?animaux domestiques incrust\u00e9s, o\u00f9 qu?ils se trouvent.2\u00a0brosses en caoutchouc multi-surfaces :\u00a0les 2\u00a0brosses en caoutchouc multi-surfaces pr\u00e9sentent une conception unique avec des surfaces de roulement en caoutchouc qui s?adaptent \u00e0 diff\u00e9rentes surfaces afin de nettoyer en profondeur vos sols.une propret\u00e9 \u00e9clatante, jour apr\u00e8s jour :\u00a0notre syst\u00e8me de nettoyage premium en trois \u00e9tapes capture les d\u00e9bris visibles, mais aussi la poussi\u00e8re que vous ne voyez pas.filtre haute efficacit\u00e9 :\u00a0fabriqu\u00e9 \u00e0 partir d?un mat\u00e9riau sp\u00e9cial, le filtre haute efficacit\u00e9 capture 99\u00a0% des moisissures, des pollens, des acariens et des allerg\u00e8nes de chat et de chien. &#8211; type : aspirateur robot.gamme : roomba i7.utilisation : sur tous types de sols.capacit\u00e9 max. Poussi\u00e8re (l) : 0.4.couleur : noir.couleur(s) secondaire(s) : gris.programmable : oui.autre(s) fonction(s) : navigation intelligente iadapt\u00ae 3.0 brevet\u00e9e et technologie vslam\u00ae, cartographie, application irobot home.type de bac \u00e0 poussi\u00e8re : bac lavable.type de brosse principale : brosses en caoutchouc multi-surfaces.base de recharge : oui.mur virtuel : oui.accessoire(s) suppl\u00e9mentaire(s) : syst\u00e8me d&rsquo;autovidage clean base, brosse lat\u00e9rale suppl\u00e9mentaire, filtre suppl\u00e9mentaire, 2 sacs d&rsquo;\u00e9limination de la salet\u00e9.alimentation : batterie lithium-ion.rechargeable (sans fil) : oui.sans fil rechargeable : oui.autonomie max. (min) : 75.temps de charge (mim) : 90.diam\u00e8tre (cm) : 33.9.hauteur (cm) : 9.22.poids robot seul (kg) : 3.37. Compact, \u00e9co-\u00e9nerg\u00e9tique et facile \u00e0 utiliser.<\/p>\n","protected":false},"featured_media":3272,"comment_status":"closed","ping_status":"closed","template":"","meta":[],"product_brand":[],"product_cat":[162,180],"product_tag":[],"class_list":{"0":"post-3271","1":"product","2":"type-product","3":"status-publish","6":"product_cat-aspirateur","7":"product_cat-electromenagers","9":"first","10":"instock","11":"taxable","12":"shipping-taxable","13":"purchasable","14":"product-type-simple"},"_links":{"self":[{"href":"https:\/\/menagers-holding.fr\/index.php?rest_route=\/wp\/v2\/product\/3271","targetHints":{"allow":["GET"]}}],"collection":[{"href":"https:\/\/menagers-holding.fr\/index.php?rest_route=\/wp\/v2\/product"}],"about":[{"href":"https:\/\/menagers-holding.fr\/index.php?rest_route=\/wp\/v2\/types\/product"}],"replies":[{"embeddable":true,"href":"https:\/\/menagers-holding.fr\/index.php?rest_route=%2Fwp%2Fv2%2Fcomments&post=3271"}],"wp:featuredmedia":[{"embeddable":true,"href":"https:\/\/menagers-holding.fr\/index.php?rest_route=\/wp\/v2\/media\/3272"}],"wp:attachment":[{"href":"https:\/\/menagers-holding.fr\/index.php?rest_route=%2Fwp%2Fv2%2Fmedia&parent=3271"}],"wp:term":[{"taxonomy":"product_brand","embeddable":true,"href":"https:\/\/menagers-holding.fr\/index.php?rest_route=%2Fwp%2Fv2%2Fproduct_brand&post=3271"},{"taxonomy":"product_cat","embeddable":true,"href":"https:\/\/menagers-holding.fr\/index.php?rest_route=%2Fwp%2Fv2%2Fproduct_cat&post=3271"},{"taxonomy":"product_tag","embeddable":true,"href":"https:\/\/menagers-holding.fr\/index.php?rest_route=%2Fwp%2Fv2%2Fproduct_tag&post=3271"}],"curies":[{"name":"wp","href":"https:\/\/api.w.org\/{rel}","templated":true}]}}