{"id":3262,"date":"2022-10-16T19:07:44","date_gmt":"2022-10-16T19:07:44","guid":{"rendered":"https:\/\/menagers-holding.fr\/?post_type=product&#038;p=3262"},"modified":"2025-09-23T08:41:01","modified_gmt":"2025-09-23T08:41:01","slug":"miele-scout-rx3-home-vision-aspirateur-robot","status":"publish","type":"product","link":"https:\/\/menagers-holding.fr\/?product=miele-scout-rx3-home-vision-aspirateur-robot","title":{"rendered":"Miele Scout RX3 Home Vision &#8211; aspirateur Robot"},"content":{"rendered":"<table class=\"table table--fpDescTb fpDescTb fpDescTbPub\" role=\"table\" aria-label=\"Semantic Elements\" aria-describedby=\"semantic_elements_table_desc\" aria-rowcount=\"81\">\n<tbody class=\"table__body\" role=\"rowgroup\">\n<tr class=\"table__row\" role=\"row\">\n<th class=\"table__cell\" role=\"cell\" scope=\"row\">Marque<\/th>\n<td class=\"table__cell\" role=\"cell\"><a title=\"MIELE\" href=\"httpss:\/\/www.cdiscount.com\/m-305-miele.html\">MIELE<\/a><\/td>\n<\/tr>\n<tr class=\"table__row\" role=\"row\">\n<th class=\"table__cell\" role=\"cell\" scope=\"row\">Nom du produit<\/th>\n<td class=\"table__cell\" role=\"cell\">MIELE Scout RX3 Home Vision HD Aspirateur robot 3D<\/td>\n<\/tr>\n<tr class=\"table__row\" role=\"row\">\n<th class=\"table__cell\" role=\"cell\" scope=\"row\">Cat\u00e9gorie<\/th>\n<td class=\"table__cell\" role=\"cell\">ASPIRATEUR ROBOT<\/td>\n<\/tr>\n<tr class=\"table__row\" role=\"row\">\n<th class=\"table__cell\" role=\"cell\" scope=\"row\">R\u00e9f\u00e9rence<\/th>\n<td class=\"table__cell\" role=\"cell\">526EMP658<\/td>\n<\/tr>\n<tr class=\"table__row\" role=\"row\">\n<th class=\"table__head\" role=\"cell\" colspan=\"2\" scope=\"col\">G\u00e9n\u00e9ral<\/th>\n<\/tr>\n<tr class=\"table__row\" role=\"row\">\n<th class=\"table__cell\" role=\"cell\" scope=\"row\">Type de Produit<\/th>\n<td class=\"table__cell\" role=\"cell\">Aspirateur<\/td>\n<\/tr>\n<tr class=\"table__row\" role=\"row\">\n<th class=\"table__cell\" role=\"cell\" scope=\"row\">Collecte des poussi\u00e8res<\/th>\n<td class=\"table__cell\" role=\"cell\">Sans sac<\/td>\n<\/tr>\n<tr class=\"table__row\" role=\"row\">\n<th class=\"table__cell\" role=\"cell\" scope=\"row\">Capacit\u00e9 du collecteur<\/th>\n<td class=\"table__cell\" role=\"cell\">0.4 litres<\/td>\n<\/tr>\n<tr class=\"table__row\" role=\"row\">\n<th class=\"table__cell\" role=\"cell\" scope=\"row\">Mode de nettoyage<\/th>\n<td class=\"table__cell\" role=\"cell\">Sec<\/td>\n<\/tr>\n<tr class=\"table__row\" role=\"row\">\n<th class=\"table__cell\" role=\"cell\" scope=\"row\">Type de filtre<\/th>\n<td class=\"table__cell\" role=\"cell\">AirClean Plus<\/td>\n<\/tr>\n<tr class=\"table__row\" role=\"row\">\n<th class=\"table__cell\" role=\"cell\" scope=\"row\">Couleur<\/th>\n<td class=\"table__cell\" role=\"cell\">Noir avec perle or rose<\/td>\n<\/tr>\n<tr class=\"table__row\" role=\"row\">\n<th class=\"table__cell\" role=\"cell\" scope=\"row\">Type de nettoyant<\/th>\n<td class=\"table__cell\" role=\"cell\">Robot<\/td>\n<\/tr>\n<tr class=\"table__row\" role=\"row\">\n<th class=\"table__cell\" role=\"cell\" scope=\"row\">Type d&rsquo;aspirateur<\/th>\n<td class=\"table__cell\" role=\"cell\">Usage g\u00e9n\u00e9ral<\/td>\n<\/tr>\n<tr class=\"table__row\" role=\"row\">\n<th class=\"table__cell\" role=\"cell\" scope=\"row\">Zone d&rsquo;op\u00e9ration<\/th>\n<td class=\"table__cell\" role=\"cell\">120 m\u00b2<\/td>\n<\/tr>\n<tr class=\"table__row\" role=\"row\">\n<th class=\"table__cell\" role=\"cell\" scope=\"row\">Navigation sur la salle<\/th>\n<td class=\"table__cell\" role=\"cell\">Oui<\/td>\n<\/tr>\n<tr class=\"table__row\" role=\"row\">\n<th class=\"table__cell\" role=\"cell\" scope=\"row\">Caract\u00e9ristiques particuli\u00e8res<\/th>\n<td class=\"table__cell\" role=\"cell\">Aspiration r\u00e9glable, technologie de capteur<\/td>\n<\/tr>\n<tr class=\"table__row\" role=\"row\">\n<th class=\"table__head\" role=\"cell\" colspan=\"2\" scope=\"col\">R\u00e9glages, commandes et voyants<\/th>\n<\/tr>\n<tr class=\"table__row\" role=\"row\">\n<th class=\"table__cell\" role=\"cell\" scope=\"row\">Pr\u00e9r\u00e9glages de planification<\/th>\n<td class=\"table__cell\" role=\"cell\">Oui<\/td>\n<\/tr>\n<tr class=\"table__row\" role=\"row\">\n<th class=\"table__cell\" role=\"cell\" scope=\"row\">Minuterie d&rsquo;intervalles de nettoyage<\/th>\n<td class=\"table__cell\" role=\"cell\">Quotidiennement<\/td>\n<\/tr>\n<tr class=\"table__row\" role=\"row\">\n<th class=\"table__head\" role=\"cell\" colspan=\"2\" scope=\"col\">Consommation<\/th>\n<\/tr>\n<tr class=\"table__row\" role=\"row\">\n<th class=\"table__cell\" role=\"cell\" scope=\"row\">Type d&rsquo;alimentation<\/th>\n<td class=\"table__cell\" role=\"cell\">Batteries rechargeables<\/td>\n<\/tr>\n<tr class=\"table__row\" role=\"row\">\n<th class=\"table__cell\" role=\"cell\" scope=\"row\">Batterie<\/th>\n<td class=\"table__cell\" role=\"cell\">Lithium Ion<\/td>\n<\/tr>\n<tr class=\"table__row\" role=\"row\">\n<th class=\"table__cell\" role=\"cell\" scope=\"row\">Temps de chargement complet<\/th>\n<td class=\"table__cell\" role=\"cell\">237 min<\/td>\n<\/tr>\n<tr class=\"table__row\" role=\"row\">\n<th class=\"table__cell\" role=\"cell\" scope=\"row\">Autonomie de fonctionnement<\/th>\n<td class=\"table__cell\" role=\"cell\">120 min<\/td>\n<\/tr>\n<tr class=\"table__row\" role=\"row\">\n<th class=\"table__cell\" role=\"cell\" scope=\"row\">Capacit\u00e9 de la batterie<\/th>\n<td class=\"table__cell\" role=\"cell\">5200 mAh<\/td>\n<\/tr>\n<tr class=\"table__row\" role=\"row\">\n<th class=\"table__cell\" role=\"cell\" scope=\"row\">Consommation d&rsquo;\u00e9nergie<\/th>\n<td class=\"table__cell\" role=\"cell\">30 Watt<\/td>\n<\/tr>\n<tr class=\"table__row\" role=\"row\">\n<th class=\"table__head\" role=\"cell\" colspan=\"2\" scope=\"col\">Divers<\/th>\n<\/tr>\n<tr class=\"table__row\" role=\"row\">\n<th class=\"table__cell\" role=\"cell\" scope=\"row\">Outils inclus<\/th>\n<td class=\"table__cell\" role=\"cell\">Brosse lat\u00e9rale (4x)<\/td>\n<\/tr>\n<tr class=\"table__row\" role=\"row\">\n<th class=\"table__cell\" role=\"cell\" scope=\"row\">Niveau de pression acoustique (SPL)<\/th>\n<td class=\"table__cell\" role=\"cell\">71 dB (A)<\/td>\n<\/tr>\n<tr class=\"table__row\" role=\"row\">\n<th class=\"table__head\" role=\"cell\" colspan=\"2\" scope=\"col\">Dimensions et poids<\/th>\n<\/tr>\n<tr class=\"table__row\" role=\"row\">\n<th class=\"table__cell\" role=\"cell\" scope=\"row\">Largeur<\/th>\n<td class=\"table__cell\" role=\"cell\">35.4 cm<\/td>\n<\/tr>\n<tr class=\"table__row\" role=\"row\">\n<th class=\"table__cell\" role=\"cell\" scope=\"row\">Profondeur<\/th>\n<td class=\"table__cell\" role=\"cell\">35.4 cm<\/td>\n<\/tr>\n<tr class=\"table__row\" role=\"row\">\n<th class=\"table__cell\" role=\"cell\" scope=\"row\">Hauteur<\/th>\n<td class=\"table__cell\" role=\"cell\">8.5 cm<\/td>\n<\/tr>\n<tr class=\"table__row\" role=\"row\">\n<th class=\"table__cell\" role=\"cell\" scope=\"row\">Poids<\/th>\n<td class=\"table__cell\" role=\"cell\">3.2 kg<\/td>\n<\/tr>\n<tr class=\"table__row\" role=\"row\">\n<th class=\"table__head\" role=\"cell\" colspan=\"2\" scope=\"col\">Dimensions et poids (emball\u00e9)<\/th>\n<\/tr>\n<tr class=\"table__row\" role=\"row\">\n<th class=\"table__cell\" role=\"cell\" scope=\"row\">Hauteur (Exp\u00e9dition)<\/th>\n<td class=\"table__cell\" role=\"cell\">14.1 cm<\/td>\n<\/tr>\n<tr class=\"table__row\" role=\"row\">\n<th class=\"table__cell\" role=\"cell\" scope=\"row\">Largeur (emball\u00e9e)<\/th>\n<td class=\"table__cell\" role=\"cell\">54.5 cm<\/td>\n<\/tr>\n<tr class=\"table__row\" role=\"row\">\n<th class=\"table__cell\" role=\"cell\" scope=\"row\">Profondeur (emball\u00e9e)<\/th>\n<td class=\"table__cell\" role=\"cell\">38.5 cm<\/td>\n<\/tr>\n<tr class=\"table__row\" role=\"row\">\n<th class=\"table__cell\" role=\"cell\" scope=\"row\">Poids (Exp\u00e9dition)<\/th>\n<td class=\"table__cell\" role=\"cell\">5.2 kg<\/td>\n<\/tr>\n<tr class=\"table__row\" role=\"row\">\n<th class=\"table__head\" role=\"cell\" colspan=\"2\" scope=\"col\">Attributs de recherche<\/th>\n<\/tr>\n<tr class=\"table__row\" role=\"row\">\n<th class=\"table__cell\" role=\"cell\" scope=\"row\">Nettoyage|Mode de nettoyage<\/th>\n<td class=\"table__cell\" role=\"cell\">Sec<\/td>\n<\/tr>\n<\/tbody>\n<\/table>\n<p>**Points forts :** Technologie moderne, faible consommation, praticit\u00e9.<br \/>\n**Pourquoi choisir ce produit ?** Id\u00e9al pour un usage quotidien avec un excellent rapport qualit\u00e9-prix.<\/p>\n","protected":false},"excerpt":{"rendered":"<div class=\"row\">\n<div class=\"col-12 col-md-10\">\n<div class=\"mb-3x\">\n<div class=\"cpy cpy--body cpy--primary mb-3x\">Aspirateur robot avec des images en direct et 2\u00a0h de marche pour une efficacit\u00e9 de nettoyage max.<\/div>\n<div class=\"pl-lg-3x\">\n<ul class=\"lis lis--check-icon\">\n<li class=\"js-tooltip-footnote\">Excellente aspiration gr\u00e2ce au Quattro Cleaning Power<\/li>\n<li class=\"js-tooltip-footnote\">Nettoyage syst\u00e9matique gr\u00e2ce \u00e0 la navigation intelligente\u00a03D<\/li>\n<li class=\"js-tooltip-footnote\">Utilisation confortable avec l\u2019app.\u00a0<a class=\"inlinereference\" href=\"httpss:\/\/www.miele.fr\/e\/aspirateur-robot-scout-rx3-home-vision-hd-spql-rose-gold-pf-11713550-p#ZPV_0000000000000000200227896_00\" data-contentcode=\"ZPV_0000000000000000200227896_00\"><span class=\"tooltip-wrapper tooltip-scroller j-content-object-tooltip\" title=\"\" role=\"visible\" data-url=\"ZPV_0000000000000000200227896_00\" data-original-title=\"\" data-type=\"feature\" data-popovercontent=\"ZPV_0000000000000000200227896_00\" data-html=\"true\" data-placement=\"auto\" data-toggle=\"tooltip\" data-module=\"tooltip\">Miele\u00a0Scout<\/span><\/a><\/li>\n<li class=\"js-tooltip-footnote\">V\u00e9rifier que tout va bien \u00e0 la maison avec Home Vision HD<\/li>\n<li class=\"js-tooltip-footnote\">Grande autonomie de la batterie<sup><a class=\"inlinereference no-underline superscript\" href=\"httpss:\/\/www.miele.fr\/e\/aspirateur-robot-scout-rx3-home-vision-hd-spql-rose-gold-pf-11713550-p#ZFN_0000000000000000200233817_00\" data-contentcode=\"ZFN_0000000000000000200233817_00\" data-contenttype=\"PATENT_INFORMATION\">4<\/a><\/sup>\u00a0\u2013\u00a0170\u00a0min non-stop<\/li>\n<li class=\"js-tooltip-footnote\">Meubles prot\u00e9g\u00e9s gr\u00e2ce \u00e0 la technologie de protection des meubles<\/li>\n<\/ul>\n<\/div>\n<\/div>\n<\/div>\n<\/div>\n<section class=\"wib-container\">\n<div class=\"hdr-section text-left\">\n<div class=\"hdr-section__headline\">\n<p class=\"cpy cpy--primary cpy--bold\">\u00c9l\u00e9ments fournis<\/p>\n<\/div>\n<\/div>\n<div class=\"wib\">\n<div class=\"col-12 col-sm-12 col-md-12 col-lg-6\">\n<ul class=\"lis wib__list\">\n<li>T\u00e9l\u00e9commande<\/li>\n<li>Station de charge<\/li>\n<li>Adaptateur<\/li>\n<li>D\u00e9limitation de zone<\/li>\n<li>Filtre<\/li>\n<\/ul>\n<\/div>\n<\/div>\n<\/section>\n<p> Compact, \u00e9co-\u00e9nerg\u00e9tique et facile \u00e0 utiliser.<\/p>\n","protected":false},"featured_media":3263,"comment_status":"closed","ping_status":"closed","template":"","meta":[],"product_brand":[],"product_cat":[162,180],"product_tag":[],"class_list":{"0":"post-3262","1":"product","2":"type-product","3":"status-publish","6":"product_cat-aspirateur","7":"product_cat-electromenagers","9":"first","10":"instock","11":"taxable","12":"shipping-taxable","13":"purchasable","14":"product-type-simple"},"_links":{"self":[{"href":"https:\/\/menagers-holding.fr\/index.php?rest_route=\/wp\/v2\/product\/3262","targetHints":{"allow":["GET"]}}],"collection":[{"href":"https:\/\/menagers-holding.fr\/index.php?rest_route=\/wp\/v2\/product"}],"about":[{"href":"https:\/\/menagers-holding.fr\/index.php?rest_route=\/wp\/v2\/types\/product"}],"replies":[{"embeddable":true,"href":"https:\/\/menagers-holding.fr\/index.php?rest_route=%2Fwp%2Fv2%2Fcomments&post=3262"}],"wp:featuredmedia":[{"embeddable":true,"href":"https:\/\/menagers-holding.fr\/index.php?rest_route=\/wp\/v2\/media\/3263"}],"wp:attachment":[{"href":"https:\/\/menagers-holding.fr\/index.php?rest_route=%2Fwp%2Fv2%2Fmedia&parent=3262"}],"wp:term":[{"taxonomy":"product_brand","embeddable":true,"href":"https:\/\/menagers-holding.fr\/index.php?rest_route=%2Fwp%2Fv2%2Fproduct_brand&post=3262"},{"taxonomy":"product_cat","embeddable":true,"href":"https:\/\/menagers-holding.fr\/index.php?rest_route=%2Fwp%2Fv2%2Fproduct_cat&post=3262"},{"taxonomy":"product_tag","embeddable":true,"href":"https:\/\/menagers-holding.fr\/index.php?rest_route=%2Fwp%2Fv2%2Fproduct_tag&post=3262"}],"curies":[{"name":"wp","href":"https:\/\/api.w.org\/{rel}","templated":true}]}}