{"id":3256,"date":"2022-10-16T18:35:39","date_gmt":"2022-10-16T18:35:39","guid":{"rendered":"https:\/\/menagers-holding.fr\/?post_type=product&#038;p=3256"},"modified":"2025-09-23T08:41:02","modified_gmt":"2025-09-23T08:41:02","slug":"roborock-s7-maxv-ultra-aspirateur-robot-sans-sac","status":"publish","type":"product","link":"https:\/\/menagers-holding.fr\/?product=roborock-s7-maxv-ultra-aspirateur-robot-sans-sac","title":{"rendered":"Roborock S7 MaxV Ultra &#8211; Aspirateur &#8211; robot &#8211; sans sac"},"content":{"rendered":"<div id=\"product_description\" class=\"product_bloc_aside product_bloc_description\">\n<div class=\"product_bloc_content bloc ombre font-2\">\n<div>\n<ul>\n<li>Fonction d&rsquo;aspiration avec une puissance d&rsquo;aspiration ultra \u00e9lev\u00e9e de 5100Pa et une brosse mobile en caoutchouc plein pour un meilleur contact avec le sol<\/li>\n<li>Fonction d&rsquo;essuyage \u00e0 ultrasons avec r\u00e9glage de la quantit\u00e9 d&rsquo;eau d&rsquo;essuyage en fonction de la pi\u00e8ce, jusqu&rsquo;\u00e0 200m\u00b2<\/li>\n<li>Capteurs de distance laser (LDS) &amp; double cam\u00e9ra IA pour une couverture \u00e0 360\u00b0 ainsi que le contournement d&rsquo;obstacles \u00e0 partir de 5 x 3,0 cm (l x h) et le franchissement d&rsquo;obstacles jusqu&rsquo;\u00e0 20 mm (par ex. plinthes, tapis)<\/li>\n<li>Planification intelligente des trajets avec cartes des pi\u00e8ces en temps r\u00e9el &amp; planification s\u00e9lective des pi\u00e8ces individuelles avec zones d&rsquo;exclusion virtuelles d&rsquo;aspiration &amp; de balayage<\/li>\n<li>Contr\u00f4lable par smartphone &amp; assistant vocal (p. ex. Alexa) \/ Station d&rsquo;aspiration avec vidange automatique, remplissage d&rsquo;eau et nettoyage automatique de la serpilli\u00e8re<\/li>\n<\/ul>\n<h2>Sp\u00e9cifications:<\/h2>\n<ul>\n<li><strong>Marque<\/strong>: Roborock<\/li>\n<li><strong>Couleur<\/strong>: Noir<\/li>\n<li><strong>Capacit\u00e9<\/strong>: \u200e0.4 Litres<\/li>\n<li><strong>Puissance<\/strong>: \u200e74 Watts<\/li>\n<li><strong>Niveau sonore<\/strong>: \u200e67 dB<\/li>\n<li><strong>Num\u00e9ro de mod\u00e8le<\/strong>: \u200eR100017<\/li>\n<li><strong>Poids de l&rsquo;article<\/strong>: 4.65 Kilogrammes<\/li>\n<li><strong>M\u00e9thode de contr\u00f4le<\/strong>: Voix, App<\/li>\n<li><strong>Composition de la pile<\/strong>: Lithium-ion<\/li>\n<li><strong>Dimensions de l&rsquo;article L x l x H<\/strong>: 35.3 x 35 x 9.7 centim\u00e8tres<\/li>\n<li><strong>R\u00e9cup\u00e9ration poussi\u00e8re<\/strong>: Sans sac<\/li>\n<li><strong>Alimentation \u00e9lectrique<\/strong>: Sans fil (batterie)<\/li>\n<li><strong>Autres infos technologies<\/strong>: Cartographie 3D<\/li>\n<li><strong>Agr\u00e9ments moteur<\/strong>: Bouton On\/off<\/li>\n<li><strong>Capacit\u00e9 et Tension<\/strong>: Capacit\u00e9<\/li>\n<li><strong>Temps de charge<\/strong>: Recharge compl\u00e8te<\/li>\n<li><strong>Forme du robot<\/strong>: Ronde<\/li>\n<li><strong>Autonomie<\/strong>: Autonomie en utilisation normale<\/li>\n<\/ul>\n<\/div>\n<\/div>\n<\/div>\n<div id=\"product_caracteristics\" class=\"product_bloc_aside product_bloc_caracteristics\">\n<div id=\"test\"><\/div>\n<div>\n<h2 class=\"product_bloc_aside_title font-2\">CARACT\u00c9RISTIQUES<\/h2>\n<\/div>\n<div class=\"product_bloc_content bloc ombre product_bloc_caracteristics_odd\">\n<table class=\"font-2\">\n<caption class=\"caption_hidden\">Caract\u00e9ristiques<\/caption>\n<tbody>\n<tr class=\"odd\">\n<th scope=\"row\">Connect\u00e9<\/th>\n<td class=\"font-2-b\">\n<ul class=\"characteristics\">\n<li class=\"\">Oui<\/li>\n<\/ul>\n<\/td>\n<\/tr>\n<tr class=\"\">\n<th scope=\"row\">Surface couverte<\/th>\n<td class=\"font-2-b\">\n<ul class=\"characteristics\">\n<li class=\"\">200 m\u00b2<\/li>\n<\/ul>\n<\/td>\n<\/tr>\n<tr class=\"odd\">\n<th scope=\"row\">Capacit\u00e9 du r\u00e9servoir<\/th>\n<td class=\"font-2-b\">\n<ul class=\"characteristics\">\n<li class=\"\">0,4 l<\/li>\n<\/ul>\n<\/td>\n<\/tr>\n<tr class=\"\">\n<th scope=\"row\">Retour \u00e0 la base automatique et reprise du travail<\/th>\n<td class=\"font-2-b\">\n<ul class=\"characteristics\">\n<li class=\"\">Non<\/li>\n<\/ul>\n<\/td>\n<\/tr>\n<tr class=\"odd\">\n<th scope=\"row\">Vidange automatique<\/th>\n<td class=\"font-2-b\">\n<ul class=\"characteristics\">\n<li class=\"\">Non<\/li>\n<\/ul>\n<\/td>\n<\/tr>\n<tr class=\"\">\n<th scope=\"row\">Fonctionnalit\u00e9s aspirateur robot<\/th>\n<td class=\"font-2-b\">\n<ul class=\"characteristics\">\n<li class=\"\">Programmable<\/li>\n<\/ul>\n<\/td>\n<\/tr>\n<tr class=\"odd\">\n<th scope=\"row\">Usage aspirateur<\/th>\n<td class=\"font-2-b\">\n<ul class=\"characteristics\">\n<li class=\"\">Surfaces<\/li>\n<\/ul>\n<\/td>\n<\/tr>\n<tr class=\"\">\n<th scope=\"row\">Autonomie de fonctionnement<\/th>\n<td class=\"font-2-b\">\n<ul class=\"characteristics\">\n<li class=\"\">180 min<\/li>\n<\/ul>\n<\/td>\n<\/tr>\n<\/tbody>\n<\/table>\n<\/div>\n<\/div>\n<p>**Points forts :** Technologie moderne, faible consommation, praticit\u00e9.<br \/>\n**Pourquoi choisir ce produit ?** Id\u00e9al pour un usage quotidien avec un excellent rapport qualit\u00e9-prix.<\/p>\n","protected":false},"excerpt":{"rendered":"<div class=\"f-productProperties__col\">\n<dl class=\"f-productProperties__item\">\n<dt class=\"f-productProperties__term\">Type de moteur<\/dt>\n<dd class=\"f-productProperties__definition\">Robot<\/dd>\n<\/dl>\n<dl class=\"f-productProperties__item\">\n<dt class=\"f-productProperties__term\">Accessoires fournis<\/dt>\n<dd class=\"f-productProperties__definition\">Empty Wash Fill Dock<\/dd>\n<\/dl>\n<dl class=\"f-productProperties__item\">\n<dt class=\"f-productProperties__term\">Largeur du produit<\/dt>\n<dd class=\"f-productProperties__definition\">35,30 cm<\/dd>\n<\/dl>\n<\/div>\n<div class=\"f-productProperties__col\">\n<dl class=\"f-productProperties__item\">\n<dt class=\"f-productProperties__term\">Profondeur<\/dt>\n<dd class=\"f-productProperties__definition\">35,00 cm<\/dd>\n<\/dl>\n<dl class=\"f-productProperties__item\">\n<dt class=\"f-productProperties__term\">Hauteur du produit<\/dt>\n<dd class=\"f-productProperties__definition\">9,65 cm<\/dd>\n<\/dl>\n<dl class=\"f-productProperties__item\">\n<dt class=\"f-productProperties__term\">EAN<\/dt>\n<dd class=\"f-productProperties__definition\">6970995784749<\/dd>\n<\/dl>\n<\/div>\n<p> Compact, \u00e9co-\u00e9nerg\u00e9tique et facile \u00e0 utiliser.<\/p>\n","protected":false},"featured_media":3257,"comment_status":"closed","ping_status":"closed","template":"","meta":[],"product_brand":[],"product_cat":[162,180],"product_tag":[],"class_list":{"0":"post-3256","1":"product","2":"type-product","3":"status-publish","6":"product_cat-aspirateur","7":"product_cat-electromenagers","9":"first","10":"instock","11":"taxable","12":"shipping-taxable","13":"purchasable","14":"product-type-simple"},"_links":{"self":[{"href":"https:\/\/menagers-holding.fr\/index.php?rest_route=\/wp\/v2\/product\/3256","targetHints":{"allow":["GET"]}}],"collection":[{"href":"https:\/\/menagers-holding.fr\/index.php?rest_route=\/wp\/v2\/product"}],"about":[{"href":"https:\/\/menagers-holding.fr\/index.php?rest_route=\/wp\/v2\/types\/product"}],"replies":[{"embeddable":true,"href":"https:\/\/menagers-holding.fr\/index.php?rest_route=%2Fwp%2Fv2%2Fcomments&post=3256"}],"wp:featuredmedia":[{"embeddable":true,"href":"https:\/\/menagers-holding.fr\/index.php?rest_route=\/wp\/v2\/media\/3257"}],"wp:attachment":[{"href":"https:\/\/menagers-holding.fr\/index.php?rest_route=%2Fwp%2Fv2%2Fmedia&parent=3256"}],"wp:term":[{"taxonomy":"product_brand","embeddable":true,"href":"https:\/\/menagers-holding.fr\/index.php?rest_route=%2Fwp%2Fv2%2Fproduct_brand&post=3256"},{"taxonomy":"product_cat","embeddable":true,"href":"https:\/\/menagers-holding.fr\/index.php?rest_route=%2Fwp%2Fv2%2Fproduct_cat&post=3256"},{"taxonomy":"product_tag","embeddable":true,"href":"https:\/\/menagers-holding.fr\/index.php?rest_route=%2Fwp%2Fv2%2Fproduct_tag&post=3256"}],"curies":[{"name":"wp","href":"https:\/\/api.w.org\/{rel}","templated":true}]}}