{"id":3252,"date":"2022-10-16T18:23:02","date_gmt":"2022-10-16T18:23:02","guid":{"rendered":"https:\/\/menagers-holding.fr\/?post_type=product&#038;p=3252"},"modified":"2025-09-23T08:41:02","modified_gmt":"2025-09-23T08:41:02","slug":"robot-aspirateur-laveur-rowenta-x-plorer-serie-60-rr7455wh","status":"publish","type":"product","link":"https:\/\/menagers-holding.fr\/?product=robot-aspirateur-laveur-rowenta-x-plorer-serie-60-rr7455wh","title":{"rendered":"Robot Aspirateur Laveur ROWENTA X-PLORER S\u00e9rie 60 RR7455WH"},"content":{"rendered":"<table>\n<tbody>\n<tr>\n<td>Pour quelle utilisation ?<\/td>\n<td>Pour aspirer &amp; essuyer<\/td>\n<\/tr>\n<tr>\n<td><\/td>\n<td>Type de sols<\/td>\n<td>Carrelages, parquets, tapis, moquettes<\/td>\n<\/tr>\n<tr>\n<td>Performance<\/td>\n<td><\/td>\n<\/tr>\n<tr>\n<td><\/td>\n<td>M\u00e9thode de navigation<\/td>\n<td>Navigation par cartographie de la pi\u00e8ce<\/td>\n<\/tr>\n<tr>\n<td><\/td>\n<td>Technologie<\/td>\n<td>Par capteur<\/td>\n<\/tr>\n<tr>\n<td><\/td>\n<td>D\u00e9tection automatique des tapis<\/td>\n<td>Oui pour une meilleure performance<\/td>\n<\/tr>\n<tr>\n<td><\/td>\n<td>Fonction nettoyage tapis<\/td>\n<td>Automatique<\/td>\n<\/tr>\n<tr>\n<td><\/td>\n<td>Type de brosse<\/td>\n<td>Rouleau en caoutchouc id\u00e9al pour les cheveux et poils d&rsquo;animaux<\/td>\n<\/tr>\n<tr>\n<td>Connectivite<\/td>\n<td><\/td>\n<\/tr>\n<tr>\n<td><\/td>\n<td>Cartographie multi \u00e9tage<\/td>\n<td>Non concern\u00e9<\/td>\n<\/tr>\n<tr>\n<td><\/td>\n<td>Programmation du nettoyage pi\u00e8ce par pi\u00e8ce<\/td>\n<td>Pratique, d\u00e9finissez quelle pi\u00e8ce nettoyer<\/td>\n<\/tr>\n<tr>\n<td><\/td>\n<td>Exclusion des zones<\/td>\n<td>Non concern\u00e9<\/td>\n<\/tr>\n<tr>\n<td><\/td>\n<td>Programmation des horaires de nettoyage<\/td>\n<td>Oui<\/td>\n<\/tr>\n<tr>\n<td><\/td>\n<td>Surveillance du nettoyage de la maison via la cam\u00e9ra du robot \u00e0 distance<\/td>\n<td>Oui<\/td>\n<\/tr>\n<tr>\n<td><\/td>\n<td>Application compatible<\/td>\n<td>Oui<\/td>\n<\/tr>\n<tr>\n<td><\/td>\n<td>Compatibilit\u00e9 assistant vocal<\/td>\n<td>Google, Alexa<\/td>\n<\/tr>\n<tr>\n<td>Gestion des obstacles<\/td>\n<td><\/td>\n<\/tr>\n<tr>\n<td><\/td>\n<td>D\u00e9tection des marches\/obstacles\/ Vide<\/td>\n<td>Permet d&rsquo;\u00e9viter tout accident avec l&rsquo;aspirateur<\/td>\n<\/tr>\n<tr>\n<td><\/td>\n<td>Detection des objets en temps r\u00e9el<\/td>\n<td>Non concern\u00e9<\/td>\n<\/tr>\n<tr>\n<td><\/td>\n<td>Hauteur du seuil<\/td>\n<td>1.2 cm<\/td>\n<\/tr>\n<tr>\n<td><\/td>\n<td>Hauteur de l&rsquo;appareil<\/td>\n<td>6 cm<\/td>\n<\/tr>\n<tr>\n<td>Autonomie<\/td>\n<td><\/td>\n<\/tr>\n<tr>\n<td><\/td>\n<td>Retour automatique \u00e0 la base de chargement<\/td>\n<td>Retourne \u00e0 sa base quand la session de nettoyage est termin\u00e9e ou quand il est d\u00e9charg\u00e9<\/td>\n<\/tr>\n<tr>\n<td><\/td>\n<td>Reprise automatique du nettoyage<\/td>\n<td>Non<\/td>\n<\/tr>\n<tr>\n<td><\/td>\n<td>Vidange automatique du bac<\/td>\n<td>Non concern\u00e9<\/td>\n<\/tr>\n<tr>\n<td><\/td>\n<td>Autonomie jusqu&rsquo;\u00e0<\/td>\n<td>90 mn<\/td>\n<\/tr>\n<tr>\n<td><\/td>\n<td>Temps de charge<\/td>\n<td>5 h<\/td>\n<\/tr>\n<tr>\n<td>Accessoires<\/td>\n<td><\/td>\n<\/tr>\n<tr>\n<td><\/td>\n<td>Lingettes<\/td>\n<td>Oui<\/td>\n<\/tr>\n<tr>\n<td><\/td>\n<td>Brossettes lat\u00e9rales<\/td>\n<td>Oui<\/td>\n<\/tr>\n<tr>\n<td><\/td>\n<td>Filtre haute efficacit\u00e9<\/td>\n<td>Non<\/td>\n<\/tr>\n<tr>\n<td>Dimensions<\/td>\n<td><\/td>\n<\/tr>\n<tr>\n<td><\/td>\n<td>Dimensions l x h x p<\/td>\n<td>34.2 x 6 x 34.2 cm<\/td>\n<\/tr>\n<tr>\n<td><\/td>\n<td>Poids net<\/td>\n<td>3.78 kg<\/td>\n<\/tr>\n<tr>\n<td><\/td>\n<td>Poids Brut (kg)<\/td>\n<td>5.100<\/td>\n<\/tr>\n<tr>\n<td>Contenu du carton<\/td>\n<td><\/td>\n<\/tr>\n<tr>\n<td><\/td>\n<td>Livr\u00e9 avec<\/td>\n<td>Notice, Guide de d\u00e9marrage rapide, Base de chargement, Base de chargement et de s\u00e9chage, C\u00e2ble d&rsquo;alimentation, Adaptateur, R\u00e9servoir amovible, Batterie, Brosse rotative: 1, Brosse lat\u00e9rale: 2, Lingette: 2, Support lingette: 1, Filtre: 1<\/td>\n<\/tr>\n<tr>\n<td>Balisage magasin<\/td>\n<td><\/td>\n<\/tr>\n<tr>\n<td><\/td>\n<td>Temps de charge<\/td>\n<td>5h30<\/td>\n<\/tr>\n<\/tbody>\n<\/table>\n<p>**Points forts :** Technologie moderne, faible consommation, praticit\u00e9.<br \/>\n**Pourquoi choisir ce produit ?** Id\u00e9al pour un usage quotidien avec un excellent rapport qualit\u00e9-prix.<\/p>\n","protected":false},"excerpt":{"rendered":"<h4 class=\"main-title\">Aspirez plus. Lavez plus. Mais videz moins, nettoyez moins la serpilli\u00e8re et faites-en moins de mani\u00e8re g\u00e9n\u00e9rale. Alli\u00e9 \u00e0 sa station qui vide le bac \u00e0 poussi\u00e8re du robot, se lave et remplit le bac \u00e0 eau, le Roborock S7 MaxV atteint un niveau in\u00e9dit d&rsquo;automatisation du nettoyage<\/h4>\n<p> Compact, \u00e9co-\u00e9nerg\u00e9tique et facile \u00e0 utiliser.<\/p>\n","protected":false},"featured_media":3253,"comment_status":"closed","ping_status":"closed","template":"","meta":[],"product_brand":[],"product_cat":[162,180],"product_tag":[],"class_list":{"0":"post-3252","1":"product","2":"type-product","3":"status-publish","6":"product_cat-aspirateur","7":"product_cat-electromenagers","9":"first","10":"instock","11":"taxable","12":"shipping-taxable","13":"purchasable","14":"product-type-simple"},"_links":{"self":[{"href":"https:\/\/menagers-holding.fr\/index.php?rest_route=\/wp\/v2\/product\/3252","targetHints":{"allow":["GET"]}}],"collection":[{"href":"https:\/\/menagers-holding.fr\/index.php?rest_route=\/wp\/v2\/product"}],"about":[{"href":"https:\/\/menagers-holding.fr\/index.php?rest_route=\/wp\/v2\/types\/product"}],"replies":[{"embeddable":true,"href":"https:\/\/menagers-holding.fr\/index.php?rest_route=%2Fwp%2Fv2%2Fcomments&post=3252"}],"wp:featuredmedia":[{"embeddable":true,"href":"https:\/\/menagers-holding.fr\/index.php?rest_route=\/wp\/v2\/media\/3253"}],"wp:attachment":[{"href":"https:\/\/menagers-holding.fr\/index.php?rest_route=%2Fwp%2Fv2%2Fmedia&parent=3252"}],"wp:term":[{"taxonomy":"product_brand","embeddable":true,"href":"https:\/\/menagers-holding.fr\/index.php?rest_route=%2Fwp%2Fv2%2Fproduct_brand&post=3252"},{"taxonomy":"product_cat","embeddable":true,"href":"https:\/\/menagers-holding.fr\/index.php?rest_route=%2Fwp%2Fv2%2Fproduct_cat&post=3252"},{"taxonomy":"product_tag","embeddable":true,"href":"https:\/\/menagers-holding.fr\/index.php?rest_route=%2Fwp%2Fv2%2Fproduct_tag&post=3252"}],"curies":[{"name":"wp","href":"https:\/\/api.w.org\/{rel}","templated":true}]}}