{"id":3237,"date":"2022-10-16T10:26:02","date_gmt":"2022-10-16T10:26:02","guid":{"rendered":"https:\/\/menagers-holding.fr\/?post_type=product&#038;p=3237"},"modified":"2025-09-21T04:31:40","modified_gmt":"2025-09-21T04:31:40","slug":"radiateur-a-inertie-gyali-1000w-ultra-compact","status":"publish","type":"product","link":"https:\/\/menagers-holding.fr\/?product=radiateur-a-inertie-gyali-1000w-ultra-compact","title":{"rendered":"Radiateur \u00e0 inertie Gyali 1000W ultra compact"},"content":{"rendered":"<ul class=\"ProductPage-carac\">\n<li class=\"ProductPage-caracLine\"><strong class=\"ProductPage-caracLabel\">AVANTAGE N\u00b01\u00a0:\u00a0<\/strong><span class=\"ProductPage-caracText\">Corps de chauffe en pierre r\u00e9fractaire<\/span><\/li>\n<li class=\"ProductPage-caracLine\"><strong class=\"ProductPage-caracLabel\">AVANTAGE N\u00b02\u00a0:\u00a0<\/strong><span class=\"ProductPage-caracText\">Programmation libre<\/span><\/li>\n<li class=\"ProductPage-caracLine\"><strong class=\"ProductPage-caracLabel\">AVANTAGE N\u00b03\u00a0:\u00a0<\/strong><span class=\"ProductPage-caracText\">Avec d\u00e9tecteur d&rsquo;ouverture et de fermeture de fen\u00eatres<\/span><\/li>\n<li class=\"ProductPage-caracLine\"><strong class=\"ProductPage-caracLabel\">AVANTAGE N\u00b04\u00a0:\u00a0<\/strong><span class=\"ProductPage-caracText\">Radiateur connect\u00e9<\/span><\/li>\n<li class=\"ProductPage-caracLine\"><strong class=\"ProductPage-caracLabel\">LARGEUR UC D\u00c9BALL\u00c9 (EN CM)\u00a0:\u00a0<\/strong><span class=\"ProductPage-caracText\">46.50<\/span><\/li>\n<li class=\"ProductPage-caracLine\"><strong class=\"ProductPage-caracLabel\">VOLUME UC D\u00c9BALL\u00c9 (EN DM3)\u00a0:\u00a0<\/strong><span class=\"ProductPage-caracText\">211.819<\/span><\/li>\n<li class=\"ProductPage-caracLine\"><strong class=\"ProductPage-caracLabel\">POIDS UC D\u00c9BALL\u00c9 (EN KG)\u00a0:\u00a0<\/strong><span class=\"ProductPage-caracText\">11.000<\/span><\/li>\n<li class=\"ProductPage-caracLine\"><strong class=\"ProductPage-caracLabel\">HAUTEUR UC D\u00c9BALL\u00c9 (EN CM)\u00a0:\u00a0<\/strong><span class=\"ProductPage-caracText\">61.50<\/span><\/li>\n<li class=\"ProductPage-caracLine\"><strong class=\"ProductPage-caracLabel\">PROFONDEUR UC D\u00c9BALL\u00c9 (EN CM)\u00a0:\u00a0<\/strong><span class=\"ProductPage-caracText\">12.00<\/span><\/li>\n<li class=\"ProductPage-caracLine\"><strong class=\"ProductPage-caracLabel\">MARQUE COMMERCIALE\u00a0:\u00a0<\/strong><span class=\"ProductPage-caracText\">SAUTER<\/span><\/li>\n<li class=\"ProductPage-caracLine\"><strong class=\"ProductPage-caracLabel\">PUISSANCE RADIATEUR \u00c9LECTRIQUES\u00a0:\u00a0<\/strong><span class=\"ProductPage-caracText\">1000W<\/span><\/li>\n<li class=\"ProductPage-caracLine\"><strong class=\"ProductPage-caracLabel\">TYPE RADIATEURS \u00c9LECTRIQUES\u00a0:\u00a0<\/strong><span class=\"ProductPage-caracText\">A inertie pierre<\/span><\/li>\n<li class=\"ProductPage-caracLine\"><strong class=\"ProductPage-caracLabel\">SURFACE CHAUFFANTE \u00c9LECTRIQUES\u00a0:\u00a0<\/strong><span class=\"ProductPage-caracText\">Entre 6 et 10 m\u00b2<\/span><\/li>\n<li class=\"ProductPage-caracLine\"><strong class=\"ProductPage-caracLabel\">FORMAT RADIATEURS \u00c9LECTRIQUES\u00a0:\u00a0<\/strong><span class=\"ProductPage-caracText\">Horizontal<\/span><\/li>\n<li class=\"ProductPage-caracLine\"><strong class=\"ProductPage-caracLabel\">MARQUE RADIATEURS \u00c9LECTRIQUES\u00a0:\u00a0<\/strong><span class=\"ProductPage-caracText\">SAUTER<\/span><\/li>\n<li class=\"ProductPage-caracLine\"><strong class=\"ProductPage-caracLabel\">HAUTEUR RADIATEURS \u00c9LECTRIQUES\u00a0:\u00a0<\/strong><span class=\"ProductPage-caracText\">De 61 \u00e0 80 cm<\/span><\/li>\n<li class=\"ProductPage-caracLine\"><strong class=\"ProductPage-caracLabel\">THERMOSTAT RADIATEURS \u00c9LECTRIQUES\u00a0:\u00a0<\/strong><span class=\"ProductPage-caracText\">Electronique<\/span><\/li>\n<li class=\"ProductPage-caracLine\"><strong class=\"ProductPage-caracLabel\">COULEUR RADIATEUR \u00c9LECTRIQUES\u00a0:\u00a0<\/strong><span class=\"ProductPage-caracText\">Blanc<\/span><\/li>\n<li class=\"ProductPage-caracLine\"><strong class=\"ProductPage-caracLabel\">DISPONIBILIT\u00c9 DES PI\u00c8CES D\u00c9TACH\u00c9ES EN MOIS\u00a0:\u00a0<\/strong><span class=\"ProductPage-caracText\">84<\/span><\/li>\n<\/ul>\n<p>**Points forts :** Puissant, silencieux et \u00e9conomique.<br \/>\n**Pourquoi choisir ce produit ?** Pour un confort optimal toute l\u2019ann\u00e9e.<\/p>\n","protected":false},"excerpt":{"rendered":"<p>Radiateur connect\u00e9 \u00e0 inertie pierre r\u00e9fractaire.<br \/>\nProgrammation libre.<br \/>\nD\u00e9tecteur d&rsquo;ouverture et de fermeture de fen\u00eatres.<br \/>\nBoitier touches tactiles.<br \/>\nPilotable \u00e0 distance via smartphone et tablette avec le bridge Cozytouch (vendu s\u00e9par\u00e9ment 99\u20acttc).<br \/>\nPilotage de tous les radiateurs d&rsquo;une m\u00eame zone \/ pi\u00e8ce \u00e0 partir d&rsquo;un seul radiateur. Con\u00e7u pour le confort, la puissance et la faible consommation.<\/p>\n","protected":false},"featured_media":3238,"comment_status":"closed","ping_status":"closed","template":"","meta":[],"product_brand":[],"product_cat":[156],"product_tag":[],"class_list":{"0":"post-3237","1":"product","2":"type-product","3":"status-publish","6":"product_cat-chauffage-et-plomberie","8":"first","9":"instock","10":"taxable","11":"shipping-taxable","12":"purchasable","13":"product-type-simple"},"_links":{"self":[{"href":"https:\/\/menagers-holding.fr\/index.php?rest_route=\/wp\/v2\/product\/3237","targetHints":{"allow":["GET"]}}],"collection":[{"href":"https:\/\/menagers-holding.fr\/index.php?rest_route=\/wp\/v2\/product"}],"about":[{"href":"https:\/\/menagers-holding.fr\/index.php?rest_route=\/wp\/v2\/types\/product"}],"replies":[{"embeddable":true,"href":"https:\/\/menagers-holding.fr\/index.php?rest_route=%2Fwp%2Fv2%2Fcomments&post=3237"}],"wp:featuredmedia":[{"embeddable":true,"href":"https:\/\/menagers-holding.fr\/index.php?rest_route=\/wp\/v2\/media\/3238"}],"wp:attachment":[{"href":"https:\/\/menagers-holding.fr\/index.php?rest_route=%2Fwp%2Fv2%2Fmedia&parent=3237"}],"wp:term":[{"taxonomy":"product_brand","embeddable":true,"href":"https:\/\/menagers-holding.fr\/index.php?rest_route=%2Fwp%2Fv2%2Fproduct_brand&post=3237"},{"taxonomy":"product_cat","embeddable":true,"href":"https:\/\/menagers-holding.fr\/index.php?rest_route=%2Fwp%2Fv2%2Fproduct_cat&post=3237"},{"taxonomy":"product_tag","embeddable":true,"href":"https:\/\/menagers-holding.fr\/index.php?rest_route=%2Fwp%2Fv2%2Fproduct_tag&post=3237"}],"curies":[{"name":"wp","href":"https:\/\/api.w.org\/{rel}","templated":true}]}}