{"id":3223,"date":"2022-10-16T10:09:02","date_gmt":"2022-10-16T10:09:02","guid":{"rendered":"https:\/\/menagers-holding.fr\/?post_type=product&#038;p=3223"},"modified":"2025-09-23T08:41:02","modified_gmt":"2025-09-23T08:41:02","slug":"3223","status":"publish","type":"product","link":"https:\/\/menagers-holding.fr\/?product=3223","title":{"rendered":"Aspirateur Robot Jet Bot AI+ Samsung"},"content":{"rendered":"<p>Contr\u00f4lez et surveillez votre Jet Bot AI+ \u00e0 tout moment et en tout lieu gr\u00e2ce \u00e0 son contr\u00f4le Wi-Fi am\u00e9lior\u00e9. En utilisant l&rsquo;application SmartThings*, vous pouvez le programmer \u00e0 distance pour qu&rsquo;il nettoie les pi\u00e8ces s\u00e9lectionn\u00e9es ou d\u00e9finir des zones d&rsquo;interdiction virtuelles.<br \/>\nCapteurs 3D<br \/>\nOui<\/p>\n<p>Puissance d&rsquo;aspiration<br \/>\n30 AW<\/p>\n<p>Station de Charge<br \/>\nClean Station\u2122<br \/>\nSurveillez vos animaux domestiques et votre maison o\u00f9 que vous soyez. La cam\u00e9ra frontale de Jet Bot AI+ peut diffuser en direct des images vid\u00e9o en temps r\u00e9el \u00e0 l&rsquo;aide de l&rsquo;application SmartThings*. Et, en mode patrouille, vous pouvez surveiller l&rsquo;\u00e9tat de votre maison. Il prend en charge le syst\u00e8me E2EE** , de sorte que les vid\u00e9os sont crypt\u00e9es en toute s\u00e9curit\u00e9 et ne peuvent \u00eatre visualis\u00e9es que par un utilisateur autoris\u00e9.<br \/>\nNettoyez en toute s\u00e9curit\u00e9 et efficacement. La technologie Jet AI de reconnaissance des objets identifie et classifie les diff\u00e9rents types d&rsquo;objets et de meubles*, en les localisant. Le Jet Bot AI+ nettoiera alors de pr\u00e8s les articles g\u00e9n\u00e9raux (canap\u00e9s, table, etc), gardera une distance de s\u00e9curit\u00e9 avec les objets fragiles ou \u00e9vitera tout ce qui est dangereux**.<br \/>\nProfitez d&rsquo;un moyen pratique et hygi\u00e9nique de vider votre r\u00e9servoir tous les 1 \u00e0 3 mois*. Apr\u00e8s le nettoyage, l&rsquo;aspirateur robot retourne automatiquement \u00e0 la Clean Station\u2122 qui \u00e9limine la poussi\u00e8re** gr\u00e2ce \u00e0 la technologie \u00ab\u00a0Air Pulse\u00a0\u00bb. Et un syst\u00e8me de filtration multicouche pi\u00e8ge 99,999 % de la poussi\u00e8re fine*** et des allerg\u00e8nes.<\/p>\n<p>Lib\u00e9rez un air pur gr\u00e2ce \u00e0 un syst\u00e8me avanc\u00e9 de filtration \u00e0 5 couches. \u00c0 l&rsquo;entr\u00e9e de l&rsquo;air, un filtre \u00e0 grille m\u00e9tallique retient les poussi\u00e8res larges. Ensuite, le Jet Cyclone, le filtre \u00e9ponge et le microfiltre capturent la poussi\u00e8re, suivis du filtre \u00e0 poussi\u00e8re fine. Il pi\u00e8ge 99,99%* de la micro-poussi\u00e8re, y compris les particules de 0,5~4,2\u00b5m et les allerg\u00e8nes.<\/p>\n<p>**Points forts :** Technologie moderne, faible consommation, praticit\u00e9.<br \/>\n**Pourquoi choisir ce produit ?** Id\u00e9al pour un usage quotidien avec un excellent rapport qualit\u00e9-prix.<\/p>\n","protected":false},"excerpt":{"rendered":"<ul class=\"dot-list\" role=\"list\">\n<li class=\"dot-list__item\" role=\"listitem\"><span class=\"usp-text\">Contr\u00f4le automatique via WiFi de la puissance<\/span><\/li>\n<li class=\"dot-list__item\" role=\"listitem\"><span class=\"usp-text\">Jusqu&rsquo;\u00e0 90 minutes d&rsquo;autonomie<\/span><\/li>\n<li class=\"dot-list__item\" role=\"listitem\"><span class=\"usp-text\">Capteurs: 3D &amp; LiDAR<\/span><\/li>\n<li class=\"dot-list__item\" role=\"listitem\"><span class=\"usp-text\">Clean Station \u2122<\/span><\/li>\n<\/ul>\n<p> Compact, \u00e9co-\u00e9nerg\u00e9tique et facile \u00e0 utiliser.<\/p>\n","protected":false},"featured_media":3224,"comment_status":"closed","ping_status":"closed","template":"","meta":[],"product_brand":[],"product_cat":[162,180],"product_tag":[],"class_list":{"0":"post-3223","1":"product","2":"type-product","3":"status-publish","6":"product_cat-aspirateur","7":"product_cat-electromenagers","9":"first","10":"instock","11":"taxable","12":"shipping-taxable","13":"purchasable","14":"product-type-simple"},"_links":{"self":[{"href":"https:\/\/menagers-holding.fr\/index.php?rest_route=\/wp\/v2\/product\/3223","targetHints":{"allow":["GET"]}}],"collection":[{"href":"https:\/\/menagers-holding.fr\/index.php?rest_route=\/wp\/v2\/product"}],"about":[{"href":"https:\/\/menagers-holding.fr\/index.php?rest_route=\/wp\/v2\/types\/product"}],"replies":[{"embeddable":true,"href":"https:\/\/menagers-holding.fr\/index.php?rest_route=%2Fwp%2Fv2%2Fcomments&post=3223"}],"wp:featuredmedia":[{"embeddable":true,"href":"https:\/\/menagers-holding.fr\/index.php?rest_route=\/wp\/v2\/media\/3224"}],"wp:attachment":[{"href":"https:\/\/menagers-holding.fr\/index.php?rest_route=%2Fwp%2Fv2%2Fmedia&parent=3223"}],"wp:term":[{"taxonomy":"product_brand","embeddable":true,"href":"https:\/\/menagers-holding.fr\/index.php?rest_route=%2Fwp%2Fv2%2Fproduct_brand&post=3223"},{"taxonomy":"product_cat","embeddable":true,"href":"https:\/\/menagers-holding.fr\/index.php?rest_route=%2Fwp%2Fv2%2Fproduct_cat&post=3223"},{"taxonomy":"product_tag","embeddable":true,"href":"https:\/\/menagers-holding.fr\/index.php?rest_route=%2Fwp%2Fv2%2Fproduct_tag&post=3223"}],"curies":[{"name":"wp","href":"https:\/\/api.w.org\/{rel}","templated":true}]}}