{"id":3212,"date":"2022-10-16T09:34:37","date_gmt":"2022-10-16T09:34:37","guid":{"rendered":"https:\/\/menagers-holding.fr\/?post_type=product&#038;p=3212"},"modified":"2025-09-23T08:44:37","modified_gmt":"2025-09-23T08:44:37","slug":"radiateur-thermor-equateur-4-horizontal-blanc-2000w","status":"publish","type":"product","link":"https:\/\/menagers-holding.fr\/?product=radiateur-thermor-equateur-4-horizontal-blanc-2000w","title":{"rendered":"Radiateur Thermor Equateur 4 Horizontal Blanc 2000W"},"content":{"rendered":"<p>Radiateur \u00e0 inertie<br \/>\n&#8211; Corps de chauffe : fonte<br \/>\n&#8211; Double syst\u00e8me chauffant<br \/>\n&#8211; Puissance : 750W, 1000W, 1250W, 1500W et 2000W<br \/>\n&#8211; Radiateur 100% connect\u00e9<br \/>\n&#8211; Couleur : blanc<br \/>\n&#8211; Forme :\u00a0h<span class=\"base\" data-ui-id=\"page-title-wrapper\">orizontal<br \/>\n<\/span>&#8211; Thermostat : digital r\u00e9tro\u00e9clair\u00e9<br \/>\n&#8211; Programmation : manuelle ou automatique<br \/>\n&#8211; D\u00e9tection d&rsquo;absence<br \/>\n&#8211; D\u00e9tection de fen\u00eatre ouverte<br \/>\n&#8211; Collection : \u00a0Disponible en vertical ou plinthe<br \/>\n&#8211; Option : tablette multifonction, diffuseur de parfum d\u2019ambiance, ou bridge<br \/>\nCozytouch<\/p>\n<p>**Points forts :** Fiabilit\u00e9, praticit\u00e9 et prix abordable.<br \/>\n**Pourquoi choisir ce produit ?** Convient \u00e0 divers besoins du quotidien.<\/p>\n","protected":false},"excerpt":{"rendered":"<p>Radiateur \u00e0 inertie<br \/>\n&#8211; Corps de chauffe : fonte<br \/>\n&#8211; Double syst\u00e8me chauffant<br \/>\n&#8211; Puissance : 750W, 1000W, 1250W, 1500W et 2000W<br \/>\n&#8211; Radiateur 100% connect\u00e9<br \/>\n&#8211; Couleur : blanc<br \/>\n&#8211; Forme :\u00a0h<span class=\"base\" data-ui-id=\"page-title-wrapper\">orizontal<br \/>\n<\/span>&#8211; Thermostat : digital r\u00e9tro\u00e9clair\u00e9<br \/>\n&#8211; Programmation : manuelle ou automatique<br \/>\n&#8211; D\u00e9tection d&rsquo;absence<br \/>\n&#8211; D\u00e9tection de fen\u00eatre ouverte Fiable et adapt\u00e9 \u00e0 vos besoins quotidiens.<\/p>\n","protected":false},"featured_media":3213,"comment_status":"closed","ping_status":"closed","template":"","meta":[],"product_brand":[],"product_cat":[153,180],"product_tag":[],"class_list":{"0":"post-3212","1":"product","2":"type-product","3":"status-publish","6":"product_cat-electricite-et-domotique","7":"product_cat-electromenagers","9":"first","10":"instock","11":"taxable","12":"shipping-taxable","13":"purchasable","14":"product-type-simple"},"_links":{"self":[{"href":"https:\/\/menagers-holding.fr\/index.php?rest_route=\/wp\/v2\/product\/3212","targetHints":{"allow":["GET"]}}],"collection":[{"href":"https:\/\/menagers-holding.fr\/index.php?rest_route=\/wp\/v2\/product"}],"about":[{"href":"https:\/\/menagers-holding.fr\/index.php?rest_route=\/wp\/v2\/types\/product"}],"replies":[{"embeddable":true,"href":"https:\/\/menagers-holding.fr\/index.php?rest_route=%2Fwp%2Fv2%2Fcomments&post=3212"}],"wp:featuredmedia":[{"embeddable":true,"href":"https:\/\/menagers-holding.fr\/index.php?rest_route=\/wp\/v2\/media\/3213"}],"wp:attachment":[{"href":"https:\/\/menagers-holding.fr\/index.php?rest_route=%2Fwp%2Fv2%2Fmedia&parent=3212"}],"wp:term":[{"taxonomy":"product_brand","embeddable":true,"href":"https:\/\/menagers-holding.fr\/index.php?rest_route=%2Fwp%2Fv2%2Fproduct_brand&post=3212"},{"taxonomy":"product_cat","embeddable":true,"href":"https:\/\/menagers-holding.fr\/index.php?rest_route=%2Fwp%2Fv2%2Fproduct_cat&post=3212"},{"taxonomy":"product_tag","embeddable":true,"href":"https:\/\/menagers-holding.fr\/index.php?rest_route=%2Fwp%2Fv2%2Fproduct_tag&post=3212"}],"curies":[{"name":"wp","href":"https:\/\/api.w.org\/{rel}","templated":true}]}}