{"id":3209,"date":"2022-10-16T08:22:07","date_gmt":"2022-10-16T08:22:07","guid":{"rendered":"https:\/\/menagers-holding.fr\/?post_type=product&#038;p=3209"},"modified":"2025-09-21T04:31:39","modified_gmt":"2025-09-21T04:31:39","slug":"radiateur-electrique-mozart-digital-vertical-1500w-thermor","status":"publish","type":"product","link":"https:\/\/menagers-holding.fr\/?product=radiateur-electrique-mozart-digital-vertical-1500w-thermor","title":{"rendered":"Radiateur \u00e9lectrique Mozart Digital Vertical 1500W Thermor"},"content":{"rendered":"<p>&lsquo;- Chaleur douce et inertie ma\u00eetris\u00e9e- Aucun risque de salissure gr\u00e2ce au syst\u00e8me ASP- Surface lisse et facile \u00e0 nettoyer- Bo\u00eetier \u00e0 hauteur, tr\u00e8s simple d&rsquo;utilisation :\u00d4 Molette de r\u00e9glage de la consigne Confort gradu\u00e9e de 2 \u00e0 8\u00d4 Curseur de choix des mode<\/p>\n<p>**Points forts :** Puissant, silencieux et \u00e9conomique.<br \/>\n**Pourquoi choisir ce produit ?** Pour un confort optimal toute l\u2019ann\u00e9e.<\/p>\n","protected":false},"excerpt":{"rendered":"<ul class=\"characteristics\">\n<li class=\"\">Type de radiateur \u00e9lectrique : A inertie s\u00e8che<\/li>\n<li>&#8211; Chaleur douce et inertie ma\u00eetris\u00e9e- Aucun risque de salissure gr\u00e2ce au syst\u00e8me ASP- Surface lisse et facile \u00e0 nettoyer- Bo\u00eetier \u00e0 hauteur, tr\u00e8s simple d&rsquo;utilisation :\u00d4 Molette de r\u00e9glage de la consigne Confort gradu\u00e9e de 2 \u00e0 8\u00d4 Curseur de choix des mode<\/li>\n<\/ul>\n<p> Con\u00e7u pour le confort, la puissance et la faible consommation.<\/p>\n","protected":false},"featured_media":3210,"comment_status":"closed","ping_status":"closed","template":"","meta":[],"product_brand":[],"product_cat":[156],"product_tag":[],"class_list":{"0":"post-3209","1":"product","2":"type-product","3":"status-publish","6":"product_cat-chauffage-et-plomberie","8":"first","9":"instock","10":"taxable","11":"shipping-taxable","12":"purchasable","13":"product-type-simple"},"_links":{"self":[{"href":"https:\/\/menagers-holding.fr\/index.php?rest_route=\/wp\/v2\/product\/3209","targetHints":{"allow":["GET"]}}],"collection":[{"href":"https:\/\/menagers-holding.fr\/index.php?rest_route=\/wp\/v2\/product"}],"about":[{"href":"https:\/\/menagers-holding.fr\/index.php?rest_route=\/wp\/v2\/types\/product"}],"replies":[{"embeddable":true,"href":"https:\/\/menagers-holding.fr\/index.php?rest_route=%2Fwp%2Fv2%2Fcomments&post=3209"}],"wp:featuredmedia":[{"embeddable":true,"href":"https:\/\/menagers-holding.fr\/index.php?rest_route=\/wp\/v2\/media\/3210"}],"wp:attachment":[{"href":"https:\/\/menagers-holding.fr\/index.php?rest_route=%2Fwp%2Fv2%2Fmedia&parent=3209"}],"wp:term":[{"taxonomy":"product_brand","embeddable":true,"href":"https:\/\/menagers-holding.fr\/index.php?rest_route=%2Fwp%2Fv2%2Fproduct_brand&post=3209"},{"taxonomy":"product_cat","embeddable":true,"href":"https:\/\/menagers-holding.fr\/index.php?rest_route=%2Fwp%2Fv2%2Fproduct_cat&post=3209"},{"taxonomy":"product_tag","embeddable":true,"href":"https:\/\/menagers-holding.fr\/index.php?rest_route=%2Fwp%2Fv2%2Fproduct_tag&post=3209"}],"curies":[{"name":"wp","href":"https:\/\/api.w.org\/{rel}","templated":true}]}}