{"id":3205,"date":"2022-10-16T08:07:10","date_gmt":"2022-10-16T08:07:10","guid":{"rendered":"https:\/\/menagers-holding.fr\/?post_type=product&#038;p=3205"},"modified":"2025-09-21T04:31:39","modified_gmt":"2025-09-21T04:31:39","slug":"radiateur-electrique-a-fluide-caloporteur-2000-w-serie-d","status":"publish","type":"product","link":"https:\/\/menagers-holding.fr\/?product=radiateur-electrique-a-fluide-caloporteur-2000-w-serie-d","title":{"rendered":"Radiateur \u00e9lectrique \u00e0 fluide caloporteur &#8211; 2000 W &#8211; S\u00e9rie D"},"content":{"rendered":"<table class=\"characteristics-table\">\n<tbody>\n<tr>\n<th scope=\"row\">Alimentation<\/th>\n<td>Chauffage \u00e9lectrique<\/td>\n<\/tr>\n<tr>\n<th scope=\"row\">Alimentation (Radiateur)<\/th>\n<td>\u00c9lectricit\u00e9<\/td>\n<\/tr>\n<tr>\n<th scope=\"row\">Bo\u00eetier de commande<\/th>\n<td>Digital<\/td>\n<\/tr>\n<tr>\n<th scope=\"row\">Coloris<\/th>\n<td>Athracite<\/td>\n<\/tr>\n<tr>\n<th scope=\"row\">Couleur<\/th>\n<td>Anthracite<\/td>\n<\/tr>\n<tr>\n<th scope=\"row\">C\u0153ur de chauffe<\/th>\n<td>Fluide caloporteur<\/td>\n<\/tr>\n<tr>\n<th scope=\"row\">Fonction soufflerie (radiateur)<\/th>\n<td>Non<\/td>\n<\/tr>\n<tr>\n<th scope=\"row\">Gamme<\/th>\n<td>Delta Ultimate Wifi<\/td>\n<\/tr>\n<tr>\n<th scope=\"row\">Hauteur<\/th>\n<td>585\u00a0mm<\/td>\n<\/tr>\n<tr>\n<th scope=\"row\">Marque<\/th>\n<td>ROINTE<\/td>\n<\/tr>\n<tr>\n<th scope=\"row\">Mati\u00e8re<\/th>\n<td>Aluminium<\/td>\n<\/tr>\n<tr>\n<th scope=\"row\">Mobilit\u00e9 (radiateur)<\/th>\n<td>Fixe<\/td>\n<\/tr>\n<tr>\n<th scope=\"row\">Mode de chauffage<\/th>\n<td>Fluide caloporteur<\/td>\n<\/tr>\n<tr>\n<th scope=\"row\">Position (radiateur)<\/th>\n<td>Horizontal<\/td>\n<\/tr>\n<tr>\n<th scope=\"row\">Profondeur<\/th>\n<td>97\u00a0mm<\/td>\n<\/tr>\n<tr>\n<th scope=\"row\">Technologie<\/th>\n<td>Inertie fluide<\/td>\n<\/tr>\n<tr>\n<th scope=\"row\">Thermostat<\/th>\n<td>Electronique<\/td>\n<\/tr>\n<tr>\n<th scope=\"row\">Code fabricant<\/th>\n<td>\n<ul>\n<li>DFB0500RAD<\/li>\n<li>DFB1000RAD<\/li>\n<li>DFB2000RAD<\/li>\n<li>DFB1500RAD<\/li>\n<li>DFB0750RAD<\/li>\n<li>DFB1250RAD<\/li>\n<\/ul>\n<\/td>\n<\/tr>\n<tr>\n<th scope=\"row\">Largeur (mm)<\/th>\n<td>\n<ul>\n<li><a class=\"disc-ch-shortcut\" href=\"httpss:\/\/www.bricozor.com\/radiateur-electrique-fluide-caloporteur-delta-ultimate-wifi-anthracite-rointe.html?ref=ROIDFB2000RAD&amp;srsltid=AR5OiO04URovIe-99VpbkpqEl0GvhKhQh6ghmyENuETAAXdM5ceY5vQ6g3w#\" data-target=\"#ch_7874_510\" data-scroll-to=\"#article-selector-redesign\">510<\/a><\/li>\n<li><a class=\"disc-ch-shortcut\" href=\"httpss:\/\/www.bricozor.com\/radiateur-electrique-fluide-caloporteur-delta-ultimate-wifi-anthracite-rointe.html?ref=ROIDFB2000RAD&amp;srsltid=AR5OiO04URovIe-99VpbkpqEl0GvhKhQh6ghmyENuETAAXdM5ceY5vQ6g3w#\" data-target=\"#ch_7874_590\" data-scroll-to=\"#article-selector-redesign\">590<\/a><\/li>\n<li><a class=\"disc-ch-shortcut\" href=\"httpss:\/\/www.bricozor.com\/radiateur-electrique-fluide-caloporteur-delta-ultimate-wifi-anthracite-rointe.html?ref=ROIDFB2000RAD&amp;srsltid=AR5OiO04URovIe-99VpbkpqEl0GvhKhQh6ghmyENuETAAXdM5ceY5vQ6g3w#\" data-target=\"#ch_7874_675\" data-scroll-to=\"#article-selector-redesign\">675<\/a><\/li>\n<li><a class=\"disc-ch-shortcut\" href=\"httpss:\/\/www.bricozor.com\/radiateur-electrique-fluide-caloporteur-delta-ultimate-wifi-anthracite-rointe.html?ref=ROIDFB2000RAD&amp;srsltid=AR5OiO04URovIe-99VpbkpqEl0GvhKhQh6ghmyENuETAAXdM5ceY5vQ6g3w#\" data-target=\"#ch_7874_835\" data-scroll-to=\"#article-selector-redesign\">835<\/a><\/li>\n<li><a class=\"disc-ch-shortcut\" href=\"httpss:\/\/www.bricozor.com\/radiateur-electrique-fluide-caloporteur-delta-ultimate-wifi-anthracite-rointe.html?ref=ROIDFB2000RAD&amp;srsltid=AR5OiO04URovIe-99VpbkpqEl0GvhKhQh6ghmyENuETAAXdM5ceY5vQ6g3w#\" data-target=\"#ch_7874_915\" data-scroll-to=\"#article-selector-redesign\">915<\/a><\/li>\n<li><a class=\"disc-ch-shortcut\" href=\"httpss:\/\/www.bricozor.com\/radiateur-electrique-fluide-caloporteur-delta-ultimate-wifi-anthracite-rointe.html?ref=ROIDFB2000RAD&amp;srsltid=AR5OiO04URovIe-99VpbkpqEl0GvhKhQh6ghmyENuETAAXdM5ceY5vQ6g3w#\" data-target=\"#ch_7874_1116\" data-scroll-to=\"#article-selector-redesign\">1116<\/a><\/li>\n<\/ul>\n<\/td>\n<\/tr>\n<tr>\n<th scope=\"row\">Puissance (watts)<\/th>\n<td>\n<ul>\n<li><a class=\"disc-ch-shortcut\" href=\"httpss:\/\/www.bricozor.com\/radiateur-electrique-fluide-caloporteur-delta-ultimate-wifi-anthracite-rointe.html?ref=ROIDFB2000RAD&amp;srsltid=AR5OiO04URovIe-99VpbkpqEl0GvhKhQh6ghmyENuETAAXdM5ceY5vQ6g3w#\" data-target=\"#ch_335_500\" data-scroll-to=\"#article-selector-redesign\">500<\/a><\/li>\n<li><a class=\"disc-ch-shortcut\" href=\"httpss:\/\/www.bricozor.com\/radiateur-electrique-fluide-caloporteur-delta-ultimate-wifi-anthracite-rointe.html?ref=ROIDFB2000RAD&amp;srsltid=AR5OiO04URovIe-99VpbkpqEl0GvhKhQh6ghmyENuETAAXdM5ceY5vQ6g3w#\" data-target=\"#ch_335_750\" data-scroll-to=\"#article-selector-redesign\">750<\/a><\/li>\n<li><a class=\"disc-ch-shortcut\" href=\"httpss:\/\/www.bricozor.com\/radiateur-electrique-fluide-caloporteur-delta-ultimate-wifi-anthracite-rointe.html?ref=ROIDFB2000RAD&amp;srsltid=AR5OiO04URovIe-99VpbkpqEl0GvhKhQh6ghmyENuETAAXdM5ceY5vQ6g3w#\" data-target=\"#ch_335_1000\" data-scroll-to=\"#article-selector-redesign\">1000<\/a><\/li>\n<li><a class=\"disc-ch-shortcut\" href=\"httpss:\/\/www.bricozor.com\/radiateur-electrique-fluide-caloporteur-delta-ultimate-wifi-anthracite-rointe.html?ref=ROIDFB2000RAD&amp;srsltid=AR5OiO04URovIe-99VpbkpqEl0GvhKhQh6ghmyENuETAAXdM5ceY5vQ6g3w#\" data-target=\"#ch_335_1250\" data-scroll-to=\"#article-selector-redesign\">1250<\/a><\/li>\n<li><a class=\"disc-ch-shortcut\" href=\"httpss:\/\/www.bricozor.com\/radiateur-electrique-fluide-caloporteur-delta-ultimate-wifi-anthracite-rointe.html?ref=ROIDFB2000RAD&amp;srsltid=AR5OiO04URovIe-99VpbkpqEl0GvhKhQh6ghmyENuETAAXdM5ceY5vQ6g3w#\" data-target=\"#ch_335_1500\" data-scroll-to=\"#article-selector-redesign\">1500<\/a><\/li>\n<li><a class=\"disc-ch-shortcut\" href=\"httpss:\/\/www.bricozor.com\/radiateur-electrique-fluide-caloporteur-delta-ultimate-wifi-anthracite-rointe.html?ref=ROIDFB2000RAD&amp;srsltid=AR5OiO04URovIe-99VpbkpqEl0GvhKhQh6ghmyENuETAAXdM5ceY5vQ6g3w#\" data-target=\"#ch_335_2000\" data-scroll-to=\"#article-selector-redesign\">2000<\/a><\/li>\n<\/ul>\n<\/td>\n<\/tr>\n<\/tbody>\n<\/table>\n<p>**Points forts :** Puissant, silencieux et \u00e9conomique.<br \/>\n**Pourquoi choisir ce produit ?** Pour un confort optimal toute l\u2019ann\u00e9e.<\/p>\n","protected":false},"excerpt":{"rendered":"<ul>\n<li>1er radiateur au monde avec Wifi int\u00e9gr\u00e9<\/li>\n<li>Economie d&rsquo;\u00e9nergie<\/li>\n<li>6 modes de fonctionnement<\/li>\n<\/ul>\n<p> Con\u00e7u pour le confort, la puissance et la faible consommation.<\/p>\n","protected":false},"featured_media":3206,"comment_status":"closed","ping_status":"closed","template":"","meta":[],"product_brand":[],"product_cat":[156],"product_tag":[],"class_list":{"0":"post-3205","1":"product","2":"type-product","3":"status-publish","6":"product_cat-chauffage-et-plomberie","8":"first","9":"instock","10":"taxable","11":"shipping-taxable","12":"purchasable","13":"product-type-simple"},"_links":{"self":[{"href":"https:\/\/menagers-holding.fr\/index.php?rest_route=\/wp\/v2\/product\/3205","targetHints":{"allow":["GET"]}}],"collection":[{"href":"https:\/\/menagers-holding.fr\/index.php?rest_route=\/wp\/v2\/product"}],"about":[{"href":"https:\/\/menagers-holding.fr\/index.php?rest_route=\/wp\/v2\/types\/product"}],"replies":[{"embeddable":true,"href":"https:\/\/menagers-holding.fr\/index.php?rest_route=%2Fwp%2Fv2%2Fcomments&post=3205"}],"wp:featuredmedia":[{"embeddable":true,"href":"https:\/\/menagers-holding.fr\/index.php?rest_route=\/wp\/v2\/media\/3206"}],"wp:attachment":[{"href":"https:\/\/menagers-holding.fr\/index.php?rest_route=%2Fwp%2Fv2%2Fmedia&parent=3205"}],"wp:term":[{"taxonomy":"product_brand","embeddable":true,"href":"https:\/\/menagers-holding.fr\/index.php?rest_route=%2Fwp%2Fv2%2Fproduct_brand&post=3205"},{"taxonomy":"product_cat","embeddable":true,"href":"https:\/\/menagers-holding.fr\/index.php?rest_route=%2Fwp%2Fv2%2Fproduct_cat&post=3205"},{"taxonomy":"product_tag","embeddable":true,"href":"https:\/\/menagers-holding.fr\/index.php?rest_route=%2Fwp%2Fv2%2Fproduct_tag&post=3205"}],"curies":[{"name":"wp","href":"https:\/\/api.w.org\/{rel}","templated":true}]}}