{"id":3203,"date":"2022-10-16T07:57:36","date_gmt":"2022-10-16T07:57:36","guid":{"rendered":"https:\/\/menagers-holding.fr\/?post_type=product&#038;p=3203"},"modified":"2025-09-21T04:31:39","modified_gmt":"2025-09-21T04:31:39","slug":"radiateur-electrique-fluide-caloporteur-sygma-bas-1300-w","status":"publish","type":"product","link":"https:\/\/menagers-holding.fr\/?product=radiateur-electrique-fluide-caloporteur-sygma-bas-1300-w","title":{"rendered":"Radiateur \u00e9lectrique FLUIDE CALOPORTEUR SYGMA BAS 1300 W"},"content":{"rendered":"<p>Corps de chauffe en aluminium avec fermetures lat\u00e9rales sur les c\u00f4t\u00e9s.<br \/>\nPuissance moyenne consomm\u00e9e \u00e9quivalent \u00e0 40% de la puissance nominale (Optimizer Energy Plus).<br \/>\nThermostat \u00e9lectronique SMD avec microcontr\u00f4leur RointeULP4.<br \/>\n\u00c9cran TFT avec indicateur de consommation.<br \/>\nProgrammation 24\/7 par clavier int\u00e9gr\u00e9.<br \/>\nModes Eco, Confort et Anti-free.<br \/>\nFonctions \u00e9quilibre et fen\u00eatres ouvertes.<br \/>\nGestion autonome ou via fil pilote.<br \/>\nContr\u00f4le par t\u00e9l\u00e9commande Air Control ou Basic Control.<br \/>\nGarantie 10 ans sur corps et 2 ans sur composants \u00e9lectriques et \u00e9lectroniques.<\/p>\n<p>**Points forts :** Puissant, silencieux et \u00e9conomique.<br \/>\n**Pourquoi choisir ce produit ?** Pour un confort optimal toute l\u2019ann\u00e9e.<\/p>\n","protected":false},"excerpt":{"rendered":"<p>Nouveau Radiateurs \u00e9lectriques \u00e0 fluide caloporteur Radiateur \u00e9lectrique \u00e0 fluide caloporteur Sygma bas Corps de chauffe en aluminium avec fermetures lat\u00e9rales sur les c\u00f4t\u00e9s. Puissance moyenne consomm\u00e9e \u00e9quivalent \u00e0 40% de la puissance nominale (Optimizer Energy Plus).Thermostat \u00e9lectronique SMD Fabrication Europ\u00e9enne Con\u00e7u pour le confort, la puissance et la faible consommation.<\/p>\n","protected":false},"featured_media":3204,"comment_status":"closed","ping_status":"closed","template":"","meta":[],"product_brand":[],"product_cat":[156],"product_tag":[],"class_list":{"0":"post-3203","1":"product","2":"type-product","3":"status-publish","6":"product_cat-chauffage-et-plomberie","8":"first","9":"instock","10":"taxable","11":"shipping-taxable","12":"purchasable","13":"product-type-simple"},"_links":{"self":[{"href":"https:\/\/menagers-holding.fr\/index.php?rest_route=\/wp\/v2\/product\/3203","targetHints":{"allow":["GET"]}}],"collection":[{"href":"https:\/\/menagers-holding.fr\/index.php?rest_route=\/wp\/v2\/product"}],"about":[{"href":"https:\/\/menagers-holding.fr\/index.php?rest_route=\/wp\/v2\/types\/product"}],"replies":[{"embeddable":true,"href":"https:\/\/menagers-holding.fr\/index.php?rest_route=%2Fwp%2Fv2%2Fcomments&post=3203"}],"wp:featuredmedia":[{"embeddable":true,"href":"https:\/\/menagers-holding.fr\/index.php?rest_route=\/wp\/v2\/media\/3204"}],"wp:attachment":[{"href":"https:\/\/menagers-holding.fr\/index.php?rest_route=%2Fwp%2Fv2%2Fmedia&parent=3203"}],"wp:term":[{"taxonomy":"product_brand","embeddable":true,"href":"https:\/\/menagers-holding.fr\/index.php?rest_route=%2Fwp%2Fv2%2Fproduct_brand&post=3203"},{"taxonomy":"product_cat","embeddable":true,"href":"https:\/\/menagers-holding.fr\/index.php?rest_route=%2Fwp%2Fv2%2Fproduct_cat&post=3203"},{"taxonomy":"product_tag","embeddable":true,"href":"https:\/\/menagers-holding.fr\/index.php?rest_route=%2Fwp%2Fv2%2Fproduct_tag&post=3203"}],"curies":[{"name":"wp","href":"https:\/\/api.w.org\/{rel}","templated":true}]}}