{"id":3190,"date":"2022-10-16T06:59:36","date_gmt":"2022-10-16T06:59:36","guid":{"rendered":"https:\/\/menagers-holding.fr\/?post_type=product&#038;p=3190"},"modified":"2025-09-21T04:31:39","modified_gmt":"2025-09-21T04:31:39","slug":"radiateur-a-inertie-seche-titan-1500w-univr-chauffage","status":"publish","type":"product","link":"https:\/\/menagers-holding.fr\/?product=radiateur-a-inertie-seche-titan-1500w-univr-chauffage","title":{"rendered":"Radiateur \u00e0 inertie s\u00e8che Titan 1500W UNIV&rsquo;R CHAUFFAGE"},"content":{"rendered":"<ul class=\"ProductPage-carac\">\n<li class=\"ProductPage-caracLine\"><strong class=\"ProductPage-caracLabel\">AVANTAGE N\u00b01\u00a0:\u00a0<\/strong><span class=\"ProductPage-caracText\">C\u00e9ramique fran\u00e7aise naturelle<\/span><\/li>\n<li class=\"ProductPage-caracLine\"><strong class=\"ProductPage-caracLabel\">AVANTAGE N\u00b02\u00a0:\u00a0<\/strong><span class=\"ProductPage-caracText\">T\u00e9l\u00e9commande en option<\/span><\/li>\n<li class=\"ProductPage-caracLine\"><strong class=\"ProductPage-caracLabel\">AVANTAGE N\u00b03\u00a0:\u00a0<\/strong><span class=\"ProductPage-caracText\">Garantie 10 ans<\/span><\/li>\n<li class=\"ProductPage-caracLine\"><strong class=\"ProductPage-caracLabel\">AVANTAGE N\u00b04\u00a0:\u00a0<\/strong><span class=\"ProductPage-caracText\">Programmation hebdomadaire<\/span><\/li>\n<li class=\"ProductPage-caracLine\"><strong class=\"ProductPage-caracLabel\">AVANTAGE N\u00b05\u00a0:\u00a0<\/strong><span class=\"ProductPage-caracText\">Compteur d&rsquo;\u00e9nergie<\/span><\/li>\n<li class=\"ProductPage-caracLine\"><strong class=\"ProductPage-caracLabel\">LARGEUR UC D\u00c9BALL\u00c9 (EN CM)\u00a0:\u00a0<\/strong><span class=\"ProductPage-caracText\">57.00<\/span><\/li>\n<li class=\"ProductPage-caracLine\"><strong class=\"ProductPage-caracLabel\">VOLUME UC D\u00c9BALL\u00c9 (EN DM3)\u00a0:\u00a0<\/strong><span class=\"ProductPage-caracText\">40.120<\/span><\/li>\n<li class=\"ProductPage-caracLine\"><strong class=\"ProductPage-caracLabel\">POIDS UC D\u00c9BALL\u00c9 (EN KG)\u00a0:\u00a0<\/strong><span class=\"ProductPage-caracText\">17.950<\/span><\/li>\n<li class=\"ProductPage-caracLine\"><strong class=\"ProductPage-caracLabel\">PROFONDEUR UC D\u00c9BALL\u00c9 (EN CM)\u00a0:\u00a0<\/strong><span class=\"ProductPage-caracText\">9.50<\/span><\/li>\n<li class=\"ProductPage-caracLine\"><strong class=\"ProductPage-caracLabel\">HAUTEUR UC D\u00c9BALL\u00c9 (EN CM)\u00a0:\u00a0<\/strong><span class=\"ProductPage-caracText\">58.00<\/span><\/li>\n<li class=\"ProductPage-caracLine\"><strong class=\"ProductPage-caracLabel\">COULEUR RADIATEUR \u00c9LECTRIQUES\u00a0:\u00a0<\/strong><span class=\"ProductPage-caracText\">Blanc<\/span><\/li>\n<li class=\"ProductPage-caracLine\"><strong class=\"ProductPage-caracLabel\">PUISSANCE RADIATEUR \u00c9LECTRIQUES\u00a0:\u00a0<\/strong><span class=\"ProductPage-caracText\">1500 w<\/span><\/li>\n<li class=\"ProductPage-caracLine\"><strong class=\"ProductPage-caracLabel\">SURFACE CHAUFFANTE \u00c9LECTRIQUES\u00a0:\u00a0<\/strong><span class=\"ProductPage-caracText\">Entre 11 m\u00b2 et 15<\/span><\/li>\n<li class=\"ProductPage-caracLine\"><strong class=\"ProductPage-caracLabel\">HAUTEUR RADIATEURS \u00c9LECTRIQUES\u00a0:\u00a0<\/strong><span class=\"ProductPage-caracText\">De 40 \u00e0 60 cm<\/span><\/li>\n<li class=\"ProductPage-caracLine\"><strong class=\"ProductPage-caracLabel\">THERMOSTAT RADIATEURS \u00c9LECTRIQUES\u00a0:\u00a0<\/strong><span class=\"ProductPage-caracText\">Electronique<\/span><\/li>\n<li class=\"ProductPage-caracLine\"><strong class=\"ProductPage-caracLabel\">INFORMATION L\u00c9GALE COV (COMPOS\u00c9S ORGANIQUES VOLATILES)\u00a0:\u00a0<\/strong><span class=\"ProductPage-caracText\">Emissions dans l&rsquo;air : Information sur le niveau d&rsquo;\u00e9mission de substances volatiles dans l&rsquo;air int\u00e9rieur, pr\u00e9sentant un risque de toxicit\u00e9 par inhalation, sur une \u00e9chelle de classe allant de A+(tr\u00e8s faibles \u00e9missions) \u00e0 C (fortes \u00e9missions).<\/span><\/li>\n<li class=\"ProductPage-caracLine\"><strong class=\"ProductPage-caracLabel\">TYPES ACCESSOIRES\u00a0:\u00a0<\/strong><span class=\"ProductPage-caracText\">Thermostat num\u00e9rique<\/span><\/li>\n<li class=\"ProductPage-caracLine\"><strong class=\"ProductPage-caracLabel\">FORMAT RADIATEURS \u00c9LECTRIQUES\u00a0:\u00a0<\/strong><span class=\"ProductPage-caracText\">Horizontal<\/span><\/li>\n<li class=\"ProductPage-caracLine\"><strong class=\"ProductPage-caracLabel\">TYPE RADIATEURS \u00c9LECTRIQUES\u00a0:\u00a0<\/strong><span class=\"ProductPage-caracText\">A inertie c\u00e9ramique<\/span><\/li>\n<\/ul>\n<p>**Points forts :** Puissant, silencieux et \u00e9conomique.<br \/>\n**Pourquoi choisir ce produit ?** Pour un confort optimal toute l\u2019ann\u00e9e.<\/p>\n","protected":false},"excerpt":{"rendered":"<p>Sa c\u00e9ramique monobloc de fabrication exclusive offre une rapide mont\u00e9e en temp\u00e9rature pour une restitution tr\u00e8s lente de la chaleur. Il diffuse une chaleur saine, homog\u00e8ne et enveloppante. Con\u00e7u pour le confort, la puissance et la faible consommation.<\/p>\n","protected":false},"featured_media":3191,"comment_status":"closed","ping_status":"closed","template":"","meta":[],"product_brand":[],"product_cat":[156],"product_tag":[],"class_list":{"0":"post-3190","1":"product","2":"type-product","3":"status-publish","6":"product_cat-chauffage-et-plomberie","8":"first","9":"instock","10":"taxable","11":"shipping-taxable","12":"purchasable","13":"product-type-simple"},"_links":{"self":[{"href":"https:\/\/menagers-holding.fr\/index.php?rest_route=\/wp\/v2\/product\/3190","targetHints":{"allow":["GET"]}}],"collection":[{"href":"https:\/\/menagers-holding.fr\/index.php?rest_route=\/wp\/v2\/product"}],"about":[{"href":"https:\/\/menagers-holding.fr\/index.php?rest_route=\/wp\/v2\/types\/product"}],"replies":[{"embeddable":true,"href":"https:\/\/menagers-holding.fr\/index.php?rest_route=%2Fwp%2Fv2%2Fcomments&post=3190"}],"wp:featuredmedia":[{"embeddable":true,"href":"https:\/\/menagers-holding.fr\/index.php?rest_route=\/wp\/v2\/media\/3191"}],"wp:attachment":[{"href":"https:\/\/menagers-holding.fr\/index.php?rest_route=%2Fwp%2Fv2%2Fmedia&parent=3190"}],"wp:term":[{"taxonomy":"product_brand","embeddable":true,"href":"https:\/\/menagers-holding.fr\/index.php?rest_route=%2Fwp%2Fv2%2Fproduct_brand&post=3190"},{"taxonomy":"product_cat","embeddable":true,"href":"https:\/\/menagers-holding.fr\/index.php?rest_route=%2Fwp%2Fv2%2Fproduct_cat&post=3190"},{"taxonomy":"product_tag","embeddable":true,"href":"https:\/\/menagers-holding.fr\/index.php?rest_route=%2Fwp%2Fv2%2Fproduct_tag&post=3190"}],"curies":[{"name":"wp","href":"https:\/\/api.w.org\/{rel}","templated":true}]}}