{"id":3185,"date":"2022-10-16T06:52:05","date_gmt":"2022-10-16T06:52:05","guid":{"rendered":"https:\/\/menagers-holding.fr\/?post_type=product&#038;p=3185"},"modified":"2025-09-21T04:31:37","modified_gmt":"2025-09-21T04:31:37","slug":"mazda-1500-watts-radiateur-electrique-a-inertie","status":"publish","type":"product","link":"https:\/\/menagers-holding.fr\/?product=mazda-1500-watts-radiateur-electrique-a-inertie","title":{"rendered":"Mazda 1500 Watts Radiateur \u00e9lectrique A inertie"},"content":{"rendered":"<p>Radiateur \u00e9lectrique &#8211; Puissance : 1500 W &#8211; Double technologie a inertie c\u00e9ramique et film surfacique &#8211; Affichage LCD &#8211; Programmation journaliere et hebdomadaire &#8211; IP24 &#8211; NF &#8211; Garantie 3 ans<\/p>\n<p>TYPE RADIATEURS \u00c9LECTRIQUES : A convection<\/p>\n<p>**Points forts :** Puissant, silencieux et \u00e9conomique.<br \/>\n**Pourquoi choisir ce produit ?** Pour un confort optimal toute l\u2019ann\u00e9e.<\/p>\n","protected":false},"excerpt":{"rendered":"<p>Con\u00e7u pour le confort, la puissance et la faible consommation.<\/p>\n","protected":false},"featured_media":3186,"comment_status":"closed","ping_status":"closed","template":"","meta":[],"product_brand":[],"product_cat":[156],"product_tag":[],"class_list":{"0":"post-3185","1":"product","2":"type-product","3":"status-publish","6":"product_cat-chauffage-et-plomberie","8":"first","9":"instock","10":"taxable","11":"shipping-taxable","12":"purchasable","13":"product-type-simple"},"_links":{"self":[{"href":"https:\/\/menagers-holding.fr\/index.php?rest_route=\/wp\/v2\/product\/3185","targetHints":{"allow":["GET"]}}],"collection":[{"href":"https:\/\/menagers-holding.fr\/index.php?rest_route=\/wp\/v2\/product"}],"about":[{"href":"https:\/\/menagers-holding.fr\/index.php?rest_route=\/wp\/v2\/types\/product"}],"replies":[{"embeddable":true,"href":"https:\/\/menagers-holding.fr\/index.php?rest_route=%2Fwp%2Fv2%2Fcomments&post=3185"}],"wp:featuredmedia":[{"embeddable":true,"href":"https:\/\/menagers-holding.fr\/index.php?rest_route=\/wp\/v2\/media\/3186"}],"wp:attachment":[{"href":"https:\/\/menagers-holding.fr\/index.php?rest_route=%2Fwp%2Fv2%2Fmedia&parent=3185"}],"wp:term":[{"taxonomy":"product_brand","embeddable":true,"href":"https:\/\/menagers-holding.fr\/index.php?rest_route=%2Fwp%2Fv2%2Fproduct_brand&post=3185"},{"taxonomy":"product_cat","embeddable":true,"href":"https:\/\/menagers-holding.fr\/index.php?rest_route=%2Fwp%2Fv2%2Fproduct_cat&post=3185"},{"taxonomy":"product_tag","embeddable":true,"href":"https:\/\/menagers-holding.fr\/index.php?rest_route=%2Fwp%2Fv2%2Fproduct_tag&post=3185"}],"curies":[{"name":"wp","href":"https:\/\/api.w.org\/{rel}","templated":true}]}}