{"id":3123,"date":"2022-09-03T21:11:54","date_gmt":"2022-09-03T21:11:54","guid":{"rendered":"https:\/\/menagers-holding.fr\/?post_type=product&#038;p=3123"},"modified":"2025-09-23T08:43:54","modified_gmt":"2025-09-23T08:43:54","slug":"electrolux-exp34u338hw","status":"publish","type":"product","link":"https:\/\/menagers-holding.fr\/?product=electrolux-exp34u338hw","title":{"rendered":"Electrolux EXP34U338HW Split"},"content":{"rendered":"<div class=\"specs\">\n<div class=\"specs__row\">Marque <a class=\"specs__party\" title=\"Electrolux\" href=\"httpss:\/\/www.bol.com\/be\/fr\/c\/electrolux\/4140786\/\">Electrolux<\/a><\/div>\n<div class=\"specs__row\">Couleur Blanc<\/div>\n<div class=\"specs__row\">Type de climatisation\u00a0 mobile<\/div>\n<div class=\"specs__row\">Convient pour des espaces allant jusqu&rsquo;\u00e036 m\u00b2<\/div>\n<div class=\"specs__row\">Puissance frigorifique btu12000<\/div>\n<div class=\"specs__row\">Niveau de consommation d&rsquo;\u00e9nergie\u00a0A<\/div>\n<div class=\"specs__row\">Puissance3400 W<\/div>\n<div class=\"specs__row\">Poids33 kg<\/div>\n<\/div>\n<div class=\"specs\">\n<h3>Param\u00e8tres et fonctionnalit\u00e9s<\/h3>\n<div class=\"specs__row\">Thermostat r\u00e9glable Oui<\/div>\n<div class=\"specs__row\">Avec roues Oui<\/div>\n<div class=\"specs__row\">Arr\u00eat automatique Oui<\/div>\n<div class=\"specs__row\">Int\u00e9gr\u00e9 ou mobile Autoportant<\/div>\n<div class=\"specs__row\">Interrupteur marche\/arr\u00eat Oui<\/div>\n<div class=\"specs__row\">Voyant lumineux Oui<\/div>\n<div class=\"specs__row\">Minuterie Oui<\/div>\n<\/div>\n<div class=\"specs\">\n<h3>Accessoires fournis<\/h3>\n<div class=\"specs__row\">Contr\u00f4le via une application mobile\u00a0Non<\/div>\n<div class=\"specs__row\">T\u00e9l\u00e9commande Oui<\/div>\n<\/div>\n<div class=\"specs\">\n<h3>Fonctions de traitement d&rsquo;air<\/h3>\n<div class=\"specs__row\">Fonction de contr\u00f4le de la temp\u00e9rature Fonction de d\u00e9shumidification | Fonction de chauffage<\/div>\n<\/div>\n<div class=\"specs\">\n<h3>Autres sp\u00e9cifications<\/h3>\n<div class=\"specs__row\">Consommation d&rsquo;\u00e9nergie\u00a01.3 W<\/div>\n<div class=\"specs__row\">Convient pour un nombre de m\u00e8tres cubes120 m\u00b3<\/div>\n<div class=\"specs__row\">D\u00e9lai de garantie du fabricant\u00a02 ans<\/div>\n<div class=\"specs__row\">Filtre Oui<\/div>\n<div class=\"specs__row\">Fonction d&rsquo;\u00e9puration de l&rsquo;air Non<\/div>\n<div class=\"specs__row\">Fonction de chauffage Non<\/div>\n<div class=\"specs__row\">Fonction de d\u00e9shumidification Non<\/div>\n<div class=\"specs__row\">Hauteur du produit710 mm<\/div>\n<div class=\"specs__row\">Kit d&rsquo;\u00e9tanch\u00e9it\u00e9 des fen\u00eatres inclus Non<\/div>\n<div class=\"specs__row\">Largeur du produit476 mm<\/div>\n<div class=\"specs__row\">Longueur du produit385 mm<\/div>\n<div class=\"specs__row\">Mobile Oui<\/div>\n<div class=\"specs__row\">Mod\u00e8leexp34u338hw<\/div>\n<div class=\"specs__row\">NPP (num\u00e9ro de pi\u00e8ce du fabricant)950 010 973<\/div>\n<div class=\"specs__row\">Poids du produit33500 g<\/div>\n<div class=\"specs__row\">Production sonore maximale64 dB<\/div>\n<\/div>\n<div class=\"specs\">\n<h3>EAN<\/h3>\n<div class=\"specs__row\">EAN7332543587636<\/div>\n<\/div>\n<p>**Points forts :** Puissant, silencieux et \u00e9conomique.<br \/>\n**Pourquoi choisir ce produit ?** Pour un confort optimal toute l\u2019ann\u00e9e.<\/p>\n","protected":false},"excerpt":{"rendered":"<p>R\u00e9f: 29EMP54D65<\/p>\n<p>Disponible en stock<\/p>\n<p>Livraison gratuite 2 \u00e0 3 jours<\/p>\n<p>Sp\u00e9cifications du produit<br \/>\n&#8211; Couleur Wit<br \/>\n&#8211; Mod\u00e8le Chill Flex Pro<br \/>\n&#8211; Type de climatisation Climatisation mobile<br \/>\n&#8211; Convient pour un espace jusqu&rsquo;\u00e0 40 m2<br \/>\n&#8211; Label \u00e9nerg\u00e9tique A +<br \/>\n&#8211; Capacit\u00e9 de refroidissement en BTU 12000 BTU<br \/>\n&#8211; D\u00e9placement d&rsquo;air: 420\/380\/340 m3 \/ h<br \/>\n&#8211; Puissance: 3500 Watt<br \/>\n&#8211; Niveau sonore: 64 dB<br \/>\n&#8211; Poids: 34 kg Con\u00e7u pour le confort, la puissance et la faible consommation.<\/p>\n","protected":false},"featured_media":3124,"comment_status":"closed","ping_status":"closed","template":"","meta":[],"product_brand":[],"product_cat":[165,180],"product_tag":[],"class_list":{"0":"post-3123","1":"product","2":"type-product","3":"status-publish","6":"product_cat-climatiseur","7":"product_cat-electromenagers","9":"first","10":"instock","11":"sale","12":"taxable","13":"shipping-taxable","14":"purchasable","15":"product-type-simple"},"_links":{"self":[{"href":"https:\/\/menagers-holding.fr\/index.php?rest_route=\/wp\/v2\/product\/3123","targetHints":{"allow":["GET"]}}],"collection":[{"href":"https:\/\/menagers-holding.fr\/index.php?rest_route=\/wp\/v2\/product"}],"about":[{"href":"https:\/\/menagers-holding.fr\/index.php?rest_route=\/wp\/v2\/types\/product"}],"replies":[{"embeddable":true,"href":"https:\/\/menagers-holding.fr\/index.php?rest_route=%2Fwp%2Fv2%2Fcomments&post=3123"}],"wp:featuredmedia":[{"embeddable":true,"href":"https:\/\/menagers-holding.fr\/index.php?rest_route=\/wp\/v2\/media\/3124"}],"wp:attachment":[{"href":"https:\/\/menagers-holding.fr\/index.php?rest_route=%2Fwp%2Fv2%2Fmedia&parent=3123"}],"wp:term":[{"taxonomy":"product_brand","embeddable":true,"href":"https:\/\/menagers-holding.fr\/index.php?rest_route=%2Fwp%2Fv2%2Fproduct_brand&post=3123"},{"taxonomy":"product_cat","embeddable":true,"href":"https:\/\/menagers-holding.fr\/index.php?rest_route=%2Fwp%2Fv2%2Fproduct_cat&post=3123"},{"taxonomy":"product_tag","embeddable":true,"href":"https:\/\/menagers-holding.fr\/index.php?rest_route=%2Fwp%2Fv2%2Fproduct_tag&post=3123"}],"curies":[{"name":"wp","href":"https:\/\/api.w.org\/{rel}","templated":true}]}}