{"id":3115,"date":"2022-09-03T21:03:19","date_gmt":"2022-09-03T21:03:19","guid":{"rendered":"https:\/\/menagers-holding.fr\/?post_type=product&#038;p=3115"},"modified":"2025-09-23T08:43:54","modified_gmt":"2025-09-23T08:43:54","slug":"climatiseur-mobile-pacw212hp-whirlpool","status":"publish","type":"product","link":"https:\/\/menagers-holding.fr\/?product=climatiseur-mobile-pacw212hp-whirlpool","title":{"rendered":"Climatiseur mobile PACW212HP Whirlpool Split"},"content":{"rendered":"<p>Le climatiseur mobile Whirlpool PACW212HP est silencieux gr\u00e2ce au Modus silencieux, qui r\u00e9duit le niveau sonore jusqu&rsquo;\u00e0 70%. Ceci est rendu possible en faisant fonctionner l&rsquo;\u00e9vaporateur et le ventilateur lentement (bas\u00e9 sur une r\u00e9duction du bruit de 5 dB (A) par rapport \u00e0 la vitesse maximale de l&rsquo;\u00e9vaporateur et du ventilateur. Laboratoires de mesure internes selon EN 12102). Gr\u00e2ce au nouveau gaz R290, les \u00e9missions de CO\u00b2 sont minimis\u00e9es, ce qui signifie que le climatiseur a peu d&rsquo;impact sur l&rsquo;environnement. Ce climatiseur a une capacit\u00e9 de refroidissement de 12000 BTU, et convient donc aux pi\u00e8ces de 20 \u00e0 30 m\u00b2. La conception moderne et compacte rend le climatiseur aircondioner facilement transportable, gr\u00e2ce au filtre HEPA wielen.Het peut \u00eatre jusqu&rsquo;\u00e0 99,9% des particules plus grandes que 0 3? m \u00e9limination, qui est la taille de la plupart des particules allerg\u00e8nes.<\/p>\n<p>\u2022 Classe \u00e9nerg\u00e9tique: A +<br \/>\n\u2022 Capacit\u00e9 de refroidissement de 12000 BTU<br \/>\n\u2022 Pour les pi\u00e8ces de 20 \u00e0 30 m\u00b2<br \/>\n\u2022 Couleur: blanc \/ argent<\/p>\n<div class=\"sc-681d5ad4-0 gSpzKr\">\n<div class=\"sc-681d5ad4-1 kKCGsa\">\n<div class=\"sc-f52c9abb-0 fwXaMC\">\n<div class=\"sc-681d5ad4-5 cRFIqW fly-over-content-wrap\">\n<div class=\"sc-d847f22d-0 gQsSUn sc-3269a549-0 fksukt\">\n<div class=\"sc-d847f22d-0 dBixJx\">\n<div class=\"col-1\"><\/div>\n<\/div>\n<\/div>\n<div class=\"sc-d847f22d-0 cPFSRO\">\n<h4 class=\"sc-cdf663a8-0 eeHzTi typography\">Caract\u00e9ristiques g\u00e9n\u00e9rales<\/h4>\n<div class=\"sc-d847f22d-0 gQsSUn\">\n<div class=\"sc-d847f22d-0 dBixJx\">\n<div class=\"col\">\n<div class=\"sc-d847f22d-0 ihZqOw\">\n<div class=\"sc-d847f22d-0 gNyLEA col-7\"><span class=\"sc-cdf663a8-0 ghjkYU typography\">Largeur:<\/span><\/div>\n<div class=\"sc-d847f22d-0 ipplOn col\"><span class=\"sc-cdf663a8-0 eETDcE sc-e9ed7eac-1 FdGYr typography\">448\u00a0mm<\/span><\/div>\n<\/div>\n<\/div>\n<div class=\"col-1\"><\/div>\n<\/div>\n<div class=\"sc-d847f22d-0 dBixJx\">\n<div class=\"col\">\n<div class=\"sc-d847f22d-0 ihZqOw\">\n<div class=\"sc-d847f22d-0 gNyLEA col-7\"><span class=\"sc-cdf663a8-0 ghjkYU typography\">Profondeur:<\/span><\/div>\n<div class=\"sc-d847f22d-0 ipplOn col\"><span class=\"sc-cdf663a8-0 eETDcE sc-e9ed7eac-1 FdGYr typography\">400\u00a0mm<\/span><\/div>\n<\/div>\n<\/div>\n<div class=\"col-1\"><\/div>\n<\/div>\n<div class=\"sc-d847f22d-0 dBixJx\">\n<div class=\"col\">\n<div class=\"sc-d847f22d-0 ihZqOw\">\n<div class=\"sc-d847f22d-0 gNyLEA col-7\"><span class=\"sc-cdf663a8-0 ghjkYU typography\">Hauteur:<\/span><\/div>\n<div class=\"sc-d847f22d-0 ipplOn col\"><span class=\"sc-cdf663a8-0 eETDcE sc-e9ed7eac-1 FdGYr typography\">744\u00a0mm<\/span><\/div>\n<\/div>\n<\/div>\n<div class=\"col-1\"><\/div>\n<\/div>\n<div class=\"sc-d847f22d-0 dBixJx\">\n<div class=\"col\">\n<div class=\"sc-d847f22d-0 ihZqOw\">\n<div class=\"sc-d847f22d-0 gNyLEA col-7\"><span class=\"sc-cdf663a8-0 ghjkYU typography\">Poids:<\/span><\/div>\n<div class=\"sc-d847f22d-0 ipplOn col\"><span class=\"sc-cdf663a8-0 eETDcE sc-e9ed7eac-1 FdGYr typography\">34\u00a0kg<\/span><\/div>\n<\/div>\n<\/div>\n<div class=\"col-1\"><\/div>\n<\/div>\n<div class=\"sc-d847f22d-0 dBixJx\">\n<div class=\"col\">\n<div class=\"sc-d847f22d-0 ihZqOw\">\n<div class=\"sc-d847f22d-0 gNyLEA col-7\"><span class=\"sc-cdf663a8-0 ghjkYU typography\">Ecoch\u00e8ques accept\u00e9:<\/span><\/div>\n<div class=\"sc-d847f22d-0 ipplOn col\">\n<div class=\"sc-ee751977-0 bQYhYv\"><\/div>\n<\/div>\n<\/div>\n<\/div>\n<div class=\"col-1\">\n<div class=\"\" tabindex=\"0\" role=\"button\" aria-label=\"popup-wrapper-Ecoch\u00e8ques accept\u00e9\">\n<div class=\"row gx-2\">\n<div class=\"col-1 question-mark\">\n<div class=\"question-mark-wrap\">\n<div class=\"sc-ee751977-0 jgYWDj question-mark-icon\"><\/div>\n<\/div>\n<\/div>\n<\/div>\n<\/div>\n<\/div>\n<\/div>\n<\/div>\n<h4 class=\"sc-cdf663a8-0 eeHzTi typography\">Caract\u00e9ristiques physiques<\/h4>\n<div class=\"sc-d847f22d-0 gQsSUn\">\n<div class=\"sc-d847f22d-0 dBixJx\">\n<div class=\"col\">\n<div class=\"sc-d847f22d-0 ihZqOw\">\n<div class=\"sc-d847f22d-0 gNyLEA col-7\"><span class=\"sc-cdf663a8-0 ghjkYU typography\">Longueur du cordon:<\/span><\/div>\n<div class=\"sc-d847f22d-0 ipplOn col\"><span class=\"sc-cdf663a8-0 eETDcE sc-e9ed7eac-1 FdGYr typography\">150\u00a0cm<\/span><\/div>\n<\/div>\n<\/div>\n<div class=\"col-1\"><\/div>\n<\/div>\n<div class=\"sc-d847f22d-0 dBixJx\">\n<div class=\"col\">\n<div class=\"sc-d847f22d-0 ihZqOw\">\n<div class=\"sc-d847f22d-0 gNyLEA col-7\"><span class=\"sc-cdf663a8-0 ghjkYU typography\">Couleur:<\/span><\/div>\n<div class=\"sc-d847f22d-0 ipplOn col\"><span class=\"sc-cdf663a8-0 eETDcE sc-e9ed7eac-1 FdGYr typography\">Blanc<\/span><\/div>\n<\/div>\n<\/div>\n<div class=\"col-1\"><\/div>\n<\/div>\n<div class=\"sc-d847f22d-0 dBixJx\">\n<div class=\"col\">\n<div class=\"sc-d847f22d-0 ihZqOw\">\n<div class=\"sc-d847f22d-0 gNyLEA col-7\"><span class=\"sc-cdf663a8-0 ghjkYU typography\">Display:<\/span><\/div>\n<div class=\"sc-d847f22d-0 ipplOn col\">\n<div class=\"sc-ee751977-0 bDWoLj\"><\/div>\n<\/div>\n<\/div>\n<\/div>\n<div class=\"col-1\"><\/div>\n<\/div>\n<div class=\"sc-d847f22d-0 dBixJx\">\n<div class=\"col\">\n<div class=\"sc-d847f22d-0 ihZqOw\">\n<div class=\"sc-d847f22d-0 gNyLEA col-7\"><span class=\"sc-cdf663a8-0 ghjkYU typography\">Type:<\/span><\/div>\n<div class=\"sc-d847f22d-0 ipplOn col\"><span class=\"sc-cdf663a8-0 eETDcE sc-e9ed7eac-1 FdGYr typography\">Climatiseur mobile<\/span><\/div>\n<\/div>\n<\/div>\n<div class=\"col-1\"><\/div>\n<\/div>\n<\/div>\n<h4 class=\"sc-cdf663a8-0 eeHzTi typography\">Capacit\u00e9<\/h4>\n<div class=\"sc-d847f22d-0 gQsSUn\">\n<div class=\"sc-d847f22d-0 dBixJx\">\n<div class=\"col\">\n<div class=\"sc-d847f22d-0 ihZqOw\">\n<div class=\"sc-d847f22d-0 gNyLEA col-7\"><span class=\"sc-cdf663a8-0 ghjkYU typography\">Puissance de refroidissement :<\/span><\/div>\n<div class=\"sc-d847f22d-0 ipplOn col\"><span class=\"sc-cdf663a8-0 eETDcE sc-e9ed7eac-1 FdGYr typography\">12000\u00a0BTU<\/span><\/div>\n<\/div>\n<\/div>\n<div class=\"col-1\">\n<div class=\"\" tabindex=\"0\" role=\"button\" aria-label=\"popup-wrapper-Puissance de refroidissement \">\n<div class=\"row gx-2\">\n<div class=\"col-1 question-mark\">\n<div class=\"question-mark-wrap\">\n<div class=\"sc-ee751977-0 jgYWDj question-mark-icon\"><\/div>\n<\/div>\n<\/div>\n<\/div>\n<\/div>\n<\/div>\n<\/div>\n<div class=\"sc-d847f22d-0 dBixJx\">\n<div class=\"col\">\n<div class=\"sc-d847f22d-0 ihZqOw\">\n<div class=\"sc-d847f22d-0 gNyLEA col-7\"><span class=\"sc-cdf663a8-0 ghjkYU typography\">Transfert d\u2019air maximal:<\/span><\/div>\n<div class=\"sc-d847f22d-0 ipplOn col\"><span class=\"sc-cdf663a8-0 eETDcE sc-e9ed7eac-1 FdGYr typography\">380\u00a0m\u00b3\/h<\/span><\/div>\n<\/div>\n<\/div>\n<div class=\"col-1\">\n<div class=\"\" tabindex=\"0\" role=\"button\" aria-label=\"popup-wrapper-Transfert d\u2019air maximal\">\n<div class=\"row gx-2\">\n<div class=\"col-1 question-mark\">\n<div class=\"question-mark-wrap\">\n<div class=\"sc-ee751977-0 jgYWDj question-mark-icon\"><\/div>\n<\/div>\n<\/div>\n<\/div>\n<\/div>\n<\/div>\n<\/div>\n<div class=\"sc-d847f22d-0 dBixJx\">\n<div class=\"col\">\n<div class=\"sc-d847f22d-0 ihZqOw\">\n<div class=\"sc-d847f22d-0 gNyLEA col-7\"><span class=\"sc-cdf663a8-0 ghjkYU typography\">Energy Efficiency Ratio (EER):<\/span><\/div>\n<div class=\"sc-d847f22d-0 ipplOn col\"><span class=\"sc-cdf663a8-0 eETDcE sc-e9ed7eac-1 FdGYr typography\">2.6<\/span><\/div>\n<\/div>\n<\/div>\n<div class=\"col-1\">\n<div class=\"\" tabindex=\"0\" role=\"button\" aria-label=\"popup-wrapper-Energy Efficiency Ratio (EER)\">\n<div class=\"row gx-2\">\n<div class=\"col-1 question-mark\">\n<div class=\"question-mark-wrap\">\n<div class=\"sc-ee751977-0 jgYWDj question-mark-icon\"><\/div>\n<\/div>\n<\/div>\n<\/div>\n<\/div>\n<\/div>\n<\/div>\n<div class=\"sc-d847f22d-0 dBixJx\">\n<div class=\"col\">\n<div class=\"sc-d847f22d-0 ihZqOw\">\n<div class=\"sc-d847f22d-0 gNyLEA col-7\"><span class=\"sc-cdf663a8-0 ghjkYU typography\">Classe d\u2019efficacit\u00e9 \u00e9nerg\u00e9tique:<\/span><\/div>\n<div class=\"sc-d847f22d-0 ipplOn col\"><span class=\"sc-cdf663a8-0 eETDcE sc-e9ed7eac-1 FdGYr typography\">A<\/span><\/div>\n<\/div>\n<\/div>\n<div class=\"col-1\">\n<div class=\"\" tabindex=\"0\" role=\"button\" aria-label=\"popup-wrapper-Classe d\u2019efficacit\u00e9 \u00e9nerg\u00e9tique\">\n<div class=\"row gx-2\">\n<div class=\"col-1 question-mark\">\n<div class=\"question-mark-wrap\">\n<div class=\"sc-ee751977-0 jgYWDj question-mark-icon\"><\/div>\n<\/div>\n<\/div>\n<\/div>\n<\/div>\n<\/div>\n<\/div>\n<div class=\"sc-d847f22d-0 dBixJx\">\n<div class=\"col\">\n<div class=\"sc-d847f22d-0 ihZqOw\">\n<div class=\"sc-d847f22d-0 gNyLEA col-7\"><span class=\"sc-cdf663a8-0 ghjkYU typography\">Consommation \u00e9nerg\u00e9tique par an:<\/span><\/div>\n<div class=\"sc-d847f22d-0 ipplOn col\"><span class=\"sc-cdf663a8-0 eETDcE sc-e9ed7eac-1 FdGYr typography\">3.5\u00a0kWh<\/span><\/div>\n<\/div>\n<\/div>\n<div class=\"col-1\">\n<div class=\"\" tabindex=\"0\" role=\"button\" aria-label=\"popup-wrapper-Consommation \u00e9nerg\u00e9tique par an\">\n<div class=\"row gx-2\">\n<div class=\"col-1 question-mark\">\n<div class=\"question-mark-wrap\">\n<div class=\"sc-ee751977-0 jgYWDj question-mark-icon\"><\/div>\n<\/div>\n<\/div>\n<\/div>\n<\/div>\n<\/div>\n<\/div>\n<div class=\"sc-d847f22d-0 dBixJx\">\n<div class=\"col\">\n<div class=\"sc-d847f22d-0 ihZqOw\">\n<div class=\"sc-d847f22d-0 gNyLEA col-7\"><span class=\"sc-cdf663a8-0 ghjkYU typography\">Niveau sonore:<\/span><\/div>\n<div class=\"sc-d847f22d-0 ipplOn col\"><span class=\"sc-cdf663a8-0 eETDcE sc-e9ed7eac-1 FdGYr typography\">64\u00a0dB<\/span><\/div>\n<\/div>\n<\/div>\n<div class=\"col-1\"><\/div>\n<\/div>\n<div class=\"sc-d847f22d-0 dBixJx\">\n<div class=\"col\">\n<div class=\"sc-d847f22d-0 ihZqOw\">\n<div class=\"sc-d847f22d-0 gNyLEA col-7\"><span class=\"sc-cdf663a8-0 ghjkYU typography\">Surface max. de la pi\u00e8ce:<\/span><\/div>\n<div class=\"sc-d847f22d-0 ipplOn col\"><span class=\"sc-cdf663a8-0 eETDcE sc-e9ed7eac-1 FdGYr typography\">30\u00a0m\u00b2<\/span><\/div>\n<\/div>\n<\/div>\n<div class=\"col-1\">\n<div class=\"\" tabindex=\"0\" role=\"button\" aria-label=\"popup-wrapper-Surface max. de la pi\u00e8ce\">\n<div class=\"row gx-2\">\n<div class=\"col-1 question-mark\">\n<div class=\"question-mark-wrap\">\n<div class=\"sc-ee751977-0 jgYWDj question-mark-icon\"><\/div>\n<\/div>\n<\/div>\n<\/div>\n<\/div>\n<\/div>\n<\/div>\n<div class=\"sc-d847f22d-0 dBixJx\">\n<div class=\"col\">\n<div class=\"sc-d847f22d-0 ihZqOw\">\n<div class=\"sc-d847f22d-0 gNyLEA col-7\"><span class=\"sc-cdf663a8-0 ghjkYU typography\">Consommation d&rsquo;\u00e9nergie par heure:<\/span><\/div>\n<div class=\"sc-d847f22d-0 ipplOn col\"><span class=\"sc-cdf663a8-0 eETDcE sc-e9ed7eac-1 FdGYr typography\">1.4\u00a0kWh\/ 60 min<\/span><\/div>\n<\/div>\n<\/div>\n<div class=\"col-1\"><\/div>\n<\/div>\n<div class=\"sc-d847f22d-0 dBixJx\">\n<div class=\"col\">\n<div class=\"sc-d847f22d-0 ihZqOw\">\n<div class=\"sc-d847f22d-0 gNyLEA col-7\"><span class=\"sc-cdf663a8-0 ghjkYU typography\">Puissance frigorifique en kW:<\/span><\/div>\n<div class=\"sc-d847f22d-0 ipplOn col\"><span class=\"sc-cdf663a8-0 eETDcE sc-e9ed7eac-1 FdGYr typography\">3.5\u00a0kW<\/span><\/div>\n<\/div>\n<\/div>\n<div class=\"col-1\"><\/div>\n<\/div>\n<div class=\"sc-d847f22d-0 dBixJx\">\n<div class=\"col\">\n<div class=\"sc-d847f22d-0 ihZqOw\">\n<div class=\"sc-d847f22d-0 gNyLEA col-7\"><span class=\"sc-cdf663a8-0 ghjkYU typography\">Classe \u00e9nerg\u00e9tique chauffage:<\/span><\/div>\n<div class=\"sc-d847f22d-0 ipplOn col\"><span class=\"sc-cdf663a8-0 eETDcE sc-e9ed7eac-1 FdGYr typography\">A+<\/span><\/div>\n<\/div>\n<\/div>\n<div class=\"col-1\"><\/div>\n<\/div>\n<div class=\"sc-d847f22d-0 dBixJx\">\n<div class=\"col\">\n<div class=\"sc-d847f22d-0 ihZqOw\">\n<div class=\"sc-d847f22d-0 gNyLEA col-7\"><span class=\"sc-cdf663a8-0 ghjkYU typography\">Puissance de chauffage:<\/span><\/div>\n<div class=\"sc-d847f22d-0 ipplOn col\"><span class=\"sc-cdf663a8-0 eETDcE sc-e9ed7eac-1 FdGYr typography\">3\u00a0kW<\/span><\/div>\n<\/div>\n<\/div>\n<div class=\"col-1\"><\/div>\n<\/div>\n<div class=\"sc-d847f22d-0 dBixJx\">\n<div class=\"col\">\n<div class=\"sc-d847f22d-0 ihZqOw\">\n<div class=\"sc-d847f22d-0 gNyLEA col-7\"><span class=\"sc-cdf663a8-0 ghjkYU typography\">Coefficient de performance pour le chauffage (COP):<\/span><\/div>\n<div class=\"sc-d847f22d-0 ipplOn col\"><span class=\"sc-cdf663a8-0 eETDcE sc-e9ed7eac-1 FdGYr typography\">2.8<\/span><\/div>\n<\/div>\n<\/div>\n<div class=\"col-1\"><\/div>\n<\/div>\n<div class=\"sc-d847f22d-0 dBixJx\">\n<div class=\"col\">\n<div class=\"sc-d847f22d-0 ihZqOw\">\n<div class=\"sc-d847f22d-0 gNyLEA col-7\"><span class=\"sc-cdf663a8-0 ghjkYU typography\">Consommation d&rsquo;\u00e9nergie chauffage:<\/span><\/div>\n<div class=\"sc-d847f22d-0 ipplOn col\"><span class=\"sc-cdf663a8-0 eETDcE sc-e9ed7eac-1 FdGYr typography\">1.1\u00a0kWh\/ 60 min<\/span><\/div>\n<\/div>\n<\/div>\n<div class=\"col-1\"><\/div>\n<\/div>\n<\/div>\n<h4 class=\"sc-cdf663a8-0 eeHzTi typography\">Fonctions<\/h4>\n<div class=\"sc-d847f22d-0 gQsSUn\">\n<div class=\"sc-d847f22d-0 dBixJx\">\n<div class=\"col\">\n<div class=\"sc-d847f22d-0 ihZqOw\">\n<div class=\"sc-d847f22d-0 gNyLEA col-7\"><span class=\"sc-cdf663a8-0 ghjkYU typography\">Fonction de d\u00e9shumidification:<\/span><\/div>\n<div class=\"sc-d847f22d-0 ipplOn col\">\n<div class=\"sc-ee751977-0 bDWoLj\"><\/div>\n<\/div>\n<\/div>\n<\/div>\n<div class=\"col-1\">\n<div class=\"\" tabindex=\"0\" role=\"button\" aria-label=\"popup-wrapper-Fonction de d\u00e9shumidification\">\n<div class=\"row gx-2\">\n<div class=\"col-1 question-mark\">\n<div class=\"question-mark-wrap\">\n<div class=\"sc-ee751977-0 jgYWDj question-mark-icon\"><\/div>\n<\/div>\n<\/div>\n<\/div>\n<\/div>\n<\/div>\n<\/div>\n<div class=\"sc-d847f22d-0 dBixJx\">\n<div class=\"col\">\n<div class=\"sc-d847f22d-0 ihZqOw\">\n<div class=\"sc-d847f22d-0 gNyLEA col-7\"><span class=\"sc-cdf663a8-0 ghjkYU typography\">Fonction chauffage:<\/span><\/div>\n<div class=\"sc-d847f22d-0 ipplOn col\">\n<div class=\"sc-ee751977-0 bDWoLj\"><\/div>\n<\/div>\n<\/div>\n<\/div>\n<div class=\"col-1\">\n<div class=\"\" tabindex=\"0\" role=\"button\" aria-label=\"popup-wrapper-Fonction chauffage\">\n<div class=\"row gx-2\">\n<div class=\"col-1 question-mark\">\n<div class=\"question-mark-wrap\">\n<div class=\"sc-ee751977-0 jgYWDj question-mark-icon\"><\/div>\n<\/div>\n<\/div>\n<\/div>\n<\/div>\n<\/div>\n<\/div>\n<div class=\"sc-d847f22d-0 dBixJx\">\n<div class=\"col\">\n<div class=\"sc-d847f22d-0 ihZqOw\">\n<div class=\"sc-d847f22d-0 gNyLEA col-7\"><span class=\"sc-cdf663a8-0 ghjkYU typography\">Fonction ventilation:<\/span><\/div>\n<div class=\"sc-d847f22d-0 ipplOn col\">\n<div class=\"sc-ee751977-0 bDWoLj\"><\/div>\n<\/div>\n<\/div>\n<\/div>\n<div class=\"col-1\">\n<div class=\"\" tabindex=\"0\" role=\"button\" aria-label=\"popup-wrapper-Fonction ventilation\">\n<div class=\"row gx-2\">\n<div class=\"col-1 question-mark\">\n<div class=\"question-mark-wrap\">\n<div class=\"sc-ee751977-0 jgYWDj question-mark-icon\"><\/div>\n<\/div>\n<\/div>\n<\/div>\n<\/div>\n<\/div>\n<\/div>\n<div class=\"sc-d847f22d-0 dBixJx\">\n<div class=\"col\">\n<div class=\"sc-d847f22d-0 ihZqOw\">\n<div class=\"sc-d847f22d-0 gNyLEA col-7\"><span class=\"sc-cdf663a8-0 ghjkYU typography\">Mode nuit:<\/span><\/div>\n<div class=\"sc-d847f22d-0 ipplOn col\">\n<div class=\"sc-ee751977-0 bDWoLj\"><\/div>\n<\/div>\n<\/div>\n<\/div>\n<div class=\"col-1\"><\/div>\n<\/div>\n<div class=\"sc-d847f22d-0 dBixJx\">\n<div class=\"col\">\n<div class=\"sc-d847f22d-0 ihZqOw\">\n<div class=\"sc-d847f22d-0 gNyLEA col-7\"><span class=\"sc-cdf663a8-0 ghjkYU typography\">Thermostat:<\/span><\/div>\n<div class=\"sc-d847f22d-0 ipplOn col\">\n<div class=\"sc-ee751977-0 bDWoLj\"><\/div>\n<\/div>\n<\/div>\n<\/div>\n<div class=\"col-1\"><\/div>\n<\/div>\n<\/div>\n<h4 class=\"sc-cdf663a8-0 eeHzTi typography\">Facilit\u00e9 d&rsquo;utilisation<\/h4>\n<div class=\"sc-d847f22d-0 gQsSUn\">\n<div class=\"sc-d847f22d-0 dBixJx\">\n<div class=\"col\">\n<div class=\"sc-d847f22d-0 ihZqOw\">\n<div class=\"sc-d847f22d-0 gNyLEA col-7\"><span class=\"sc-cdf663a8-0 ghjkYU typography\">Type de r\u00e9frig\u00e9rant:<\/span><\/div>\n<div class=\"sc-d847f22d-0 ipplOn col\"><span class=\"sc-cdf663a8-0 eETDcE sc-e9ed7eac-1 FdGYr typography\">R290<\/span><\/div>\n<\/div>\n<\/div>\n<div class=\"col-1\">\n<div class=\"\" tabindex=\"0\" role=\"button\" aria-label=\"popup-wrapper-Type de r\u00e9frig\u00e9rant\">\n<div class=\"row gx-2\">\n<div class=\"col-1 question-mark\">\n<div class=\"question-mark-wrap\">\n<div class=\"sc-ee751977-0 jgYWDj question-mark-icon\"><\/div>\n<\/div>\n<\/div>\n<\/div>\n<\/div>\n<\/div>\n<\/div>\n<div class=\"sc-d847f22d-0 dBixJx\">\n<div class=\"col\">\n<div class=\"sc-d847f22d-0 ihZqOw\">\n<div class=\"sc-d847f22d-0 gNyLEA col-7\"><span class=\"sc-cdf663a8-0 ghjkYU typography\">Type de filtre:<\/span><\/div>\n<div class=\"sc-d847f22d-0 ipplOn col\"><span class=\"sc-cdf663a8-0 eETDcE sc-e9ed7eac-1 FdGYr typography\">HEPA<\/span><\/div>\n<\/div>\n<\/div>\n<div class=\"col-1\">\n<div class=\"\" tabindex=\"0\" role=\"button\" aria-label=\"popup-wrapper-Type de filtre\">\n<div class=\"row gx-2\">\n<div class=\"col-1 question-mark\">\n<div class=\"question-mark-wrap\">\n<div class=\"sc-ee751977-0 jgYWDj question-mark-icon\"><\/div>\n<\/div>\n<\/div>\n<\/div>\n<\/div>\n<\/div>\n<\/div>\n<div class=\"sc-d847f22d-0 dBixJx\">\n<div class=\"col\">\n<div class=\"sc-d847f22d-0 ihZqOw\">\n<div class=\"sc-d847f22d-0 gNyLEA col-7\"><span class=\"sc-cdf663a8-0 ghjkYU typography\">T\u00e9l\u00e9commande:<\/span><\/div>\n<div class=\"sc-d847f22d-0 ipplOn col\">\n<div class=\"sc-ee751977-0 bDWoLj\"><\/div>\n<\/div>\n<\/div>\n<\/div>\n<\/div>\n<\/div>\n<\/div>\n<\/div>\n<\/div>\n<\/div>\n<\/div>\n<p>**Points forts :** Puissant, silencieux et \u00e9conomique.<br \/>\n**Pourquoi choisir ce produit ?** Pour un confort optimal toute l\u2019ann\u00e9e.<\/p>\n","protected":false},"excerpt":{"rendered":"<div class=\"sc-d847f22d-0 gQsSUn sc-3269a549-0 fksukt\">\n<div class=\"sc-d847f22d-0 dBixJx\">\n<div class=\"col\">\n<div class=\"sc-d847f22d-0 ihZqOw\">\n<div class=\"sc-d847f22d-0 gNyLEA col-7\"><span class=\"sc-cdf663a8-0 ghjkYU typography\">R\u00e9f: D12EMP65DMP98<\/span><\/div>\n<div><\/div>\n<div>Disponible en stock<\/div>\n<div><\/div>\n<div>Livraison gratuite 2 \u00e0 3 jours<\/div>\n<div><\/div>\n<div class=\"sc-d847f22d-0 gNyLEA col-7\"><span class=\"sc-cdf663a8-0 ghjkYU typography\">Garantie: 3 ans<\/span><\/div>\n<div><\/div>\n<div class=\"sc-d847f22d-0 gNyLEA col-7\"><span class=\"sc-cdf663a8-0 ghjkYU typography\">Marque:<\/span><\/div>\n<div class=\"sc-d847f22d-0 ipplOn col\"><span class=\"sc-cdf663a8-0 eETDcE sc-e9ed7eac-1 FdGYr typography\">Whirlpool<\/span><\/div>\n<\/div>\n<\/div>\n<div class=\"col-1\"><\/div>\n<\/div>\n<div class=\"sc-d847f22d-0 dBixJx\">\n<div class=\"col\">\n<div class=\"sc-d847f22d-0 ihZqOw\">\n<div class=\"sc-d847f22d-0 gNyLEA col-7\"><span class=\"sc-cdf663a8-0 ghjkYU typography\">EAN:<\/span><\/div>\n<div class=\"sc-d847f22d-0 ipplOn col\"><span class=\"sc-cdf663a8-0 eETDcE sc-e9ed7eac-1 FdGYr typography\">800343723773<\/span><\/div>\n<\/div>\n<\/div>\n<\/div>\n<\/div>\n<p> Con\u00e7u pour le confort, la puissance et la faible consommation.<\/p>\n","protected":false},"featured_media":3116,"comment_status":"closed","ping_status":"closed","template":"","meta":[],"product_brand":[],"product_cat":[165,180],"product_tag":[],"class_list":{"0":"post-3115","1":"product","2":"type-product","3":"status-publish","6":"product_cat-climatiseur","7":"product_cat-electromenagers","9":"first","10":"instock","11":"sale","12":"taxable","13":"shipping-taxable","14":"purchasable","15":"product-type-simple"},"_links":{"self":[{"href":"https:\/\/menagers-holding.fr\/index.php?rest_route=\/wp\/v2\/product\/3115","targetHints":{"allow":["GET"]}}],"collection":[{"href":"https:\/\/menagers-holding.fr\/index.php?rest_route=\/wp\/v2\/product"}],"about":[{"href":"https:\/\/menagers-holding.fr\/index.php?rest_route=\/wp\/v2\/types\/product"}],"replies":[{"embeddable":true,"href":"https:\/\/menagers-holding.fr\/index.php?rest_route=%2Fwp%2Fv2%2Fcomments&post=3115"}],"wp:featuredmedia":[{"embeddable":true,"href":"https:\/\/menagers-holding.fr\/index.php?rest_route=\/wp\/v2\/media\/3116"}],"wp:attachment":[{"href":"https:\/\/menagers-holding.fr\/index.php?rest_route=%2Fwp%2Fv2%2Fmedia&parent=3115"}],"wp:term":[{"taxonomy":"product_brand","embeddable":true,"href":"https:\/\/menagers-holding.fr\/index.php?rest_route=%2Fwp%2Fv2%2Fproduct_brand&post=3115"},{"taxonomy":"product_cat","embeddable":true,"href":"https:\/\/menagers-holding.fr\/index.php?rest_route=%2Fwp%2Fv2%2Fproduct_cat&post=3115"},{"taxonomy":"product_tag","embeddable":true,"href":"https:\/\/menagers-holding.fr\/index.php?rest_route=%2Fwp%2Fv2%2Fproduct_tag&post=3115"}],"curies":[{"name":"wp","href":"https:\/\/api.w.org\/{rel}","templated":true}]}}