{"id":3101,"date":"2022-09-03T20:43:52","date_gmt":"2022-09-03T20:43:52","guid":{"rendered":"https:\/\/menagers-holding.fr\/?post_type=product&#038;p=3101"},"modified":"2025-09-23T08:43:54","modified_gmt":"2025-09-23T08:43:54","slug":"delonghi-pinguino-pac-em77","status":"publish","type":"product","link":"https:\/\/menagers-holding.fr\/?product=delonghi-pinguino-pac-em77","title":{"rendered":"Delonghi pinguino Pac EM77 Split"},"content":{"rendered":"<ul>\n<li>Capacit\u00e9 de refroidissement \u00e9lev\u00e9e de 11\u00a0000\u00a0BTU\/h<sup>1<\/sup>\u00a0(2,7\u00a0kW<sup>2<\/sup>) pour des pi\u00e8ces allant jusqu\u2019\u00e0 110\u00a0m3<\/li>\n<li>Fonction de ventilateur \u00e0 3\u00a0vitesses<\/li>\n<li>Fonction de d\u00e9shumidification jusqu\u2019\u00e0 26\u00a0l\/24\u00a0heures<\/li>\n<li>Minuteur \u00e9lectronique 24\u00a0h et thermostat<\/li>\n<li>Kit fen\u00eatre inclus pour une installation facile<\/li>\n<li>Poign\u00e9es et roulettes pour un transport sans effort<\/li>\n<li>Livraison gratuite<\/li>\n<\/ul>\n<p>**Points forts :** Puissant, silencieux et \u00e9conomique.<br \/>\n**Pourquoi choisir ce produit ?** Pour un confort optimal toute l\u2019ann\u00e9e.<\/p>\n","protected":false},"excerpt":{"rendered":"<p>R\u00e9f: 222EMP002MP32<\/p>\n<p>Disponible en stock<\/p>\n<p>Livraison gratuite 2 \u00e03 jours<\/p>\n<ul class=\"procon-list selection margin-top-15-sm\">\n<li class=\"procon-list-item procon-list-item--pro \">\n<h3 class=\"txt-inherit\">Double fonction : ventilateur et d\u00e9shumidificateur<\/h3>\n<\/li>\n<li class=\"procon-list-item procon-list-item--pro \">\n<h3 class=\"txt-inherit\">Programmation arr\u00eat\/d\u00e9marrage diff\u00e9r\u00e9 24h<\/h3>\n<\/li>\n<li class=\"procon-list-item procon-list-item--pro \">\n<h3 class=\"txt-inherit\">Syst\u00e8me de r\u00e9utilisation des co<strong>ndensats exclusif<\/strong><\/h3>\n<\/li>\n<li>Climatiseur mobile | Pour une surface de 28 m\u00b2 | 47 \u00e0 63 dB<\/li>\n<li>Garantie 3 ans<\/li>\n<\/ul>\n<p> Con\u00e7u pour le confort, la puissance et la faible consommation.<\/p>\n","protected":false},"featured_media":3102,"comment_status":"closed","ping_status":"closed","template":"","meta":[],"product_brand":[],"product_cat":[165,180],"product_tag":[],"class_list":{"0":"post-3101","1":"product","2":"type-product","3":"status-publish","6":"product_cat-climatiseur","7":"product_cat-electromenagers","9":"first","10":"instock","11":"sale","12":"taxable","13":"shipping-taxable","14":"purchasable","15":"product-type-simple"},"_links":{"self":[{"href":"https:\/\/menagers-holding.fr\/index.php?rest_route=\/wp\/v2\/product\/3101","targetHints":{"allow":["GET"]}}],"collection":[{"href":"https:\/\/menagers-holding.fr\/index.php?rest_route=\/wp\/v2\/product"}],"about":[{"href":"https:\/\/menagers-holding.fr\/index.php?rest_route=\/wp\/v2\/types\/product"}],"replies":[{"embeddable":true,"href":"https:\/\/menagers-holding.fr\/index.php?rest_route=%2Fwp%2Fv2%2Fcomments&post=3101"}],"wp:featuredmedia":[{"embeddable":true,"href":"https:\/\/menagers-holding.fr\/index.php?rest_route=\/wp\/v2\/media\/3102"}],"wp:attachment":[{"href":"https:\/\/menagers-holding.fr\/index.php?rest_route=%2Fwp%2Fv2%2Fmedia&parent=3101"}],"wp:term":[{"taxonomy":"product_brand","embeddable":true,"href":"https:\/\/menagers-holding.fr\/index.php?rest_route=%2Fwp%2Fv2%2Fproduct_brand&post=3101"},{"taxonomy":"product_cat","embeddable":true,"href":"https:\/\/menagers-holding.fr\/index.php?rest_route=%2Fwp%2Fv2%2Fproduct_cat&post=3101"},{"taxonomy":"product_tag","embeddable":true,"href":"https:\/\/menagers-holding.fr\/index.php?rest_route=%2Fwp%2Fv2%2Fproduct_tag&post=3101"}],"curies":[{"name":"wp","href":"https:\/\/api.w.org\/{rel}","templated":true}]}}