{"id":3099,"date":"2022-09-03T09:46:59","date_gmt":"2022-09-03T09:46:59","guid":{"rendered":"https:\/\/menagers-holding.fr\/?post_type=product&#038;p=3099"},"modified":"2025-09-21T04:31:36","modified_gmt":"2025-09-21T04:31:36","slug":"vorwerk-thermomix-tm6-blanc-neuf","status":"publish","type":"product","link":"https:\/\/menagers-holding.fr\/?product=vorwerk-thermomix-tm6-blanc-neuf","title":{"rendered":"VORWERK Thermomix TM6 Blanc neuf"},"content":{"rendered":"<div class=\"mb-6\">\n<div><strong>Vorwerk Thermomix TM6<br \/>\n<\/strong><\/div>\n<div>Gr\u00e2ce \u00e0 une ing\u00e9nierie allemande de haute qualit\u00e9, les produits Vorwerk sont devenus indispensables dans des millions de foyers du monde entier.<\/p>\n<p><strong>Le moteur\u00a0<\/strong>\u00a0| Moteur \u00e0 reluctance sans entretien, puissance 500 WVitesse de rotation progressive des couteaux de 100 \u00e0 10 700 tours\/ min (vitesse Mijotage 40 tours\/min)<br \/>\nVitesse intermittente pour le p\u00e9trissage<br \/>\nDispositif de s\u00e9curit\u00e9 : disjoncteur automatique en cas de surcharge moteur<br \/>\n<strong>\u00a0Le syst\u00e8me de chauffe :\u00a0<\/strong>\u00a0| Puissance absorb\u00e9e de 1000 W<br \/>\nProtection en cas de surchauffer<br \/>\n<strong>\u00a0La balance int\u00e9gr\u00e9e\u00a0<\/strong>\u00a0| Pes\u00e9e de 5 \u00e0 3000 g par tranche de 1 g (avec un poids maximum de 6kgs<br \/>\n<strong>\u00a0Le bloc moteur :\u00a0<\/strong>\u00a0| Mati\u00e8re plastique de haute qualit\u00e9<br \/>\n<strong>\u00a0Le bol de mixage :\u00a0<\/strong>\u00a0| Acier inoxydable avec syst\u00e8me de chauffe et capteur de temp\u00e9rature int\u00e9gr\u00e9s<br \/>\nCapacit\u00e9 maximale de 2,2 litres<br \/>\n<strong>\u00a0Le processeur\u00a0<\/strong>\u00a0| Processeur Quad Core\u00a0 16 GB Flash1GB DDR RAM<br \/>\n<strong>\u00a0Dimensions et poids (sans le varoma)\u00a0<\/strong>\u00a0| Hauteur: 33.5cmLargeur: 33.3cmProfondeur: 32.6cmPoids: 7.7kg<br \/>\n<strong>\u00a0Alimentation secteur:\u00a0<\/strong>\u00a0| 240 V Puissance totale: 1500 WLongueur maximale du c\u00e2ble d&rsquo;alimentation : 1 m<\/div>\n<\/div>\n<div>\n<h2 class=\"body-1-bold mb-6\">Robot m\u00e9nager multifonctions VORWERK Thermomix TM6 Blanc<\/h2>\n<p>&nbsp;<\/p>\n<\/div>\n<p>**Points forts :** Puissant, silencieux et \u00e9conomique.<br \/>\n**Pourquoi choisir ce produit ?** Pour un confort optimal toute l\u2019ann\u00e9e.<\/p>\n","protected":false},"excerpt":{"rendered":"<ul class=\"list-none\">\n<li>Disponible en stock<\/li>\n<li><span class=\"body-1-bold\">R\u00e9f: 545EMP9100MP601<\/span><\/li>\n<li><span class=\"body-1-bold\">Puissance (W) : <\/span><span class=\"body-1-light\">1000<\/span><\/li>\n<li><span class=\"body-1-bold\">Mod\u00e8le :\u00a0<\/span><span class=\"body-1-light\">Thermomix TM6<\/span><\/li>\n<li><span class=\"body-1-bold\">Couleur :\u00a0<\/span><span class=\"body-1-light\">Blanc<\/span><\/li>\n<li><span class=\"body-1-bold\">Capacit\u00e9 (L) :\u00a0<\/span><span class=\"body-1-light\">2.2<\/span><\/li>\n<li><span class=\"body-1-bold\">Mati\u00e8re du corps :\u00a0<\/span><span class=\"body-1-light\">Acier inoxydable<\/span><\/li>\n<li><span class=\"body-1-bold\">Marque :\u00a0<\/span><span class=\"body-1-light\">Vorwerk<\/span><\/li>\n<li><span class=\"body-1-bold\">Poids :\u00a0<\/span><span class=\"body-1-light\">7950 g<\/span><\/li>\n<li>Livraison gratuite 2 \u00e0 3 jours<\/li>\n<\/ul>\n<p> Con\u00e7u pour le confort, la puissance et la faible consommation.<\/p>\n","protected":false},"featured_media":3100,"comment_status":"closed","ping_status":"closed","template":"","meta":[],"product_brand":[],"product_cat":[156],"product_tag":[],"class_list":{"0":"post-3099","1":"product","2":"type-product","3":"status-publish","6":"product_cat-chauffage-et-plomberie","8":"first","9":"instock","10":"sale","11":"taxable","12":"shipping-taxable","13":"purchasable","14":"product-type-simple"},"_links":{"self":[{"href":"https:\/\/menagers-holding.fr\/index.php?rest_route=\/wp\/v2\/product\/3099","targetHints":{"allow":["GET"]}}],"collection":[{"href":"https:\/\/menagers-holding.fr\/index.php?rest_route=\/wp\/v2\/product"}],"about":[{"href":"https:\/\/menagers-holding.fr\/index.php?rest_route=\/wp\/v2\/types\/product"}],"replies":[{"embeddable":true,"href":"https:\/\/menagers-holding.fr\/index.php?rest_route=%2Fwp%2Fv2%2Fcomments&post=3099"}],"wp:featuredmedia":[{"embeddable":true,"href":"https:\/\/menagers-holding.fr\/index.php?rest_route=\/wp\/v2\/media\/3100"}],"wp:attachment":[{"href":"https:\/\/menagers-holding.fr\/index.php?rest_route=%2Fwp%2Fv2%2Fmedia&parent=3099"}],"wp:term":[{"taxonomy":"product_brand","embeddable":true,"href":"https:\/\/menagers-holding.fr\/index.php?rest_route=%2Fwp%2Fv2%2Fproduct_brand&post=3099"},{"taxonomy":"product_cat","embeddable":true,"href":"https:\/\/menagers-holding.fr\/index.php?rest_route=%2Fwp%2Fv2%2Fproduct_cat&post=3099"},{"taxonomy":"product_tag","embeddable":true,"href":"https:\/\/menagers-holding.fr\/index.php?rest_route=%2Fwp%2Fv2%2Fproduct_tag&post=3099"}],"curies":[{"name":"wp","href":"https:\/\/api.w.org\/{rel}","templated":true}]}}