{"id":3083,"date":"2022-09-03T09:25:04","date_gmt":"2022-09-03T09:25:04","guid":{"rendered":"https:\/\/menagers-holding.fr\/?post_type=product&#038;p=3083"},"modified":"2025-09-21T04:31:36","modified_gmt":"2025-09-21T04:31:36","slug":"brouette-sur-roue-moteur-essence-benne-basculante-4x4-196cc-zipper-zi-rd300","status":"publish","type":"product","link":"https:\/\/menagers-holding.fr\/?product=brouette-sur-roue-moteur-essence-benne-basculante-4x4-196cc-zipper-zi-rd300","title":{"rendered":"BROUETTE sur Roue moteur essence benne basculante 4X4 196CC ZIPPER ZI-RD300"},"content":{"rendered":"<div class=\"regularAttributes_attributesContainer__oM1H6\">\n<ul class=\"regularAttributes_list__4nOIu\" data-testid=\"attributes-list\">\n<li style=\"list-style-type: none;\">\n<ul class=\"regularAttributes_list__4nOIu\" data-testid=\"attributes-list\">\n<li class=\"regularAttributes_shouldShow__NvntY\">\n<div class=\"regularAttributes_name__3hMu0 root_b2ef8653 body2_b2ef8653 regular_b2ef8653 primaryDark_b2ef8653\">Fonction<\/div>\n<div class=\"regularAttributes_value__nC_zL root_b2ef8653 body2_b2ef8653 regular_b2ef8653 primaryDark_b2ef8653\">Benne basculante<\/div>\n<\/li>\n<li class=\"regularAttributes_shouldShow__NvntY\">\n<div class=\"regularAttributes_name__3hMu0 root_b2ef8653 body2_b2ef8653 regular_b2ef8653 primaryDark_b2ef8653\">Mobilit\u00e9<\/div>\n<div class=\"regularAttributes_value__nC_zL root_b2ef8653 body2_b2ef8653 regular_b2ef8653 primaryDark_b2ef8653\">Sur roues<\/div>\n<\/li>\n<li class=\"regularAttributes_shouldShow__NvntY\">\n<div class=\"regularAttributes_name__3hMu0 root_b2ef8653 body2_b2ef8653 regular_b2ef8653 primaryDark_b2ef8653\">Charge utile maximale<\/div>\n<div class=\"regularAttributes_value__nC_zL root_b2ef8653 body2_b2ef8653 regular_b2ef8653 primaryDark_b2ef8653\">300\u00a0kg<\/div>\n<\/li>\n<li class=\"regularAttributes_shouldShow__NvntY\">\n<div class=\"regularAttributes_name__3hMu0 root_b2ef8653 body2_b2ef8653 regular_b2ef8653 primaryDark_b2ef8653\">Carburant<\/div>\n<div class=\"regularAttributes_value__nC_zL root_b2ef8653 body2_b2ef8653 regular_b2ef8653 primaryDark_b2ef8653\">Sans plomb<\/div>\n<\/li>\n<li class=\"regularAttributes_shouldShow__NvntY\">\n<div class=\"regularAttributes_name__3hMu0 root_b2ef8653 body2_b2ef8653 regular_b2ef8653 primaryDark_b2ef8653\">Cylindr\u00e9e<\/div>\n<div class=\"regularAttributes_value__nC_zL root_b2ef8653 body2_b2ef8653 regular_b2ef8653 primaryDark_b2ef8653\">196\u00a0cm\u00b3<\/div>\n<\/li>\n<li class=\"regularAttributes_shouldShow__NvntY\">\n<div class=\"regularAttributes_name__3hMu0 root_b2ef8653 body2_b2ef8653 regular_b2ef8653 primaryDark_b2ef8653\">Vitesse maximale<\/div>\n<div class=\"regularAttributes_value__nC_zL root_b2ef8653 body2_b2ef8653 regular_b2ef8653 primaryDark_b2ef8653\">6.4\u00a0km\/h<\/div>\n<\/li>\n<li class=\"regularAttributes_shouldShow__NvntY\">\n<div class=\"regularAttributes_name__3hMu0 root_b2ef8653 body2_b2ef8653 regular_b2ef8653 primaryDark_b2ef8653\">Poids<\/div>\n<div class=\"regularAttributes_value__nC_zL root_b2ef8653 body2_b2ef8653 regular_b2ef8653 primaryDark_b2ef8653\">160\u00a0kg<\/div>\n<\/li>\n<li class=\"regularAttributes_shouldShow__NvntY\">\n<div class=\"regularAttributes_name__3hMu0 root_b2ef8653 body2_b2ef8653 regular_b2ef8653 primaryDark_b2ef8653\">Caract\u00e9ristiques<\/div>\n<div class=\"regularAttributes_value__nC_zL root_b2ef8653 body2_b2ef8653 regular_b2ef8653 primaryDark_b2ef8653\">Marche arri\u00e8re<\/div>\n<\/li>\n<li class=\"regularAttributes_shouldShow__NvntY\">\n<div class=\"regularAttributes_name__3hMu0 root_b2ef8653 body2_b2ef8653 regular_b2ef8653 primaryDark_b2ef8653\">Type<\/div>\n<div class=\"regularAttributes_value__nC_zL root_b2ef8653 body2_b2ef8653 regular_b2ef8653 primaryDark_b2ef8653\">Thermique<\/div>\n<\/li>\n<li class=\"regularAttributes_shouldShow__NvntY undefined\">\n<div class=\"regularAttributes_name__3hMu0 root_b2ef8653 body2_b2ef8653 regular_b2ef8653 primaryDark_b2ef8653\">Longueur<\/div>\n<div class=\"regularAttributes_value__nC_zL root_b2ef8653 body2_b2ef8653 regular_b2ef8653 primaryDark_b2ef8653\">91.2\u00a0cm<\/div>\n<\/li>\n<\/ul>\n<\/li>\n<\/ul>\n<\/div>\n<div class=\"description_descriptionContainer__q6owp\">\n<div class=\"description_header__AQA_0\">\n<div class=\"description_descriptionTitle__2LLcE\"><\/div>\n<\/div>\n<div class=\"description_description__N_7zI description_folded__z2rum\" data-testid=\"description-content\">Equipe avec pneus gonflables tous terrains<br \/>\nMode 4&#215;4: Traction 4 rues permanent<br \/>\nUtilisation facile et rapide pour une tr\u00e8s grande productivit\u00e9.<br \/>\nBennage par commande manuelle.<br \/>\nBenne de grandes dimensions qui permet transporter facilement grandes charges.<br \/>\nD\u00e9marrage par lanceur, et commandes (acc\u00e9l\u00e9rateur et frein) sur la poigne.<br \/>\n3 vitesses avant et 1 vitesse arri\u00e8re.<br \/>\nId\u00e9al pour charges jusqu\u00b4\u00e0 300 kgCaract\u00e9ristiques techniques:Type de moteur: Thermique OHV 4 temps<br \/>\nPuissance: 4,8 kW (6.5 C.V.)<br \/>\nCylindr\u00e9e: 196 cm3<br \/>\nVitesse rotation: 3600 min-1<br \/>\nCapacit\u00e9 r\u00e9servoir: 3,6 litres<br \/>\nVitesses: 3 avant + 1 arri\u00e8re<br \/>\nVitesses avant: 2,5\/4,8\/6,4 km\/h<br \/>\nCharge maxi: 300 kg<br \/>\nLongueur benne: 912 mm<br \/>\nLargeur benne: 650 mm<br \/>\nProfondeur benne: 560 mm<br \/>\nPoids: 160 kg<\/div>\n<\/div>\n<p>**Points forts :** R\u00e9sistant aux conditions ext\u00e9rieures, facile d\u2019entretien.<br \/>\n**Pourquoi choisir ce produit ?** Parfait pour profiter de votre ext\u00e9rieur en toute s\u00e9r\u00e9nit\u00e9.<\/p>\n","protected":false},"excerpt":{"rendered":"<p>R\u00e9f: 254EMP140MP087<\/p>\n<p>disponible en stock<\/p>\n<p>Livraison gratuite 48 heures<\/p>\n<p>Type de moteur: Thermique OHV 4 temps<br \/>\nPuissance: 4,8 kW (6.5 C.V.)<br \/>\nCylindr\u00e9e: 196 cm3<br \/>\nVitesse rotation: 3600 min-1<br \/>\nCapacit\u00e9 r\u00e9servoir: 3,6 litres<br \/>\nVitesses: 3 avant + 1 arri\u00e8re<br \/>\nVitesses avant: 2,5\/4,8\/6,4 km\/h<br \/>\nCharge maxi: 300 kg<br \/>\nLongueur benne: 912 mm<br \/>\nLargeur benne: 650 mm<br \/>\nProfondeur benne: 560 mm<br \/>\nPoids: 160 kg Robuste, pratique et adapt\u00e9 \u00e0 l\u2019ext\u00e9rieur.<\/p>\n","protected":false},"featured_media":3084,"comment_status":"closed","ping_status":"closed","template":"","meta":[],"product_brand":[],"product_cat":[157],"product_tag":[],"class_list":{"0":"post-3083","1":"product","2":"type-product","3":"status-publish","6":"product_cat-terrasse-et-jardin","8":"first","9":"instock","10":"sale","11":"taxable","12":"shipping-taxable","13":"purchasable","14":"product-type-simple"},"_links":{"self":[{"href":"https:\/\/menagers-holding.fr\/index.php?rest_route=\/wp\/v2\/product\/3083","targetHints":{"allow":["GET"]}}],"collection":[{"href":"https:\/\/menagers-holding.fr\/index.php?rest_route=\/wp\/v2\/product"}],"about":[{"href":"https:\/\/menagers-holding.fr\/index.php?rest_route=\/wp\/v2\/types\/product"}],"replies":[{"embeddable":true,"href":"https:\/\/menagers-holding.fr\/index.php?rest_route=%2Fwp%2Fv2%2Fcomments&post=3083"}],"wp:featuredmedia":[{"embeddable":true,"href":"https:\/\/menagers-holding.fr\/index.php?rest_route=\/wp\/v2\/media\/3084"}],"wp:attachment":[{"href":"https:\/\/menagers-holding.fr\/index.php?rest_route=%2Fwp%2Fv2%2Fmedia&parent=3083"}],"wp:term":[{"taxonomy":"product_brand","embeddable":true,"href":"https:\/\/menagers-holding.fr\/index.php?rest_route=%2Fwp%2Fv2%2Fproduct_brand&post=3083"},{"taxonomy":"product_cat","embeddable":true,"href":"https:\/\/menagers-holding.fr\/index.php?rest_route=%2Fwp%2Fv2%2Fproduct_cat&post=3083"},{"taxonomy":"product_tag","embeddable":true,"href":"https:\/\/menagers-holding.fr\/index.php?rest_route=%2Fwp%2Fv2%2Fproduct_tag&post=3083"}],"curies":[{"name":"wp","href":"https:\/\/api.w.org\/{rel}","templated":true}]}}