{"id":3080,"date":"2022-09-02T08:49:22","date_gmt":"2022-09-02T08:49:22","guid":{"rendered":"https:\/\/menagers-holding.fr\/?post_type=product&#038;p=3080"},"modified":"2025-09-21T04:31:35","modified_gmt":"2025-09-21T04:31:35","slug":"tondeuse-autoportee-mtd-a-ramassage-integre-optima-ln-200-h","status":"publish","type":"product","link":"https:\/\/menagers-holding.fr\/?product=tondeuse-autoportee-mtd-a-ramassage-integre-optima-ln-200-h","title":{"rendered":"Tondeuse autoport\u00e9e MTD \u00e0 ramassage int\u00e9gr\u00e9 Optima LN 200 H"},"content":{"rendered":"<p>Cette\u00a0<a href=\"\/\/www.gammvert.fr\/cat3\/22#ref=24-2\" target=\"_&quot;blank&quot;\" rel=\"noopener\"><b>autoport\u00e9e MTD \u00e0 ramassage int\u00e9gr\u00e9<\/b><\/a>\u00a0associe d\u2019excellent rapport qualit\u00e9\/performance gr\u00e2ce \u00e0 son nouveau design et \u00e0 sa motorisation efficace de 656cc et d\u2019une transmission Hydrostatique. Le tracteur tondeuse LN 200 H RTG vous apportera un confort de conduite et une qualit\u00e9 de travail incomparable. Avec sa largeur de coupe de 105 cm vous pourrez tondre des surfaces jusqu\u2019\u00e0 2 500 m\u00b2.<\/p>\n<p><b><u>Avantages produit<\/u>\u00a0:<\/b><br \/>\n&#8211; La tondeuse autoport\u00e9e MTD LN 200 H (fabriqu\u00e9e en Allemagne) est \u00e9quip\u00e9e du moteur Briggs&amp;Stratton 7200 Series. C&rsquo;est un moteur 4 temps bicylindres (plus de couple) \u00e0 soupape en t\u00eate. Cette technologie r\u00e9duit les \u00e9missions sonores et polluantes et permet une plus faible consommation de carburant comparativement aux moteurs ordinaires \u00e0 soupapes lat\u00e9rales.<br \/>\n&#8211; Ce tracteur de pelouse b\u00e9n\u00e9ficie d&rsquo;une transmission hydrostatique \u00e0 commande au pied qui permet un r\u00e9glage progressif et infini de la vitesse.<br \/>\n&#8211; Le syst\u00e8me de coupe est constitu\u00e9 d\u2019un carter flottant sur 2 roues anti-scalping performant :<br \/>\n&#8211; Suit les irr\u00e9gularit\u00e9s du terrain pour \u00e9viter les coupes d&rsquo;herbe trop courtes.<br \/>\n&#8211; Pour une meilleure facilit\u00e9 d&rsquo;utilisation, vous avez la descente et la mont\u00e9e assist\u00e9es du plateau par c\u00e2bles et ressorts.<br \/>\n&#8211; Le ch\u00e2ssis poutre \u00e0 plate-forme d\u00e9gag\u00e9e est d&rsquo;une grande robustesse, il offre un acc\u00e8s facile au poste de conduite et est peu encombrant.<br \/>\n&#8211; Le faible rayon de braquage de 46 cm et le train avant pivotant permettra de contourner les obstacles.<br \/>\n&#8211; La vidange du bac de grande capacit\u00e9 (240 L) se fait depuis le poste de conduite. Vous poss\u00e9dez \u00e9galement deux buses de lavage pour faciliter le lavage du carter.<br \/>\n&#8211; Le syst\u00e8me d&rsquo;attelage rapide vous permettra de d\u00e9monter et remonter rapidement, et sans outils, tous vos \u00e9quipements \u00e0 l&rsquo;arri\u00e8re ou l&rsquo;avant de votre autoport\u00e9e.<br \/>\n&#8211; Vous disposez d&rsquo;un si\u00e8ge \u00e0 dossier haut, d&rsquo;un volant confort \u00ab soft grip \u00bb et d&rsquo;un pare-choc.<\/p>\n<p><b><u>Caract\u00e9ristiques techniques<\/u>\u00a0:<\/b><br \/>\n&#8211; Moteur Briggs&amp;Stratton bicylindre 7200 Series de 656 cc.<br \/>\n&#8211; Puissance (kW\/min-1) : 11.6\/2600<br \/>\n&#8211; D\u00e9marrage \u00e9lectrique.<br \/>\n&#8211; Transmission hydrostatique.<br \/>\n&#8211; R\u00e9glage hauteur de coupe 5 positions de 30 \u00e0 95 mm<br \/>\n&#8211; Direction d\u00e9multipli\u00e9e.<br \/>\n&#8211; Largeur de coupe : 105 cm.<br \/>\n&#8211; Lubrification moteur par pression.<br \/>\n&#8211; Ch\u00e2ssis poutre \u00e0 plate-forme d\u00e9gag\u00e9e.<br \/>\n&#8211; Si\u00e8ge haut.<br \/>\n&#8211; Carter de coupe flottant \u00e9quip\u00e9 de 2 lames contre-rotatives.<br \/>\n&#8211; 2 roues anti-scalping.<br \/>\n&#8211; Embrayage des lames ind\u00e9pendant.<br \/>\n&#8211; Buse de lavage: oui.<br \/>\n&#8211; Bac semi rigide 240 L.<br \/>\n&#8211; Train avant pivotant en fonte.<br \/>\n&#8211; Rayon de braquage : 46 cm.<br \/>\n&#8211; Attelage arri\u00e8re.<br \/>\n&#8211; Si\u00e8ge \u00e0 dossier et haut et volant confort.<br \/>\n&#8211; Pare-choc inclus.<br \/>\n&#8211; Dimensions totales : L 225 x l 110 x h 103 cm<br \/>\n&#8211; R\u00e9servoir carburant de 3,8 L.<br \/>\n&#8211; Diam\u00e8tre des roues : avant 15&#215;6&Prime;\/arri\u00e8res 18&#215;9,5&Prime;.<br \/>\n&#8211; Attelage arri\u00e8re.<br \/>\n&#8211; Obturateur mulching et d\u00e9flecteur en option.<br \/>\n&#8211; Chargeur de batterie non inclus.<\/p>\n<p>Briggs &amp; Stratton est l&rsquo;un des plus importants producteurs de moteur \u00e0 essence pour le plein air. De conception et de fabrication am\u00e9ricaine, les moteurs Briggs &amp; Stratton sont des produits fiables et puissants.<\/p>\n<p>MTD produit la gamme la plus compl\u00e8te d\u2019\u00e9quipements motoris\u00e9s pour le jardin et ce pour toutes les utilisations possibles. Les jardiniers amateurs peuvent choisir parmi une vaste gamme de produits diff\u00e9rents qui ont tous une chose en commun : faciles \u00e0 utiliser, robustes et r\u00e9sistants.<\/p>\n<p><b>Garantie 2 ans\u00a0<\/b>Pi\u00e8ces et main d&rsquo;\u0153uvre. Les interventions en garantie doivent \u00eatre effectu\u00e9es au sein du r\u00e9seau de r\u00e9parateurs agr\u00e9\u00e9s MTD France qui compte 450 points de service.<br \/>\nL\u2019adresse du r\u00e9parateur le plus proche peut \u00eatre obtenue en cliquant sur le lien :\u00a0<a href=\"\/\/www.mtdfrance.fr\/distributeurs?proximity[value]=20&amp;proximity[center][coordinates][lat]=&amp;proximity[center][coordinates][lng]=&amp;proximity[center][geocoder][geolocation_geocoder_address]=&amp;type24=24\" target=\"_blank\" rel=\"noopener\"><b>carte SAV MTD France.<\/b><\/a><\/p>\n<p>**Points forts :** R\u00e9sistant aux conditions ext\u00e9rieures, facile d\u2019entretien.<br \/>\n**Pourquoi choisir ce produit ?** Parfait pour profiter de votre ext\u00e9rieur en toute s\u00e9r\u00e9nit\u00e9.<\/p>\n","protected":false},"excerpt":{"rendered":"<ul>\n<li>R\u00e9f: 23EMP0654MP085<\/li>\n<li><span class=\"label\">Disponible en stock<\/span><\/li>\n<li>Livraison gratuite en 48 heures<\/li>\n<li><span class=\"label\">Contenance :<\/span>\u00a0<span class=\"value\">240 l<br \/>\n<\/span><\/li>\n<li><span class=\"label\">Diam\u00e8tre :<\/span>\u00a0<span class=\"value\">105 cm<br \/>\n<\/span><\/li>\n<li><span class=\"label\">Disponibilit\u00e9 des pi\u00e8ces d\u00e9tach\u00e9es (donn\u00e9e fournisseur) :<\/span>\u00a0<span class=\"value\">5 ans<br \/>\n<\/span><\/li>\n<li><span class=\"label\">Energie :<\/span>\u00a0<span class=\"value\">thermique<br \/>\n<\/span><\/li>\n<li><span class=\"label\">Garantie :<\/span>\u00a0<span class=\"value\">2 ans avec assistance \u00e0 domicile<br \/>\n<\/span><\/li>\n<li><span class=\"label\">Poids :<\/span>\u00a0<span class=\"value\">263 kg<br \/>\n<\/span><\/li>\n<li><span class=\"label\">Puissance en cv :<\/span>\u00a0<span class=\"value\">20<br \/>\n<\/span><\/li>\n<li><span class=\"label\">Conditions de livraison :\u00a0<\/span>\u00a0<span class=\"value\">Palette L225 x l110 x h103<\/span><\/li>\n<\/ul>\n<p> Robuste, pratique et adapt\u00e9 \u00e0 l\u2019ext\u00e9rieur.<\/p>\n","protected":false},"featured_media":3081,"comment_status":"closed","ping_status":"closed","template":"","meta":[],"product_brand":[],"product_cat":[157],"product_tag":[],"class_list":{"0":"post-3080","1":"product","2":"type-product","3":"status-publish","6":"product_cat-terrasse-et-jardin","8":"first","9":"instock","10":"sale","11":"taxable","12":"shipping-taxable","13":"purchasable","14":"product-type-simple"},"_links":{"self":[{"href":"https:\/\/menagers-holding.fr\/index.php?rest_route=\/wp\/v2\/product\/3080","targetHints":{"allow":["GET"]}}],"collection":[{"href":"https:\/\/menagers-holding.fr\/index.php?rest_route=\/wp\/v2\/product"}],"about":[{"href":"https:\/\/menagers-holding.fr\/index.php?rest_route=\/wp\/v2\/types\/product"}],"replies":[{"embeddable":true,"href":"https:\/\/menagers-holding.fr\/index.php?rest_route=%2Fwp%2Fv2%2Fcomments&post=3080"}],"wp:featuredmedia":[{"embeddable":true,"href":"https:\/\/menagers-holding.fr\/index.php?rest_route=\/wp\/v2\/media\/3081"}],"wp:attachment":[{"href":"https:\/\/menagers-holding.fr\/index.php?rest_route=%2Fwp%2Fv2%2Fmedia&parent=3080"}],"wp:term":[{"taxonomy":"product_brand","embeddable":true,"href":"https:\/\/menagers-holding.fr\/index.php?rest_route=%2Fwp%2Fv2%2Fproduct_brand&post=3080"},{"taxonomy":"product_cat","embeddable":true,"href":"https:\/\/menagers-holding.fr\/index.php?rest_route=%2Fwp%2Fv2%2Fproduct_cat&post=3080"},{"taxonomy":"product_tag","embeddable":true,"href":"https:\/\/menagers-holding.fr\/index.php?rest_route=%2Fwp%2Fv2%2Fproduct_tag&post=3080"}],"curies":[{"name":"wp","href":"https:\/\/api.w.org\/{rel}","templated":true}]}}