{"id":3078,"date":"2022-09-02T08:39:16","date_gmt":"2022-09-02T08:39:16","guid":{"rendered":"https:\/\/menagers-holding.fr\/?post_type=product&#038;p=3078"},"modified":"2025-09-21T04:31:35","modified_gmt":"2025-09-21T04:31:35","slug":"tondeuse-autoportee-mtd-ramassage-integre-re125-382cm%c2%b3","status":"publish","type":"product","link":"https:\/\/menagers-holding.fr\/?product=tondeuse-autoportee-mtd-ramassage-integre-re125-382cm%c2%b3","title":{"rendered":"Tondeuse autoport\u00e9e MTD ramassage int\u00e9gr\u00e9 RE125 382cm\u00b3"},"content":{"rendered":"<p>Cette\u00a0<a href=\"\/\/www.gammvert.fr\/2-1360-outils-de-jardin\/2-24-tondeuses-a-gazon\/3-22-tondeuses-autoportees-tracteurs-tondeuses\" target=\"_&quot;blank&quot;\" rel=\"noopener\"><b>tondeuse autoport\u00e9e \u00e0 ramassage int\u00e9gr\u00e9<\/b><\/a>\u00a0Smart RE 125 de chez MTD vous permettra de tondre des surfaces allant jusqu&rsquo;\u00e0 2500 m\u00b2 avec une largeur de coupe de 92 cm. Elle est \u00e9galement \u00e9quip\u00e9e d&rsquo;un moteur de 382 cm3, d&rsquo;un d\u00e9marrage \u00e9lectrique et d&rsquo;un bac de ramassage de 240 L.<\/p>\n<p><b><u>Caract\u00e9ristiques technique\u00a0<\/u>:<\/b><br \/>\n&#8211; Moteur MTD ThorX 382, monocylindre .<br \/>\n&#8211; Puissance moteur : 7.5 kW \/ 2750 min-1<br \/>\n&#8211; D\u00e9marrage \u00e9lectrique pour plus de facilit\u00ef\u00e9.<br \/>\n&#8211; Transmission Transmatic, 6 vitesses .<br \/>\n&#8211; Roues (avt.\/arr.) : 13&Prime; x 5&Prime; \/ 18&Prime; x 6,5&Prime;<br \/>\n&#8211; Moyeux : bagues<br \/>\n&#8211; Bac de ramassage de 240 L, souple avec hard-top<br \/>\n&#8211; R\u00e9servoir carburant (env.) : 3,8 L<br \/>\n&#8211; Poids : 195 kg<br \/>\n&#8211; Dimensions (env.) : L 225 x l 99 x H 103 cm<br \/>\n&#8211; Rayon de braquage de 46 cm<br \/>\n&#8211; Largeur de coupe : 92 cm<br \/>\n&#8211; Hauteur de coupe : 30 &#8211; 95 mm<br \/>\n&#8211; R\u00e9glage hauteur de coupe : 5 positions<br \/>\n&#8211; Mulching et d\u00e9flecteur : non inclus<br \/>\n&#8211; Chargeur de batterie : non inclus.<\/p>\n<p><b><u>Avantages produit<\/u>\u00a0:<\/b><br \/>\n&#8211; Bac de ramassage de 240 L avec levier t\u00e9lescopique : plus facile \u00e0 vider depuis le poste de conduite.<br \/>\n&#8211; Moteur 382 cm3 avec d\u00e9marrage \u00e9lectrique et facilement accessible pour une maintenance ais\u00e9e.<br \/>\n&#8211; Attelage arri\u00e8re pour les accessoires tra\u00een\u00e9s.<br \/>\n&#8211; Rayon de braquage de 46 cm pour contourner plus facilement les plantations<br \/>\n&#8211; Train avant pivotant en acier<br \/>\n&#8211; Ch\u00e2ssis robuste \u00e0 plateforme d\u00e9gag\u00e9e pour une accessibilit\u00e9 facile au poste de conduite<br \/>\n&#8211; Levier d&#8217;embrayage des lames et r\u00e9glage de la hauteur de coupe accessibles directement \u00e0 partir du poste de conduite<br \/>\n&#8211; Si\u00e8ge avec suspension<br \/>\n&#8211; Phares avant<br \/>\n&#8211; 2 roues anti-scalping de coupe pour suivre les courbes du terrain<br \/>\n&#8211; Vide-poches<br \/>\n&#8211; Porte-gobelet.<\/p>\n<p>MTD produit la gamme la plus compl\u00e8te d&rsquo;\u00e9quipements motoris\u00e9s pour le jardin et ce pour toutes les utilisations possibles. Les jardiniers amateurs peuvent choisir parmi une vaste gamme de produits diff\u00e9rents qui ont tous une chose en commun : faciles \u00e0 utiliser, robustes et r\u00e9sistants.<\/p>\n<p><b>Garantie 2 ans\u00a0<\/b>Pi\u00e8ces et main d&rsquo;oeuvre. Les interventions en garantie doivent \u00eatre effectu\u00e9es au sein du r\u00e9seau de r\u00e9parateurs agr\u00e9es MTD France qui compte 450 points de service.<br \/>\nL&rsquo;adresse du r\u00e9parateur le plus proche peut \u00eatre obtenue en cliquant sur le lien :\u00a0<a href=\"\/\/www.mtdfrance.fr\/distributeurs?proximity[value]=20&amp;proximity[center][coordinates][lat]=&amp;proximity[center][coordinates][lng]=&amp;proximity[center][geocoder][geolocation_geocoder_address]=&amp;type24=24\" target=\"_blank\" rel=\"noopener\"><b>carte SAV MTD France.<\/b><\/a><br \/>\nCr\u00e9er un compte sur le site MTD afin d&rsquo;enregistrer votre produit et activer votre garantie qui prendra effet le jour de votre enregistrement sur le site :\u00a0<a href=\"\/\/www.mtdfrance.fr\/compte\/login?destination=\/support\/enregistrement\" target=\"_blank\" rel=\"noopener\"><b>MTD France<\/b><\/a><\/p>\n<p><b>Informations sur la r\u00e8glementation en vigueur:<\/b><br \/>\n&#8211; MTD met \u00e0 disposition toutes les pi\u00e8ces d\u00e9tach\u00e9es sur une p\u00e9riode de 10 ans \u00e0 compter de l&rsquo;arr\u00eat de la production du produit.<br \/>\n&#8211; Une tondeuse \u00e0 gazon autoport\u00e9e \u00e9quip\u00e9e d&rsquo;un si\u00e8ge pour le conducteur et d&rsquo;un volant constitue un v\u00e9hicule terrestre \u00e0 moteur soumis \u00e0 l&rsquo;assurance automobile obligatoire.<\/p>\n<p>**Points forts :** R\u00e9sistant aux conditions ext\u00e9rieures, facile d\u2019entretien.<br \/>\n**Pourquoi choisir ce produit ?** Parfait pour profiter de votre ext\u00e9rieur en toute s\u00e9r\u00e9nit\u00e9.<\/p>\n","protected":false},"excerpt":{"rendered":"<ul>\n<li>EAN: 4008423891782<\/li>\n<li>Disponible en stock<\/li>\n<li>Livraison gratuite en 48 heures<\/li>\n<li><span class=\"label\">Diam\u00e8tre :<\/span>\u00a0<span class=\"value\">92 cm<br \/>\n<\/span><\/li>\n<li><span class=\"label\">Disponibilit\u00e9 des pi\u00e8ces d\u00e9tach\u00e9es (donn\u00e9e fournisseur) :<\/span>\u00a0<span class=\"value\">5 ans<br \/>\n<\/span><\/li>\n<li><span class=\"label\">Energie :<\/span>\u00a0<span class=\"value\">thermique<br \/>\n<\/span><\/li>\n<li><span class=\"label\">Garantie :<\/span>\u00a0<span class=\"value\">3 ans<br \/>\n<\/span><\/li>\n<li><span class=\"label\">Hauteur :<\/span>\u00a0<span class=\"value\">103 cm<br \/>\n<\/span><\/li>\n<li><span class=\"label\">Largeur :<\/span>\u00a0<span class=\"value\">99 cm<br \/>\n<\/span><\/li>\n<li><span class=\"label\">Poids :<\/span>\u00a0<span class=\"value\">195 kg<br \/>\n<\/span><\/li>\n<li><span class=\"label\">Conditions de livraison :\u00a0<\/span>\u00a0<span class=\"value\">Palette<\/span><\/li>\n<\/ul>\n<p> Robuste, pratique et adapt\u00e9 \u00e0 l\u2019ext\u00e9rieur.<\/p>\n","protected":false},"featured_media":3079,"comment_status":"closed","ping_status":"closed","template":"","meta":[],"product_brand":[],"product_cat":[157],"product_tag":[],"class_list":{"0":"post-3078","1":"product","2":"type-product","3":"status-publish","6":"product_cat-terrasse-et-jardin","8":"first","9":"instock","10":"sale","11":"taxable","12":"shipping-taxable","13":"purchasable","14":"product-type-simple"},"_links":{"self":[{"href":"https:\/\/menagers-holding.fr\/index.php?rest_route=\/wp\/v2\/product\/3078","targetHints":{"allow":["GET"]}}],"collection":[{"href":"https:\/\/menagers-holding.fr\/index.php?rest_route=\/wp\/v2\/product"}],"about":[{"href":"https:\/\/menagers-holding.fr\/index.php?rest_route=\/wp\/v2\/types\/product"}],"replies":[{"embeddable":true,"href":"https:\/\/menagers-holding.fr\/index.php?rest_route=%2Fwp%2Fv2%2Fcomments&post=3078"}],"wp:featuredmedia":[{"embeddable":true,"href":"https:\/\/menagers-holding.fr\/index.php?rest_route=\/wp\/v2\/media\/3079"}],"wp:attachment":[{"href":"https:\/\/menagers-holding.fr\/index.php?rest_route=%2Fwp%2Fv2%2Fmedia&parent=3078"}],"wp:term":[{"taxonomy":"product_brand","embeddable":true,"href":"https:\/\/menagers-holding.fr\/index.php?rest_route=%2Fwp%2Fv2%2Fproduct_brand&post=3078"},{"taxonomy":"product_cat","embeddable":true,"href":"https:\/\/menagers-holding.fr\/index.php?rest_route=%2Fwp%2Fv2%2Fproduct_cat&post=3078"},{"taxonomy":"product_tag","embeddable":true,"href":"https:\/\/menagers-holding.fr\/index.php?rest_route=%2Fwp%2Fv2%2Fproduct_tag&post=3078"}],"curies":[{"name":"wp","href":"https:\/\/api.w.org\/{rel}","templated":true}]}}