{"id":3076,"date":"2022-09-02T08:31:27","date_gmt":"2022-09-02T08:31:27","guid":{"rendered":"https:\/\/menagers-holding.fr\/?post_type=product&#038;p=3076"},"modified":"2025-09-21T04:31:35","modified_gmt":"2025-09-21T04:31:35","slug":"tondeuse-autoportee-at4-84-a-alpina-black-ejection-arriere","status":"publish","type":"product","link":"https:\/\/menagers-holding.fr\/?product=tondeuse-autoportee-at4-84-a-alpina-black-ejection-arriere","title":{"rendered":"Tondeuse autoport\u00e9e AT4 84 A Alpina Black \u00e9jection arri\u00e8re"},"content":{"rendered":"<h3>Cette tondeuse autoport\u00e9e thermique AT4 84 A Alpina \u00e0 \u00e9jection arri\u00e8re est \u00e9quip\u00e9e d&rsquo;un moteur Alpina 7050 de 352\u00a0<span class=\"st\">cm<sup>3<\/sup><\/span>. Elle propose une largeur de coupe de 84 cm.<\/p>\n<p>Machine tr\u00e8s performante, elle est \u00e9quip\u00e9e d&rsquo;un d\u00e9marrage \u00e9lectrique, d&rsquo;un embrayage de lame \u00e9lectromagn\u00e9tique et d&rsquo;un bac arri\u00e8re de 200 litres.<\/h3>\n<div>Livr\u00e9e avec chargeur de batterie.<\/div>\n<div>\n<u>CARACT\u00c9RISTIQUES TECHNIQUES :<\/u><\/p>\n<ul>\n<li>Moteur\u00a0Alpina\u00a07050 &#8211; 352\u00a0<span class=\"st\">cm<sup>3<\/sup><\/span><\/li>\n<li>D\u00e9marrage \u00e9lectrique \u00e0 cl\u00e9<\/li>\n<li>Carter acier robuste &#8211; largeur de coupe 84 cm<\/li>\n<li>R\u00e9glage hauteur de coupe centralis\u00e9 7 positions : 25 \u00e0 80mm<\/li>\n<li>R\u00e9servoir essence : 6 L<\/li>\n<li>Diam\u00e8tre roues : 13&Prime; &#8211; 33 cm \u00e0 l&rsquo;avant \/ 18&Prime; &#8211; 45.7 cm \u00e0 l&rsquo;arri\u00e8re<\/li>\n<li>Dimensions: L. 233,8x l. 88 x H. 110 cm<\/li>\n<li>Poids 160 kg<\/li>\n<\/ul>\n<\/div>\n<h3>Garantie<\/h3>\n<div class=\"product-propertyRow\">\n<div class=\"product-propertyKey\">Garantie<\/div>\n<div class=\"product-propertyValue\">3 ans<\/div>\n<\/div>\n<div class=\"product-propertyRow\">\n<div class=\"product-propertyValue\"><b>Dimensions<\/b>\u00a0(LxlxH) : 170cm x 112cm x 85cm &#8211;\u00a0<b>Poids<\/b>\u00a0: 215,0kg<\/div>\n<\/div>\n<div class=\"product-propertyBlock\">\n<h3>Caracteristiques<\/h3>\n<div class=\"product-propertyRow\">\n<div class=\"product-propertyKey\">Pneumatiques avant<\/div>\n<div class=\"product-propertyValue\">13&Prime;<\/div>\n<\/div>\n<div class=\"product-propertyRow\">\n<div class=\"product-propertyKey\">Pneumatiques arri\u00e8res<\/div>\n<div class=\"product-propertyValue\">18&Prime;<\/div>\n<\/div>\n<div class=\"product-propertyRow\">\n<div class=\"product-propertyKey\">Poids<\/div>\n<div class=\"product-propertyValue\">160 kg<\/div>\n<\/div>\n<div class=\"product-propertyRow\">\n<div class=\"product-propertyKey\">Dimensions (LxlxH)<\/div>\n<div class=\"product-propertyValue\">L. 233,8x l. 88 x H. 110 cm<\/div>\n<\/div>\n<\/div>\n<div class=\"product-propertyBlock\">\n<h3>Caract\u00e9ristiques<\/h3>\n<div class=\"product-propertyRow\">\n<div class=\"product-propertyKey\">Pour une surface gazon jusqu&rsquo;a<\/div>\n<div class=\"product-propertyValue\">3000 m2<\/div>\n<\/div>\n<\/div>\n<div class=\"product-propertyBlock\">\n<h3>Moteur<\/h3>\n<div class=\"product-propertyRow\">\n<div class=\"product-propertyKey\">Moteur<\/div>\n<div class=\"product-propertyValue\">Alpina 7050<\/div>\n<\/div>\n<div class=\"product-propertyRow\">\n<div class=\"product-propertyKey\">Cylindr\u00e9e<\/div>\n<div class=\"product-propertyValue\">352 cm3 &#8211; 5.56 kW<\/div>\n<\/div>\n<div class=\"product-propertyRow\">\n<div class=\"product-propertyKey\">Boite de vitesses<\/div>\n<div class=\"product-propertyValue\">m\u00e9canique<\/div>\n<\/div>\n<\/div>\n<div class=\"product-propertyBlock\">\n<h3>Equipement de coupe<\/h3>\n<div class=\"product-propertyRow\">\n<div class=\"product-propertyKey\">Embrayage lame<\/div>\n<div class=\"product-propertyValue\">\u00e9lectromagn\u00e9tique<\/div>\n<\/div>\n<div class=\"product-propertyRow\">\n<div class=\"product-propertyKey\">Largeur de coupe<\/div>\n<div class=\"product-propertyValue\">84 cm<\/div>\n<\/div>\n<div class=\"product-propertyRow\">\n<div class=\"product-propertyKey\">Hauteur de coupe<\/div>\n<div class=\"product-propertyValue\">de 25 \u00e0 80mm<\/div>\n<\/div>\n<div class=\"product-propertyRow\">\n<div class=\"product-propertyKey\">R\u00e9glage hauteur<\/div>\n<div class=\"product-propertyValue\">7 positions<\/div>\n<\/div>\n<div class=\"product-propertyRow\">\n<div class=\"product-propertyKey\">Volume du bac<\/div>\n<div class=\"product-propertyValue\">200 litres<\/div>\n<\/div>\n<\/div>\n<p>**Points forts :** R\u00e9sistant aux conditions ext\u00e9rieures, facile d\u2019entretien.<br \/>\n**Pourquoi choisir ce produit ?** Parfait pour profiter de votre ext\u00e9rieur en toute s\u00e9r\u00e9nit\u00e9.<\/p>\n","protected":false},"excerpt":{"rendered":"<ul>\n<li>R\u00e9f : 265EMP6548MP90<\/li>\n<li>EAN: 8008984830653<\/li>\n<li>Disponible en stock<\/li>\n<li>Livraison gratuite 48 heures<\/li>\n<li>Moteur\u00a0Alpina\u00a07050 &#8211; 352\u00a0<span class=\"st\">cm<sup>3<\/sup><\/span><\/li>\n<li>D\u00e9marrage \u00e9lectrique \u00e0 cl\u00e9<\/li>\n<li>Carter acier robuste &#8211; largeur de coupe 84 cm<\/li>\n<li>R\u00e9glage hauteur de coupe centralis\u00e9 7 positions : 25 \u00e0 80mm<\/li>\n<li>R\u00e9servoir essence : 6 L<\/li>\n<li>Diam\u00e8tre roues : 13&Prime; &#8211; 33 cm \u00e0 l&rsquo;avant \/ 18&Prime; &#8211; 45.7 cm \u00e0 l&rsquo;arri\u00e8re<\/li>\n<li>Dimensions: L. 233,8x l. 88 x H. 110 cm<\/li>\n<li>Poids 160 kg<\/li>\n<li><\/li>\n<\/ul>\n<p> Robuste, pratique et adapt\u00e9 \u00e0 l\u2019ext\u00e9rieur.<\/p>\n","protected":false},"featured_media":3077,"comment_status":"closed","ping_status":"closed","template":"","meta":[],"product_brand":[],"product_cat":[157],"product_tag":[],"class_list":{"0":"post-3076","1":"product","2":"type-product","3":"status-publish","6":"product_cat-terrasse-et-jardin","8":"first","9":"instock","10":"sale","11":"taxable","12":"shipping-taxable","13":"purchasable","14":"product-type-simple"},"_links":{"self":[{"href":"https:\/\/menagers-holding.fr\/index.php?rest_route=\/wp\/v2\/product\/3076","targetHints":{"allow":["GET"]}}],"collection":[{"href":"https:\/\/menagers-holding.fr\/index.php?rest_route=\/wp\/v2\/product"}],"about":[{"href":"https:\/\/menagers-holding.fr\/index.php?rest_route=\/wp\/v2\/types\/product"}],"replies":[{"embeddable":true,"href":"https:\/\/menagers-holding.fr\/index.php?rest_route=%2Fwp%2Fv2%2Fcomments&post=3076"}],"wp:featuredmedia":[{"embeddable":true,"href":"https:\/\/menagers-holding.fr\/index.php?rest_route=\/wp\/v2\/media\/3077"}],"wp:attachment":[{"href":"https:\/\/menagers-holding.fr\/index.php?rest_route=%2Fwp%2Fv2%2Fmedia&parent=3076"}],"wp:term":[{"taxonomy":"product_brand","embeddable":true,"href":"https:\/\/menagers-holding.fr\/index.php?rest_route=%2Fwp%2Fv2%2Fproduct_brand&post=3076"},{"taxonomy":"product_cat","embeddable":true,"href":"https:\/\/menagers-holding.fr\/index.php?rest_route=%2Fwp%2Fv2%2Fproduct_cat&post=3076"},{"taxonomy":"product_tag","embeddable":true,"href":"https:\/\/menagers-holding.fr\/index.php?rest_route=%2Fwp%2Fv2%2Fproduct_tag&post=3076"}],"curies":[{"name":"wp","href":"https:\/\/api.w.org\/{rel}","templated":true}]}}