{"id":3070,"date":"2022-09-02T08:23:40","date_gmt":"2022-09-02T08:23:40","guid":{"rendered":"https:\/\/menagers-holding.fr\/?post_type=product&#038;p=3070"},"modified":"2025-09-21T04:31:35","modified_gmt":"2025-09-21T04:31:35","slug":"tondeuse-autoportee-thermique-alpina-at3-98a-98-cm","status":"publish","type":"product","link":"https:\/\/menagers-holding.fr\/?product=tondeuse-autoportee-thermique-alpina-at3-98a-98-cm","title":{"rendered":"Tondeuse autoport\u00e9e thermique ALPINA AT3 98A- 98 cm"},"content":{"rendered":"<table class=\"table table--fpDescTb fpDescTb fpDescTbPub\" role=\"table\" aria-label=\"Semantic Elements\" aria-describedby=\"semantic_elements_table_desc\" aria-rowcount=\"81\">\n<tbody class=\"table__body\" role=\"rowgroup\">\n<tr class=\"table__row\" role=\"row\">\n<th class=\"table__cell\" role=\"cell\" scope=\"row\">Marque<\/th>\n<td class=\"table__cell\" role=\"cell\"><a title=\"ALPINA\" href=\"httpss:\/\/www.cdiscount.com\/m-5778-alpina.html\">ALPINA<\/a><\/td>\n<\/tr>\n<tr class=\"table__row\" role=\"row\">\n<th class=\"table__cell\" role=\"cell\" scope=\"row\">Nom du produit<\/th>\n<td class=\"table__cell\" role=\"cell\">Tondeuse autoport\u00e9e thermique &#8211; Largeur coupe : 98<\/td>\n<\/tr>\n<tr class=\"table__row\" role=\"row\">\n<th class=\"table__cell\" role=\"cell\" scope=\"row\">Cat\u00e9gorie<\/th>\n<td class=\"table__cell\" role=\"cell\">TONDEUSE<\/td>\n<\/tr>\n<tr class=\"table__row\" role=\"row\">\n<th class=\"table__cell\" role=\"cell\" scope=\"row\">R\u00e9f\u00e9rence<\/th>\n<td class=\"table__cell\" role=\"cell\">AT3 98 A<\/td>\n<\/tr>\n<tr class=\"table__row\" role=\"row\">\n<th class=\"table__head\" role=\"cell\" colspan=\"2\" scope=\"col\">G\u00e9n\u00e9ral<\/th>\n<\/tr>\n<tr class=\"table__row\" role=\"row\">\n<th class=\"table__cell\" role=\"cell\" scope=\"row\">Type de Produit<\/th>\n<td class=\"table__cell\" role=\"cell\">Tracteur de tonte<\/td>\n<\/tr>\n<tr class=\"table__row\" role=\"row\">\n<th class=\"table__cell\" role=\"cell\" scope=\"row\">Description du produit<\/th>\n<td class=\"table__cell\" role=\"cell\">L&rsquo;AT3 98 A est \u00e9quip\u00e9 de roues motrices qui fournissent une traction importante lorsque vous travaillez sur des pentes ou sur un sol humide. Il b\u00e9n\u00e9ficie d&rsquo;un engagement de prise de force \u00e9lectromagn\u00e9tique, vous permettant ainsi de d\u00e9marrer et d&rsquo;arr\u00eater les lames rapidement et facilement.<br \/>\nAdaptable et souple d&rsquo;utilisation, il propose sept hauteurs de coupe pr\u00e9d\u00e9finies avec un entra\u00eenement manuel \u00e0 plusieurs vitesses.<br \/>\nParmi les autres caract\u00e9ristiques importantes, citons les roues de pont anti-scalp pour la protection du gazon lors de man\u0153uvres sur des collines et sur des terrains accident\u00e9s; et un si\u00e8ge Alpina Smart avec support au bas du dos pour une tonte sans fatigue.<\/td>\n<\/tr>\n<tr class=\"table__row\" role=\"row\">\n<th class=\"table__cell\" role=\"cell\" scope=\"row\">Mod\u00e8les<\/th>\n<td class=\"table__cell\" role=\"cell\">AT3 98 A<\/td>\n<\/tr>\n<tr class=\"table__row\" role=\"row\">\n<th class=\"table__cell\" role=\"cell\" scope=\"row\">Type d&rsquo;outil<\/th>\n<td class=\"table__cell\" role=\"cell\">Motoris\u00e9<\/td>\n<\/tr>\n<tr class=\"table__row\" role=\"row\">\n<th class=\"table__cell\" role=\"cell\" scope=\"row\">Couleur(s)<\/th>\n<td class=\"table__cell\" role=\"cell\">Noir, jaune<\/td>\n<\/tr>\n<tr class=\"table__row\" role=\"row\">\n<th class=\"table__cell\" role=\"cell\" scope=\"row\">Plus produit<\/th>\n<td class=\"table__cell\" role=\"cell\">Carter de coupe de 98cm et goulotte lat\u00e9rale de construction robuste pour g\u00e9rer les pelouses jusqu&rsquo;\u00e0 4 800 m\u00b2.<br \/>\nEquip\u00e9 d&rsquo;un puissant moteur monocylindre Alpina.<br \/>\nJusqu&rsquo;\u00e0 7 r\u00e9glages de hauteur de coupe possibles.<br \/>\nLes lames peuvent \u00eatre rapidement engag\u00e9es gr\u00e2ce \u00e0 l&#8217;embrayage \u00e9lectromagn\u00e9tique PTO.<br \/>\nR\u00e9servoir de 6 litres.<\/td>\n<\/tr>\n<tr class=\"table__row\" role=\"row\">\n<th class=\"table__head\" role=\"cell\" colspan=\"2\" scope=\"col\">Dimensions et poids<\/th>\n<\/tr>\n<tr class=\"table__row\" role=\"row\">\n<th class=\"table__cell\" role=\"cell\" scope=\"row\">Dimensions<\/th>\n<td class=\"table__cell\" role=\"cell\">172,6 x 120 x 110 cm<\/td>\n<\/tr>\n<tr class=\"table__row\" role=\"row\">\n<th class=\"table__cell\" role=\"cell\" scope=\"row\">Poids<\/th>\n<td class=\"table__cell\" role=\"cell\">169 kg<\/td>\n<\/tr>\n<tr class=\"table__row\" role=\"row\">\n<th class=\"table__cell\" role=\"cell\" scope=\"row\">Contenance<\/th>\n<td class=\"table__cell\" role=\"cell\">1 l<\/td>\n<\/tr>\n<tr class=\"table__row\" role=\"row\">\n<th class=\"table__head\" role=\"cell\" colspan=\"2\" scope=\"col\">Caract\u00e9ristiques de la tondeuse<\/th>\n<\/tr>\n<tr class=\"table__row\" role=\"row\">\n<th class=\"table__cell\" role=\"cell\" scope=\"row\">Surface du jardin<\/th>\n<td class=\"table__cell\" role=\"cell\">4500m\u00b2<\/td>\n<\/tr>\n<tr class=\"table__row\" role=\"row\">\n<th class=\"table__cell\" role=\"cell\" scope=\"row\">Type de propulsion<\/th>\n<td class=\"table__cell\" role=\"cell\">Autotract\u00e9e<\/td>\n<\/tr>\n<tr class=\"table__row\" role=\"row\">\n<th class=\"table__cell\" role=\"cell\" scope=\"row\">Mati\u00e8re du carter<\/th>\n<td class=\"table__cell\" role=\"cell\">Plastique\/m\u00e9tal<\/td>\n<\/tr>\n<tr class=\"table__row\" role=\"row\">\n<th class=\"table__cell\" role=\"cell\" scope=\"row\">Type d&rsquo;\u00e9jection<\/th>\n<td class=\"table__cell\" role=\"cell\">\u00c9jection lat\u00e9rale<\/td>\n<\/tr>\n<tr class=\"table__row\" role=\"row\">\n<th class=\"table__cell\" role=\"cell\" scope=\"row\">Largeur de coupe<\/th>\n<td class=\"table__cell\" role=\"cell\">98 cm<\/td>\n<\/tr>\n<tr class=\"table__row\" role=\"row\">\n<th class=\"table__cell\" role=\"cell\" scope=\"row\">Hauteur de coupe maximum<\/th>\n<td class=\"table__cell\" role=\"cell\">80 mm<\/td>\n<\/tr>\n<tr class=\"table__row\" role=\"row\">\n<th class=\"table__head\" role=\"cell\" colspan=\"2\" scope=\"col\">Sp\u00e9cificit\u00e9s moteur<\/th>\n<\/tr>\n<tr class=\"table__row\" role=\"row\">\n<th class=\"table__cell\" role=\"cell\" scope=\"row\">Type de motorisation<\/th>\n<td class=\"table__cell\" role=\"cell\">Thermique<\/td>\n<\/tr>\n<tr class=\"table__row\" role=\"row\">\n<th class=\"table__cell\" role=\"cell\" scope=\"row\">Motorisation<\/th>\n<td class=\"table__cell\" role=\"cell\">4 temps<\/td>\n<\/tr>\n<tr class=\"table__row\" role=\"row\">\n<th class=\"table__cell\" role=\"cell\" scope=\"row\">Caract\u00e9ristiques du moteur<\/th>\n<td class=\"table__cell\" role=\"cell\">L\u2019AT3 98 A est \u00e9quip\u00e9 d\u2019un moteur Alpina ST350 \u00e0 quatre temps OHV hautement efficace capable de produire une puissance de 6,5 kW \u00e0 partir d&rsquo;une cylindr\u00e9e compacte de 352 cm\u00b3; et qui b\u00e9n\u00e9ficie de la technologie Alpina, qui r\u00e9duit les \u00e9missions sonores et la consommation de carburant.<\/td>\n<\/tr>\n<tr class=\"table__row\" role=\"row\">\n<th class=\"table__cell\" role=\"cell\" scope=\"row\">Batterie Fournie<\/th>\n<td class=\"table__cell\" role=\"cell\">Oui<\/td>\n<\/tr>\n<tr class=\"table__row\" role=\"row\">\n<th class=\"table__cell\" role=\"cell\" scope=\"row\">Type de transmission<\/th>\n<td class=\"table__cell\" role=\"cell\">M\u00e9canique<\/td>\n<\/tr>\n<tr class=\"table__row\" role=\"row\">\n<th class=\"table__cell\" role=\"cell\" scope=\"row\">Niveau sonore<\/th>\n<td class=\"table__cell\" role=\"cell\">86 dB<\/td>\n<\/tr>\n<tr class=\"table__row\" role=\"row\">\n<th class=\"table__cell\" role=\"cell\" scope=\"row\">D\u00e9marrage<\/th>\n<td class=\"table__cell\" role=\"cell\">Electrique<\/td>\n<\/tr>\n<tr class=\"table__row\" role=\"row\">\n<th class=\"table__head\" role=\"cell\" colspan=\"2\" scope=\"col\">Informations de performance<\/th>\n<\/tr>\n<tr class=\"table__row\" role=\"row\">\n<th class=\"table__cell\" role=\"cell\" scope=\"row\">Diam\u00e8tre de coupe max<\/th>\n<td class=\"table__cell\" role=\"cell\">98 mm<\/td>\n<\/tr>\n<tr class=\"table__row\" role=\"row\">\n<th class=\"table__cell\" role=\"cell\" scope=\"row\">Nombre de lames<\/th>\n<td class=\"table__cell\" role=\"cell\">2<\/td>\n<\/tr>\n<tr class=\"table__row\" role=\"row\">\n<th class=\"table__head\" role=\"cell\" colspan=\"2\" scope=\"col\">D\u00e9tail de l&rsquo;\u00e9quipement<\/th>\n<\/tr>\n<tr class=\"table__row\" role=\"row\">\n<th class=\"table__cell\" role=\"cell\" scope=\"row\">Bac de ramassage<\/th>\n<td class=\"table__cell\" role=\"cell\">Non<\/td>\n<\/tr>\n<tr class=\"table__row\" role=\"row\">\n<th class=\"table__cell\" role=\"cell\" scope=\"row\">Fonction mulching<\/th>\n<td class=\"table__cell\" role=\"cell\">Non<\/td>\n<\/tr>\n<tr class=\"table__row\" role=\"row\">\n<th class=\"table__head\" role=\"cell\" colspan=\"2\" scope=\"col\">Dimensions colis<\/th>\n<\/tr>\n<tr class=\"table__row\" role=\"row\">\n<th class=\"table__cell\" role=\"cell\" scope=\"row\">Poids emball\u00e9<\/th>\n<td class=\"table__cell\" role=\"cell\">207,5 kg<\/td>\n<\/tr>\n<tr class=\"table__row\" role=\"row\">\n<th class=\"table__head\" role=\"cell\" colspan=\"2\" scope=\"col\">Vos garanties incluses<\/th>\n<\/tr>\n<tr class=\"table__row\" role=\"row\">\n<th class=\"table__cell\" role=\"cell\" scope=\"row\">Garantie (\u00b2)<\/th>\n<td class=\"table__cell\" role=\"cell\">3 ans<\/td>\n<\/tr>\n<\/tbody>\n<\/table>\n<p>**Points forts :** R\u00e9sistant aux conditions ext\u00e9rieures, facile d\u2019entretien.<br \/>\n**Pourquoi choisir ce produit ?** Parfait pour profiter de votre ext\u00e9rieur en toute s\u00e9r\u00e9nit\u00e9.<\/p>\n","protected":false},"excerpt":{"rendered":"<ul>\n<li>R\u00e9f: 54EKP651MP65<\/li>\n<li>EAN:8008984851177<\/li>\n<li>Carter de coupe de 98cm et goulotte lat\u00e9rale de construction robuste pour g\u00e9rer les pelouses jusqu&rsquo;\u00e0 4 800 m\u00b2., Equip\u00e9 d&rsquo;un puissant moteur monocylindre Alpina., Jusqu&rsquo;\u00e0 7 r\u00e9glages de hauteur de coupe possibles., Les lames peuvent \u00eatre rapidement engag\u00e9es gr\u00e2ce \u00e0 l&#8217;embrayage \u00e9lectromagn\u00e9tique PTO., R\u00e9servoir de 6 litres.<\/li>\n<li>Type de motorisation : Thermique<\/li>\n<li>Batterie Fournie : Oui<\/li>\n<li>Largeur de coupe : 98 cm<\/li>\n<li>Disponible en stock<\/li>\n<li>Livraison gratuite<\/li>\n<\/ul>\n<p> Robuste, pratique et adapt\u00e9 \u00e0 l\u2019ext\u00e9rieur.<\/p>\n","protected":false},"featured_media":3071,"comment_status":"closed","ping_status":"closed","template":"","meta":[],"product_brand":[],"product_cat":[157],"product_tag":[],"class_list":{"0":"post-3070","1":"product","2":"type-product","3":"status-publish","6":"product_cat-terrasse-et-jardin","8":"first","9":"instock","10":"sale","11":"taxable","12":"shipping-taxable","13":"purchasable","14":"product-type-simple"},"_links":{"self":[{"href":"https:\/\/menagers-holding.fr\/index.php?rest_route=\/wp\/v2\/product\/3070","targetHints":{"allow":["GET"]}}],"collection":[{"href":"https:\/\/menagers-holding.fr\/index.php?rest_route=\/wp\/v2\/product"}],"about":[{"href":"https:\/\/menagers-holding.fr\/index.php?rest_route=\/wp\/v2\/types\/product"}],"replies":[{"embeddable":true,"href":"https:\/\/menagers-holding.fr\/index.php?rest_route=%2Fwp%2Fv2%2Fcomments&post=3070"}],"wp:featuredmedia":[{"embeddable":true,"href":"https:\/\/menagers-holding.fr\/index.php?rest_route=\/wp\/v2\/media\/3071"}],"wp:attachment":[{"href":"https:\/\/menagers-holding.fr\/index.php?rest_route=%2Fwp%2Fv2%2Fmedia&parent=3070"}],"wp:term":[{"taxonomy":"product_brand","embeddable":true,"href":"https:\/\/menagers-holding.fr\/index.php?rest_route=%2Fwp%2Fv2%2Fproduct_brand&post=3070"},{"taxonomy":"product_cat","embeddable":true,"href":"https:\/\/menagers-holding.fr\/index.php?rest_route=%2Fwp%2Fv2%2Fproduct_cat&post=3070"},{"taxonomy":"product_tag","embeddable":true,"href":"https:\/\/menagers-holding.fr\/index.php?rest_route=%2Fwp%2Fv2%2Fproduct_tag&post=3070"}],"curies":[{"name":"wp","href":"https:\/\/api.w.org\/{rel}","templated":true}]}}