{"id":3059,"date":"2022-08-28T12:52:47","date_gmt":"2022-08-28T12:52:47","guid":{"rendered":"https:\/\/menagers-holding.fr\/?post_type=product&#038;p=3059"},"modified":"2025-09-23T08:46:19","modified_gmt":"2025-09-23T08:46:19","slug":"lg-refrigerateur-americain-gsi960pzaz-625-l-froid-no-frost","status":"publish","type":"product","link":"https:\/\/menagers-holding.fr\/?product=lg-refrigerateur-americain-gsi960pzaz-625-l-froid-no-frost","title":{"rendered":"LG R\u00e9frig\u00e9rateur am\u00e9ricain GSI960PZAZ, 625 l, Froid no frost \u00c9co-\u00e9nerg\u00e9tique"},"content":{"rendered":"<div class=\"product-description__block\">\n<div class=\"product-description__content\">\n<div class=\"product-description__content-wrapper\">\n<div>Ce r\u00e9frig\u00e9rateur am\u00e9ricain LG au design minimaliste et chic se fondra parfaitement dans votre int\u00e9rieur.<br \/>\nSa maxi capacit\u00e9 de 625 L (411L pour le r\u00e9frig\u00e9rateur et 214L pour le cong\u00e9lateur) vous permettra de stocker un tr\u00e8s grand nombre d&rsquo;aliments.Il vous permettra de stocker toutes vos courses gr\u00e2ce \u00e0 ses 8 clayettes, son range bouteille, ses bacs \u00e0 l\u00e9gumes, ses 6 balconnets de contre-porte et ses 2 tiroirs de cong\u00e9lation. Il est \u00e9galement muni d\u2019un distributeur d\u2019eau et gla\u00e7ons.Le froid ventil\u00e9 int\u00e9gral garantit une temp\u00e9rature homog\u00e8ne, emp\u00eachant la formation de givre et permettant ainsi une meilleure conservation des aliments.<\/p>\n<\/div>\n<div><\/div>\n<\/div>\n<\/div>\n<\/div>\n<div class=\"product-description__block\">\n<h2 class=\"product-description__title\">Caract\u00e9ristiques<\/h2>\n<div class=\"product-description__content\">\n<div class=\"product-description__content-wrapper\">\n<div class=\"product-description__feature-wrapper\">\n<div>\n<h3 class=\"product-description__feature-title\">Caract\u00e9ristiques g\u00e9n\u00e9rales<\/h3>\n<div class=\"product-description__feature-group-wrapper\">\n<p><span class=\"product-description__feature-label\">Volume total<\/span><\/p>\n<div class=\"product-description__feature-values\"><span class=\"product-description__feature-value\">625 l<\/span><\/div>\n<\/div>\n<div class=\"product-description__feature-group-wrapper\">\n<p><span class=\"product-description__feature-label\">Volume total<\/span><\/p>\n<div class=\"product-description__feature-values\"><\/div>\n<\/div>\n<div class=\"product-description__feature-group-wrapper\">\n<p><span class=\"product-description__feature-label\">Type de produit<\/span><\/p>\n<div class=\"product-description__feature-values\"><span class=\"product-description__feature-value\">R\u00e9frig\u00e9rateur Am\u00e9ricain<\/span><\/div>\n<\/div>\n<div class=\"product-description__feature-group-wrapper\">\n<p><span class=\"product-description__feature-label\">Classe \u00e9nerg\u00e9tique<\/span><\/p>\n<div class=\"product-description__feature-values\"><span class=\"product-description__feature-value\">F<\/span><\/div>\n<\/div>\n<div class=\"product-description__feature-group-wrapper\">\n<p><span class=\"product-description__feature-label\">Nombre de porte<\/span><\/p>\n<div class=\"product-description__feature-values\"><span class=\"product-description__feature-value\">2<\/span><\/div>\n<\/div>\n<div class=\"product-description__feature-group-wrapper\">\n<p><span class=\"product-description__feature-label\">Classe Climatique<\/span><\/p>\n<div class=\"product-description__feature-values\"><span class=\"product-description__feature-value\">Tropicale (T) (De 16 \u00b0C \u00e0 43 \u00b0C)<\/span><\/div>\n<\/div>\n<div class=\"product-description__feature-group-wrapper\">\n<p><span class=\"product-description__feature-label\">Couleur<\/span><\/p>\n<div class=\"product-description__feature-values\"><span class=\"product-description__feature-value\">Platinium<\/span><\/div>\n<\/div>\n<div class=\"product-description__feature-group-wrapper\">\n<p><span class=\"product-description__feature-label\">Autonomie en cas de coupure de courant<\/span><\/p>\n<div class=\"product-description__feature-values\"><span class=\"product-description__feature-value\">10 h<\/span><\/div>\n<\/div>\n<div class=\"product-description__feature-group-wrapper\">\n<p><span class=\"product-description__feature-label\">Mati\u00e8re des clayettes<\/span><\/p>\n<div class=\"product-description__feature-values\"><span class=\"product-description__feature-value\">Verre<\/span><\/div>\n<\/div>\n<div class=\"product-description__feature-group-wrapper\">\n<p><span class=\"product-description__feature-label\">Dur\u00e9e de la garantie l\u00e9gale<\/span><\/p>\n<div class=\"product-description__feature-values\"><span class=\"product-description__feature-value\">3 Ans<\/span><\/div>\n<\/div>\n<div class=\"product-description__feature-group-wrapper\">\n<p><span class=\"product-description__feature-label\">Alarme d&rsquo;ouverture de porte<\/span><\/p>\n<div class=\"product-description__feature-values\"><span class=\"product-description__feature-value\">Oui<\/span><\/div>\n<\/div>\n<div class=\"product-description__feature-group-wrapper\">\n<p><span class=\"product-description__feature-label\">Couleur<\/span><\/p>\n<div class=\"product-description__feature-values\"><\/div>\n<\/div>\n<\/div>\n<\/div>\n<div class=\"product-description__feature-wrapper\">\n<div>\n<h3 class=\"product-description__feature-title\">Caract\u00e9ristiques du r\u00e9frig\u00e9rateur<\/h3>\n<div class=\"product-description__feature-group-wrapper\">\n<p><span class=\"product-description__feature-label\">Nombre de bac(s) \u00e0 l\u00e9gumes<\/span><\/p>\n<div class=\"product-description__feature-values\"><span class=\"product-description__feature-value\">2<\/span><\/div>\n<\/div>\n<div class=\"product-description__feature-group-wrapper\">\n<p><span class=\"product-description__feature-label\">Distributeur d&rsquo;eau<\/span><\/p>\n<div class=\"product-description__feature-values\"><span class=\"product-description__feature-value\">Eau et Gla\u00e7ons<\/span><\/div>\n<\/div>\n<div class=\"product-description__feature-group-wrapper\">\n<p><span class=\"product-description__feature-label\">Type de froid<\/span><\/p>\n<div class=\"product-description__feature-values\"><span class=\"product-description__feature-value\">Froid Ventil\u00e9 (sans givre)<\/span><\/div>\n<\/div>\n<div class=\"product-description__feature-group-wrapper\">\n<p><span class=\"product-description__feature-label\">Range bouteille<\/span><\/p>\n<div class=\"product-description__feature-values\"><span class=\"product-description__feature-value\">Oui<\/span><\/div>\n<\/div>\n<div class=\"product-description__feature-group-wrapper\">\n<p><span class=\"product-description__feature-label\">Nombre de clayette(s)<\/span><\/p>\n<div class=\"product-description__feature-values\"><span class=\"product-description__feature-value\">8<\/span><\/div>\n<\/div>\n<div class=\"product-description__feature-group-wrapper\">\n<p><span class=\"product-description__feature-label\">Volume du r\u00e9frig\u00e9rateur<\/span><\/p>\n<div class=\"product-description__feature-values\"><span class=\"product-description__feature-value\">411 l<\/span><\/div>\n<\/div>\n<div class=\"product-description__feature-group-wrapper\">\n<p><span class=\"product-description__feature-label\">Nombre de balconnet de contre-porte<\/span><\/p>\n<div class=\"product-description__feature-values\"><span class=\"product-description__feature-value\">6<\/span><\/div>\n<\/div>\n<\/div>\n<\/div>\n<div class=\"product-description__feature-wrapper\">\n<div>\n<h3 class=\"product-description__feature-title\">Caract\u00e9ristiques du Cong\u00e9lateur<\/h3>\n<div class=\"product-description__feature-group-wrapper\">\n<p><span class=\"product-description__feature-label\">Volume du cong\u00e9lateur<\/span><\/p>\n<div class=\"product-description__feature-values\"><span class=\"product-description__feature-value\">214 l<\/span><\/div>\n<\/div>\n<div class=\"product-description__feature-group-wrapper\">\n<p><span class=\"product-description__feature-label\">Pouvoir de cong\u00e9lation<\/span><\/p>\n<div class=\"product-description__feature-values\"><span class=\"product-description__feature-value\">12 kg\/24h<\/span><\/div>\n<\/div>\n<div class=\"product-description__feature-group-wrapper\">\n<p><span class=\"product-description__feature-label\">Nombre de tiroirs de cong\u00e9lation<\/span><\/p>\n<div class=\"product-description__feature-values\"><span class=\"product-description__feature-value\">2<\/span><\/div>\n<\/div>\n<div class=\"product-description__feature-group-wrapper\">\n<p><span class=\"product-description__feature-label\">Type de froid du cong\u00e9lateur<\/span><\/p>\n<div class=\"product-description__feature-values\"><span class=\"product-description__feature-value\">Froid Ventil\u00e9 (sans givre)<\/span><\/div>\n<\/div>\n<\/div>\n<\/div>\n<div class=\"product-description__feature-wrapper\">\n<div>\n<h3 class=\"product-description__feature-title\">Dimensions du produit d\u00e9ball\u00e9<\/h3>\n<div class=\"product-description__feature-group-wrapper\">\n<p><span class=\"product-description__feature-label\">Hauteur<\/span><\/p>\n<div class=\"product-description__feature-values\"><\/div>\n<\/div>\n<div class=\"product-description__feature-group-wrapper\">\n<p><span class=\"product-description__feature-label\">Largeur<\/span><\/p>\n<div class=\"product-description__feature-values\"><\/div>\n<\/div>\n<div class=\"product-description__feature-group-wrapper\">\n<p><span class=\"product-description__feature-label\">Dimensions LxHxP<\/span><\/p>\n<div class=\"product-description__feature-values\"><span class=\"product-description__feature-value\">(91.2 x 179 x 73.8 cm)<\/span><\/div>\n<\/div>\n<div class=\"product-description__feature-group-wrapper\">\n<p><span class=\"product-description__feature-label\">Profondeur<\/span><\/p>\n<div class=\"product-description__feature-values\"><\/div>\n<\/div>\n<\/div>\n<\/div>\n<div class=\"product-description__feature-wrapper\">\n<div class=\"product-description__feature--single\">\n<h5 class=\"product-description__feature-title\">Poids<\/h5>\n<div class=\"product-description__feature-values\"><span class=\"product-description__feature-value\">132 kg<\/span><\/div>\n<\/div>\n<\/div>\n<div class=\"product-description__feature-wrapper\">\n<div class=\"product-description__feature--single\">\n<h5 class=\"product-description__feature-title\">Niveau sonore maximum<\/h5>\n<div class=\"product-description__feature-values\"><span class=\"product-description__feature-value\">39 dB<\/span><\/div>\n<\/div>\n<\/div>\n<div class=\"product-description__feature-wrapper\">\n<div class=\"product-description__feature--single\">\n<h5 class=\"product-description__feature-title\">Consommation annuelle d&rsquo;\u00e9nergie<\/h5>\n<div class=\"product-description__feature-values\"><span class=\"product-description__feature-value\">431 kWh\/an<\/span><\/div>\n<\/div>\n<\/div>\n<div class=\"product-description__feature-wrapper\">\n<div class=\"product-description__feature--single\">\n<h5 class=\"product-description__feature-title\">Pi\u00e8ces d\u00e9tach\u00e9es<\/h5>\n<div class=\"product-description__feature-values\"><span class=\"product-description__feature-value\">Pi\u00e8ces d\u00e9tach\u00e9es disponibles pendant : 7 ann\u00e9e(s)<\/span><\/div>\n<\/div>\n<\/div>\n<div class=\"product-description__feature-wrapper\">\n<div class=\"product-description__feature--single\">\n<h5 class=\"product-description__feature-title\">Reprise de votre ancien \u00e9quipement<\/h5>\n<div class=\"product-description__feature-values\"><span class=\"product-description__feature-value\">Lors de la livraison ou du retrait en magasin (modalit\u00e9s de mise en oeuvre selon le point de vente)<\/span><\/div>\n<\/div>\n<\/div>\n<div class=\"product-description__feature-wrapper\">\n<div class=\"product-description__feature-group-wrapper\"><span class=\"product-description__feature-label\">R\u00e9f : 44EMP6010MP65<\/span><\/div>\n<div class=\"product-description__feature-group-wrapper\">\n<p><span class=\"product-description__feature-label\"> EAN : 8806098348589<\/span><\/p>\n<div class=\"product-description__feature-values\"><\/div>\n<\/div>\n<\/div>\n<\/div>\n<\/div>\n<\/div>\n<p>**Points forts :** Technologie moderne, faible consommation, praticit\u00e9.<br \/>\n**Pourquoi choisir ce produit ?** Id\u00e9al pour un usage quotidien avec un excellent rapport qualit\u00e9-prix.<\/p>\n","protected":false},"excerpt":{"rendered":"<div class=\"product-description__feature-group-wrapper\">\n<p><span class=\"product-description__feature-label\">Volume total<\/span><\/p>\n<div class=\"product-description__feature-values\"><span class=\"product-description__feature-value\">625 l<\/span><\/div>\n<\/div>\n<div class=\"product-description__feature-group-wrapper\">\n<p><span class=\"product-description__feature-label\">Volume total<\/span><\/p>\n<div class=\"product-description__feature-values\"><\/div>\n<\/div>\n<div class=\"product-description__feature-group-wrapper\">\n<p><span class=\"product-description__feature-label\">Type de produit<\/span><\/p>\n<div class=\"product-description__feature-values\"><span class=\"product-description__feature-value\">R\u00e9frig\u00e9rateur Am\u00e9ricain<\/span><\/div>\n<\/div>\n<div class=\"product-description__feature-group-wrapper\">\n<p><span class=\"product-description__feature-label\">Classe \u00e9nerg\u00e9tique<\/span><\/p>\n<div class=\"product-description__feature-values\"><span class=\"product-description__feature-value\">F<\/span><\/div>\n<\/div>\n<div class=\"product-description__feature-group-wrapper\">\n<p><span class=\"product-description__feature-label\">Nombre de porte<\/span><\/p>\n<div class=\"product-description__feature-values\"><span class=\"product-description__feature-value\">2<\/span><\/div>\n<\/div>\n<div class=\"product-description__feature-group-wrapper\">\n<p><span class=\"product-description__feature-label\">Classe Climatique<\/span><\/p>\n<div class=\"product-description__feature-values\"><span class=\"product-description__feature-value\">Tropicale (T) (De 16 \u00b0C \u00e0 43 \u00b0C)<\/span><\/div>\n<\/div>\n<div class=\"product-description__feature-group-wrapper\">\n<p><span class=\"product-description__feature-label\">Couleur<\/span><\/p>\n<div class=\"product-description__feature-values\"><span class=\"product-description__feature-value\">Platinium<\/span><\/div>\n<\/div>\n<div class=\"product-description__feature-group-wrapper\">\n<p><span class=\"product-description__feature-label\">Autonomie en cas de coupure de courant<\/span><\/p>\n<div class=\"product-description__feature-values\"><span class=\"product-description__feature-value\">10 h<\/span><\/div>\n<div>Disponible en stock<\/div>\n<div>Livraison gratuite 2 \u00e0 3 jours<\/div>\n<\/div>\n<p> Compact, \u00e9co-\u00e9nerg\u00e9tique et facile \u00e0 utiliser.<\/p>\n","protected":false},"featured_media":3060,"comment_status":"closed","ping_status":"closed","template":"","meta":[],"product_brand":[],"product_cat":[180,164],"product_tag":[],"class_list":{"0":"post-3059","1":"product","2":"type-product","3":"status-publish","6":"product_cat-electromenagers","7":"product_cat-refrigerateur","9":"first","10":"instock","11":"sale","12":"taxable","13":"shipping-taxable","14":"purchasable","15":"product-type-simple"},"_links":{"self":[{"href":"https:\/\/menagers-holding.fr\/index.php?rest_route=\/wp\/v2\/product\/3059","targetHints":{"allow":["GET"]}}],"collection":[{"href":"https:\/\/menagers-holding.fr\/index.php?rest_route=\/wp\/v2\/product"}],"about":[{"href":"https:\/\/menagers-holding.fr\/index.php?rest_route=\/wp\/v2\/types\/product"}],"replies":[{"embeddable":true,"href":"https:\/\/menagers-holding.fr\/index.php?rest_route=%2Fwp%2Fv2%2Fcomments&post=3059"}],"wp:featuredmedia":[{"embeddable":true,"href":"https:\/\/menagers-holding.fr\/index.php?rest_route=\/wp\/v2\/media\/3060"}],"wp:attachment":[{"href":"https:\/\/menagers-holding.fr\/index.php?rest_route=%2Fwp%2Fv2%2Fmedia&parent=3059"}],"wp:term":[{"taxonomy":"product_brand","embeddable":true,"href":"https:\/\/menagers-holding.fr\/index.php?rest_route=%2Fwp%2Fv2%2Fproduct_brand&post=3059"},{"taxonomy":"product_cat","embeddable":true,"href":"https:\/\/menagers-holding.fr\/index.php?rest_route=%2Fwp%2Fv2%2Fproduct_cat&post=3059"},{"taxonomy":"product_tag","embeddable":true,"href":"https:\/\/menagers-holding.fr\/index.php?rest_route=%2Fwp%2Fv2%2Fproduct_tag&post=3059"}],"curies":[{"name":"wp","href":"https:\/\/api.w.org\/{rel}","templated":true}]}}