{"id":3040,"date":"2022-08-28T12:23:03","date_gmt":"2022-08-28T12:23:03","guid":{"rendered":"https:\/\/menagers-holding.fr\/?post_type=product&#038;p=3040"},"modified":"2025-09-23T08:46:19","modified_gmt":"2025-09-23T08:46:19","slug":"refrigerateur-americain-samsung-rs50n3403sa","status":"publish","type":"product","link":"https:\/\/menagers-holding.fr\/?product=refrigerateur-americain-samsung-rs50n3403sa","title":{"rendered":"R\u00e9frig\u00e9rateur Am\u00e9ricain SAMSUNG RS50N3403SA \u00c9co-\u00e9nerg\u00e9tique"},"content":{"rendered":"<div class=\"product-description-text\">Livraison \u00e0 domicile et mise en service.<\/p>\n<table>\n<tbody>\n<tr>\n<td>Caracteristiques generales<\/td>\n<td><\/td>\n<\/tr>\n<tr>\n<td><\/td>\n<td>Format<\/td>\n<td>am\u00e9ricain avec cong\u00e9lateur sur le cot\u00e9<\/td>\n<\/tr>\n<tr>\n<td><\/td>\n<td>Volume total<\/td>\n<td>534 L<\/td>\n<\/tr>\n<tr>\n<td><\/td>\n<td>Rev\u00eatement ext\u00e9rieur de la porte<\/td>\n<td>anti trace<\/td>\n<\/tr>\n<tr>\n<td><\/td>\n<td>Couleur du produit<\/td>\n<td>platinium<\/td>\n<\/tr>\n<tr>\n<td>Confort<\/td>\n<td><\/td>\n<\/tr>\n<tr>\n<td><\/td>\n<td>Pose de l&rsquo;appareil<\/td>\n<td>pose libre, peut \u00eatre install\u00e9 librement dans n&rsquo;importe quelle pi\u00e8ce de la maison<\/td>\n<\/tr>\n<tr>\n<td><\/td>\n<td>Installation contre un mur<\/td>\n<td>le r\u00e9frig\u00e9rateur n\u00e9cessite d&rsquo;\u00eatre install\u00e9 \u00e0 3 &#8211; 4 cm du mur pour acc\u00e9der facilement aux bacs et aux clayettes<\/td>\n<\/tr>\n<tr>\n<td><\/td>\n<td>Sens d&rsquo;ouverture de la porte<\/td>\n<td>Les deux (gauche et droite)<\/td>\n<\/tr>\n<tr>\n<td><\/td>\n<td>Type de poign\u00e9es<\/td>\n<td>poign\u00e9e(s) traditionnelle(s)<\/td>\n<\/tr>\n<tr>\n<td><\/td>\n<td>Classe climatique<\/td>\n<td>la classe climatique SN-T,ou classe tropicale \u00e9largie (de 10\u00b0C \u00e0 43 C ), permet un fonctionnement optimum dans des pi\u00e8ces \u00e0 temp\u00e9ratures basses ou \u00e9lev\u00e9es. Id\u00e9ale pour une installation dans un garage, une v\u00e9randa ou une cave<\/td>\n<\/tr>\n<tr>\n<td><\/td>\n<td>Porte d&rsquo;habillage<\/td>\n<td>En pose libre, elle n&rsquo;est pas n\u00e9cessaire pour cet appareil car elle est d\u00e9j\u00e0 incluse<\/td>\n<\/tr>\n<tr>\n<td>Refrigerateur<\/td>\n<td><\/td>\n<\/tr>\n<tr>\n<td><\/td>\n<td>Volume r\u00e9frig\u00e9rateur<\/td>\n<td>359 L<\/td>\n<\/tr>\n<tr>\n<td><\/td>\n<td>Froid du r\u00e9frig\u00e9rateur<\/td>\n<td>le froid ventil\u00e9 permet une r\u00e9partition du froid de mani\u00e8re homog\u00e8ne et un rangement libre, sans contrainte, des aliments dans le r\u00e9frig\u00e9rateur<\/td>\n<\/tr>\n<tr>\n<td><\/td>\n<td>Avec freezer<\/td>\n<td>non<\/td>\n<\/tr>\n<tr>\n<td><\/td>\n<td>Type de thermostat<\/td>\n<td>\u00e9lectronique, permet un r\u00e9glage pr\u00e9cis de la temp\u00e9rature du r\u00e9frig\u00e9rateur. Esth\u00e9tique, intuitif et nettoyage facile<\/td>\n<\/tr>\n<tr>\n<td><\/td>\n<td>D\u00e9givrage du r\u00e9frig\u00e9rateur<\/td>\n<td>automatique<\/td>\n<\/tr>\n<tr>\n<td>Congelateur<\/td>\n<td><\/td>\n<\/tr>\n<tr>\n<td><\/td>\n<td>Volume cong\u00e9lateur<\/td>\n<td>175 L<\/td>\n<\/tr>\n<tr>\n<td><\/td>\n<td>D\u00e9givrage du cong\u00e9lateur<\/td>\n<td>automatique ( pas besoin de d\u00e9givrer)<\/td>\n<\/tr>\n<tr>\n<td><\/td>\n<td>Pouvoir de cong\u00e9lation<\/td>\n<td>11 kg\/24h<\/td>\n<\/tr>\n<tr>\n<td><\/td>\n<td>Le saviez-vous ?<\/td>\n<td>plus la capacit\u00e9 de cong\u00e9lation est importante, plus le cong\u00e9lateur cong\u00e8le rapidement les aliments. Les aliments frais se conserveront plus longtemps, et garderont mieux toutes leurs saveurs et nutriments.<\/td>\n<\/tr>\n<tr>\n<td><\/td>\n<td>Autonomie en cas de coupure de courant<\/td>\n<td>6 h<\/td>\n<\/tr>\n<tr>\n<td>Agencement et fonctionnalites<\/td>\n<td><\/td>\n<\/tr>\n<tr>\n<td><\/td>\n<td>Nombre de clayettes r\u00e9frig\u00e9rateur<\/td>\n<td>5<\/td>\n<\/tr>\n<tr>\n<td><\/td>\n<td>Mati\u00e8re des clayettes<\/td>\n<td>verre<\/td>\n<\/tr>\n<tr>\n<td><\/td>\n<td>Clayette porte bouteille<\/td>\n<td>non<\/td>\n<\/tr>\n<tr>\n<td><\/td>\n<td>Nombre de tiroirs dans le r\u00e9frig\u00e9rateur<\/td>\n<td>2<\/td>\n<\/tr>\n<tr>\n<td><\/td>\n<td>Type d&rsquo;alimentation d&rsquo;eau<\/td>\n<td>Alimentation d&rsquo;eau classique : L&rsquo;utilisation du distributeur n\u00e9cessite le branchement du r\u00e9frig\u00e9rateur \u00e0 une arriv\u00e9e d&rsquo;eau froide (le tuyau de raccordement est fourni)<\/td>\n<\/tr>\n<tr>\n<td><\/td>\n<td>Distributeur<\/td>\n<td>eau, gla\u00e7ons, glace pil\u00e9e<\/td>\n<\/tr>\n<tr>\n<td><\/td>\n<td>N\u00e9cessite une arriv\u00e9e d&rsquo;eau<\/td>\n<td>oui<\/td>\n<\/tr>\n<tr>\n<td><\/td>\n<td>Filtre antibact\u00e9rien d&rsquo;alimentation d&rsquo;eau<\/td>\n<td>A changer tous les 6 mois. Le filtre anti-bact\u00e9rien d&rsquo;alimentation d&rsquo;eau permet de lutter contre les bact\u00e9ries .<\/td>\n<\/tr>\n<tr>\n<td><\/td>\n<td>Bac \/ tiroir XL dans le cong\u00e9lateur<\/td>\n<td>non<\/td>\n<\/tr>\n<tr>\n<td><\/td>\n<td>Syst\u00e8me \u00e0 gla\u00e7ons<\/td>\n<td>Non concern\u00e9<\/td>\n<\/tr>\n<tr>\n<td><\/td>\n<td>Mode vacances<\/td>\n<td>permet de conserver des denr\u00e9es non p\u00e9rissables ( oeufs, boissons,&#8230;) \u00e0 une temp\u00e9rature d&rsquo;environ 15\u00b0C en r\u00e9alisant une \u00e9conomie d&rsquo;\u00e9nergie<\/td>\n<\/tr>\n<tr>\n<td><\/td>\n<td>Alarme d&rsquo;ouverture de porte<\/td>\n<td>permet de signaler une ouverture accidentelle de la porte pour \u00e9viter la d\u00e9perdition de froid<\/td>\n<\/tr>\n<tr>\n<td><\/td>\n<td>Eclairage<\/td>\n<td>LED<\/td>\n<\/tr>\n<tr>\n<td><\/td>\n<td>Nombre de tiroirs dans le cong\u00e9lateur<\/td>\n<td>2<\/td>\n<\/tr>\n<tr>\n<td>Performance de conservation<\/td>\n<td><\/td>\n<\/tr>\n<tr>\n<td><\/td>\n<td>Fonction cong\u00e9lation rapide<\/td>\n<td>oui, elle permet d&rsquo;acc\u00e9l\u00e9rer la baisse de la temp\u00e9rature pour congeler rapidement les aliments en conservant leurs saveurs et nutriments<\/td>\n<\/tr>\n<tr>\n<td>Technologie et innovation<\/td>\n<td><\/td>\n<\/tr>\n<tr>\n<td><\/td>\n<td>Type de moteur<\/td>\n<td>inverter, un moteur \u00e0 induction plus silencieux et qui permet aussi de limiter la consommation d&rsquo;\u00e9nergie<\/td>\n<\/tr>\n<tr>\n<td><\/td>\n<td>Niveau sonore<\/td>\n<td>niveau sonore standard (42 db)<\/td>\n<\/tr>\n<tr>\n<td>Connecte<\/td>\n<td><\/td>\n<\/tr>\n<tr>\n<td><\/td>\n<td>Connectivit\u00e9 wifi<\/td>\n<td>non connect\u00e9<\/td>\n<\/tr>\n<tr>\n<td><\/td>\n<td>Compatibilit\u00e9<\/td>\n<td>non concern\u00e9<\/td>\n<\/tr>\n<tr>\n<td><\/td>\n<td>Application d\u00e9di\u00e9e<\/td>\n<td>Non concern\u00e9<\/td>\n<\/tr>\n<tr>\n<td>Consommation<\/td>\n<td><\/td>\n<\/tr>\n<tr>\n<td><\/td>\n<td>Label \u00e9nergie<\/td>\n<td>F<\/td>\n<\/tr>\n<tr>\n<td><\/td>\n<td>Co\u00fbt annuel d&rsquo;utilisation ( Calcul\u00e9e avec 0.1558 euros par Kw )<\/td>\n<td>62 euros<\/td>\n<\/tr>\n<tr>\n<td><\/td>\n<td>Consommation d&rsquo;\u00e9nergie annuelle<\/td>\n<td>395 kWh\/an<\/td>\n<\/tr>\n<tr>\n<td>Contenu du carton<\/td>\n<td><\/td>\n<\/tr>\n<tr>\n<td><\/td>\n<td>Livr\u00e9 avec<\/td>\n<td>Notice, Bo\u00eete ou support \u00e0 oeufs, Filtre \u00e0 eau<\/td>\n<\/tr>\n<tr>\n<td>Dimensions<\/td>\n<td><\/td>\n<\/tr>\n<tr>\n<td><\/td>\n<td>LxHxP<\/td>\n<td>91.2 x 178.9 x 67.2 cm<\/td>\n<\/tr>\n<tr>\n<td><\/td>\n<td>Poids net<\/td>\n<td>103 kg<\/td>\n<\/tr>\n<tr>\n<td><\/td>\n<td>Poids brut<\/td>\n<td>110 kg<\/td>\n<\/tr>\n<\/tbody>\n<\/table>\n<\/div>\n<ul class=\"product-description-features\">\n<li class=\"product-description-feature\">\n<div class=\"product-description-feature-cell product-description-feature-title\">MARQUE<\/div>\n<div class=\"product-description-feature-cell product-description-feature-value\">Samsung<\/div>\n<\/li>\n<li class=\"product-description-feature\">\n<div class=\"product-description-feature-cell product-description-feature-title\">COULEUR<\/div>\n<div class=\"product-description-feature-cell product-description-feature-value\">Gris<\/div>\n<\/li>\n<li class=\"product-description-feature\">\n<div class=\"product-description-feature-cell product-description-feature-title\">ECO PARTICIPATION (EN \u20ac)<\/div>\n<div class=\"product-description-feature-cell product-description-feature-value\">23<\/div>\n<\/li>\n<li class=\"product-description-feature\">\n<div class=\"product-description-feature-cell product-description-feature-title\">PI\u00c8CES D\u00c9TACH\u00c9ES<\/div>\n<div class=\"product-description-feature-cell product-description-feature-value\">Pendant 10 ans, \u00c3\u00a0 compter de la date d&rsquo;achat<\/div>\n<\/li>\n<li class=\"product-description-feature\">\n<div class=\"product-description-feature-cell product-description-feature-title\">DEGIVRAGE AUTOMATIQUE<\/div>\n<div class=\"product-description-feature-cell product-description-feature-value\">automatique ( pas besoin de d\u00c3\u00a9givrer)<\/div>\n<\/li>\n<li class=\"product-description-feature\">\n<div class=\"product-description-feature-cell product-description-feature-title\">AUTONOMIE (EN HEURES)<\/div>\n<div class=\"product-description-feature-cell product-description-feature-value\">6<\/div>\n<\/li>\n<li class=\"product-description-feature\">\n<div class=\"product-description-feature-cell product-description-feature-title\">TYPE DE FROID<\/div>\n<div class=\"product-description-feature-cell product-description-feature-value\">Ref. Ventil\u00c3\u00a9 (performant)<\/div>\n<\/li>\n<li class=\"product-description-feature\">\n<div class=\"product-description-feature-cell product-description-feature-title\">MACHINE \u00c0 GLA\u00c7ONS<\/div>\n<div class=\"product-description-feature-cell product-description-feature-value\">Distributeur d&rsquo;eau et gla\u00c3\u00a7ons (robinet d&rsquo;arriv\u00c3\u00a9e d&rsquo;eau)<\/div>\n<\/li>\n<li class=\"product-description-feature\">\n<div class=\"product-description-feature-cell product-description-feature-title\">CLASSE \u00c9NERG\u00c9TIQUE<\/div>\n<div class=\"product-description-feature-cell product-description-feature-value\">Label \u00c3\u00a9nergie F<\/div>\n<\/li>\n<li class=\"product-description-feature\">\n<div class=\"product-description-feature-cell product-description-feature-title\">CLASSE CLIMATIQUE<\/div>\n<div class=\"product-description-feature-cell product-description-feature-value\">SN\/T (de 10\u00c2\u00b0C \u00c3\u00a0 43\u00c2\u00b0C)<\/div>\n<\/li>\n<li class=\"product-description-feature\">\n<div class=\"product-description-feature-cell product-description-feature-title\">NIVEAU SONORE<\/div>\n<div class=\"product-description-feature-cell product-description-feature-value\">42<\/div>\n<\/li>\n<li class=\"product-description-feature\">\n<div class=\"product-description-feature-cell product-description-feature-title\">R\u00c9F\u00c9RENCE<\/div>\n<div class=\"product-description-feature-cell product-description-feature-value\">1EMP040610MP0206<\/div>\n<\/li>\n<li class=\"product-description-feature\">\n<div class=\"product-description-feature-cell product-description-feature-title\">EAN<\/div>\n<div class=\"product-description-feature-cell product-description-feature-value\">8801643144104<\/div>\n<\/li>\n<\/ul>\n<p>**Points forts :** Technologie moderne, faible consommation, praticit\u00e9.<br \/>\n**Pourquoi choisir ce produit ?** Id\u00e9al pour un usage quotidien avec un excellent rapport qualit\u00e9-prix.<\/p>\n","protected":false},"excerpt":{"rendered":"<p>r\u00e9frig\u00e9rateur am\u00e9ricain 501l froid ventil\u00e9 de la marque Samsung. en achetant ce produit, vous profiterez d&rsquo;une garantie de 5 ans !<\/p>\n<p>Disponible en stock<\/p>\n<p>D\u00e9lai de livraison 2 \u00e0 3 jours Compact, \u00e9co-\u00e9nerg\u00e9tique et facile \u00e0 utiliser.<\/p>\n","protected":false},"featured_media":3041,"comment_status":"closed","ping_status":"closed","template":"","meta":[],"product_brand":[],"product_cat":[180,164],"product_tag":[],"class_list":{"0":"post-3040","1":"product","2":"type-product","3":"status-publish","6":"product_cat-electromenagers","7":"product_cat-refrigerateur","9":"first","10":"instock","11":"sale","12":"taxable","13":"shipping-taxable","14":"purchasable","15":"product-type-simple"},"_links":{"self":[{"href":"https:\/\/menagers-holding.fr\/index.php?rest_route=\/wp\/v2\/product\/3040","targetHints":{"allow":["GET"]}}],"collection":[{"href":"https:\/\/menagers-holding.fr\/index.php?rest_route=\/wp\/v2\/product"}],"about":[{"href":"https:\/\/menagers-holding.fr\/index.php?rest_route=\/wp\/v2\/types\/product"}],"replies":[{"embeddable":true,"href":"https:\/\/menagers-holding.fr\/index.php?rest_route=%2Fwp%2Fv2%2Fcomments&post=3040"}],"wp:featuredmedia":[{"embeddable":true,"href":"https:\/\/menagers-holding.fr\/index.php?rest_route=\/wp\/v2\/media\/3041"}],"wp:attachment":[{"href":"https:\/\/menagers-holding.fr\/index.php?rest_route=%2Fwp%2Fv2%2Fmedia&parent=3040"}],"wp:term":[{"taxonomy":"product_brand","embeddable":true,"href":"https:\/\/menagers-holding.fr\/index.php?rest_route=%2Fwp%2Fv2%2Fproduct_brand&post=3040"},{"taxonomy":"product_cat","embeddable":true,"href":"https:\/\/menagers-holding.fr\/index.php?rest_route=%2Fwp%2Fv2%2Fproduct_cat&post=3040"},{"taxonomy":"product_tag","embeddable":true,"href":"https:\/\/menagers-holding.fr\/index.php?rest_route=%2Fwp%2Fv2%2Fproduct_tag&post=3040"}],"curies":[{"name":"wp","href":"https:\/\/api.w.org\/{rel}","templated":true}]}}