{"id":3029,"date":"2022-08-28T12:06:35","date_gmt":"2022-08-28T12:06:35","guid":{"rendered":"https:\/\/menagers-holding.fr\/?post_type=product&#038;p=3029"},"modified":"2025-09-23T08:46:19","modified_gmt":"2025-09-23T08:46:19","slug":"refrigerateur-americain-multi-portes-samsung-rf24r7201sr","status":"publish","type":"product","link":"https:\/\/menagers-holding.fr\/?product=refrigerateur-americain-multi-portes-samsung-rf24r7201sr","title":{"rendered":"R\u00e9frig\u00e9rateur Am\u00e9ricain multi portes SAMSUNG RF24R7201SR \u00c9co-\u00e9nerg\u00e9tique"},"content":{"rendered":"<div class=\"product-description-text\">La garantie de ce produit est de : 5 ans pi\u00e8ces, main d&rsquo;\u0153uvre et d\u00e9placement.<\/p>\n<table>\n<tbody>\n<tr>\n<td>Caracteristiques generales<\/td>\n<td><\/td>\n<\/tr>\n<tr>\n<td><\/td>\n<td>Type d&rsquo;installation<\/td>\n<td>Pose libre : Il peut \u00eatre pos\u00e9 librement dans n&rsquo;importe quelle pi\u00e8ce de la maison<\/td>\n<\/tr>\n<tr>\n<td><\/td>\n<td>Type d&rsquo;appareil<\/td>\n<td>R\u00e9frig\u00e9rateur multi portes<\/td>\n<\/tr>\n<tr>\n<td><\/td>\n<td>Conception de l&rsquo;appareil<\/td>\n<td>Cong\u00e9lateur en bas<\/td>\n<\/tr>\n<tr>\n<td><\/td>\n<td>Type de thermostat<\/td>\n<td>Electronique<\/td>\n<\/tr>\n<tr>\n<td><\/td>\n<td>Volume utile total<\/td>\n<td>510 L<\/td>\n<\/tr>\n<tr>\n<td><\/td>\n<td>Classe climatique<\/td>\n<td>SN\/ST (de 10\u00b0C \u00e0 38\u00b0C)<\/td>\n<\/tr>\n<tr>\n<td><\/td>\n<td>Couleur produit<\/td>\n<td>R\u00e9frig\u00e9rateur inox<\/td>\n<\/tr>\n<tr>\n<td>Consommation<\/td>\n<td><\/td>\n<\/tr>\n<tr>\n<td><\/td>\n<td>Classe \u00e9nerg\u00e9tique<\/td>\n<td>A+<\/td>\n<\/tr>\n<tr>\n<td><\/td>\n<td>Consommation d&rsquo;\u00e9nergie annuelle<\/td>\n<td>420 kWh\/an<\/td>\n<\/tr>\n<tr>\n<td><\/td>\n<td>( Calcul\u00e9e avec 0,1503 euros par Kw )<\/td>\n<td>63 euros<\/td>\n<\/tr>\n<tr>\n<td>Refrigerateur<\/td>\n<td><\/td>\n<\/tr>\n<tr>\n<td><\/td>\n<td>Volume utile<\/td>\n<td>348 L<\/td>\n<\/tr>\n<tr>\n<td><\/td>\n<td>Froid du r\u00e9frig\u00e9rateur<\/td>\n<td>Froid ventil\u00e9<\/td>\n<\/tr>\n<tr>\n<td><\/td>\n<td>D\u00e9givrage automatique<\/td>\n<td>Oui<\/td>\n<\/tr>\n<tr>\n<td><\/td>\n<td>Type de clayettes<\/td>\n<td>Verre<\/td>\n<\/tr>\n<tr>\n<td><\/td>\n<td>Nombre de clayettes<\/td>\n<td>5<\/td>\n<\/tr>\n<tr>\n<td><\/td>\n<td>Nombre de balconnets<\/td>\n<td>6<\/td>\n<\/tr>\n<tr>\n<td><\/td>\n<td>Distributeur<\/td>\n<td>Eau, gla\u00e7on, glace pil\u00e9e<\/td>\n<\/tr>\n<tr>\n<td><\/td>\n<td>Modularit\u00e9<\/td>\n<td>Clayette r\u00e9tractable<\/td>\n<\/tr>\n<tr>\n<td>Congelateur<\/td>\n<td><\/td>\n<\/tr>\n<tr>\n<td><\/td>\n<td>Volume utile<\/td>\n<td>123 L<\/td>\n<\/tr>\n<tr>\n<td><\/td>\n<td>Froid du cong\u00e9lateur<\/td>\n<td>Froid ventil\u00e9<\/td>\n<\/tr>\n<tr>\n<td><\/td>\n<td>D\u00e9givrage automatique<\/td>\n<td>Oui<\/td>\n<\/tr>\n<tr>\n<td><\/td>\n<td>Syst\u00e8me \u00e0 gla\u00e7ons<\/td>\n<td>Fabrique automatique de gla\u00e7ons<\/td>\n<\/tr>\n<tr>\n<td><\/td>\n<td>Cong\u00e9lation rapide<\/td>\n<td>Permet de congeler de grandes quantit\u00e9s d&rsquo;aliments dans un d\u00e9lai tr\u00e8s court.<\/td>\n<\/tr>\n<tr>\n<td><\/td>\n<td>Pouvoir de cong\u00e9lation<\/td>\n<td>7 kg\/24h<\/td>\n<\/tr>\n<tr>\n<td><\/td>\n<td>Autonomie en cas de coupure de courant<\/td>\n<td>16 h<\/td>\n<\/tr>\n<tr>\n<td>Confort<\/td>\n<td><\/td>\n<\/tr>\n<tr>\n<td><\/td>\n<td>Niveau sonore<\/td>\n<td>40 dB<\/td>\n<\/tr>\n<tr>\n<td><\/td>\n<td>Ouverture de la porte par d\u00e9faut<\/td>\n<td>Les deux (gauche et droite)<\/td>\n<\/tr>\n<tr>\n<td><\/td>\n<td>Porte(s) r\u00e9versible(s)<\/td>\n<td>Non<\/td>\n<\/tr>\n<tr>\n<td><\/td>\n<td>Type d&rsquo;alimentation d&rsquo;eau<\/td>\n<td>Alimentation d&rsquo;eau classique : L&rsquo;utilisation du distributeur n\u00e9cessite le branchement du r\u00e9frig\u00e9rateur \u00e0 une arriv\u00e9e d&rsquo;eau froide (le tuyau de raccordement est fourni)<\/td>\n<\/tr>\n<tr>\n<td><\/td>\n<td>Type de poign\u00e9es<\/td>\n<td>Poign\u00e9e(s) \u00e0 d\u00e9pression<\/td>\n<\/tr>\n<tr>\n<td>Les points cl\u00e9s<\/td>\n<td><\/td>\n<\/tr>\n<tr>\n<td><\/td>\n<td>Type de pose<\/td>\n<td>Pose libre<\/td>\n<\/tr>\n<tr>\n<td>Contenu du carton<\/td>\n<td><\/td>\n<\/tr>\n<tr>\n<td><\/td>\n<td>Livr\u00e9 avec<\/td>\n<td>Notice<\/td>\n<\/tr>\n<tr>\n<td>Dimensions<\/td>\n<td><\/td>\n<\/tr>\n<tr>\n<td><\/td>\n<td>LxHxP :<\/td>\n<td>90.8 x 177.7 x 78.8 cm<\/td>\n<\/tr>\n<tr>\n<td><\/td>\n<td>Poids net<\/td>\n<td>147 kg<\/td>\n<\/tr>\n<tr>\n<td><\/td>\n<td>Poids brut<\/td>\n<td>157 kg<\/td>\n<\/tr>\n<\/tbody>\n<\/table>\n<\/div>\n<ul class=\"product-description-features\">\n<li class=\"product-description-feature\">\n<div class=\"product-description-feature-cell product-description-feature-title\">MARQUE<\/div>\n<div class=\"product-description-feature-cell product-description-feature-value\">Samsung<\/div>\n<\/li>\n<li class=\"product-description-feature\">\n<div class=\"product-description-feature-cell product-description-feature-title\">COULEUR<\/div>\n<div class=\"product-description-feature-cell product-description-feature-value\">Gris<\/div>\n<\/li>\n<li class=\"product-description-feature\">\n<div class=\"product-description-feature-cell product-description-feature-title\">ECO PARTICIPATION (EN \u20ac)<\/div>\n<div class=\"product-description-feature-cell product-description-feature-value\">23<\/div>\n<\/li>\n<li class=\"product-description-feature\">\n<div class=\"product-description-feature-cell product-description-feature-title\">R\u00c9F\u00c9RENCE BHV<\/div>\n<div class=\"product-description-feature-cell product-description-feature-value\">0401EMP996MP212<\/div>\n<\/li>\n<li class=\"product-description-feature\">\n<div class=\"product-description-feature-cell product-description-feature-title\">EAN<\/div>\n<div class=\"product-description-feature-cell product-description-feature-value\">8801643678708<\/div>\n<\/li>\n<\/ul>\n<p>**Points forts :** Technologie moderne, faible consommation, praticit\u00e9.<br \/>\n**Pourquoi choisir ce produit ?** Id\u00e9al pour un usage quotidien avec un excellent rapport qualit\u00e9-prix.<\/p>\n","protected":false},"excerpt":{"rendered":"<table class=\"font-2\">\n<tbody>\n<tr class=\"odd\">\n<th scope=\"row\">Connect\u00e9<\/th>\n<td class=\"font-2-b\">\n<ul class=\"characteristics\">\n<li class=\"\">Non<\/li>\n<\/ul>\n<\/td>\n<\/tr>\n<tr class=\"\">\n<th scope=\"row\">Classe \u00e9nerg\u00e9tique<\/th>\n<td class=\"font-2-b\">\n<ul class=\"characteristics\">\n<li class=\"\">F<\/li>\n<\/ul>\n<\/td>\n<\/tr>\n<tr class=\"odd\">\n<th scope=\"row\">Finition<\/th>\n<td class=\"font-2-b\">\n<ul class=\"characteristics\">\n<li class=\"\">Acier<\/li>\n<\/ul>\n<\/td>\n<\/tr>\n<tr class=\"\">\n<th scope=\"row\">Volume du r\u00e9frig\u00e9rateur<\/th>\n<td class=\"font-2-b\">\n<ul class=\"characteristics\">\n<li class=\"\">510 l<\/li>\n<\/ul>\n<\/td>\n<\/tr>\n<tr class=\"odd\">\n<th scope=\"row\">Type de pose<\/th>\n<td class=\"font-2-b\">\n<ul class=\"characteristics\">\n<li class=\"\">Pose libre<\/li>\n<\/ul>\n<\/td>\n<\/tr>\n<tr class=\"\">\n<th scope=\"row\">Nombre de porte<\/th>\n<td class=\"font-2-b\">\n<ul class=\"characteristics\">\n<li class=\"\">4<\/li>\n<\/ul>\n<\/td>\n<\/tr>\n<tr class=\"odd\">\n<th scope=\"row\">Hauteur d&rsquo;encastrement<\/th>\n<td class=\"font-2-b\">\n<ul class=\"characteristics\">\n<li class=\"\">177,7 cm<\/li>\n<\/ul>\n<\/td>\n<\/tr>\n<tr class=\"\">\n<th scope=\"row\">Largeur d&rsquo;encastrement<\/th>\n<td class=\"font-2-b\">\n<ul class=\"characteristics\">\n<li class=\"\">90,8 cm<\/li>\n<\/ul>\n<\/td>\n<\/tr>\n<tr class=\"odd\">\n<th scope=\"row\">Profondeur d&rsquo;encastrement<\/th>\n<td class=\"font-2-b\">\n<ul class=\"characteristics\">\n<li class=\"\">72,6 cm<\/li>\n<\/ul>\n<\/td>\n<\/tr>\n<tr class=\"\">\n<th scope=\"row\">Type de r\u00e9frig\u00e9ration<\/th>\n<td class=\"font-2-b\">\n<ul class=\"characteristics\">\n<li class=\"\">Froid ventil\u00e9<\/li>\n<\/ul>\n<\/td>\n<\/tr>\n<\/tbody>\n<\/table>\n<p>Disponible en stock<\/p>\n<p>Livraison Gratuite 2 \u00e0 3 jours Compact, \u00e9co-\u00e9nerg\u00e9tique et facile \u00e0 utiliser.<\/p>\n","protected":false},"featured_media":3030,"comment_status":"closed","ping_status":"closed","template":"","meta":[],"product_brand":[],"product_cat":[180,164],"product_tag":[],"class_list":{"0":"post-3029","1":"product","2":"type-product","3":"status-publish","6":"product_cat-electromenagers","7":"product_cat-refrigerateur","9":"first","10":"instock","11":"sale","12":"taxable","13":"shipping-taxable","14":"purchasable","15":"product-type-simple"},"_links":{"self":[{"href":"https:\/\/menagers-holding.fr\/index.php?rest_route=\/wp\/v2\/product\/3029","targetHints":{"allow":["GET"]}}],"collection":[{"href":"https:\/\/menagers-holding.fr\/index.php?rest_route=\/wp\/v2\/product"}],"about":[{"href":"https:\/\/menagers-holding.fr\/index.php?rest_route=\/wp\/v2\/types\/product"}],"replies":[{"embeddable":true,"href":"https:\/\/menagers-holding.fr\/index.php?rest_route=%2Fwp%2Fv2%2Fcomments&post=3029"}],"wp:featuredmedia":[{"embeddable":true,"href":"https:\/\/menagers-holding.fr\/index.php?rest_route=\/wp\/v2\/media\/3030"}],"wp:attachment":[{"href":"https:\/\/menagers-holding.fr\/index.php?rest_route=%2Fwp%2Fv2%2Fmedia&parent=3029"}],"wp:term":[{"taxonomy":"product_brand","embeddable":true,"href":"https:\/\/menagers-holding.fr\/index.php?rest_route=%2Fwp%2Fv2%2Fproduct_brand&post=3029"},{"taxonomy":"product_cat","embeddable":true,"href":"https:\/\/menagers-holding.fr\/index.php?rest_route=%2Fwp%2Fv2%2Fproduct_cat&post=3029"},{"taxonomy":"product_tag","embeddable":true,"href":"https:\/\/menagers-holding.fr\/index.php?rest_route=%2Fwp%2Fv2%2Fproduct_tag&post=3029"}],"curies":[{"name":"wp","href":"https:\/\/api.w.org\/{rel}","templated":true}]}}