{"id":3013,"date":"2022-08-28T11:27:31","date_gmt":"2022-08-28T11:27:31","guid":{"rendered":"https:\/\/menagers-holding.fr\/?post_type=product&#038;p=3013"},"modified":"2025-09-21T04:31:34","modified_gmt":"2025-09-21T04:31:34","slug":"trottinette-electrique-wolf-warrior-gt-pro","status":"publish","type":"product","link":"https:\/\/menagers-holding.fr\/?product=trottinette-electrique-wolf-warrior-gt-pro","title":{"rendered":"Trottinette electrique wolf warrior gt pro"},"content":{"rendered":"<div id=\"product_description\" class=\"product_bloc_aside product_bloc_description\">\n<div class=\"product_bloc_content bloc ombre font-2\">\n<div>Description de la trottinette \u00e9lectrique Kaabo Wolf Warrior GT Pro : D\u00e9couvrez le nouveau mod\u00e8le de la gamme Wolf Warrior de la marque KAABO ! Ce nouveau mod\u00e8le vient compl\u00e9ter la gamme d\u00e9j\u00e0 bien remplie pour vous laisser un large choix. Avec son double moteur de 1200W ainsi qu&rsquo;une batterie de 60V35Ah, la Wolf Warrior GT Pro vous offre une vitesse max de 25 km\/h* ainsi qu&rsquo;une autonomie de 150 km. Gr\u00e2ce \u00e0 sa batterie performante vous pourrez monter des pentes de<\/div>\n<\/div>\n<\/div>\n<div id=\"product_caracteristics\" class=\"product_bloc_aside product_bloc_caracteristics\">\n<div id=\"test\"><\/div>\n<div>\n<h2 class=\"product_bloc_aside_title font-2\">CARACT\u00c9RISTIQUES<\/h2>\n<\/div>\n<div class=\"product_bloc_content bloc ombre product_bloc_caracteristics_odd\">\n<table class=\"font-2\">\n<caption class=\"caption_hidden\">Caract\u00e9ristiques<\/caption>\n<tbody>\n<tr class=\"odd\">\n<th scope=\"row\">Diam\u00e8tre maximal de roue<\/th>\n<td class=\"font-2-b\">\n<ul class=\"characteristics\">\n<li class=\"\">0 \u00a0\u00bb<\/li>\n<\/ul>\n<\/td>\n<\/tr>\n<tr class=\"\">\n<th scope=\"row\">Type de pneu<\/th>\n<td class=\"font-2-b\">\n<ul class=\"characteristics\">\n<li class=\"\">A chambre \u00e0 air<\/li>\n<\/ul>\n<\/td>\n<\/tr>\n<\/tbody>\n<\/table>\n<\/div>\n<\/div>\n<p>**Points forts :** Fiabilit\u00e9, praticit\u00e9 et prix abordable.<br \/>\n**Pourquoi choisir ce produit ?** Convient \u00e0 divers besoins du quotidien.<\/p>\n","protected":false},"excerpt":{"rendered":"<div class=\"card my-3\">\n<div id=\"collapseOne\" class=\"collapse show\" aria-labelledby=\"headingOne\" data-parent=\"#accordion_fp\">\n<div id=\"anchor_produit\" class=\"card-body p-0\">\n<div class=\"col py-4\">\n<div class=\"row mx-auto\">\n<div><\/div>\n<div id=\"product_description\" class=\"col-12 px-0\">R\u00e9f: 895EMP654MP58<\/div>\n<div class=\"col-12 px-0\">Trottinette Electrique Kaabo Wolf Warrior GT Pro<\/div>\n<div>disponible en stock<\/div>\n<div>D\u00e9lai de livraison gratuite 2 \u00e0 3 jours<\/div>\n<\/div>\n<\/div>\n<\/div>\n<\/div>\n<\/div>\n<p> Fiable et adapt\u00e9 \u00e0 vos besoins quotidiens.<\/p>\n","protected":false},"featured_media":3014,"comment_status":"closed","ping_status":"closed","template":"","meta":[],"product_brand":[],"product_cat":[163],"product_tag":[],"class_list":{"0":"post-3013","1":"product","2":"type-product","3":"status-publish","6":"product_cat-trottinette-electrique","8":"first","9":"instock","10":"sale","11":"taxable","12":"shipping-taxable","13":"purchasable","14":"product-type-simple"},"_links":{"self":[{"href":"https:\/\/menagers-holding.fr\/index.php?rest_route=\/wp\/v2\/product\/3013","targetHints":{"allow":["GET"]}}],"collection":[{"href":"https:\/\/menagers-holding.fr\/index.php?rest_route=\/wp\/v2\/product"}],"about":[{"href":"https:\/\/menagers-holding.fr\/index.php?rest_route=\/wp\/v2\/types\/product"}],"replies":[{"embeddable":true,"href":"https:\/\/menagers-holding.fr\/index.php?rest_route=%2Fwp%2Fv2%2Fcomments&post=3013"}],"wp:featuredmedia":[{"embeddable":true,"href":"https:\/\/menagers-holding.fr\/index.php?rest_route=\/wp\/v2\/media\/3014"}],"wp:attachment":[{"href":"https:\/\/menagers-holding.fr\/index.php?rest_route=%2Fwp%2Fv2%2Fmedia&parent=3013"}],"wp:term":[{"taxonomy":"product_brand","embeddable":true,"href":"https:\/\/menagers-holding.fr\/index.php?rest_route=%2Fwp%2Fv2%2Fproduct_brand&post=3013"},{"taxonomy":"product_cat","embeddable":true,"href":"https:\/\/menagers-holding.fr\/index.php?rest_route=%2Fwp%2Fv2%2Fproduct_cat&post=3013"},{"taxonomy":"product_tag","embeddable":true,"href":"https:\/\/menagers-holding.fr\/index.php?rest_route=%2Fwp%2Fv2%2Fproduct_tag&post=3013"}],"curies":[{"name":"wp","href":"https:\/\/api.w.org\/{rel}","templated":true}]}}